{"id":1070,"date":"2022-12-02T18:10:34","date_gmt":"2022-12-02T18:10:34","guid":{"rendered":"https:\/\/comishawaka.wpengine.com\/?page_id=1070"},"modified":"2025-12-14T19:58:20","modified_gmt":"2025-12-15T00:58:20","slug":"manteniendo-mishawaka-hermosa","status":"publish","type":"page","link":"https:\/\/mishawaka.in.gov\/es\/nuestra-comunidad\/residentes\/manteniendo-mishawaka-hermosa\/","title":{"rendered":"Manteniendo a Mishawaka hermosa"},"content":{"rendered":"<div data-elementor-type=\"wp-page\" data-elementor-id=\"1070\" class=\"elementor elementor-1070\" data-elementor-post-type=\"page\">\n\t\t\t\t<div class=\"elementor-element elementor-element-9abaeba e-flex e-con-boxed e-con e-parent\" data-id=\"9abaeba\" data-element_type=\"container\" data-e-type=\"container\">\n\t\t\t\t\t<div class=\"e-con-inner\">\n\t\t<div class=\"elementor-element elementor-element-b792c20 e-con-full e-flex e-con e-child\" data-id=\"b792c20\" data-element_type=\"container\" data-e-type=\"container\">\n\t\t\t\t<div class=\"elementor-element elementor-element-3d13902 elementor-widget elementor-widget-heading\" data-id=\"3d13902\" data-element_type=\"widget\" data-e-type=\"widget\" data-widget_type=\"heading.default\">\n\t\t\t\t<div class=\"elementor-widget-container\">\n\t\t\t\t\t<h2 class=\"elementor-heading-title elementor-size-default\">Estamos orgullosos de nuestra comunidad <\/h2>\t\t\t\t<\/div>\n\t\t\t\t<\/div>\n\t\t\t\t<div class=\"elementor-element elementor-element-9a86402 elementor-widget elementor-widget-text-editor\" data-id=\"9a86402\" data-element_type=\"widget\" data-e-type=\"widget\" data-widget_type=\"text-editor.default\">\n\t\t\t\t<div class=\"elementor-widget-container\">\n\t\t\t\t\t\t\t\t\t<p>La Ciudad de Mishawaka alienta a los residentes y visitantes a ayudar a mantener la comunidad limpia y hermosa. Le pedimos que haga su parte para que Mishawaka se vea genial. Nuestra ciudad se ha dedicado durante mucho tiempo a preservar nuestra arquitectura hist\u00f3rica y a presentar a Mishawaka como &quot;La mejor ciudad natal de Estados Unidos&quot;.<\/p><p>El personal de nuestra ciudad y del parque trabaja arduamente para crear un ambiente acogedor para todos los que visitan o viven en nuestra ciudad. Las primeras impresiones lo son todo. Queremos que nuestros valores del Medio Oeste y el orgullo de la comunidad est\u00e9n a la vanguardia de Mishawaka. Tenemos incre\u00edbles recursos creados para que los residentes ayuden a mantener la belleza de Mishawaka.<\/p>\t\t\t\t\t\t\t\t<\/div>\n\t\t\t\t<\/div>\n\t\t\t\t<div class=\"elementor-element elementor-element-00251f2 elementor-widget elementor-widget-text-editor\" data-id=\"00251f2\" data-element_type=\"widget\" data-e-type=\"widget\" data-widget_type=\"text-editor.default\">\n\t\t\t\t<div class=\"elementor-widget-container\">\n\t\t\t\t\t\t\t\t\t<ul><li><a href=\"\/es\/gobierno\/departamentos\/ingenieria\/ms4-informacion\/\">MS4 - Sistema de alcantarillado pluvial separado municipal<\/a><\/li><li><a href=\"\/es\/gobierno\/departamentos\/mishawaka-utilidades\/aguas-residuales\/informacion-de-osc\/\">CSO - Desbordamiento de alcantarillado combinado<\/a><\/li><li><a href=\"\/es\/cosas-para-hacer\/parques\/adoptar-un-parque\/\">Adopta un parque<\/a><\/li><\/ul>\t\t\t\t\t\t\t\t<\/div>\n\t\t\t\t<\/div>\n\t\t\t\t<div class=\"elementor-element elementor-element-03f4e4a elementor-widget elementor-widget-text-editor\" data-id=\"03f4e4a\" data-element_type=\"widget\" data-e-type=\"widget\" data-widget_type=\"text-editor.default\">\n\t\t\t\t<div class=\"elementor-widget-container\">\n\t\t\t\t\t\t\t\t\t<p>Les pedimos que sean los ojos y los o\u00eddos de nuestra ciudad. Si est\u00e1 disfrutando de la ciudad y nota un problema que amenaza la apariencia de nuestra ciudad (graffiti, vandalismo, etc.), visite nuestro <a href=\"\/es\/nuestra-comunidad\/residentes\/servicios-residenciales\/reportar-un-problema\/\">Reportar un problema<\/a> p\u00e1gina para reportar el incidente. Gracias de antemano por su compromiso con el mejoramiento de nuestra ciudad.<\/p>\t\t\t\t\t\t\t\t<\/div>\n\t\t\t\t<\/div>\n\t\t\t\t<div class=\"elementor-element elementor-element-e0c098b elementor-widget elementor-widget-spacer\" data-id=\"e0c098b\" data-element_type=\"widget\" data-e-type=\"widget\" data-widget_type=\"spacer.default\">\n\t\t\t\t<div class=\"elementor-widget-container\">\n\t\t\t\t\t\t\t<div class=\"elementor-spacer\">\n\t\t\t<div class=\"elementor-spacer-inner\"><\/div>\n\t\t<\/div>\n\t\t\t\t\t\t<\/div>\n\t\t\t\t<\/div>\n\t\t\t\t<div class=\"elementor-element elementor-element-56c215a elementor-widget elementor-widget-heading\" data-id=\"56c215a\" data-element_type=\"widget\" data-e-type=\"widget\" data-widget_type=\"heading.default\">\n\t\t\t\t<div class=\"elementor-widget-container\">\n\t\t\t\t\t<h3 class=\"elementor-heading-title elementor-size-default\">Recordatorio de desechos de jard\u00edn<\/h3>\t\t\t\t<\/div>\n\t\t\t\t<\/div>\n\t\t\t\t<div class=\"elementor-element elementor-element-702ab86 elementor-widget elementor-widget-text-editor\" data-id=\"702ab86\" data-element_type=\"widget\" data-e-type=\"widget\" data-widget_type=\"text-editor.default\">\n\t\t\t\t<div class=\"elementor-widget-container\">\n\t\t\t\t\t\t\t\t\t<p class=\"pf0\"><span class=\"cf1\">Durante a\u00f1os, nuestra compa\u00f1\u00eda de recolecci\u00f3n de residuos ha exigido que los ciudadanos de Mishawaka separen los desechos del jard\u00edn de la basura normal y los coloquen en lugares separados para su recolecci\u00f3n. Republic Services quisiera recordarle que este ya no es el caso. Al arrojar desechos de jard\u00edn, especialmente c\u00e9sped, en los vertederos, se ayuda a producir gas metano que, a su vez, ayuda a que los vertederos se descompongan mejor.<\/span><\/p><p class=\"pf0\"><span class=\"cf1\">Los desechos de jard\u00edn y la basura regular ser\u00e1n recogidos por el mismo cami\u00f3n y no es necesario separarlos en diferentes contenedores ni colocarlos en lugares separados.<\/span><\/p>\t\t\t\t\t\t\t\t<\/div>\n\t\t\t\t<\/div>\n\t\t\t\t<\/div>\n\t\t\t\t\t<\/div>\n\t\t\t\t<\/div>\n\t\t\t\t<\/div>","protected":false},"excerpt":{"rendered":"<p>We Take Pride in Our Community The City of Mishawaka encourages residents and visitors to help keep the community clean and beautiful. We ask you to do your part to [&hellip;]<\/p>\n","protected":false},"author":1,"featured_media":0,"parent":377,"menu_order":13,"comment_status":"closed","ping_status":"closed","template":"","meta":{"_acf_changed":false,"_price":"","_stock":"","_tribe_ticket_header":"","_tribe_default_ticket_provider":"","_tribe_ticket_capacity":"0","_ticket_start_date":"","_ticket_end_date":"","_tribe_ticket_show_description":"","_tribe_ticket_show_not_going":false,"_tribe_ticket_use_global_stock":"","_tribe_ticket_global_stock_level":"","_global_stock_mode":"","_global_stock_cap":"","_tribe_rsvp_for_event":"","_tribe_ticket_going_count":"","_tribe_ticket_not_going_count":"","_tribe_tickets_list":"[]","_tribe_ticket_has_attendee_info_fields":false,"footnotes":"","_tec_slr_enabled":"","_tec_slr_layout":""},"class_list":["post-1070","page","type-page","status-publish","hentry"],"acf":[],"yoast_head":"<!-- This site is optimized with the Yoast SEO plugin v27.1.1 - https:\/\/yoast.com\/product\/yoast-seo-wordpress\/ -->\n<title>Keeping Mishawaka Beautiful | City of Mishawaka<\/title>\n<meta name=\"description\" content=\"Show your commitment to keeping the community clean by participating in Keeping Mishawaka Beautiful. Learn more about the organization today.\" \/>\n<meta name=\"robots\" content=\"index, follow, max-snippet:-1, max-image-preview:large, max-video-preview:-1\" \/>\n<link rel=\"canonical\" href=\"https:\/\/mishawaka.in.gov\/es\/nuestra-comunidad\/residentes\/manteniendo-mishawaka-hermosa\/\" \/>\n<meta property=\"og:locale\" content=\"es_ES\" \/>\n<meta property=\"og:type\" content=\"article\" \/>\n<meta property=\"og:title\" content=\"Keeping Mishawaka Beautiful | City of Mishawaka\" \/>\n<meta property=\"og:description\" content=\"Show your commitment to keeping the community clean by participating in Keeping Mishawaka Beautiful. Learn more about the organization today.\" \/>\n<meta property=\"og:url\" content=\"https:\/\/mishawaka.in.gov\/es\/nuestra-comunidad\/residentes\/manteniendo-mishawaka-hermosa\/\" \/>\n<meta property=\"og:site_name\" content=\"City of Mishawaka\" \/>\n<meta property=\"article:modified_time\" content=\"2025-12-15T00:58:20+00:00\" \/>\n<meta name=\"twitter:card\" content=\"summary_large_image\" \/>\n<meta name=\"twitter:label1\" content=\"Tiempo de lectura\" \/>\n\t<meta name=\"twitter:data1\" content=\"2 minutos\" \/>\n<script type=\"application\/ld+json\" class=\"yoast-schema-graph\">{\"@context\":\"https:\/\/schema.org\",\"@graph\":[{\"@type\":\"WebPage\",\"@id\":\"https:\/\/mishawaka.in.gov\/our-community\/residents\/keeping-mishawaka-beautiful\/\",\"url\":\"https:\/\/mishawaka.in.gov\/our-community\/residents\/keeping-mishawaka-beautiful\/\",\"name\":\"Keeping Mishawaka Beautiful | City of Mishawaka\",\"isPartOf\":{\"@id\":\"https:\/\/mishawaka.in.gov\/#website\"},\"datePublished\":\"2022-12-02T18:10:34+00:00\",\"dateModified\":\"2025-12-15T00:58:20+00:00\",\"description\":\"Show your commitment to keeping the community clean by participating in Keeping Mishawaka Beautiful. Learn more about the organization today.\",\"breadcrumb\":{\"@id\":\"https:\/\/mishawaka.in.gov\/our-community\/residents\/keeping-mishawaka-beautiful\/#breadcrumb\"},\"inLanguage\":\"es\",\"potentialAction\":[{\"@type\":\"ReadAction\",\"target\":[\"https:\/\/mishawaka.in.gov\/our-community\/residents\/keeping-mishawaka-beautiful\/\"]}]},{\"@type\":\"BreadcrumbList\",\"@id\":\"https:\/\/mishawaka.in.gov\/our-community\/residents\/keeping-mishawaka-beautiful\/#breadcrumb\",\"itemListElement\":[{\"@type\":\"ListItem\",\"position\":1,\"name\":\"Home\",\"item\":\"https:\/\/mishawaka.in.gov\/\"},{\"@type\":\"ListItem\",\"position\":2,\"name\":\"Our Community\",\"item\":\"https:\/\/mishawaka.in.gov\/our-community\/\"},{\"@type\":\"ListItem\",\"position\":3,\"name\":\"Residents\",\"item\":\"https:\/\/mishawaka.in.gov\/our-community\/residents\/\"},{\"@type\":\"ListItem\",\"position\":4,\"name\":\"Keeping Mishawaka Beautiful\"}]},{\"@type\":\"WebSite\",\"@id\":\"https:\/\/mishawaka.in.gov\/#website\",\"url\":\"https:\/\/mishawaka.in.gov\/\",\"name\":\"City of Mishawaka\",\"description\":\"The Best Hometown in America\",\"publisher\":{\"@id\":\"https:\/\/mishawaka.in.gov\/#organization\"},\"potentialAction\":[{\"@type\":\"SearchAction\",\"target\":{\"@type\":\"EntryPoint\",\"urlTemplate\":\"https:\/\/mishawaka.in.gov\/?s={search_term_string}\"},\"query-input\":{\"@type\":\"PropertyValueSpecification\",\"valueRequired\":true,\"valueName\":\"search_term_string\"}}],\"inLanguage\":\"es\"},{\"@type\":\"Organization\",\"@id\":\"https:\/\/mishawaka.in.gov\/#organization\",\"name\":\"City of Mishawaka\",\"url\":\"https:\/\/mishawaka.in.gov\/\",\"logo\":{\"@type\":\"ImageObject\",\"inLanguage\":\"es\",\"@id\":\"https:\/\/mishawaka.in.gov\/#\/schema\/logo\/image\/\",\"url\":\"\",\"contentUrl\":\"\",\"caption\":\"City of Mishawaka\"},\"image\":{\"@id\":\"https:\/\/mishawaka.in.gov\/#\/schema\/logo\/image\/\"}}]}<\/script>\n<!-- \/ Yoast SEO plugin. -->","yoast_head_json":{"title":"Manteniendo a Mishawaka hermosa | Ciudad de Mishawaka","description":"Muestre su compromiso de mantener limpia la comunidad participando en Keeping Mishawaka Beautiful. Obtenga m\u00e1s informaci\u00f3n sobre la organizaci\u00f3n hoy.","robots":{"index":"index","follow":"follow","max-snippet":"max-snippet:-1","max-image-preview":"max-image-preview:large","max-video-preview":"max-video-preview:-1"},"canonical":"https:\/\/mishawaka.in.gov\/es\/nuestra-comunidad\/residentes\/manteniendo-mishawaka-hermosa\/","og_locale":"es_ES","og_type":"article","og_title":"Keeping Mishawaka Beautiful | City of Mishawaka","og_description":"Show your commitment to keeping the community clean by participating in Keeping Mishawaka Beautiful. Learn more about the organization today.","og_url":"https:\/\/mishawaka.in.gov\/es\/nuestra-comunidad\/residentes\/manteniendo-mishawaka-hermosa\/","og_site_name":"City of Mishawaka","article_modified_time":"2025-12-15T00:58:20+00:00","twitter_card":"summary_large_image","twitter_misc":{"Tiempo de lectura":"2 minutos"},"schema":{"@context":"https:\/\/schema.org","@graph":[{"@type":"WebPage","@id":"https:\/\/mishawaka.in.gov\/our-community\/residents\/keeping-mishawaka-beautiful\/","url":"https:\/\/mishawaka.in.gov\/our-community\/residents\/keeping-mishawaka-beautiful\/","name":"Manteniendo a Mishawaka hermosa | Ciudad de Mishawaka","isPartOf":{"@id":"https:\/\/mishawaka.in.gov\/#website"},"datePublished":"2022-12-02T18:10:34+00:00","dateModified":"2025-12-15T00:58:20+00:00","description":"Muestre su compromiso de mantener limpia la comunidad participando en Keeping Mishawaka Beautiful. Obtenga m\u00e1s informaci\u00f3n sobre la organizaci\u00f3n hoy.","breadcrumb":{"@id":"https:\/\/mishawaka.in.gov\/our-community\/residents\/keeping-mishawaka-beautiful\/#breadcrumb"},"inLanguage":"es","potentialAction":[{"@type":"ReadAction","target":["https:\/\/mishawaka.in.gov\/our-community\/residents\/keeping-mishawaka-beautiful\/"]}]},{"@type":"BreadcrumbList","@id":"https:\/\/mishawaka.in.gov\/our-community\/residents\/keeping-mishawaka-beautiful\/#breadcrumb","itemListElement":[{"@type":"ListItem","position":1,"name":"Home","item":"https:\/\/mishawaka.in.gov\/"},{"@type":"ListItem","position":2,"name":"Our Community","item":"https:\/\/mishawaka.in.gov\/our-community\/"},{"@type":"ListItem","position":3,"name":"Residents","item":"https:\/\/mishawaka.in.gov\/our-community\/residents\/"},{"@type":"ListItem","position":4,"name":"Keeping Mishawaka Beautiful"}]},{"@type":"WebSite","@id":"https:\/\/mishawaka.in.gov\/#website","url":"https:\/\/mishawaka.in.gov\/","name":"Ciudad de Mishawaka","description":"La mejor ciudad natal de Am\u00e9rica","publisher":{"@id":"https:\/\/mishawaka.in.gov\/#organization"},"potentialAction":[{"@type":"SearchAction","target":{"@type":"EntryPoint","urlTemplate":"https:\/\/mishawaka.in.gov\/?s={search_term_string}"},"query-input":{"@type":"PropertyValueSpecification","valueRequired":true,"valueName":"search_term_string"}}],"inLanguage":"es"},{"@type":"Organization","@id":"https:\/\/mishawaka.in.gov\/#organization","name":"Ciudad de Mishawaka","url":"https:\/\/mishawaka.in.gov\/","logo":{"@type":"ImageObject","inLanguage":"es","@id":"https:\/\/mishawaka.in.gov\/#\/schema\/logo\/image\/","url":"","contentUrl":"","caption":"City of Mishawaka"},"image":{"@id":"https:\/\/mishawaka.in.gov\/#\/schema\/logo\/image\/"}}]}},"ticketed":false,"_links":{"self":[{"href":"https:\/\/mishawaka.in.gov\/es\/wp-json\/wp\/v2\/pages\/1070","targetHints":{"allow":["GET"]}}],"collection":[{"href":"https:\/\/mishawaka.in.gov\/es\/wp-json\/wp\/v2\/pages"}],"about":[{"href":"https:\/\/mishawaka.in.gov\/es\/wp-json\/wp\/v2\/types\/page"}],"author":[{"embeddable":true,"href":"https:\/\/mishawaka.in.gov\/es\/wp-json\/wp\/v2\/users\/1"}],"replies":[{"embeddable":true,"href":"https:\/\/mishawaka.in.gov\/es\/wp-json\/wp\/v2\/comments?post=1070"}],"version-history":[{"count":0,"href":"https:\/\/mishawaka.in.gov\/es\/wp-json\/wp\/v2\/pages\/1070\/revisions"}],"up":[{"embeddable":true,"href":"https:\/\/mishawaka.in.gov\/es\/wp-json\/wp\/v2\/pages\/377"}],"wp:attachment":[{"href":"https:\/\/mishawaka.in.gov\/es\/wp-json\/wp\/v2\/media?parent=1070"}],"curies":[{"name":"wp","href":"https:\/\/api.w.org\/{rel}","templated":true}]}}