{"id":1122,"date":"2022-12-14T15:54:53","date_gmt":"2022-12-14T20:54:53","guid":{"rendered":"https:\/\/comishawaka.wpengine.com\/?page_id=1122"},"modified":"2026-04-20T16:26:15","modified_gmt":"2026-04-20T20:26:15","slug":"mantenimiento-de-alcantarillado","status":"publish","type":"page","link":"https:\/\/mishawaka.in.gov\/es\/gobierno\/departamentos\/mantenimiento-de-alcantarillado\/","title":{"rendered":"Mantenimiento de alcantarillado"},"content":{"rendered":"<div data-elementor-type=\"wp-page\" data-elementor-id=\"1122\" class=\"elementor elementor-1122\" data-elementor-post-type=\"page\">\n\t\t\t\t<div class=\"elementor-element elementor-element-25b2393 e-flex e-con-boxed e-con e-parent\" data-id=\"25b2393\" data-element_type=\"container\" data-e-type=\"container\" data-settings=\"{&quot;background_background&quot;:&quot;classic&quot;}\">\n\t\t\t\t\t<div class=\"e-con-inner\">\n\t\t<div class=\"elementor-element elementor-element-6290b60 e-con-full e-flex e-con e-child\" data-id=\"6290b60\" data-element_type=\"container\" data-e-type=\"container\">\n\t\t\t\t<div class=\"elementor-element elementor-element-120b7cb elementor-widget elementor-widget-heading\" data-id=\"120b7cb\" data-element_type=\"widget\" data-e-type=\"widget\" data-widget_type=\"heading.default\">\n\t\t\t\t<div class=\"elementor-widget-container\">\n\t\t\t\t\t<h2 class=\"elementor-heading-title elementor-size-default\">Sobre nosotros <\/h2>\t\t\t\t<\/div>\n\t\t\t\t<\/div>\n\t\t\t\t<div class=\"elementor-element elementor-element-9f58dc8 elementor-widget elementor-widget-text-editor\" data-id=\"9f58dc8\" data-element_type=\"widget\" data-e-type=\"widget\" data-widget_type=\"text-editor.default\">\n\t\t\t\t<div class=\"elementor-widget-container\">\n\t\t\t\t\t\t\t\t\t<p>Una de las responsabilidades m\u00e1s importantes del Departamento de Mantenimiento de Alcantarillado es maximizar el volumen de aguas residuales transportadas a trav\u00e9s de los alcantarillados subterr\u00e1neos a la Planta de Tratamiento de Aguas Residuales. Esto se logra mejor programando el mantenimiento de rutina, televisando y limpiando el sistema de recolecci\u00f3n de alcantarillado, lo que puede mejorar significativamente la capacidad de flujo de las alcantarillas en condiciones normales.\u00a0<\/p><p>En 1989, el Departamento de Ingenier\u00eda se reorganiz\u00f3 en tres divisiones: Ingenier\u00eda, Mantenimiento de Alcantarillado y Gerencia de Construcci\u00f3n. En 1990, luego de varios meses de estudio, se form\u00f3 el Departamento de Mantenimiento de Alcantarillado bajo la direcci\u00f3n del Departamento de Ingenier\u00eda. Debido a los requisitos de monitoreo m\u00e1s estrictos de los desbordamientos de alcantarillado combinado de la ciudad y la implementaci\u00f3n de un plan de uso de alcantarillado aprobado presentado al Departamento de Gesti\u00f3n Ambiental de Indiana (IDEM), se requiri\u00f3 una mejor documentaci\u00f3n de los registros de mantenimiento y limpieza de alcantarillado. Se hizo evidente que se necesitaba m\u00e1s tiempo y atenci\u00f3n para la infraestructura obsoleta.<\/p><p>Desde sus inicios, el Departamento de Mantenimiento de Alcantarillado se ha convertido en un equipo de 17 empleados altamente capacitados con diferentes deberes y responsabilidades.<\/p>\t\t\t\t\t\t\t\t<\/div>\n\t\t\t\t<\/div>\n\t\t\t\t<\/div>\n\t\t\t\t\t<\/div>\n\t\t\t\t<\/div>\n\t\t<div class=\"elementor-element elementor-element-1e58f7c e-flex e-con-boxed e-con e-parent\" data-id=\"1e58f7c\" data-element_type=\"container\" data-e-type=\"container\" data-settings=\"{&quot;background_background&quot;:&quot;classic&quot;}\">\n\t\t\t\t\t<div class=\"e-con-inner\">\n\t\t<div class=\"elementor-element elementor-element-dbd5a03 e-con-full e-flex e-con e-child\" data-id=\"dbd5a03\" data-element_type=\"container\" data-e-type=\"container\">\n\t\t\t\t<div class=\"elementor-element elementor-element-0417f58 elementor-widget elementor-widget-heading\" data-id=\"0417f58\" data-element_type=\"widget\" data-e-type=\"widget\" data-widget_type=\"heading.default\">\n\t\t\t\t<div class=\"elementor-widget-container\">\n\t\t\t\t\t<h2 class=\"elementor-heading-title elementor-size-default\">Qu\u00e9 hacemos y a qui\u00e9n servimos<\/h2>\t\t\t\t<\/div>\n\t\t\t\t<\/div>\n\t\t\t\t<div class=\"elementor-element elementor-element-96ae309 elementor-widget elementor-widget-text-editor\" data-id=\"96ae309\" data-element_type=\"widget\" data-e-type=\"widget\" data-widget_type=\"text-editor.default\">\n\t\t\t\t<div class=\"elementor-widget-container\">\n\t\t\t\t\t\t\t\t\t<p>El Departamento de Mantenimiento de Alcantarillado es un grupo de empleados bien planificado y bien equipado, con dos camiones combinados de limpieza, dos camiones de inspecci\u00f3n por video y varios equipos de reparaci\u00f3n que administran m\u00e1s de 200 millas de alcantarillado sanitario y pluvial.\u00a0<\/p><p>El Departamento de Mantenimiento de Alcantarillado es responsable del mantenimiento y la rehabilitaci\u00f3n de todos los aspectos del sistema de alcantarillado sanitario y pluvial, incluidas las bocas de inspecci\u00f3n, los sumideros, las entradas y las tuber\u00edas principales de alcantarillado. Otras responsabilidades incluyen inspecciones de extensiones del sistema de alcantarillado dentro de nuevos desarrollos, televisaci\u00f3n de alcantarillado, mapeo GIS de la red de alcantarillado, localizaci\u00f3n de alcantarillado para contratistas que se preparan para excavar (cavar), inspecciones de conexi\u00f3n de alcantarillado sanitario para casas nuevas, ayudar a los propietarios a identificar la fuente de su alcantarillado. problemas y responder a las consultas de los ciudadanos.<\/p><p>Los clientes a los que servimos financian predominantemente el Departamento de Mantenimiento de Alcantarillado de Mishawaka.<\/p>\t\t\t\t\t\t\t\t<\/div>\n\t\t\t\t<\/div>\n\t\t\t\t<div class=\"elementor-element elementor-element-0fe4246 elementor-widget elementor-widget-button\" data-id=\"0fe4246\" data-element_type=\"widget\" data-e-type=\"widget\" data-widget_type=\"button.default\">\n\t\t\t\t<div class=\"elementor-widget-container\">\n\t\t\t\t\t\t\t\t\t<div class=\"elementor-button-wrapper\">\n\t\t\t\t\t<a class=\"elementor-button elementor-button-link elementor-size-sm\" href=\"\/es\/?wpdmdl=12834\">\n\t\t\t\t\t\t<span class=\"elementor-button-content-wrapper\">\n\t\t\t\t\t\t\t\t\t<span class=\"elementor-button-text\">Download Sewer Long Term Capital Plan<\/span>\n\t\t\t\t\t<\/span>\n\t\t\t\t\t<\/a>\n\t\t\t\t<\/div>\n\t\t\t\t\t\t\t\t<\/div>\n\t\t\t\t<\/div>\n\t\t\t\t<\/div>\n\t\t\t\t\t<\/div>\n\t\t\t\t<\/div>\n\t\t<div class=\"elementor-element elementor-element-ae8cfb5 e-flex e-con-boxed e-con e-parent\" data-id=\"ae8cfb5\" data-element_type=\"container\" data-e-type=\"container\" data-settings=\"{&quot;background_background&quot;:&quot;classic&quot;}\">\n\t\t\t\t\t<div class=\"e-con-inner\">\n\t\t<div class=\"elementor-element elementor-element-2d4fb96 e-con-full e-flex e-con e-child\" data-id=\"2d4fb96\" data-element_type=\"container\" data-e-type=\"container\">\n\t\t\t\t<div class=\"elementor-element elementor-element-1891e93 elementor-widget elementor-widget-heading\" data-id=\"1891e93\" data-element_type=\"widget\" data-e-type=\"widget\" data-widget_type=\"heading.default\">\n\t\t\t\t<div class=\"elementor-widget-container\">\n\t\t\t\t\t<h3 class=\"elementor-heading-title elementor-size-default\">Programa de seguro de alcantarillado<\/h3>\t\t\t\t<\/div>\n\t\t\t\t<\/div>\n\t\t\t\t<div class=\"elementor-element elementor-element-75f7848 elementor-widget elementor-widget-text-editor\" data-id=\"75f7848\" data-element_type=\"widget\" data-e-type=\"widget\" data-widget_type=\"text-editor.default\">\n\t\t\t\t<div class=\"elementor-widget-container\">\n\t\t\t\t\t\t\t\t\t<p>Mishawaka ofrece con orgullo la <a href=\"https:\/\/mishawaka.in.gov\/es\/gobierno\/departamentos\/mantenimiento-de-alcantarillado\/mantenimiento-de-alcantarillado-2\/\">Programa de seguro de alcantarillado<\/a> a los residentes de la ciudad. Este programa se implement\u00f3 para brindar asistencia a los residentes en caso de que su lateral de alcantarillado sanitario falle y necesite reparaci\u00f3n. Por favor <a href=\"#sewer-contact\">comun\u00edquese con el Departamento de Mantenimiento de Alcantarillado<\/a> para obtener m\u00e1s informaci\u00f3n sobre este programa o para solicitar una reparaci\u00f3n de alcantarillado lateral.<\/p>\t\t\t\t\t\t\t\t<\/div>\n\t\t\t\t<\/div>\n\t\t\t\t<\/div>\n\t\t\t\t\t<\/div>\n\t\t\t\t<\/div>\n\t\t<div class=\"elementor-element elementor-element-7674e99 e-con-full e-flex e-con e-parent\" data-id=\"7674e99\" data-element_type=\"container\" data-e-type=\"container\">\n\t\t<div class=\"elementor-element elementor-element-6ddea13 e-con-full e-flex e-con e-child\" data-id=\"6ddea13\" data-element_type=\"container\" data-e-type=\"container\" id=\"sewer-contact\" data-settings=\"{&quot;background_background&quot;:&quot;classic&quot;}\">\n\t\t<div class=\"elementor-element elementor-element-b903014 mw545 mLAuto e-flex e-con-boxed e-con e-child\" data-id=\"b903014\" data-element_type=\"container\" data-e-type=\"container\">\n\t\t\t\t\t<div class=\"e-con-inner\">\n\t\t\t\t<div class=\"elementor-element elementor-element-50871b0 elementor-widget elementor-widget-image\" data-id=\"50871b0\" data-element_type=\"widget\" data-e-type=\"widget\" data-widget_type=\"image.default\">\n\t\t\t\t<div class=\"elementor-widget-container\">\n\t\t\t\t\t\t\t\t\t\t\t\t\t\t\t<img fetchpriority=\"high\" decoding=\"async\" width=\"512\" height=\"512\" src=\"https:\/\/mishawaka.in.gov\/wp-content\/uploads\/2022\/09\/city-of-mishawaka-2022-seal.png\" class=\"attachment-large size-large wp-image-43\" alt=\"Ciudad de Mishiwaka Indiana, la ciudad de la princesa establecida en 1833\" srcset=\"https:\/\/mishawaka.in.gov\/wp-content\/uploads\/2022\/09\/city-of-mishawaka-2022-seal.png 512w, https:\/\/mishawaka.in.gov\/wp-content\/uploads\/2022\/09\/city-of-mishawaka-2022-seal-300x300.png 300w, https:\/\/mishawaka.in.gov\/wp-content\/uploads\/2022\/09\/city-of-mishawaka-2022-seal-150x150.png 150w\" sizes=\"(max-width: 512px) 100vw, 512px\" \/>\t\t\t\t\t\t\t\t\t\t\t\t\t\t\t<\/div>\n\t\t\t\t<\/div>\n\t\t\t\t<div class=\"elementor-element elementor-element-e427be1 elementor-widget elementor-widget-heading\" data-id=\"e427be1\" data-element_type=\"widget\" data-e-type=\"widget\" data-widget_type=\"heading.default\">\n\t\t\t\t<div class=\"elementor-widget-container\">\n\t\t\t\t\t<h2 class=\"elementor-heading-title elementor-size-xl\">Mantenimiento de alcantarillado<br>Departamento<\/h2>\t\t\t\t<\/div>\n\t\t\t\t<\/div>\n\t\t\t\t<div class=\"elementor-element elementor-element-60bf57a elementor-widget elementor-widget-text-editor\" data-id=\"60bf57a\" data-element_type=\"widget\" data-e-type=\"widget\" data-widget_type=\"text-editor.default\">\n\t\t\t\t<div class=\"elementor-widget-container\">\n\t\t\t\t\t\t\t\t\t<p><a href=\"https:\/\/goo.gl\/maps\/LX7uH7cwrGQBGFQD9\" target=\"_blank\" rel=\"noopener\">Calle Uni\u00f3n 700 <br \/>Mishawaka, EN 46544<\/a><br \/><span style=\"color: var( --e-global-color-text ); text-align: var(--text-align); background-color: var( --e-global-color-48e5620 );\">Tel\u00e9fono: <\/span><a style=\"text-align: var(--text-align);\" href=\"tel:5742581715\">574-258-1715<\/a><br \/><span style=\"color: var( --e-global-color-text ); text-align: var(--text-align); background-color: var( --e-global-color-48e5620 );\">Fax: (574) 258-1744<br \/><\/span><a href=\"mailto:tdolly@mishawaka.in.gov\">Env\u00edenos un correo electr\u00f3nico<\/a><span style=\"color: var( --e-global-color-text ); text-align: var(--text-align); background-color: var( --e-global-color-48e5620 );\"><br \/><\/span><\/p><p><span style=\"color: var( --e-global-color-text ); text-align: var(--text-align); background-color: var( --e-global-color-48e5620 );\">Lunes \u2013 Viernes, 7:00 am \u2013 3:00 pm<\/span><\/p>\t\t\t\t\t\t\t\t<\/div>\n\t\t\t\t<\/div>\n\t\t\t\t<div class=\"elementor-element elementor-element-c4c6408 elementor-widget elementor-widget-text-editor\" data-id=\"c4c6408\" data-element_type=\"widget\" data-e-type=\"widget\" data-widget_type=\"text-editor.default\">\n\t\t\t\t<div class=\"elementor-widget-container\">\n\t\t\t\t\t\t\t\t\t<p><b>Gerente:<\/b> tom mu\u00f1equita<\/p>\n<p><b>Subdirector:<\/b> Ian McAllister<\/p>\n<p><b>Coordinador de oficina:<\/b>&nbsp;Rachelle Hodgson<\/p>\t\t\t\t\t\t\t\t<\/div>\n\t\t\t\t<\/div>\n\t\t\t\t\t<\/div>\n\t\t\t\t<\/div>\n\t\t\t\t<\/div>\n\t\t<div class=\"elementor-element elementor-element-4648c7c e-con-full e-flex e-con e-child\" data-id=\"4648c7c\" data-element_type=\"container\" data-e-type=\"container\">\n\t\t\t\t<div class=\"elementor-element elementor-element-7144b3e elementor-widget elementor-widget-google_maps\" data-id=\"7144b3e\" data-element_type=\"widget\" data-e-type=\"widget\" data-widget_type=\"google_maps.default\">\n\t\t\t\t<div class=\"elementor-widget-container\">\n\t\t\t\t\t\t\t<div class=\"elementor-custom-embed\">\n\t\t\t<iframe loading=\"lazy\"\n\t\t\t\t\tsrc=\"https:\/\/www.google.com\/maps\/embed\/v1\/place?key=AIzaSyDqr6Gp6rKux3KBJ7nYE_4yGVJ4qaWCoJs&#038;q=700%20Union%20St%2C%20Mishawaka%2C%20IN%2046544&#038;zoom=14\"\n\t\t\t\t\ttitle=\"700 Union St, Mishawaka, EN 46544\"\n\t\t\t\t\taria-label=\"700 Union St, Mishawaka, EN 46544\"\n\t\t\t><\/iframe>\n\t\t<\/div>\n\t\t\t\t\t\t<\/div>\n\t\t\t\t<\/div>\n\t\t\t\t<\/div>\n\t\t\t\t<\/div>\n\t\t\t\t<\/div>","protected":false},"excerpt":{"rendered":"<p>La responsabilidad de este departamento es supervisar el mantenimiento del sistema de alcantarillado de la Ciudad.<\/p>","protected":false},"author":1,"featured_media":2661,"parent":160,"menu_order":45,"comment_status":"closed","ping_status":"closed","template":"","meta":{"_acf_changed":false,"_price":"","_stock":"","_tribe_ticket_header":"","_tribe_default_ticket_provider":"","_tribe_ticket_capacity":"0","_ticket_start_date":"","_ticket_end_date":"","_tribe_ticket_show_description":"","_tribe_ticket_show_not_going":false,"_tribe_ticket_use_global_stock":"","_tribe_ticket_global_stock_level":"","_global_stock_mode":"","_global_stock_cap":"","_tribe_rsvp_for_event":"","_tribe_ticket_going_count":"","_tribe_ticket_not_going_count":"","_tribe_tickets_list":"[]","_tribe_ticket_has_attendee_info_fields":false,"footnotes":"","_tec_slr_enabled":"","_tec_slr_layout":""},"class_list":["post-1122","page","type-page","status-publish","has-post-thumbnail","hentry"],"acf":[],"yoast_head":"<!-- This site is optimized with the Yoast SEO plugin v27.1.1 - https:\/\/yoast.com\/product\/yoast-seo-wordpress\/ -->\n<title>Sewer Maintenance | City of Mishawaka<\/title>\n<meta name=\"description\" content=\"Learn more about assistance provided to our residents for the maintenance of our sewer system.\" \/>\n<meta name=\"robots\" content=\"index, follow, max-snippet:-1, max-image-preview:large, max-video-preview:-1\" \/>\n<link rel=\"canonical\" href=\"https:\/\/mishawaka.in.gov\/es\/gobierno\/departamentos\/mantenimiento-de-alcantarillado\/\" \/>\n<meta property=\"og:locale\" content=\"es_ES\" \/>\n<meta property=\"og:type\" content=\"article\" \/>\n<meta property=\"og:title\" content=\"Sewer Maintenance | City of Mishawaka\" \/>\n<meta property=\"og:description\" content=\"Learn more about assistance provided to our residents for the maintenance of our sewer system.\" \/>\n<meta property=\"og:url\" content=\"https:\/\/mishawaka.in.gov\/es\/gobierno\/departamentos\/mantenimiento-de-alcantarillado\/\" \/>\n<meta property=\"og:site_name\" content=\"City of Mishawaka\" \/>\n<meta property=\"article:modified_time\" content=\"2026-04-20T20:26:15+00:00\" \/>\n<meta property=\"og:image\" content=\"https:\/\/mishawaka.in.gov\/wp-content\/uploads\/2023\/01\/sewerdepartment.jpg\" \/>\n\t<meta property=\"og:image:width\" content=\"1000\" \/>\n\t<meta property=\"og:image:height\" content=\"667\" \/>\n\t<meta property=\"og:image:type\" content=\"image\/jpeg\" \/>\n<meta name=\"twitter:card\" content=\"summary_large_image\" \/>\n<meta name=\"twitter:label1\" content=\"Tiempo de lectura\" \/>\n\t<meta name=\"twitter:data1\" content=\"2 minutos\" \/>\n<script type=\"application\/ld+json\" class=\"yoast-schema-graph\">{\"@context\":\"https:\/\/schema.org\",\"@graph\":[{\"@type\":\"WebPage\",\"@id\":\"https:\/\/mishawaka.in.gov\/government\/departments\/sewer-maintenance\/\",\"url\":\"https:\/\/mishawaka.in.gov\/government\/departments\/sewer-maintenance\/\",\"name\":\"Sewer Maintenance | City of Mishawaka\",\"isPartOf\":{\"@id\":\"https:\/\/mishawaka.in.gov\/#website\"},\"primaryImageOfPage\":{\"@id\":\"https:\/\/mishawaka.in.gov\/government\/departments\/sewer-maintenance\/#primaryimage\"},\"image\":{\"@id\":\"https:\/\/mishawaka.in.gov\/government\/departments\/sewer-maintenance\/#primaryimage\"},\"thumbnailUrl\":\"https:\/\/mishawaka.in.gov\/wp-content\/uploads\/2023\/01\/sewerdepartment.jpg\",\"datePublished\":\"2022-12-14T20:54:53+00:00\",\"dateModified\":\"2026-04-20T20:26:15+00:00\",\"description\":\"Learn more about assistance provided to our residents for the maintenance of our sewer system.\",\"breadcrumb\":{\"@id\":\"https:\/\/mishawaka.in.gov\/government\/departments\/sewer-maintenance\/#breadcrumb\"},\"inLanguage\":\"es\",\"potentialAction\":[{\"@type\":\"ReadAction\",\"target\":[\"https:\/\/mishawaka.in.gov\/government\/departments\/sewer-maintenance\/\"]}]},{\"@type\":\"ImageObject\",\"inLanguage\":\"es\",\"@id\":\"https:\/\/mishawaka.in.gov\/government\/departments\/sewer-maintenance\/#primaryimage\",\"url\":\"https:\/\/mishawaka.in.gov\/wp-content\/uploads\/2023\/01\/sewerdepartment.jpg\",\"contentUrl\":\"https:\/\/mishawaka.in.gov\/wp-content\/uploads\/2023\/01\/sewerdepartment.jpg\",\"width\":1000,\"height\":667,\"caption\":\"Sewer Department.\"},{\"@type\":\"BreadcrumbList\",\"@id\":\"https:\/\/mishawaka.in.gov\/government\/departments\/sewer-maintenance\/#breadcrumb\",\"itemListElement\":[{\"@type\":\"ListItem\",\"position\":1,\"name\":\"Home\",\"item\":\"https:\/\/mishawaka.in.gov\/\"},{\"@type\":\"ListItem\",\"position\":2,\"name\":\"Government\",\"item\":\"https:\/\/mishawaka.in.gov\/government\/\"},{\"@type\":\"ListItem\",\"position\":3,\"name\":\"Departments\",\"item\":\"https:\/\/mishawaka.in.gov\/government\/departments\/\"},{\"@type\":\"ListItem\",\"position\":4,\"name\":\"Sewer Maintenance\"}]},{\"@type\":\"WebSite\",\"@id\":\"https:\/\/mishawaka.in.gov\/#website\",\"url\":\"https:\/\/mishawaka.in.gov\/\",\"name\":\"City of Mishawaka\",\"description\":\"The Best Hometown in America\",\"publisher\":{\"@id\":\"https:\/\/mishawaka.in.gov\/#organization\"},\"potentialAction\":[{\"@type\":\"SearchAction\",\"target\":{\"@type\":\"EntryPoint\",\"urlTemplate\":\"https:\/\/mishawaka.in.gov\/?s={search_term_string}\"},\"query-input\":{\"@type\":\"PropertyValueSpecification\",\"valueRequired\":true,\"valueName\":\"search_term_string\"}}],\"inLanguage\":\"es\"},{\"@type\":\"Organization\",\"@id\":\"https:\/\/mishawaka.in.gov\/#organization\",\"name\":\"City of Mishawaka\",\"url\":\"https:\/\/mishawaka.in.gov\/\",\"logo\":{\"@type\":\"ImageObject\",\"inLanguage\":\"es\",\"@id\":\"https:\/\/mishawaka.in.gov\/#\/schema\/logo\/image\/\",\"url\":\"\",\"contentUrl\":\"\",\"caption\":\"City of Mishawaka\"},\"image\":{\"@id\":\"https:\/\/mishawaka.in.gov\/#\/schema\/logo\/image\/\"}}]}<\/script>\n<!-- \/ Yoast SEO plugin. -->","yoast_head_json":{"title":"Mantenimiento de alcantarillado | Ciudad de Mishawaka","description":"Obtenga m\u00e1s informaci\u00f3n sobre la asistencia brindada a nuestros residentes para el mantenimiento de nuestro sistema de alcantarillado.","robots":{"index":"index","follow":"follow","max-snippet":"max-snippet:-1","max-image-preview":"max-image-preview:large","max-video-preview":"max-video-preview:-1"},"canonical":"https:\/\/mishawaka.in.gov\/es\/gobierno\/departamentos\/mantenimiento-de-alcantarillado\/","og_locale":"es_ES","og_type":"article","og_title":"Sewer Maintenance | City of Mishawaka","og_description":"Learn more about assistance provided to our residents for the maintenance of our sewer system.","og_url":"https:\/\/mishawaka.in.gov\/es\/gobierno\/departamentos\/mantenimiento-de-alcantarillado\/","og_site_name":"City of Mishawaka","article_modified_time":"2026-04-20T20:26:15+00:00","og_image":[{"width":1000,"height":667,"url":"https:\/\/mishawaka.in.gov\/wp-content\/uploads\/2023\/01\/sewerdepartment.jpg","type":"image\/jpeg"}],"twitter_card":"summary_large_image","twitter_misc":{"Tiempo de lectura":"2 minutos"},"schema":{"@context":"https:\/\/schema.org","@graph":[{"@type":"WebPage","@id":"https:\/\/mishawaka.in.gov\/government\/departments\/sewer-maintenance\/","url":"https:\/\/mishawaka.in.gov\/government\/departments\/sewer-maintenance\/","name":"Mantenimiento de alcantarillado | Ciudad de Mishawaka","isPartOf":{"@id":"https:\/\/mishawaka.in.gov\/#website"},"primaryImageOfPage":{"@id":"https:\/\/mishawaka.in.gov\/government\/departments\/sewer-maintenance\/#primaryimage"},"image":{"@id":"https:\/\/mishawaka.in.gov\/government\/departments\/sewer-maintenance\/#primaryimage"},"thumbnailUrl":"https:\/\/mishawaka.in.gov\/wp-content\/uploads\/2023\/01\/sewerdepartment.jpg","datePublished":"2022-12-14T20:54:53+00:00","dateModified":"2026-04-20T20:26:15+00:00","description":"Obtenga m\u00e1s informaci\u00f3n sobre la asistencia brindada a nuestros residentes para el mantenimiento de nuestro sistema de alcantarillado.","breadcrumb":{"@id":"https:\/\/mishawaka.in.gov\/government\/departments\/sewer-maintenance\/#breadcrumb"},"inLanguage":"es","potentialAction":[{"@type":"ReadAction","target":["https:\/\/mishawaka.in.gov\/government\/departments\/sewer-maintenance\/"]}]},{"@type":"ImageObject","inLanguage":"es","@id":"https:\/\/mishawaka.in.gov\/government\/departments\/sewer-maintenance\/#primaryimage","url":"https:\/\/mishawaka.in.gov\/wp-content\/uploads\/2023\/01\/sewerdepartment.jpg","contentUrl":"https:\/\/mishawaka.in.gov\/wp-content\/uploads\/2023\/01\/sewerdepartment.jpg","width":1000,"height":667,"caption":"Sewer Department."},{"@type":"BreadcrumbList","@id":"https:\/\/mishawaka.in.gov\/government\/departments\/sewer-maintenance\/#breadcrumb","itemListElement":[{"@type":"ListItem","position":1,"name":"Home","item":"https:\/\/mishawaka.in.gov\/"},{"@type":"ListItem","position":2,"name":"Government","item":"https:\/\/mishawaka.in.gov\/government\/"},{"@type":"ListItem","position":3,"name":"Departments","item":"https:\/\/mishawaka.in.gov\/government\/departments\/"},{"@type":"ListItem","position":4,"name":"Sewer Maintenance"}]},{"@type":"WebSite","@id":"https:\/\/mishawaka.in.gov\/#website","url":"https:\/\/mishawaka.in.gov\/","name":"Ciudad de Mishawaka","description":"La mejor ciudad natal de Am\u00e9rica","publisher":{"@id":"https:\/\/mishawaka.in.gov\/#organization"},"potentialAction":[{"@type":"SearchAction","target":{"@type":"EntryPoint","urlTemplate":"https:\/\/mishawaka.in.gov\/?s={search_term_string}"},"query-input":{"@type":"PropertyValueSpecification","valueRequired":true,"valueName":"search_term_string"}}],"inLanguage":"es"},{"@type":"Organization","@id":"https:\/\/mishawaka.in.gov\/#organization","name":"Ciudad de Mishawaka","url":"https:\/\/mishawaka.in.gov\/","logo":{"@type":"ImageObject","inLanguage":"es","@id":"https:\/\/mishawaka.in.gov\/#\/schema\/logo\/image\/","url":"","contentUrl":"","caption":"City of Mishawaka"},"image":{"@id":"https:\/\/mishawaka.in.gov\/#\/schema\/logo\/image\/"}}]}},"ticketed":false,"_links":{"self":[{"href":"https:\/\/mishawaka.in.gov\/es\/wp-json\/wp\/v2\/pages\/1122","targetHints":{"allow":["GET"]}}],"collection":[{"href":"https:\/\/mishawaka.in.gov\/es\/wp-json\/wp\/v2\/pages"}],"about":[{"href":"https:\/\/mishawaka.in.gov\/es\/wp-json\/wp\/v2\/types\/page"}],"author":[{"embeddable":true,"href":"https:\/\/mishawaka.in.gov\/es\/wp-json\/wp\/v2\/users\/1"}],"replies":[{"embeddable":true,"href":"https:\/\/mishawaka.in.gov\/es\/wp-json\/wp\/v2\/comments?post=1122"}],"version-history":[{"count":0,"href":"https:\/\/mishawaka.in.gov\/es\/wp-json\/wp\/v2\/pages\/1122\/revisions"}],"up":[{"embeddable":true,"href":"https:\/\/mishawaka.in.gov\/es\/wp-json\/wp\/v2\/pages\/160"}],"wp:featuredmedia":[{"embeddable":true,"href":"https:\/\/mishawaka.in.gov\/es\/wp-json\/wp\/v2\/media\/2661"}],"wp:attachment":[{"href":"https:\/\/mishawaka.in.gov\/es\/wp-json\/wp\/v2\/media?parent=1122"}],"curies":[{"name":"wp","href":"https:\/\/api.w.org\/{rel}","templated":true}]}}