{"id":1727,"date":"2023-01-04T20:35:49","date_gmt":"2023-01-04T20:35:49","guid":{"rendered":"https:\/\/comishawaka.wpengine.com\/?page_id=1727"},"modified":"2025-12-30T10:46:59","modified_gmt":"2025-12-30T15:46:59","slug":"tarifa-c-servicio-comercial","status":"publish","type":"page","link":"https:\/\/mishawaka.in.gov\/es\/gobierno\/departamentos\/mishawaka-utilidades\/tarifas-y-cargos\/tarifa-c-servicio-comercial\/","title":{"rendered":"Tarifa C \u2013 Servicio Comercial"},"content":{"rendered":"<div data-elementor-type=\"wp-page\" data-elementor-id=\"1727\" class=\"elementor elementor-1727\" data-elementor-post-type=\"page\">\n\t\t\t\t<div class=\"elementor-element elementor-element-295e3cd e-flex e-con-boxed e-con e-parent\" data-id=\"295e3cd\" data-element_type=\"container\" data-e-type=\"container\">\n\t\t\t\t\t<div class=\"e-con-inner\">\n\t\t\t\t<div class=\"elementor-element elementor-element-cc19417 elementor-widget elementor-widget-heading\" data-id=\"cc19417\" data-element_type=\"widget\" data-e-type=\"widget\" data-widget_type=\"heading.default\">\n\t\t\t\t<div class=\"elementor-widget-container\">\n\t\t\t\t\t<h3 class=\"elementor-heading-title elementor-size-default\">Para quien disponible<\/h3>\t\t\t\t<\/div>\n\t\t\t\t<\/div>\n\t\t\t\t<div class=\"elementor-element elementor-element-27a4c81 elementor-widget elementor-widget-text-editor\" data-id=\"27a4c81\" data-element_type=\"widget\" data-e-type=\"widget\" data-widget_type=\"text-editor.default\">\n\t\t\t\t<div class=\"elementor-widget-container\">\n\t\t\t\t\t\t\t\t\t<p>Disponible para clientes no residenciales y comerciales.<\/p>\t\t\t\t\t\t\t\t<\/div>\n\t\t\t\t<\/div>\n\t\t\t\t<div class=\"elementor-element elementor-element-fda0c98 elementor-widget elementor-widget-heading\" data-id=\"fda0c98\" data-element_type=\"widget\" data-e-type=\"widget\" data-widget_type=\"heading.default\">\n\t\t\t\t<div class=\"elementor-widget-container\">\n\t\t\t\t\t<h3 class=\"elementor-heading-title elementor-size-default\">Car\u00e1cter del servicio<\/h3>\t\t\t\t<\/div>\n\t\t\t\t<\/div>\n\t\t\t\t<div class=\"elementor-element elementor-element-4fdafdf elementor-widget elementor-widget-text-editor\" data-id=\"4fdafdf\" data-element_type=\"widget\" data-e-type=\"widget\" data-widget_type=\"text-editor.default\">\n\t\t\t\t<div class=\"elementor-widget-container\">\n\t\t\t\t\t\t\t\t\t<p>Servicio de corriente alterna, sesenta ciclos, monof\u00e1sico suministrado a trav\u00e9s de un solo juego de cables de servicio a una ubicaci\u00f3n de un solo medidor a un voltaje de servicio est\u00e1ndar.<\/p>\t\t\t\t\t\t\t\t<\/div>\n\t\t\t\t<\/div>\n\t\t\t\t<div class=\"elementor-element elementor-element-ca1f700 elementor-widget elementor-widget-heading\" data-id=\"ca1f700\" data-element_type=\"widget\" data-e-type=\"widget\" data-widget_type=\"heading.default\">\n\t\t\t\t<div class=\"elementor-widget-container\">\n\t\t\t\t\t<h3 class=\"elementor-heading-title elementor-size-default\">Tarifas<\/h3>\t\t\t\t<\/div>\n\t\t\t\t<\/div>\n\t\t\t\t<div class=\"elementor-element elementor-element-9d8a3b1 elementor-widget elementor-widget-heading\" data-id=\"9d8a3b1\" data-element_type=\"widget\" data-e-type=\"widget\" data-widget_type=\"heading.default\">\n\t\t\t\t<div class=\"elementor-widget-container\">\n\t\t\t\t\t<h4 class=\"elementor-heading-title elementor-size-default\">Cargo al cliente:<\/h4>\t\t\t\t<\/div>\n\t\t\t\t<\/div>\n\t\t\t\t<div class=\"elementor-element elementor-element-1545cd6 elementor-widget elementor-widget-text-editor\" data-id=\"1545cd6\" data-element_type=\"widget\" data-e-type=\"widget\" data-widget_type=\"text-editor.default\">\n\t\t\t\t<div class=\"elementor-widget-container\">\n\t\t\t\t\t\t\t\t\t<p>$6.00 per month for each service location.<\/p>\t\t\t\t\t\t\t\t<\/div>\n\t\t\t\t<\/div>\n\t\t\t\t<div class=\"elementor-element elementor-element-713ce8d elementor-widget elementor-widget-heading\" data-id=\"713ce8d\" data-element_type=\"widget\" data-e-type=\"widget\" data-widget_type=\"heading.default\">\n\t\t\t\t<div class=\"elementor-widget-container\">\n\t\t\t\t\t<h4 class=\"elementor-heading-title elementor-size-default\">Carga de energ\u00eda:<\/h4>\t\t\t\t<\/div>\n\t\t\t\t<\/div>\n\t\t\t\t<div class=\"elementor-element elementor-element-c955f45 elementor-widget elementor-widget-text-editor\" data-id=\"c955f45\" data-element_type=\"widget\" data-e-type=\"widget\" data-widget_type=\"text-editor.default\">\n\t\t\t\t<div class=\"elementor-widget-container\">\n\t\t\t\t\t\t\t\t\t<p>$0.1377 per kWh<\/p>\t\t\t\t\t\t\t\t<\/div>\n\t\t\t\t<\/div>\n\t\t\t\t<div class=\"elementor-element elementor-element-1f02a5b elementor-widget elementor-widget-heading\" data-id=\"1f02a5b\" data-element_type=\"widget\" data-e-type=\"widget\" data-widget_type=\"heading.default\">\n\t\t\t\t<div class=\"elementor-widget-container\">\n\t\t\t\t\t<h3 class=\"elementor-heading-title elementor-size-default\">Pago m\u00ednimo<\/h3>\t\t\t\t<\/div>\n\t\t\t\t<\/div>\n\t\t\t\t<div class=\"elementor-element elementor-element-bec1e49 elementor-widget elementor-widget-text-editor\" data-id=\"bec1e49\" data-element_type=\"widget\" data-e-type=\"widget\" data-widget_type=\"text-editor.default\">\n\t\t\t\t<div class=\"elementor-widget-container\">\n\t\t\t\t\t\t\t\t\t<p>El pago m\u00ednimo mensual por servicio ser\u00e1 el Cargo por Cliente m\u00e1s el Cargo por Energ\u00eda m\u00e1s el Cargo por Demanda, si corresponde.<\/p>\t\t\t\t\t\t\t\t<\/div>\n\t\t\t\t<\/div>\n\t\t\t\t<div class=\"elementor-element elementor-element-e264b96 elementor-widget elementor-widget-heading\" data-id=\"e264b96\" data-element_type=\"widget\" data-e-type=\"widget\" data-widget_type=\"heading.default\">\n\t\t\t\t<div class=\"elementor-widget-container\">\n\t\t\t\t\t<h3 class=\"elementor-heading-title elementor-size-default\">Cargos no recurrentes<\/h3>\t\t\t\t<\/div>\n\t\t\t\t<\/div>\n\t\t\t\t<div class=\"elementor-element elementor-element-9bcf8b9 elementor-widget elementor-widget-text-editor\" data-id=\"9bcf8b9\" data-element_type=\"widget\" data-e-type=\"widget\" data-widget_type=\"text-editor.default\">\n\t\t\t\t<div class=\"elementor-widget-container\">\n\t\t\t\t\t\t\t\t\t<p><a href=\"\/es\/gobierno\/departamentos\/mishawaka-utilidades\/tarifas-y-cargos\/apendice-b-cargos-no-recurrentes\/\">Ver Ap\u00e9ndice B<\/a><\/p>\t\t\t\t\t\t\t\t<\/div>\n\t\t\t\t<\/div>\n\t\t\t\t<div class=\"elementor-element elementor-element-ab04cd5 elementor-widget elementor-widget-heading\" data-id=\"ab04cd5\" data-element_type=\"widget\" data-e-type=\"widget\" data-widget_type=\"heading.default\">\n\t\t\t\t<div class=\"elementor-widget-container\">\n\t\t\t\t\t<h3 class=\"elementor-heading-title elementor-size-default\">T\u00e9rminos<\/h3>\t\t\t\t<\/div>\n\t\t\t\t<\/div>\n\t\t\t\t<div class=\"elementor-element elementor-element-d3333d6 elementor-widget elementor-widget-text-editor\" data-id=\"d3333d6\" data-element_type=\"widget\" data-e-type=\"widget\" data-widget_type=\"text-editor.default\">\n\t\t\t\t<div class=\"elementor-widget-container\">\n\t\t\t\t\t\t\t\t\t<p>Los contratos bajo este programa de tarifas se realizar\u00e1n por no menos de un a\u00f1o y se renovar\u00e1n autom\u00e1ticamente por per\u00edodos sucesivos de un a\u00f1o cada uno hasta que cualquiera de las partes notifique a la otra parte con al menos 48 horas de anticipaci\u00f3n sobre su intenci\u00f3n de interrumpir el servicio al final. de cualquier per\u00edodo anterior. La Empresa se reserva el derecho de exigir contratos por per\u00edodos superiores a un a\u00f1o.<\/p>\t\t\t\t\t\t\t\t<\/div>\n\t\t\t\t<\/div>\n\t\t\t\t<div class=\"elementor-element elementor-element-b0c3517 elementor-widget elementor-widget-heading\" data-id=\"b0c3517\" data-element_type=\"widget\" data-e-type=\"widget\" data-widget_type=\"heading.default\">\n\t\t\t\t<div class=\"elementor-widget-container\">\n\t\t\t\t\t<h3 class=\"elementor-heading-title elementor-size-default\">T\u00e9rminos y condiciones especiales<\/h3>\t\t\t\t<\/div>\n\t\t\t\t<\/div>\n\t\t\t\t<div class=\"elementor-element elementor-element-2c2dc09 elementor-widget elementor-widget-text-editor\" data-id=\"2c2dc09\" data-element_type=\"widget\" data-e-type=\"widget\" data-widget_type=\"text-editor.default\">\n\t\t\t\t<div class=\"elementor-widget-container\">\n\t\t\t\t\t\t\t\t\t<p>Esta tarifa est\u00e1 disponible solo para monof\u00e1sicos. Cuando se requiera servicio trif\u00e1sico y\/o donde se utilicen motores o equipos de calefacci\u00f3n para fines comerciales o industriales, se aplicar\u00e1 la tarifa de energ\u00eda aplicable a dicho servicio.<\/p><p><em>(Effective January 01, 2025)<\/em><\/p>\t\t\t\t\t\t\t\t<\/div>\n\t\t\t\t<\/div>\n\t\t\t\t<div class=\"elementor-element elementor-element-120a152 elementor-widget elementor-widget-heading\" data-id=\"120a152\" data-element_type=\"widget\" data-e-type=\"widget\" data-widget_type=\"heading.default\">\n\t\t\t\t<div class=\"elementor-widget-container\">\n\t\t\t\t\t<h3 class=\"elementor-heading-title elementor-size-default\">Unmetered Usage<\/h3>\t\t\t\t<\/div>\n\t\t\t\t<\/div>\n\t\t\t\t<div class=\"elementor-element elementor-element-1b1daa7 elementor-widget elementor-widget-text-editor\" data-id=\"1b1daa7\" data-element_type=\"widget\" data-e-type=\"widget\" data-widget_type=\"text-editor.default\">\n\t\t\t\t<div class=\"elementor-widget-container\">\n\t\t\t\t\t\t\t\t\t<p>For customers whose service cannot reasonably be metered, the Utility shall estimate the average monthly KwHs usage and the bill shall be based on estimated average KwHs usage price at the current rates for Commercial Service, including Rate Adjustment.<\/p>\t\t\t\t\t\t\t\t<\/div>\n\t\t\t\t<\/div>\n\t\t\t\t\t<\/div>\n\t\t\t\t<\/div>\n\t\t\t\t<\/div>","protected":false},"excerpt":{"rendered":"<p>To Whom Available Available to non-residential and commercial customers. Character of Service Alternating current, sixty-cycle, single phase service supplied through a single set of service wires to a single meter [&hellip;]<\/p>\n","protected":false},"author":1,"featured_media":0,"parent":634,"menu_order":17,"comment_status":"closed","ping_status":"closed","template":"","meta":{"_acf_changed":false,"_price":"","_stock":"","_tribe_ticket_header":"","_tribe_default_ticket_provider":"","_tribe_ticket_capacity":"0","_ticket_start_date":"","_ticket_end_date":"","_tribe_ticket_show_description":"","_tribe_ticket_show_not_going":false,"_tribe_ticket_use_global_stock":"","_tribe_ticket_global_stock_level":"","_global_stock_mode":"","_global_stock_cap":"","_tribe_rsvp_for_event":"","_tribe_ticket_going_count":"","_tribe_ticket_not_going_count":"","_tribe_tickets_list":"[]","_tribe_ticket_has_attendee_info_fields":false,"footnotes":"","_tec_slr_enabled":"","_tec_slr_layout":""},"class_list":["post-1727","page","type-page","status-publish","hentry"],"acf":[],"yoast_head":"<!-- This site is optimized with the Yoast SEO plugin v27.1.1 - https:\/\/yoast.com\/product\/yoast-seo-wordpress\/ -->\n<title>Rate C - Commercial Service - City of Mishawaka<\/title>\n<meta name=\"description\" content=\"Rates and charges are subject to the Terms and Conditions of Service. View Rate C: Commercial Service.\" \/>\n<meta name=\"robots\" content=\"index, follow, max-snippet:-1, max-image-preview:large, max-video-preview:-1\" \/>\n<link rel=\"canonical\" href=\"https:\/\/mishawaka.in.gov\/es\/gobierno\/departamentos\/mishawaka-utilidades\/tarifas-y-cargos\/tarifa-c-servicio-comercial\/\" \/>\n<meta property=\"og:locale\" content=\"es_ES\" \/>\n<meta property=\"og:type\" content=\"article\" \/>\n<meta property=\"og:title\" content=\"Rate C - Commercial Service - City of Mishawaka\" \/>\n<meta property=\"og:description\" content=\"Rates and charges are subject to the Terms and Conditions of Service. View Rate C: Commercial Service.\" \/>\n<meta property=\"og:url\" content=\"https:\/\/mishawaka.in.gov\/es\/gobierno\/departamentos\/mishawaka-utilidades\/tarifas-y-cargos\/tarifa-c-servicio-comercial\/\" \/>\n<meta property=\"og:site_name\" content=\"City of Mishawaka\" \/>\n<meta property=\"article:modified_time\" content=\"2025-12-30T15:46:59+00:00\" \/>\n<meta name=\"twitter:card\" content=\"summary_large_image\" \/>\n<meta name=\"twitter:label1\" content=\"Tiempo de lectura\" \/>\n\t<meta name=\"twitter:data1\" content=\"2 minutos\" \/>\n<script type=\"application\/ld+json\" class=\"yoast-schema-graph\">{\"@context\":\"https:\/\/schema.org\",\"@graph\":[{\"@type\":\"WebPage\",\"@id\":\"https:\/\/mishawaka.in.gov\/government\/departments\/mishawaka-utilities\/rates-and-charges\/rate-c-commercial-service\/\",\"url\":\"https:\/\/mishawaka.in.gov\/government\/departments\/mishawaka-utilities\/rates-and-charges\/rate-c-commercial-service\/\",\"name\":\"Rate C - Commercial Service - City of Mishawaka\",\"isPartOf\":{\"@id\":\"https:\/\/mishawaka.in.gov\/#website\"},\"datePublished\":\"2023-01-04T20:35:49+00:00\",\"dateModified\":\"2025-12-30T15:46:59+00:00\",\"description\":\"Rates and charges are subject to the Terms and Conditions of Service. View Rate C: Commercial Service.\",\"breadcrumb\":{\"@id\":\"https:\/\/mishawaka.in.gov\/government\/departments\/mishawaka-utilities\/rates-and-charges\/rate-c-commercial-service\/#breadcrumb\"},\"inLanguage\":\"es\",\"potentialAction\":[{\"@type\":\"ReadAction\",\"target\":[\"https:\/\/mishawaka.in.gov\/government\/departments\/mishawaka-utilities\/rates-and-charges\/rate-c-commercial-service\/\"]}]},{\"@type\":\"BreadcrumbList\",\"@id\":\"https:\/\/mishawaka.in.gov\/government\/departments\/mishawaka-utilities\/rates-and-charges\/rate-c-commercial-service\/#breadcrumb\",\"itemListElement\":[{\"@type\":\"ListItem\",\"position\":1,\"name\":\"Home\",\"item\":\"https:\/\/mishawaka.in.gov\/\"},{\"@type\":\"ListItem\",\"position\":2,\"name\":\"Government\",\"item\":\"https:\/\/mishawaka.in.gov\/government\/\"},{\"@type\":\"ListItem\",\"position\":3,\"name\":\"Departments\",\"item\":\"https:\/\/mishawaka.in.gov\/government\/departments\/\"},{\"@type\":\"ListItem\",\"position\":4,\"name\":\"Mishawaka Utilities\",\"item\":\"https:\/\/mishawaka.in.gov\/government\/departments\/mishawaka-utilities\/\"},{\"@type\":\"ListItem\",\"position\":5,\"name\":\"Rates and Charges\",\"item\":\"https:\/\/mishawaka.in.gov\/government\/departments\/mishawaka-utilities\/rates-and-charges\/\"},{\"@type\":\"ListItem\",\"position\":6,\"name\":\"Rate C &#8211; Commercial Service\"}]},{\"@type\":\"WebSite\",\"@id\":\"https:\/\/mishawaka.in.gov\/#website\",\"url\":\"https:\/\/mishawaka.in.gov\/\",\"name\":\"City of Mishawaka\",\"description\":\"The Best Hometown in America\",\"publisher\":{\"@id\":\"https:\/\/mishawaka.in.gov\/#organization\"},\"potentialAction\":[{\"@type\":\"SearchAction\",\"target\":{\"@type\":\"EntryPoint\",\"urlTemplate\":\"https:\/\/mishawaka.in.gov\/?s={search_term_string}\"},\"query-input\":{\"@type\":\"PropertyValueSpecification\",\"valueRequired\":true,\"valueName\":\"search_term_string\"}}],\"inLanguage\":\"es\"},{\"@type\":\"Organization\",\"@id\":\"https:\/\/mishawaka.in.gov\/#organization\",\"name\":\"City of Mishawaka\",\"url\":\"https:\/\/mishawaka.in.gov\/\",\"logo\":{\"@type\":\"ImageObject\",\"inLanguage\":\"es\",\"@id\":\"https:\/\/mishawaka.in.gov\/#\/schema\/logo\/image\/\",\"url\":\"\",\"contentUrl\":\"\",\"caption\":\"City of Mishawaka\"},\"image\":{\"@id\":\"https:\/\/mishawaka.in.gov\/#\/schema\/logo\/image\/\"}}]}<\/script>\n<!-- \/ Yoast SEO plugin. -->","yoast_head_json":{"title":"Tarifa C - Servicio Comercial - Ciudad de Mishawaka","description":"Las tarifas y cargos est\u00e1n sujetos a los T\u00e9rminos y Condiciones del Servicio. Ver Tarifa C: Servicio Comercial.","robots":{"index":"index","follow":"follow","max-snippet":"max-snippet:-1","max-image-preview":"max-image-preview:large","max-video-preview":"max-video-preview:-1"},"canonical":"https:\/\/mishawaka.in.gov\/es\/gobierno\/departamentos\/mishawaka-utilidades\/tarifas-y-cargos\/tarifa-c-servicio-comercial\/","og_locale":"es_ES","og_type":"article","og_title":"Rate C - Commercial Service - City of Mishawaka","og_description":"Rates and charges are subject to the Terms and Conditions of Service. View Rate C: Commercial Service.","og_url":"https:\/\/mishawaka.in.gov\/es\/gobierno\/departamentos\/mishawaka-utilidades\/tarifas-y-cargos\/tarifa-c-servicio-comercial\/","og_site_name":"City of Mishawaka","article_modified_time":"2025-12-30T15:46:59+00:00","twitter_card":"summary_large_image","twitter_misc":{"Tiempo de lectura":"2 minutos"},"schema":{"@context":"https:\/\/schema.org","@graph":[{"@type":"WebPage","@id":"https:\/\/mishawaka.in.gov\/government\/departments\/mishawaka-utilities\/rates-and-charges\/rate-c-commercial-service\/","url":"https:\/\/mishawaka.in.gov\/government\/departments\/mishawaka-utilities\/rates-and-charges\/rate-c-commercial-service\/","name":"Tarifa C - Servicio Comercial - Ciudad de Mishawaka","isPartOf":{"@id":"https:\/\/mishawaka.in.gov\/#website"},"datePublished":"2023-01-04T20:35:49+00:00","dateModified":"2025-12-30T15:46:59+00:00","description":"Las tarifas y cargos est\u00e1n sujetos a los T\u00e9rminos y Condiciones del Servicio. Ver Tarifa C: Servicio Comercial.","breadcrumb":{"@id":"https:\/\/mishawaka.in.gov\/government\/departments\/mishawaka-utilities\/rates-and-charges\/rate-c-commercial-service\/#breadcrumb"},"inLanguage":"es","potentialAction":[{"@type":"ReadAction","target":["https:\/\/mishawaka.in.gov\/government\/departments\/mishawaka-utilities\/rates-and-charges\/rate-c-commercial-service\/"]}]},{"@type":"BreadcrumbList","@id":"https:\/\/mishawaka.in.gov\/government\/departments\/mishawaka-utilities\/rates-and-charges\/rate-c-commercial-service\/#breadcrumb","itemListElement":[{"@type":"ListItem","position":1,"name":"Home","item":"https:\/\/mishawaka.in.gov\/"},{"@type":"ListItem","position":2,"name":"Government","item":"https:\/\/mishawaka.in.gov\/government\/"},{"@type":"ListItem","position":3,"name":"Departments","item":"https:\/\/mishawaka.in.gov\/government\/departments\/"},{"@type":"ListItem","position":4,"name":"Mishawaka Utilities","item":"https:\/\/mishawaka.in.gov\/government\/departments\/mishawaka-utilities\/"},{"@type":"ListItem","position":5,"name":"Rates and Charges","item":"https:\/\/mishawaka.in.gov\/government\/departments\/mishawaka-utilities\/rates-and-charges\/"},{"@type":"ListItem","position":6,"name":"Rate C &#8211; Commercial Service"}]},{"@type":"WebSite","@id":"https:\/\/mishawaka.in.gov\/#website","url":"https:\/\/mishawaka.in.gov\/","name":"Ciudad de Mishawaka","description":"La mejor ciudad natal de Am\u00e9rica","publisher":{"@id":"https:\/\/mishawaka.in.gov\/#organization"},"potentialAction":[{"@type":"SearchAction","target":{"@type":"EntryPoint","urlTemplate":"https:\/\/mishawaka.in.gov\/?s={search_term_string}"},"query-input":{"@type":"PropertyValueSpecification","valueRequired":true,"valueName":"search_term_string"}}],"inLanguage":"es"},{"@type":"Organization","@id":"https:\/\/mishawaka.in.gov\/#organization","name":"Ciudad de Mishawaka","url":"https:\/\/mishawaka.in.gov\/","logo":{"@type":"ImageObject","inLanguage":"es","@id":"https:\/\/mishawaka.in.gov\/#\/schema\/logo\/image\/","url":"","contentUrl":"","caption":"City of Mishawaka"},"image":{"@id":"https:\/\/mishawaka.in.gov\/#\/schema\/logo\/image\/"}}]}},"ticketed":false,"_links":{"self":[{"href":"https:\/\/mishawaka.in.gov\/es\/wp-json\/wp\/v2\/pages\/1727","targetHints":{"allow":["GET"]}}],"collection":[{"href":"https:\/\/mishawaka.in.gov\/es\/wp-json\/wp\/v2\/pages"}],"about":[{"href":"https:\/\/mishawaka.in.gov\/es\/wp-json\/wp\/v2\/types\/page"}],"author":[{"embeddable":true,"href":"https:\/\/mishawaka.in.gov\/es\/wp-json\/wp\/v2\/users\/1"}],"replies":[{"embeddable":true,"href":"https:\/\/mishawaka.in.gov\/es\/wp-json\/wp\/v2\/comments?post=1727"}],"version-history":[{"count":0,"href":"https:\/\/mishawaka.in.gov\/es\/wp-json\/wp\/v2\/pages\/1727\/revisions"}],"up":[{"embeddable":true,"href":"https:\/\/mishawaka.in.gov\/es\/wp-json\/wp\/v2\/pages\/634"}],"wp:attachment":[{"href":"https:\/\/mishawaka.in.gov\/es\/wp-json\/wp\/v2\/media?parent=1727"}],"curies":[{"name":"wp","href":"https:\/\/api.w.org\/{rel}","templated":true}]}}