{"id":1739,"date":"2023-01-04T20:46:20","date_gmt":"2023-01-04T20:46:20","guid":{"rendered":"https:\/\/comishawaka.wpengine.com\/?page_id=1739"},"modified":"2025-12-30T10:51:13","modified_gmt":"2025-12-30T15:51:13","slug":"tarifa-ol-servicio-alumbrado-electrico-exterior","status":"publish","type":"page","link":"https:\/\/mishawaka.in.gov\/es\/gobierno\/departamentos\/mishawaka-utilidades\/tarifas-y-cargos\/tarifa-ol-servicio-alumbrado-electrico-exterior\/","title":{"rendered":"Tarifa OL \u2013 Servicio de Alumbrado El\u00e9ctrico Exterior"},"content":{"rendered":"<div data-elementor-type=\"wp-page\" data-elementor-id=\"1739\" class=\"elementor elementor-1739\" data-elementor-post-type=\"page\">\n\t\t\t\t<div class=\"elementor-element elementor-element-295e3cd e-flex e-con-boxed e-con e-parent\" data-id=\"295e3cd\" data-element_type=\"container\" data-e-type=\"container\">\n\t\t\t\t\t<div class=\"e-con-inner\">\n\t\t\t\t<div class=\"elementor-element elementor-element-cc19417 elementor-widget elementor-widget-heading\" data-id=\"cc19417\" data-element_type=\"widget\" data-e-type=\"widget\" data-widget_type=\"heading.default\">\n\t\t\t\t<div class=\"elementor-widget-container\">\n\t\t\t\t\t<h3 class=\"elementor-heading-title elementor-size-default\">Para quien disponible<\/h3>\t\t\t\t<\/div>\n\t\t\t\t<\/div>\n\t\t\t\t<div class=\"elementor-element elementor-element-27a4c81 elementor-widget elementor-widget-text-editor\" data-id=\"27a4c81\" data-element_type=\"widget\" data-e-type=\"widget\" data-widget_type=\"text-editor.default\">\n\t\t\t\t<div class=\"elementor-widget-container\">\n\t\t\t\t\t\t\t\t\t<p>Disponible para clientes de iluminaci\u00f3n exterior dentro del \u00e1rea de servicio de la empresa de servicios p\u00fablicos.<\/p><p>La empresa de servicios p\u00fablicos ha comenzado el proceso de convertir las bombillas HPS en luminarias de diodos emisores de luz (LED). La empresa de servicios p\u00fablicos continuar\u00e1 con este proceso reemplazando las bombillas HPS para que toda la iluminaci\u00f3n de la ciudad sea LED. Todas las luces existentes de sodio de alta presi\u00f3n de 100, 250 y 400 vatios y de mercurio de 175 vatios se reemplazar\u00e1n al final de su vida \u00fatil oa pedido del cliente sin cargo adicional.<\/p>\t\t\t\t\t\t\t\t<\/div>\n\t\t\t\t<\/div>\n\t\t\t\t<div class=\"elementor-element elementor-element-ca1f700 elementor-widget elementor-widget-heading\" data-id=\"ca1f700\" data-element_type=\"widget\" data-e-type=\"widget\" data-widget_type=\"heading.default\">\n\t\t\t\t<div class=\"elementor-widget-container\">\n\t\t\t\t\t<h3 class=\"elementor-heading-title elementor-size-default\">Tarifas por Mes<\/h3>\t\t\t\t<\/div>\n\t\t\t\t<\/div>\n\t\t\t\t<div class=\"elementor-element elementor-element-1545cd6 elementor-widget elementor-widget-text-editor\" data-id=\"1545cd6\" data-element_type=\"widget\" data-e-type=\"widget\" data-widget_type=\"text-editor.default\">\n\t\t\t\t<div class=\"elementor-widget-container\">\n\t\t\t\t\t\t\t\t\t<p><b>a)<\/b>\u00a0Cuando la iluminaci\u00f3n se pueda instalar en un poste de madera del tipo de distribuci\u00f3n existente u otro dispositivo de soporte y reciba servicio de instalaciones secundarias existentes, con no m\u00e1s de un tramo de secundaria, las tarifas ser\u00e1n:<\/p><ul><li>$6.85 per light for single 48 watt LED fixture.<\/li><li>$9.25 per light for single 110 watt LED fixture.\u00a0<\/li><\/ul>\t\t\t\t\t\t\t\t<\/div>\n\t\t\t\t<\/div>\n\t\t\t\t<div class=\"elementor-element elementor-element-31f0afe elementor-widget elementor-widget-text-editor\" data-id=\"31f0afe\" data-element_type=\"widget\" data-e-type=\"widget\" data-widget_type=\"text-editor.default\">\n\t\t\t\t<div class=\"elementor-widget-container\">\n\t\t\t\t\t\t\t\t\t<p><b>b)<\/b>&nbsp;Cuando se requieran postes y tramos adicionales del secundario a\u00e9reo para proporcionar iluminaci\u00f3n exterior, se aplicar\u00e1n los siguientes cargos mensuales adicionales:<\/p>\n<ul>\n<li>$0.85\u00a2 for each additional pole<\/li>\n<li>$0.60\u00a2 for each additional span of wire<\/li>\n<\/ul>\t\t\t\t\t\t\t\t<\/div>\n\t\t\t\t<\/div>\n\t\t\t\t<div class=\"elementor-element elementor-element-c955f45 elementor-widget elementor-widget-text-editor\" data-id=\"c955f45\" data-element_type=\"widget\" data-e-type=\"widget\" data-widget_type=\"text-editor.default\">\n\t\t\t\t<div class=\"elementor-widget-container\">\n\t\t\t\t\t\t\t\t\t<p><b>(C)<\/b>\u00a0Cuando un cliente solicite iluminaci\u00f3n exterior que requiera postes o accesorios especiales, o el uso de un sistema de distribuci\u00f3n subterr\u00e1neo en lugar de un sistema de distribuci\u00f3n a\u00e9reo, las tarifas del cliente se incrementar\u00e1n de acuerdo con el costo de instalaci\u00f3n, operaci\u00f3n y mantenimiento de dichas instalaciones especiales para la Compa\u00f1\u00eda, o el cliente puede verse obligado a realizar un pago para cubrir la inversi\u00f3n realizada como consecuencia de estas instalaciones especiales.<\/p><ul><li>$9.25 per light for a single 80 watt LED Decorative Light fixture<\/li><li>$9.25 per light for a single 110 watt LED decorative retrofit<\/li><\/ul>\t\t\t\t\t\t\t\t<\/div>\n\t\t\t\t<\/div>\n\t\t\t\t<div class=\"elementor-element elementor-element-ab04cd5 elementor-widget elementor-widget-heading\" data-id=\"ab04cd5\" data-element_type=\"widget\" data-e-type=\"widget\" data-widget_type=\"heading.default\">\n\t\t\t\t<div class=\"elementor-widget-container\">\n\t\t\t\t\t<h3 class=\"elementor-heading-title elementor-size-default\">T\u00e9rminos<\/h3>\t\t\t\t<\/div>\n\t\t\t\t<\/div>\n\t\t\t\t<div class=\"elementor-element elementor-element-d3333d6 elementor-widget elementor-widget-text-editor\" data-id=\"d3333d6\" data-element_type=\"widget\" data-e-type=\"widget\" data-widget_type=\"text-editor.default\">\n\t\t\t\t<div class=\"elementor-widget-container\">\n\t\t\t\t\t\t\t\t\t<p>Los contratos bajo esta tarifa ser\u00e1n por no menos de un a\u00f1o para clientes residenciales y tres a\u00f1os para clientes comerciales.<\/p>\t\t\t\t\t\t\t\t<\/div>\n\t\t\t\t<\/div>\n\t\t\t\t<div class=\"elementor-element elementor-element-b0c3517 elementor-widget elementor-widget-heading\" data-id=\"b0c3517\" data-element_type=\"widget\" data-e-type=\"widget\" data-widget_type=\"heading.default\">\n\t\t\t\t<div class=\"elementor-widget-container\">\n\t\t\t\t\t<h3 class=\"elementor-heading-title elementor-size-default\">Horas de iluminaci\u00f3n<\/h3>\t\t\t\t<\/div>\n\t\t\t\t<\/div>\n\t\t\t\t<div class=\"elementor-element elementor-element-2c2dc09 elementor-widget elementor-widget-text-editor\" data-id=\"2c2dc09\" data-element_type=\"widget\" data-e-type=\"widget\" data-widget_type=\"text-editor.default\">\n\t\t\t\t<div class=\"elementor-widget-container\">\n\t\t\t\t\t\t\t\t\t<p>Todas las tarifas asumen que las l\u00e1mparas funcionar\u00e1n aproximadamente 4,000 horas por a\u00f1o.<\/p>\t\t\t\t\t\t\t\t<\/div>\n\t\t\t\t<\/div>\n\t\t\t\t\t<\/div>\n\t\t\t\t<\/div>\n\t\t\t\t<\/div>","protected":false},"excerpt":{"rendered":"<p>To Whom Available Available for outdoor lighting customers within the service area of the Utility. The utility has begun the process of converting the HPS bulbs to light emitting diode [&hellip;]<\/p>\n","protected":false},"author":1,"featured_media":0,"parent":634,"menu_order":17,"comment_status":"closed","ping_status":"closed","template":"","meta":{"_acf_changed":false,"_price":"","_stock":"","_tribe_ticket_header":"","_tribe_default_ticket_provider":"","_tribe_ticket_capacity":"0","_ticket_start_date":"","_ticket_end_date":"","_tribe_ticket_show_description":"","_tribe_ticket_show_not_going":false,"_tribe_ticket_use_global_stock":"","_tribe_ticket_global_stock_level":"","_global_stock_mode":"","_global_stock_cap":"","_tribe_rsvp_for_event":"","_tribe_ticket_going_count":"","_tribe_ticket_not_going_count":"","_tribe_tickets_list":"[]","_tribe_ticket_has_attendee_info_fields":false,"footnotes":"","_tec_slr_enabled":"","_tec_slr_layout":""},"class_list":["post-1739","page","type-page","status-publish","hentry"],"acf":[],"yoast_head":"<!-- This site is optimized with the Yoast SEO plugin v27.1.1 - https:\/\/yoast.com\/product\/yoast-seo-wordpress\/ -->\n<title>Rate OL - Outdoor Electric Lighting Service - City of Mishawaka<\/title>\n<meta name=\"description\" content=\"Rates and charges are subject to the Terms and Conditions of Service. View Rate OL: Outdoor Electric Lighting Service.\" \/>\n<meta name=\"robots\" content=\"index, follow, max-snippet:-1, max-image-preview:large, max-video-preview:-1\" \/>\n<link rel=\"canonical\" href=\"https:\/\/mishawaka.in.gov\/es\/gobierno\/departamentos\/mishawaka-utilidades\/tarifas-y-cargos\/tarifa-ol-servicio-alumbrado-electrico-exterior\/\" \/>\n<meta property=\"og:locale\" content=\"es_ES\" \/>\n<meta property=\"og:type\" content=\"article\" \/>\n<meta property=\"og:title\" content=\"Rate OL - Outdoor Electric Lighting Service - City of Mishawaka\" \/>\n<meta property=\"og:description\" content=\"Rates and charges are subject to the Terms and Conditions of Service. View Rate OL: Outdoor Electric Lighting Service.\" \/>\n<meta property=\"og:url\" content=\"https:\/\/mishawaka.in.gov\/es\/gobierno\/departamentos\/mishawaka-utilidades\/tarifas-y-cargos\/tarifa-ol-servicio-alumbrado-electrico-exterior\/\" \/>\n<meta property=\"og:site_name\" content=\"City of Mishawaka\" \/>\n<meta property=\"article:modified_time\" content=\"2025-12-30T15:51:13+00:00\" \/>\n<meta name=\"twitter:card\" content=\"summary_large_image\" \/>\n<meta name=\"twitter:label1\" content=\"Tiempo de lectura\" \/>\n\t<meta name=\"twitter:data1\" content=\"2 minutos\" \/>\n<script type=\"application\/ld+json\" class=\"yoast-schema-graph\">{\"@context\":\"https:\/\/schema.org\",\"@graph\":[{\"@type\":\"WebPage\",\"@id\":\"https:\/\/mishawaka.in.gov\/government\/departments\/mishawaka-utilities\/rates-and-charges\/rate-ol-outdoor-electric-lighting-service\/\",\"url\":\"https:\/\/mishawaka.in.gov\/government\/departments\/mishawaka-utilities\/rates-and-charges\/rate-ol-outdoor-electric-lighting-service\/\",\"name\":\"Rate OL - Outdoor Electric Lighting Service - City of Mishawaka\",\"isPartOf\":{\"@id\":\"https:\/\/mishawaka.in.gov\/#website\"},\"datePublished\":\"2023-01-04T20:46:20+00:00\",\"dateModified\":\"2025-12-30T15:51:13+00:00\",\"description\":\"Rates and charges are subject to the Terms and Conditions of Service. View Rate OL: Outdoor Electric Lighting Service.\",\"breadcrumb\":{\"@id\":\"https:\/\/mishawaka.in.gov\/government\/departments\/mishawaka-utilities\/rates-and-charges\/rate-ol-outdoor-electric-lighting-service\/#breadcrumb\"},\"inLanguage\":\"es\",\"potentialAction\":[{\"@type\":\"ReadAction\",\"target\":[\"https:\/\/mishawaka.in.gov\/government\/departments\/mishawaka-utilities\/rates-and-charges\/rate-ol-outdoor-electric-lighting-service\/\"]}]},{\"@type\":\"BreadcrumbList\",\"@id\":\"https:\/\/mishawaka.in.gov\/government\/departments\/mishawaka-utilities\/rates-and-charges\/rate-ol-outdoor-electric-lighting-service\/#breadcrumb\",\"itemListElement\":[{\"@type\":\"ListItem\",\"position\":1,\"name\":\"Home\",\"item\":\"https:\/\/mishawaka.in.gov\/\"},{\"@type\":\"ListItem\",\"position\":2,\"name\":\"Government\",\"item\":\"https:\/\/mishawaka.in.gov\/government\/\"},{\"@type\":\"ListItem\",\"position\":3,\"name\":\"Departments\",\"item\":\"https:\/\/mishawaka.in.gov\/government\/departments\/\"},{\"@type\":\"ListItem\",\"position\":4,\"name\":\"Mishawaka Utilities\",\"item\":\"https:\/\/mishawaka.in.gov\/government\/departments\/mishawaka-utilities\/\"},{\"@type\":\"ListItem\",\"position\":5,\"name\":\"Rates and Charges\",\"item\":\"https:\/\/mishawaka.in.gov\/government\/departments\/mishawaka-utilities\/rates-and-charges\/\"},{\"@type\":\"ListItem\",\"position\":6,\"name\":\"Rate OL &#8211; Outdoor Electric Lighting Service\"}]},{\"@type\":\"WebSite\",\"@id\":\"https:\/\/mishawaka.in.gov\/#website\",\"url\":\"https:\/\/mishawaka.in.gov\/\",\"name\":\"City of Mishawaka\",\"description\":\"The Best Hometown in America\",\"publisher\":{\"@id\":\"https:\/\/mishawaka.in.gov\/#organization\"},\"potentialAction\":[{\"@type\":\"SearchAction\",\"target\":{\"@type\":\"EntryPoint\",\"urlTemplate\":\"https:\/\/mishawaka.in.gov\/?s={search_term_string}\"},\"query-input\":{\"@type\":\"PropertyValueSpecification\",\"valueRequired\":true,\"valueName\":\"search_term_string\"}}],\"inLanguage\":\"es\"},{\"@type\":\"Organization\",\"@id\":\"https:\/\/mishawaka.in.gov\/#organization\",\"name\":\"City of Mishawaka\",\"url\":\"https:\/\/mishawaka.in.gov\/\",\"logo\":{\"@type\":\"ImageObject\",\"inLanguage\":\"es\",\"@id\":\"https:\/\/mishawaka.in.gov\/#\/schema\/logo\/image\/\",\"url\":\"\",\"contentUrl\":\"\",\"caption\":\"City of Mishawaka\"},\"image\":{\"@id\":\"https:\/\/mishawaka.in.gov\/#\/schema\/logo\/image\/\"}}]}<\/script>\n<!-- \/ Yoast SEO plugin. -->","yoast_head_json":{"title":"Tarifa OL - Servicio de iluminaci\u00f3n el\u00e9ctrica exterior - Ciudad de Mishawaka","description":"Las tarifas y cargos est\u00e1n sujetos a los T\u00e9rminos y Condiciones del Servicio. Ver Tarifa OL: Servicio de Iluminaci\u00f3n El\u00e9ctrica Exterior.","robots":{"index":"index","follow":"follow","max-snippet":"max-snippet:-1","max-image-preview":"max-image-preview:large","max-video-preview":"max-video-preview:-1"},"canonical":"https:\/\/mishawaka.in.gov\/es\/gobierno\/departamentos\/mishawaka-utilidades\/tarifas-y-cargos\/tarifa-ol-servicio-alumbrado-electrico-exterior\/","og_locale":"es_ES","og_type":"article","og_title":"Rate OL - Outdoor Electric Lighting Service - City of Mishawaka","og_description":"Rates and charges are subject to the Terms and Conditions of Service. View Rate OL: Outdoor Electric Lighting Service.","og_url":"https:\/\/mishawaka.in.gov\/es\/gobierno\/departamentos\/mishawaka-utilidades\/tarifas-y-cargos\/tarifa-ol-servicio-alumbrado-electrico-exterior\/","og_site_name":"City of Mishawaka","article_modified_time":"2025-12-30T15:51:13+00:00","twitter_card":"summary_large_image","twitter_misc":{"Tiempo de lectura":"2 minutos"},"schema":{"@context":"https:\/\/schema.org","@graph":[{"@type":"WebPage","@id":"https:\/\/mishawaka.in.gov\/government\/departments\/mishawaka-utilities\/rates-and-charges\/rate-ol-outdoor-electric-lighting-service\/","url":"https:\/\/mishawaka.in.gov\/government\/departments\/mishawaka-utilities\/rates-and-charges\/rate-ol-outdoor-electric-lighting-service\/","name":"Tarifa OL - Servicio de iluminaci\u00f3n el\u00e9ctrica exterior - Ciudad de Mishawaka","isPartOf":{"@id":"https:\/\/mishawaka.in.gov\/#website"},"datePublished":"2023-01-04T20:46:20+00:00","dateModified":"2025-12-30T15:51:13+00:00","description":"Las tarifas y cargos est\u00e1n sujetos a los T\u00e9rminos y Condiciones del Servicio. Ver Tarifa OL: Servicio de Iluminaci\u00f3n El\u00e9ctrica Exterior.","breadcrumb":{"@id":"https:\/\/mishawaka.in.gov\/government\/departments\/mishawaka-utilities\/rates-and-charges\/rate-ol-outdoor-electric-lighting-service\/#breadcrumb"},"inLanguage":"es","potentialAction":[{"@type":"ReadAction","target":["https:\/\/mishawaka.in.gov\/government\/departments\/mishawaka-utilities\/rates-and-charges\/rate-ol-outdoor-electric-lighting-service\/"]}]},{"@type":"BreadcrumbList","@id":"https:\/\/mishawaka.in.gov\/government\/departments\/mishawaka-utilities\/rates-and-charges\/rate-ol-outdoor-electric-lighting-service\/#breadcrumb","itemListElement":[{"@type":"ListItem","position":1,"name":"Home","item":"https:\/\/mishawaka.in.gov\/"},{"@type":"ListItem","position":2,"name":"Government","item":"https:\/\/mishawaka.in.gov\/government\/"},{"@type":"ListItem","position":3,"name":"Departments","item":"https:\/\/mishawaka.in.gov\/government\/departments\/"},{"@type":"ListItem","position":4,"name":"Mishawaka Utilities","item":"https:\/\/mishawaka.in.gov\/government\/departments\/mishawaka-utilities\/"},{"@type":"ListItem","position":5,"name":"Rates and Charges","item":"https:\/\/mishawaka.in.gov\/government\/departments\/mishawaka-utilities\/rates-and-charges\/"},{"@type":"ListItem","position":6,"name":"Rate OL &#8211; Outdoor Electric Lighting Service"}]},{"@type":"WebSite","@id":"https:\/\/mishawaka.in.gov\/#website","url":"https:\/\/mishawaka.in.gov\/","name":"Ciudad de Mishawaka","description":"La mejor ciudad natal de Am\u00e9rica","publisher":{"@id":"https:\/\/mishawaka.in.gov\/#organization"},"potentialAction":[{"@type":"SearchAction","target":{"@type":"EntryPoint","urlTemplate":"https:\/\/mishawaka.in.gov\/?s={search_term_string}"},"query-input":{"@type":"PropertyValueSpecification","valueRequired":true,"valueName":"search_term_string"}}],"inLanguage":"es"},{"@type":"Organization","@id":"https:\/\/mishawaka.in.gov\/#organization","name":"Ciudad de Mishawaka","url":"https:\/\/mishawaka.in.gov\/","logo":{"@type":"ImageObject","inLanguage":"es","@id":"https:\/\/mishawaka.in.gov\/#\/schema\/logo\/image\/","url":"","contentUrl":"","caption":"City of Mishawaka"},"image":{"@id":"https:\/\/mishawaka.in.gov\/#\/schema\/logo\/image\/"}}]}},"ticketed":false,"_links":{"self":[{"href":"https:\/\/mishawaka.in.gov\/es\/wp-json\/wp\/v2\/pages\/1739","targetHints":{"allow":["GET"]}}],"collection":[{"href":"https:\/\/mishawaka.in.gov\/es\/wp-json\/wp\/v2\/pages"}],"about":[{"href":"https:\/\/mishawaka.in.gov\/es\/wp-json\/wp\/v2\/types\/page"}],"author":[{"embeddable":true,"href":"https:\/\/mishawaka.in.gov\/es\/wp-json\/wp\/v2\/users\/1"}],"replies":[{"embeddable":true,"href":"https:\/\/mishawaka.in.gov\/es\/wp-json\/wp\/v2\/comments?post=1739"}],"version-history":[{"count":0,"href":"https:\/\/mishawaka.in.gov\/es\/wp-json\/wp\/v2\/pages\/1739\/revisions"}],"up":[{"embeddable":true,"href":"https:\/\/mishawaka.in.gov\/es\/wp-json\/wp\/v2\/pages\/634"}],"wp:attachment":[{"href":"https:\/\/mishawaka.in.gov\/es\/wp-json\/wp\/v2\/media?parent=1739"}],"curies":[{"name":"wp","href":"https:\/\/api.w.org\/{rel}","templated":true}]}}