{"id":1751,"date":"2023-01-05T02:05:37","date_gmt":"2023-01-05T02:05:37","guid":{"rendered":"https:\/\/comishawaka.wpengine.com\/?page_id=1751"},"modified":"2025-10-31T13:05:15","modified_gmt":"2025-10-31T17:05:15","slug":"directorio-del-departamento-de-policia","status":"publish","type":"page","link":"https:\/\/mishawaka.in.gov\/es\/gobierno\/departamentos\/departamento-de-policia\/directorio-del-departamento-de-policia\/","title":{"rendered":"Directorio del Departamento de Polic\u00eda"},"content":{"rendered":"<div data-elementor-type=\"wp-page\" data-elementor-id=\"1751\" class=\"elementor elementor-1751\" data-elementor-post-type=\"page\">\n\t\t\t\t<div class=\"elementor-element elementor-element-bdd87ab e-con-full e-flex e-con e-parent\" data-id=\"bdd87ab\" data-element_type=\"container\" data-e-type=\"container\">\n\t\t<div class=\"elementor-element elementor-element-e031bcf e-flex e-con-boxed e-con e-child\" data-id=\"e031bcf\" data-element_type=\"container\" data-e-type=\"container\">\n\t\t\t\t\t<div class=\"e-con-inner\">\n\t\t<div class=\"elementor-element elementor-element-392986c e-con-full e-flex e-con e-child\" data-id=\"392986c\" data-element_type=\"container\" data-e-type=\"container\">\n\t\t\t\t<div class=\"elementor-element elementor-element-a75b43d elementor-widget elementor-widget-text-editor\" data-id=\"a75b43d\" data-element_type=\"widget\" data-e-type=\"widget\" data-widget_type=\"text-editor.default\">\n\t\t\t\t<div class=\"elementor-widget-container\">\n\t\t\t\t\t\t\t\t\t<h3 style=\"text-align: center;\"><strong>Marque el 911 si se trata de una emergencia o si hay un delito en curso.<\/strong><\/h3>\t\t\t\t\t\t\t\t<\/div>\n\t\t\t\t<\/div>\n\t\t\t\t<div class=\"elementor-element elementor-element-e5cf547 elementor-widget elementor-widget-shortcode\" data-id=\"e5cf547\" data-element_type=\"widget\" data-e-type=\"widget\" data-widget_type=\"shortcode.default\">\n\t\t\t\t<div class=\"elementor-widget-container\">\n\t\t\t\t\t\t\t<div class=\"elementor-shortcode\">\n<table id=\"tablepress-23\" class=\"tablepress tablepress-id-23\">\n<thead>\n<tr class=\"row-1\">\n\t<th class=\"column-1\">Divisi\u00f3n<\/th><th class=\"column-2\">Tel\u00e9fono<\/th>\n<\/tr>\n<\/thead>\n<tbody class=\"row-striping\">\n<tr class=\"row-2\">\n\t<td class=\"column-1\">No emergencia o denuncia de un delito<\/td><td class=\"column-2\"><a href=\"tel:(574) 258-1678\">(574) 258-1678<\/a><\/td>\n<\/tr>\n<tr class=\"row-3\">\n\t<td class=\"column-1\"><\/td><td class=\"column-2\"><\/td>\n<\/tr>\n<tr class=\"row-4\">\n\t<td class=\"column-1\">Jefe de polic\u00eda<\/td><td class=\"column-2\"><a href=\"tel:(574) 258-1683\">(574) 258-1683<\/a><\/td>\n<\/tr>\n<tr class=\"row-5\">\n\t<td class=\"column-1\">Asistente Jefe, Divisi\u00f3n de Uniformes<\/td><td class=\"column-2\"><a href=\"tel:(574) 258-1688\">(574) 258-1688<\/a><\/td>\n<\/tr>\n<tr class=\"row-6\">\n\t<td class=\"column-1\">Asistente Jefe, Divisi\u00f3n de Servicios (Registros)<\/td><td class=\"column-2\"><a href=\"tel:(574) 258-1681\">(574) 258-1681<\/a><\/td>\n<\/tr>\n<tr class=\"row-7\">\n\t<td class=\"column-1\">Asistente Jefe, Oficina de Detectives<\/td><td class=\"column-2\"><a href=\"tel:(574) 258-1684\">(574) 258-1684<\/a><\/td>\n<\/tr>\n<tr class=\"row-8\">\n\t<td class=\"column-1\">Capit\u00e1n, Divisi\u00f3n de Tr\u00e1fico<\/td><td class=\"column-2\"><a href=\"tel:(574) 259-2966\">(574) 259-2966<\/a><\/td>\n<\/tr>\n<tr class=\"row-9\">\n\t<td class=\"column-1\"><\/td><td class=\"column-2\"><\/td>\n<\/tr>\n<tr class=\"row-10\">\n\t<td class=\"column-1\">Robos de autos<\/td><td class=\"column-2\"><a href=\"tel:(574) 258-1678\">(574) 258-1678<\/a> extensi\u00f3n 3256<\/td>\n<\/tr>\n<tr class=\"row-11\">\n\t<td class=\"column-1\">Unidad de Violencia Familiar<\/td><td class=\"column-2\"><a href=\"tel:(574) 235-7818\">(574) 235-7818<\/a><\/td>\n<\/tr>\n<tr class=\"row-12\">\n\t<td class=\"column-1\">Unidad de Homicidios<\/td><td class=\"column-2\"><a href=\"tel:(574) 235-5009\">(574) 235-5009<\/a><\/td>\n<\/tr>\n<tr class=\"row-13\">\n\t<td class=\"column-1\">Supervisor de la Unidad de Relaciones Comunitarias\/Crimen Callejero<\/td><td class=\"column-2\"><a href=\"tel:(574) 258-1678\">(574) 258-1678<\/a> extensi\u00f3n 3274<\/td>\n<\/tr>\n<tr class=\"row-14\">\n\t<td class=\"column-1\">Reclutamiento<\/td><td class=\"column-2\"><a href=\"tel:(574) 208-5550\">(574) 208-5550<\/a><\/td>\n<\/tr>\n<tr class=\"row-15\">\n\t<td class=\"column-1\">Unidad de Formaci\u00f3n<\/td><td class=\"column-2\"><a href=\"tel:(574) 258-1706\">(574) 258-1706<\/a><\/td>\n<\/tr>\n<tr class=\"row-16\">\n\t<td class=\"column-1\">Secci\u00f3n de Operaciones Especiales de Metro\/Drogas<\/td><td class=\"column-2\"><a href=\"tel:(574) 235-9406\u00a0\">(574) 235-9406\u00a0<\/a><\/td>\n<\/tr>\n<tr class=\"row-17\">\n\t<td class=\"column-1\"><\/td><td class=\"column-2\"><\/td>\n<\/tr>\n<tr class=\"row-18\">\n\t<td class=\"column-1\">CRIMEN Tapones<\/td><td class=\"column-2\"><a href=\"tel:(574) 288-7867\">(574) 288-PARAR<\/a><\/td>\n<\/tr>\n<tr class=\"row-19\">\n\t<td class=\"column-1\">Sociedad humana<\/td><td class=\"column-2\"><a href=\"tel:(574) 255-4726\">(574) 255-4726<\/a><\/td>\n<\/tr>\n<tr class=\"row-20\">\n\t<td class=\"column-1\">Puesto de Bremen de la polic\u00eda estatal de Indiana<\/td><td class=\"column-2\"><a href=\"tel:(574) 546-4900\">(574) 546-4900<\/a><\/td>\n<\/tr>\n<tr class=\"row-21\">\n\t<td class=\"column-1\">L\u00ednea directa de metanfetamina del ISP<\/td><td class=\"column-2\"><a href=\"tel:(800) 453-4756\">(800) 453-4756<\/a><\/td>\n<\/tr>\n<tr class=\"row-22\">\n\t<td class=\"column-1\">L\u00ednea Directa Nacional de Agresi\u00f3n Sexual<\/td><td class=\"column-2\"><a href=\"tel:(800) 656-4673\">(800) 656-ESPERANZA (4673)<\/a><\/td>\n<\/tr>\n<tr class=\"row-23\">\n\t<td class=\"column-1\">Control de veneno<\/td><td class=\"column-2\"><a href=\"tel:(800) 222-1222\">(800) 222-1222<\/a><\/td>\n<\/tr>\n<tr class=\"row-24\">\n\t<td class=\"column-1\">Polic\u00eda del condado de St. Joseph<\/td><td class=\"column-2\"><a href=\"tel:(574) 235-9611\">(574) 235-9611<\/a><\/td>\n<\/tr>\n<tr class=\"row-25\">\n\t<td class=\"column-1\">C\u00e1rcel del condado de St. Joseph<\/td><td class=\"column-2\"><a href=\"tel:(574) 245-6500\">(574) 245-6500<\/a><\/td>\n<\/tr>\n<tr class=\"row-26\">\n\t<td class=\"column-1\">Departamento de Polic\u00eda de South Bend<\/td><td class=\"column-2\"><a href=\"tel:(574) 235-9201\">(574) 235-9201<\/a><\/td>\n<\/tr>\n<tr class=\"row-27\">\n\t<td class=\"column-1\">L\u00ednea de vida para la prevenci\u00f3n del suicidio<\/td><td class=\"column-2\"><a href=\"tel:(800) 273-8255\">(800) 273-TALK (8255)<\/a><\/td>\n<\/tr>\n<\/tbody>\n<\/table>\n<!-- #tablepress-23 from cache --><\/div>\n\t\t\t\t\t\t<\/div>\n\t\t\t\t<\/div>\n\t\t\t\t<\/div>\n\t\t\t\t\t<\/div>\n\t\t\t\t<\/div>\n\t\t\t\t<\/div>\n\t\t<div class=\"elementor-element elementor-element-48e9c9d e-con-full e-flex e-con e-parent\" data-id=\"48e9c9d\" data-element_type=\"container\" data-e-type=\"container\">\n\t\t<div class=\"elementor-element elementor-element-ebe4ffe mw545 mLAuto e-flex e-con-boxed e-con e-child\" data-id=\"ebe4ffe\" data-element_type=\"container\" data-e-type=\"container\">\n\t\t\t\t\t<div class=\"e-con-inner\">\n\t\t\t\t<div class=\"elementor-element elementor-element-8babcad elementor-widget elementor-widget-image\" data-id=\"8babcad\" data-element_type=\"widget\" data-e-type=\"widget\" data-widget_type=\"image.default\">\n\t\t\t\t<div class=\"elementor-widget-container\">\n\t\t\t\t\t\t\t\t\t\t\t\t\t\t\t<img fetchpriority=\"high\" decoding=\"async\" width=\"512\" height=\"512\" src=\"https:\/\/mishawaka.in.gov\/wp-content\/uploads\/2022\/09\/city-of-mishawaka-2022-seal.png\" class=\"attachment-large size-large wp-image-43\" alt=\"Ciudad de Mishiwaka Indiana, la ciudad de la princesa establecida en 1833\" srcset=\"https:\/\/mishawaka.in.gov\/wp-content\/uploads\/2022\/09\/city-of-mishawaka-2022-seal.png 512w, https:\/\/mishawaka.in.gov\/wp-content\/uploads\/2022\/09\/city-of-mishawaka-2022-seal-300x300.png 300w, https:\/\/mishawaka.in.gov\/wp-content\/uploads\/2022\/09\/city-of-mishawaka-2022-seal-150x150.png 150w\" sizes=\"(max-width: 512px) 100vw, 512px\" \/>\t\t\t\t\t\t\t\t\t\t\t\t\t\t\t<\/div>\n\t\t\t\t<\/div>\n\t\t\t\t<div class=\"elementor-element elementor-element-7fba203 elementor-widget elementor-widget-heading\" data-id=\"7fba203\" data-element_type=\"widget\" data-e-type=\"widget\" data-widget_type=\"heading.default\">\n\t\t\t\t<div class=\"elementor-widget-container\">\n\t\t\t\t\t<h2 class=\"elementor-heading-title elementor-size-xl\">Mishawaka <br>\nPolic\u00eda<\/h2>\t\t\t\t<\/div>\n\t\t\t\t<\/div>\n\t\t\t\t<div class=\"elementor-element elementor-element-ce5ba87 elementor-widget elementor-widget-text-editor\" data-id=\"ce5ba87\" data-element_type=\"widget\" data-e-type=\"widget\" data-widget_type=\"text-editor.default\">\n\t\t\t\t<div class=\"elementor-widget-container\">\n\t\t\t\t\t\t\t\t\t<p><a href=\"https:\/\/goo.gl\/maps\/oSFv1pE6cuMg7Ybq6\" target=\"_blank\" rel=\"noopener\">100 Lincolnway Oeste<br \/>Mishawaka, EN 46544<\/a><br \/>Tel\u00e9fono: <a href=\"tel:5742581678\">(574) 258-1678<\/a><br \/>Fax: (574) 258-1690<br \/><strong>Jefe de polic\u00eda: <\/strong>alex arendt<\/p><p>Lunes \u2013 Viernes, 8:00 am \u2013 5:00 pm<\/p>\t\t\t\t\t\t\t\t<\/div>\n\t\t\t\t<\/div>\n\t\t\t\t\t<\/div>\n\t\t\t\t<\/div>\n\t\t<div class=\"elementor-element elementor-element-7516924 e-con-full e-flex e-con e-child\" data-id=\"7516924\" data-element_type=\"container\" data-e-type=\"container\">\n\t\t\t\t<div class=\"elementor-element elementor-element-84d9968 elementor-widget elementor-widget-google_maps\" data-id=\"84d9968\" data-element_type=\"widget\" data-e-type=\"widget\" data-widget_type=\"google_maps.default\">\n\t\t\t\t<div class=\"elementor-widget-container\">\n\t\t\t\t\t\t\t<div class=\"elementor-custom-embed\">\n\t\t\t<iframe loading=\"lazy\"\n\t\t\t\t\tsrc=\"https:\/\/www.google.com\/maps\/embed\/v1\/place?key=AIzaSyDqr6Gp6rKux3KBJ7nYE_4yGVJ4qaWCoJs&#038;q=100%20Lincolnway%20West%20Mishawaka%2C%20IN%2046544&#038;zoom=14\"\n\t\t\t\t\ttitle=\"100 Lincolnway Oeste Mishawaka, IN 46544\"\n\t\t\t\t\taria-label=\"100 Lincolnway Oeste Mishawaka, IN 46544\"\n\t\t\t><\/iframe>\n\t\t<\/div>\n\t\t\t\t\t\t<\/div>\n\t\t\t\t<\/div>\n\t\t\t\t<\/div>\n\t\t\t\t<\/div>\n\t\t\t\t<\/div>","protected":false},"excerpt":{"rendered":"<p>Dial\u00a0911 if this is an emergency or there is a crime in progress. Mishawaka Police 100 Lincolnway West Mishawaka, IN 46544 Phone: (574) 258-1678 Fax: (574) 258-1690 Chief of Police: [&hellip;]<\/p>\n","protected":false},"author":1,"featured_media":490,"parent":142,"menu_order":25,"comment_status":"closed","ping_status":"closed","template":"","meta":{"_acf_changed":false,"_price":"","_stock":"","_tribe_ticket_header":"","_tribe_default_ticket_provider":"","_tribe_ticket_capacity":"0","_ticket_start_date":"","_ticket_end_date":"","_tribe_ticket_show_description":"","_tribe_ticket_show_not_going":false,"_tribe_ticket_use_global_stock":"","_tribe_ticket_global_stock_level":"","_global_stock_mode":"","_global_stock_cap":"","_tribe_rsvp_for_event":"","_tribe_ticket_going_count":"","_tribe_ticket_not_going_count":"","_tribe_tickets_list":"[]","_tribe_ticket_has_attendee_info_fields":false,"footnotes":"","_tec_slr_enabled":"","_tec_slr_layout":""},"class_list":["post-1751","page","type-page","status-publish","has-post-thumbnail","hentry"],"acf":[],"yoast_head":"<!-- This site is optimized with the Yoast SEO plugin v27.1.1 - https:\/\/yoast.com\/product\/yoast-seo-wordpress\/ -->\n<title>Police Department Directory | Government | City of Mishawaka<\/title>\n<meta name=\"description\" content=\"View the Mishawaka Police Department directory for all your contact needs. Dial 911 if there is an emergency or there is a crime in progress.\" \/>\n<meta name=\"robots\" content=\"index, follow, max-snippet:-1, max-image-preview:large, max-video-preview:-1\" \/>\n<link rel=\"canonical\" href=\"https:\/\/mishawaka.in.gov\/es\/gobierno\/departamentos\/departamento-de-policia\/directorio-del-departamento-de-policia\/\" \/>\n<meta property=\"og:locale\" content=\"es_ES\" \/>\n<meta property=\"og:type\" content=\"article\" \/>\n<meta property=\"og:title\" content=\"Police Department Directory | Government | City of Mishawaka\" \/>\n<meta property=\"og:description\" content=\"View the Mishawaka Police Department directory for all your contact needs. Dial 911 if there is an emergency or there is a crime in progress.\" \/>\n<meta property=\"og:url\" content=\"https:\/\/mishawaka.in.gov\/es\/gobierno\/departamentos\/departamento-de-policia\/directorio-del-departamento-de-policia\/\" \/>\n<meta property=\"og:site_name\" content=\"City of Mishawaka\" \/>\n<meta property=\"article:modified_time\" content=\"2025-10-31T17:05:15+00:00\" \/>\n<meta property=\"og:image\" content=\"https:\/\/mishawaka.in.gov\/wp-content\/uploads\/2022\/11\/02-Departments-PoliceDepartment.jpg\" \/>\n\t<meta property=\"og:image:width\" content=\"1200\" \/>\n\t<meta property=\"og:image:height\" content=\"800\" \/>\n\t<meta property=\"og:image:type\" content=\"image\/jpeg\" \/>\n<meta name=\"twitter:card\" content=\"summary_large_image\" \/>\n<meta name=\"twitter:label1\" content=\"Tiempo de lectura\" \/>\n\t<meta name=\"twitter:data1\" content=\"1 minuto\" \/>\n<script type=\"application\/ld+json\" class=\"yoast-schema-graph\">{\"@context\":\"https:\/\/schema.org\",\"@graph\":[{\"@type\":\"WebPage\",\"@id\":\"https:\/\/mishawaka.in.gov\/government\/departments\/police-department\/police-department-directory\/\",\"url\":\"https:\/\/mishawaka.in.gov\/government\/departments\/police-department\/police-department-directory\/\",\"name\":\"Police Department Directory | Government | City of Mishawaka\",\"isPartOf\":{\"@id\":\"https:\/\/mishawaka.in.gov\/#website\"},\"primaryImageOfPage\":{\"@id\":\"https:\/\/mishawaka.in.gov\/government\/departments\/police-department\/police-department-directory\/#primaryimage\"},\"image\":{\"@id\":\"https:\/\/mishawaka.in.gov\/government\/departments\/police-department\/police-department-directory\/#primaryimage\"},\"thumbnailUrl\":\"https:\/\/mishawaka.in.gov\/wp-content\/uploads\/2022\/11\/02-Departments-PoliceDepartment.jpg\",\"datePublished\":\"2023-01-05T02:05:37+00:00\",\"dateModified\":\"2025-10-31T17:05:15+00:00\",\"description\":\"View the Mishawaka Police Department directory for all your contact needs. Dial 911 if there is an emergency or there is a crime in progress.\",\"breadcrumb\":{\"@id\":\"https:\/\/mishawaka.in.gov\/government\/departments\/police-department\/police-department-directory\/#breadcrumb\"},\"inLanguage\":\"es\",\"potentialAction\":[{\"@type\":\"ReadAction\",\"target\":[\"https:\/\/mishawaka.in.gov\/government\/departments\/police-department\/police-department-directory\/\"]}]},{\"@type\":\"ImageObject\",\"inLanguage\":\"es\",\"@id\":\"https:\/\/mishawaka.in.gov\/government\/departments\/police-department\/police-department-directory\/#primaryimage\",\"url\":\"https:\/\/mishawaka.in.gov\/wp-content\/uploads\/2022\/11\/02-Departments-PoliceDepartment.jpg\",\"contentUrl\":\"https:\/\/mishawaka.in.gov\/wp-content\/uploads\/2022\/11\/02-Departments-PoliceDepartment.jpg\",\"width\":1200,\"height\":800,\"caption\":\"Mishawaka Police Department.\"},{\"@type\":\"BreadcrumbList\",\"@id\":\"https:\/\/mishawaka.in.gov\/government\/departments\/police-department\/police-department-directory\/#breadcrumb\",\"itemListElement\":[{\"@type\":\"ListItem\",\"position\":1,\"name\":\"Home\",\"item\":\"https:\/\/mishawaka.in.gov\/\"},{\"@type\":\"ListItem\",\"position\":2,\"name\":\"Government\",\"item\":\"https:\/\/mishawaka.in.gov\/government\/\"},{\"@type\":\"ListItem\",\"position\":3,\"name\":\"Departments\",\"item\":\"https:\/\/mishawaka.in.gov\/government\/departments\/\"},{\"@type\":\"ListItem\",\"position\":4,\"name\":\"Police Department\",\"item\":\"https:\/\/mishawaka.in.gov\/government\/departments\/police-department\/\"},{\"@type\":\"ListItem\",\"position\":5,\"name\":\"Police Department Directory\"}]},{\"@type\":\"WebSite\",\"@id\":\"https:\/\/mishawaka.in.gov\/#website\",\"url\":\"https:\/\/mishawaka.in.gov\/\",\"name\":\"City of Mishawaka\",\"description\":\"The Best Hometown in America\",\"publisher\":{\"@id\":\"https:\/\/mishawaka.in.gov\/#organization\"},\"potentialAction\":[{\"@type\":\"SearchAction\",\"target\":{\"@type\":\"EntryPoint\",\"urlTemplate\":\"https:\/\/mishawaka.in.gov\/?s={search_term_string}\"},\"query-input\":{\"@type\":\"PropertyValueSpecification\",\"valueRequired\":true,\"valueName\":\"search_term_string\"}}],\"inLanguage\":\"es\"},{\"@type\":\"Organization\",\"@id\":\"https:\/\/mishawaka.in.gov\/#organization\",\"name\":\"City of Mishawaka\",\"url\":\"https:\/\/mishawaka.in.gov\/\",\"logo\":{\"@type\":\"ImageObject\",\"inLanguage\":\"es\",\"@id\":\"https:\/\/mishawaka.in.gov\/#\/schema\/logo\/image\/\",\"url\":\"\",\"contentUrl\":\"\",\"caption\":\"City of Mishawaka\"},\"image\":{\"@id\":\"https:\/\/mishawaka.in.gov\/#\/schema\/logo\/image\/\"}}]}<\/script>\n<!-- \/ Yoast SEO plugin. -->","yoast_head_json":{"title":"Directorio del Departamento de Polic\u00eda | Gobierno | Ciudad de Mishawaka","description":"Consulte el directorio del Departamento de Polic\u00eda de Mishawaka para conocer todos sus contactos. Llame al 911 si hay una emergencia o si se est\u00e1 cometiendo un delito.","robots":{"index":"index","follow":"follow","max-snippet":"max-snippet:-1","max-image-preview":"max-image-preview:large","max-video-preview":"max-video-preview:-1"},"canonical":"https:\/\/mishawaka.in.gov\/es\/gobierno\/departamentos\/departamento-de-policia\/directorio-del-departamento-de-policia\/","og_locale":"es_ES","og_type":"article","og_title":"Police Department Directory | Government | City of Mishawaka","og_description":"View the Mishawaka Police Department directory for all your contact needs. Dial 911 if there is an emergency or there is a crime in progress.","og_url":"https:\/\/mishawaka.in.gov\/es\/gobierno\/departamentos\/departamento-de-policia\/directorio-del-departamento-de-policia\/","og_site_name":"City of Mishawaka","article_modified_time":"2025-10-31T17:05:15+00:00","og_image":[{"width":1200,"height":800,"url":"https:\/\/mishawaka.in.gov\/wp-content\/uploads\/2022\/11\/02-Departments-PoliceDepartment.jpg","type":"image\/jpeg"}],"twitter_card":"summary_large_image","twitter_misc":{"Tiempo de lectura":"1 minuto"},"schema":{"@context":"https:\/\/schema.org","@graph":[{"@type":"WebPage","@id":"https:\/\/mishawaka.in.gov\/government\/departments\/police-department\/police-department-directory\/","url":"https:\/\/mishawaka.in.gov\/government\/departments\/police-department\/police-department-directory\/","name":"Directorio del Departamento de Polic\u00eda | Gobierno | Ciudad de Mishawaka","isPartOf":{"@id":"https:\/\/mishawaka.in.gov\/#website"},"primaryImageOfPage":{"@id":"https:\/\/mishawaka.in.gov\/government\/departments\/police-department\/police-department-directory\/#primaryimage"},"image":{"@id":"https:\/\/mishawaka.in.gov\/government\/departments\/police-department\/police-department-directory\/#primaryimage"},"thumbnailUrl":"https:\/\/mishawaka.in.gov\/wp-content\/uploads\/2022\/11\/02-Departments-PoliceDepartment.jpg","datePublished":"2023-01-05T02:05:37+00:00","dateModified":"2025-10-31T17:05:15+00:00","description":"Consulte el directorio del Departamento de Polic\u00eda de Mishawaka para conocer todos sus contactos. Llame al 911 si hay una emergencia o si se est\u00e1 cometiendo un delito.","breadcrumb":{"@id":"https:\/\/mishawaka.in.gov\/government\/departments\/police-department\/police-department-directory\/#breadcrumb"},"inLanguage":"es","potentialAction":[{"@type":"ReadAction","target":["https:\/\/mishawaka.in.gov\/government\/departments\/police-department\/police-department-directory\/"]}]},{"@type":"ImageObject","inLanguage":"es","@id":"https:\/\/mishawaka.in.gov\/government\/departments\/police-department\/police-department-directory\/#primaryimage","url":"https:\/\/mishawaka.in.gov\/wp-content\/uploads\/2022\/11\/02-Departments-PoliceDepartment.jpg","contentUrl":"https:\/\/mishawaka.in.gov\/wp-content\/uploads\/2022\/11\/02-Departments-PoliceDepartment.jpg","width":1200,"height":800,"caption":"Mishawaka Police Department."},{"@type":"BreadcrumbList","@id":"https:\/\/mishawaka.in.gov\/government\/departments\/police-department\/police-department-directory\/#breadcrumb","itemListElement":[{"@type":"ListItem","position":1,"name":"Home","item":"https:\/\/mishawaka.in.gov\/"},{"@type":"ListItem","position":2,"name":"Government","item":"https:\/\/mishawaka.in.gov\/government\/"},{"@type":"ListItem","position":3,"name":"Departments","item":"https:\/\/mishawaka.in.gov\/government\/departments\/"},{"@type":"ListItem","position":4,"name":"Police Department","item":"https:\/\/mishawaka.in.gov\/government\/departments\/police-department\/"},{"@type":"ListItem","position":5,"name":"Police Department Directory"}]},{"@type":"WebSite","@id":"https:\/\/mishawaka.in.gov\/#website","url":"https:\/\/mishawaka.in.gov\/","name":"Ciudad de Mishawaka","description":"La mejor ciudad natal de Am\u00e9rica","publisher":{"@id":"https:\/\/mishawaka.in.gov\/#organization"},"potentialAction":[{"@type":"SearchAction","target":{"@type":"EntryPoint","urlTemplate":"https:\/\/mishawaka.in.gov\/?s={search_term_string}"},"query-input":{"@type":"PropertyValueSpecification","valueRequired":true,"valueName":"search_term_string"}}],"inLanguage":"es"},{"@type":"Organization","@id":"https:\/\/mishawaka.in.gov\/#organization","name":"Ciudad de Mishawaka","url":"https:\/\/mishawaka.in.gov\/","logo":{"@type":"ImageObject","inLanguage":"es","@id":"https:\/\/mishawaka.in.gov\/#\/schema\/logo\/image\/","url":"","contentUrl":"","caption":"City of Mishawaka"},"image":{"@id":"https:\/\/mishawaka.in.gov\/#\/schema\/logo\/image\/"}}]}},"ticketed":false,"_links":{"self":[{"href":"https:\/\/mishawaka.in.gov\/es\/wp-json\/wp\/v2\/pages\/1751","targetHints":{"allow":["GET"]}}],"collection":[{"href":"https:\/\/mishawaka.in.gov\/es\/wp-json\/wp\/v2\/pages"}],"about":[{"href":"https:\/\/mishawaka.in.gov\/es\/wp-json\/wp\/v2\/types\/page"}],"author":[{"embeddable":true,"href":"https:\/\/mishawaka.in.gov\/es\/wp-json\/wp\/v2\/users\/1"}],"replies":[{"embeddable":true,"href":"https:\/\/mishawaka.in.gov\/es\/wp-json\/wp\/v2\/comments?post=1751"}],"version-history":[{"count":0,"href":"https:\/\/mishawaka.in.gov\/es\/wp-json\/wp\/v2\/pages\/1751\/revisions"}],"up":[{"embeddable":true,"href":"https:\/\/mishawaka.in.gov\/es\/wp-json\/wp\/v2\/pages\/142"}],"wp:featuredmedia":[{"embeddable":true,"href":"https:\/\/mishawaka.in.gov\/es\/wp-json\/wp\/v2\/media\/490"}],"wp:attachment":[{"href":"https:\/\/mishawaka.in.gov\/es\/wp-json\/wp\/v2\/media?parent=1751"}],"curies":[{"name":"wp","href":"https:\/\/api.w.org\/{rel}","templated":true}]}}