{"id":1776,"date":"2023-01-06T14:41:14","date_gmt":"2023-01-06T14:41:14","guid":{"rendered":"https:\/\/comishawaka.wpengine.com\/?page_id=1776"},"modified":"2024-11-13T13:09:52","modified_gmt":"2024-11-13T18:09:52","slug":"empresa-de-agua-municipal-fuera-de-la-ciudad","status":"publish","type":"page","link":"https:\/\/mishawaka.in.gov\/es\/gobierno\/departamentos\/mishawaka-utilidades\/tarifas-y-cargos\/empresa-de-agua-municipal-fuera-de-la-ciudad\/","title":{"rendered":"Servicio Municipal de Agua \u2013 Fuera de la Ciudad"},"content":{"rendered":"<div data-elementor-type=\"wp-page\" data-elementor-id=\"1776\" class=\"elementor elementor-1776\" data-elementor-post-type=\"page\">\n\t\t\t\t<div class=\"elementor-element elementor-element-70ef658 e-flex e-con-boxed e-con e-parent\" data-id=\"70ef658\" data-element_type=\"container\" data-e-type=\"container\">\n\t\t\t\t\t<div class=\"e-con-inner\">\n\t\t\t\t<div class=\"elementor-element elementor-element-11471d3 elementor-widget elementor-widget-heading\" data-id=\"11471d3\" data-element_type=\"widget\" data-e-type=\"widget\" data-widget_type=\"heading.default\">\n\t\t\t\t<div class=\"elementor-widget-container\">\n\t\t\t\t\t<h2 class=\"elementor-heading-title elementor-size-default\">Lista de Tarifas y Cargos - Fuera de la Ciudad<\/h2>\t\t\t\t<\/div>\n\t\t\t\t<\/div>\n\t\t\t\t<div class=\"elementor-element elementor-element-e7a73c9 elementor-widget elementor-widget-text-editor\" data-id=\"e7a73c9\" data-element_type=\"widget\" data-e-type=\"widget\" data-widget_type=\"text-editor.default\">\n\t\t\t\t<div class=\"elementor-widget-container\">\n\t\t\t\t\t\t\t\t\t<p>Para el uso y el servicio prestado por el Servicio de Agua de la Ciudad de Mishawaka, Indiana, las siguientes tarifas y cargos se basan en la cantidad de agua suministrada por dicho Servicio de Agua.<\/p>\t\t\t\t\t\t\t\t<\/div>\n\t\t\t\t<\/div>\n\t\t\t\t<div class=\"elementor-element elementor-element-7e8929b elementor-widget elementor-widget-text-editor\" data-id=\"7e8929b\" data-element_type=\"widget\" data-e-type=\"widget\" data-widget_type=\"text-editor.default\">\n\t\t\t\t<div class=\"elementor-widget-container\">\n\t\t\t\t\t\t\t\t\t<p><em>A partir del 1 de enero de 2023<\/em><\/p>\t\t\t\t\t\t\t\t<\/div>\n\t\t\t\t<\/div>\n\t\t\t\t<div class=\"elementor-element elementor-element-4832d90 elementor-widget elementor-widget-text-editor\" data-id=\"4832d90\" data-element_type=\"widget\" data-e-type=\"widget\" data-widget_type=\"text-editor.default\">\n\t\t\t\t<div class=\"elementor-widget-container\">\n\t\t\t\t\t\t\t\t\t<div align=\"center\"><table border=\"0\" width=\"400\" cellspacing=\"0\" cellpadding=\"0\"><colgroup> <col width=\"31\" \/> <col width=\"219\" \/> <col width=\"155\" \/><\/colgroup><tbody><tr><td colspan=\"3\" bgcolor=\"#CCCCCC\" height=\"25\"><strong>Residencial y Unidades M\u00faltiples<\/strong><\/td><\/tr><tr><td>(a)<\/td><td><strong>Tarifas medidas por mes<\/strong><\/td><td><div align=\"center\"><strong>por 100 pies c\u00fabicos<\/strong><\/div><\/td><\/tr><tr><td>\u00a0<\/td><td>Todo el consumo<\/td><td align=\"right\"><div align=\"center\">$3.55<\/div><\/td><\/tr><tr><td>(b)<\/td><td><strong>Cargo base del cliente<\/strong><\/td><td><div align=\"center\">\u00a0<\/div><\/td><\/tr><tr><td>\u00a0<\/td><td colspan=\"2\">Cada usuario pagar\u00e1 un cargo base mensual de acuerdo con el siguiente tama\u00f1o aplicable del medidor instalado:<\/td><\/tr><tr><td>\u00a0<\/td><td><strong>Tama\u00f1o del medidor<\/strong><\/td><td><div align=\"center\"><strong>Cargo mensual<\/strong><\/div><\/td><\/tr><tr><td>\u00a0<\/td><td>5\/8\u201d \u2013 3\/4\u201d<\/td><td align=\"right\"><div align=\"center\">$11.87<\/div><\/td><\/tr><tr><td>\u00a0<\/td><td>1\u201d<\/td><td align=\"right\"><div align=\"center\">$11.87<\/div><\/td><\/tr><tr><td>(C)<\/td><td><strong>Cargo de protecci\u00f3n contra incendios<\/strong><\/td><td><div align=\"center\"><strong>Cargo mensual<\/strong><\/div><\/td><\/tr><tr><td>\u00a0<\/td><td>\u00a0<\/td><td align=\"right\"><div align=\"center\">$7.48<\/div><\/td><\/tr><\/tbody><\/table><\/div>\t\t\t\t\t\t\t\t<\/div>\n\t\t\t\t<\/div>\n\t\t\t\t<div class=\"elementor-element elementor-element-9f0f636 elementor-widget elementor-widget-spacer\" data-id=\"9f0f636\" data-element_type=\"widget\" data-e-type=\"widget\" data-widget_type=\"spacer.default\">\n\t\t\t\t<div class=\"elementor-widget-container\">\n\t\t\t\t\t\t\t<div class=\"elementor-spacer\">\n\t\t\t<div class=\"elementor-spacer-inner\"><\/div>\n\t\t<\/div>\n\t\t\t\t\t\t<\/div>\n\t\t\t\t<\/div>\n\t\t\t\t<div class=\"elementor-element elementor-element-1fe9cc7 elementor-widget elementor-widget-text-editor\" data-id=\"1fe9cc7\" data-element_type=\"widget\" data-e-type=\"widget\" data-widget_type=\"text-editor.default\">\n\t\t\t\t<div class=\"elementor-widget-container\">\n\t\t\t\t\t\t\t\t\t<table border=\"0\" width=\"400\" cellspacing=\"0\" cellpadding=\"0\"><colgroup> <col width=\"31\" \/> <col width=\"219\" \/> <col width=\"155\" \/><\/colgroup><tbody><tr><td colspan=\"3\" bgcolor=\"#CCCCCC\" height=\"25\"><strong>Peque\u00f1o No Residencial<\/strong><\/td><\/tr><tr><td>(a)<\/td><td><strong>Tarifas medidas por mes<\/strong><\/td><td><div align=\"center\"><strong>por 100\u00a0<\/strong><strong>Pie c\u00fabico<\/strong><\/div><\/td><\/tr><tr><td>\u00a0<\/td><td>Todo el consumo<\/td><td align=\"right\"><div align=\"center\">$3.56<\/div><\/td><\/tr><tr><td>(b)<\/td><td><strong>Cargo base del cliente<\/strong><\/td><td><div align=\"center\">\u00a0<\/div><\/td><\/tr><tr><td>\u00a0<\/td><td colspan=\"2\">Cada usuario pagar\u00e1 un cargo base mensual de acuerdo con el siguiente tama\u00f1o aplicable del medidor instalado:<\/td><\/tr><tr><td>\u00a0<\/td><td><strong>Tama\u00f1o del medidor<\/strong><\/td><td><div align=\"center\"><strong>Cargo mensual<\/strong><\/div><\/td><\/tr><tr><td>\u00a0<\/td><td>5\/8\u201d \u2013 3\/4\u201d<\/td><td align=\"right\"><div align=\"center\">$11.87<\/div><\/td><\/tr><tr><td>\u00a0<\/td><td>1\u201d<\/td><td align=\"right\"><div align=\"center\">$24.81<\/div><\/td><\/tr><tr><td>\u00a0<\/td><td>1 1\/2\u201d<\/td><td align=\"right\"><div align=\"center\">$46.37<\/div><\/td><\/tr><tr><td>\u00a0<\/td><td>2\u201d<\/td><td align=\"right\"><div align=\"center\">$72.27<\/div><\/td><\/tr><tr><td>\u00a0<\/td><td>3\u201d<\/td><td align=\"right\"><div align=\"center\">$132.67<\/div><\/td><\/tr><tr><td>(C)<\/td><td><strong>Cargo de protecci\u00f3n contra incendios<\/strong><\/td><td><div align=\"center\">\u00a0<\/div><\/td><\/tr><tr><td>\u00a0<\/td><td><strong>Tama\u00f1o del medidor<\/strong><\/td><td><div align=\"center\"><strong>Cargo mensual<\/strong><\/div><\/td><\/tr><tr><td>\u00a0<\/td><td>5\/8\u201d \u2013 3\/4\u201d<\/td><td align=\"right\"><div align=\"center\">$7.48<\/div><\/td><\/tr><tr><td>\u00a0<\/td><td>1\u201d<\/td><td align=\"right\"><div align=\"center\">$18.72<\/div><\/td><\/tr><tr><td>\u00a0<\/td><td>1 1\/2\u201d<\/td><td align=\"right\"><div align=\"center\">$37.42<\/div><\/td><\/tr><tr><td>\u00a0<\/td><td>2\u201d<\/td><td align=\"right\"><div align=\"center\">$59.88<\/div><\/td><\/tr><tr><td>\u00a0<\/td><td>3\u201d<\/td><td align=\"right\"><div align=\"center\">$112.28<\/div><\/td><\/tr><\/tbody><\/table>\t\t\t\t\t\t\t\t<\/div>\n\t\t\t\t<\/div>\n\t\t\t\t<div class=\"elementor-element elementor-element-17c902a elementor-widget elementor-widget-spacer\" data-id=\"17c902a\" data-element_type=\"widget\" data-e-type=\"widget\" data-widget_type=\"spacer.default\">\n\t\t\t\t<div class=\"elementor-widget-container\">\n\t\t\t\t\t\t\t<div class=\"elementor-spacer\">\n\t\t\t<div class=\"elementor-spacer-inner\"><\/div>\n\t\t<\/div>\n\t\t\t\t\t\t<\/div>\n\t\t\t\t<\/div>\n\t\t\t\t<div class=\"elementor-element elementor-element-3be1c9c elementor-widget elementor-widget-text-editor\" data-id=\"3be1c9c\" data-element_type=\"widget\" data-e-type=\"widget\" data-widget_type=\"text-editor.default\">\n\t\t\t\t<div class=\"elementor-widget-container\">\n\t\t\t\t\t\t\t\t\t<table border=\"0\" width=\"400\" cellspacing=\"0\" cellpadding=\"0\"><colgroup> <col width=\"31\" \/> <col width=\"219\" \/> <col width=\"155\" \/><\/colgroup><tbody><tr><td colspan=\"3\" bgcolor=\"#CCCCCC\" height=\"25\"><strong>Grandes no residenciales<\/strong><\/td><\/tr><tr><td>(a)<\/td><td><strong>Tarifas medidas por mes<\/strong><\/td><td><div align=\"center\"><strong>por 100 pies c\u00fabicos<\/strong><\/div><\/td><\/tr><tr><td>\u00a0<\/td><td>Primeros 7,750 pies c\u00fabicos<\/td><td align=\"right\"><div align=\"center\">$3.04<\/div><\/td><\/tr><tr><td>\u00a0<\/td><td>M\u00e1s de 7,750 pies c\u00fabicos<\/td><td align=\"right\"><div align=\"center\">$2.37<\/div><\/td><\/tr><tr><td>(b)<\/td><td><strong>Cargo base del cliente<\/strong><\/td><td><div align=\"center\">\u00a0<\/div><\/td><\/tr><tr><td>\u00a0<\/td><td colspan=\"2\">Cada usuario pagar\u00e1 un cargo base mensual de acuerdo con el siguiente tama\u00f1o aplicable del medidor instalado:<\/td><\/tr><tr><td>\u00a0<\/td><td>Tama\u00f1o del medidor<\/td><td><div align=\"center\"><strong>Cargo mensual<\/strong><\/div><\/td><\/tr><tr><td>\u00a0<\/td><td>4\u201d<\/td><td align=\"right\"><div align=\"center\">$218.97<\/div><\/td><\/tr><tr><td>\u00a0<\/td><td>6\u201d<\/td><td align=\"right\"><div align=\"center\">$434.68<\/div><\/td><\/tr><tr><td>\u00a0<\/td><td>8\u201d<\/td><td align=\"right\"><div align=\"center\">$693.49<\/div><\/td><\/tr><tr><td>\u00a0<\/td><td>10\u201d<\/td><td align=\"right\"><div align=\"center\">$995.51<\/div><\/td><\/tr><tr><td>(C)<\/td><td><strong>Cargo de protecci\u00f3n contra incendios<\/strong><\/td><td><div align=\"center\">\u00a0<\/div><\/td><\/tr><tr><td>\u00a0<\/td><td><strong>Tama\u00f1o del medidor<\/strong><\/td><td><div align=\"center\"><strong>Cargo mensual<\/strong><\/div><\/td><\/tr><tr><td>\u00a0<\/td><td>4\u201d<\/td><td align=\"right\"><div align=\"center\">$187.08<\/div><\/td><\/tr><tr><td>\u00a0<\/td><td>6\u201d<\/td><td align=\"right\"><div align=\"center\">$374.24<\/div><\/td><\/tr><tr><td>\u00a0<\/td><td>8\u201d<\/td><td align=\"right\"><div align=\"center\">$598.79<\/div><\/td><\/tr><tr><td>\u00a0<\/td><td>10\u201d<\/td><td align=\"right\"><div align=\"center\">$860.74<\/div><\/td><\/tr><tr><td colspan=\"2\"><strong>Alquiler de hidrantes<\/strong><\/td><td><div align=\"center\">\u00a0<\/div><\/td><\/tr><tr><td colspan=\"2\">Hidrantes privados \u2013 por a\u00f1o<\/td><td align=\"right\"><div align=\"center\">$964.26<\/div><\/td><\/tr><tr><td colspan=\"2\"><strong>Servicio Privado de Protecci\u00f3n Contra Incendios<\/strong><\/td><td><div align=\"center\">\u00a0<\/div><\/td><\/tr><tr><td colspan=\"2\">Conexi\u00f3n de rociadores \u2013 por a\u00f1o<\/td><td><div align=\"center\">\u00a0<\/div><\/td><\/tr><tr><td>\u00a0<\/td><td>1\u201d<\/td><td align=\"right\"><div align=\"center\">$26.80<\/div><\/td><\/tr><tr><td>\u00a0<\/td><td>1 1\/2\u201d<\/td><td align=\"right\"><div align=\"center\">$60.39<\/div><\/td><\/tr><tr><td>\u00a0<\/td><td>2\u201d<\/td><td align=\"right\"><div align=\"center\">$107.18<\/div><\/td><\/tr><tr><td>\u00a0<\/td><td>3\u201d<\/td><td align=\"right\"><div align=\"center\">$241.11<\/div><\/td><\/tr><tr><td>\u00a0<\/td><td>4\u201d<\/td><td align=\"right\"><div align=\"center\">$428.67<\/div><\/td><\/tr><tr><td>\u00a0<\/td><td>6\u201d<\/td><td align=\"right\"><div align=\"center\">$964.26<\/div><\/td><\/tr><tr><td>\u00a0<\/td><td>8\u201d<\/td><td align=\"right\"><div align=\"center\">$1,714.22<\/div><\/td><\/tr><tr><td>\u00a0<\/td><td>10\u201d<\/td><td align=\"right\"><div align=\"center\">$2,678.48<\/div><\/td><\/tr><tr><td>\u00a0<\/td><td>12\u201d<\/td><td align=\"right\"><div align=\"center\">$3,857.09<\/div><\/td><\/tr><tr><td colspan=\"2\"><strong>Cargos no recurrentes<\/strong><\/td><td><div align=\"center\">\u00a0<\/div><\/td><\/tr><tr><td colspan=\"2\">Consulte el Ap\u00e9ndice &quot;B&quot;<\/td><td><div align=\"center\">\u00a0<\/div><\/td><\/tr><\/tbody><\/table>\t\t\t\t\t\t\t\t<\/div>\n\t\t\t\t<\/div>\n\t\t\t\t<div class=\"elementor-element elementor-element-3a5edc4 elementor-widget elementor-widget-heading\" data-id=\"3a5edc4\" data-element_type=\"widget\" data-e-type=\"widget\" data-widget_type=\"heading.default\">\n\t\t\t\t<div class=\"elementor-widget-container\">\n\t\t\t\t\t<h3 class=\"elementor-heading-title elementor-size-default\">Carga del sistema<\/h3>\t\t\t\t<\/div>\n\t\t\t\t<\/div>\n\t\t\t\t<div class=\"elementor-element elementor-element-0434ac3 elementor-widget elementor-widget-text-editor\" data-id=\"0434ac3\" data-element_type=\"widget\" data-e-type=\"widget\" data-widget_type=\"text-editor.default\">\n\t\t\t\t<div class=\"elementor-widget-container\">\n\t\t\t\t\t\t\t\t\t<p class=\"rtecenter\"><strong>Esto se aplica a los clientes que establecieron el servicio antes de la adopci\u00f3n de las Nuevas Tarifas de Agua el 4 de marzo de 2013.\u00a0<\/strong><\/p><p>A los clientes comerciales (que utilicen un servicio de agua de 1\u2033 o m\u00e1s) se les cobrar\u00e1 un cargo del sistema por un monto equivalente a 50% de cada facturaci\u00f3n mensual por cada servicio durante un per\u00edodo de 72 meses consecutivos. A los clientes no comerciales y todos los dem\u00e1s (excepto escuelas) se les cobrar\u00e1 una cantidad igual a 25% de las tarifas m\u00ednimas mensuales para su clase de servicios por un per\u00edodo de 72 meses consecutivos. \u00a0<\/p><p>Dicha facturaci\u00f3n mensual y tarifas m\u00ednimas para efectos de computar el \u201cCargo de Sistemas\u201d estar\u00e1n determinadas por las tarifas aqu\u00ed establecidas. La tasa apropiada utilizada al comienzo de un per\u00edodo de 72 meses no se modificar\u00e1 durante dicho per\u00edodo. En lugar de los pagos mensuales antes mencionados, se permitir\u00e1 que el cliente comercial pague una suma global equivalente a 5\/6 del total de los pagos de tiempo estimado, que se interpretar\u00e1 como un valor presente conmutado del Cargo del Sistema del cliente comercial proyectado durante seis (6) a\u00f1os, al porcentaje aplicable, seg\u00fan la estimaci\u00f3n de la Compa\u00f1\u00eda del uso futuro del cliente comercial. El pago conmutado se volver\u00e1 a calcular despu\u00e9s de que el cliente comercial haya completado doce (12) meses completos de uso y se realizar\u00e1 un reembolso o pago complementario para ajustar el pago conmutado estimado. Los clientes no comerciales y todos los dem\u00e1s tendr\u00e1n el mismo privilegio de conmutar su Cargo del Sistema, pero el mismo se basar\u00e1 en las tarifas planas para su clase de servicio y, por lo tanto, no se requerir\u00e1n ajustes.<\/p>\t\t\t\t\t\t\t\t<\/div>\n\t\t\t\t<\/div>\n\t\t\t\t\t<\/div>\n\t\t\t\t<\/div>\n\t\t\t\t<\/div>","protected":false},"excerpt":{"rendered":"<p>Schedule of Rates and Charges &#8211; Outside City For the use of and the service rendered by the Water Utility of the City of Mishawaka, Indiana, the following rates and [&hellip;]<\/p>\n","protected":false},"author":1,"featured_media":0,"parent":634,"menu_order":17,"comment_status":"closed","ping_status":"closed","template":"","meta":{"_acf_changed":false,"_price":"","_stock":"","_tribe_ticket_header":"","_tribe_default_ticket_provider":"","_tribe_ticket_capacity":"0","_ticket_start_date":"","_ticket_end_date":"","_tribe_ticket_show_description":"","_tribe_ticket_show_not_going":false,"_tribe_ticket_use_global_stock":"","_tribe_ticket_global_stock_level":"","_global_stock_mode":"","_global_stock_cap":"","_tribe_rsvp_for_event":"","_tribe_ticket_going_count":"","_tribe_ticket_not_going_count":"","_tribe_tickets_list":"[]","_tribe_ticket_has_attendee_info_fields":false,"footnotes":"","_tec_slr_enabled":"","_tec_slr_layout":""},"class_list":["post-1776","page","type-page","status-publish","hentry"],"acf":[],"yoast_head":"<!-- This site is optimized with the Yoast SEO plugin v27.1.1 - https:\/\/yoast.com\/product\/yoast-seo-wordpress\/ -->\n<title>Municipal Water Utility - Outside City - City of Mishawaka<\/title>\n<meta name=\"description\" content=\"View rates and charges based upon the amount of water supplied by the Municipal Water Utility outside city limits.\" \/>\n<meta name=\"robots\" content=\"index, follow, max-snippet:-1, max-image-preview:large, max-video-preview:-1\" \/>\n<link rel=\"canonical\" href=\"https:\/\/mishawaka.in.gov\/es\/gobierno\/departamentos\/mishawaka-utilidades\/tarifas-y-cargos\/empresa-de-agua-municipal-fuera-de-la-ciudad\/\" \/>\n<meta property=\"og:locale\" content=\"es_ES\" \/>\n<meta property=\"og:type\" content=\"article\" \/>\n<meta property=\"og:title\" content=\"Municipal Water Utility - Outside City - City of Mishawaka\" \/>\n<meta property=\"og:description\" content=\"View rates and charges based upon the amount of water supplied by the Municipal Water Utility outside city limits.\" \/>\n<meta property=\"og:url\" content=\"https:\/\/mishawaka.in.gov\/es\/gobierno\/departamentos\/mishawaka-utilidades\/tarifas-y-cargos\/empresa-de-agua-municipal-fuera-de-la-ciudad\/\" \/>\n<meta property=\"og:site_name\" content=\"City of Mishawaka\" \/>\n<meta property=\"article:modified_time\" content=\"2024-11-13T18:09:52+00:00\" \/>\n<meta name=\"twitter:card\" content=\"summary_large_image\" \/>\n<meta name=\"twitter:label1\" content=\"Tiempo de lectura\" \/>\n\t<meta name=\"twitter:data1\" content=\"3 minutos\" \/>\n<script type=\"application\/ld+json\" class=\"yoast-schema-graph\">{\"@context\":\"https:\/\/schema.org\",\"@graph\":[{\"@type\":\"WebPage\",\"@id\":\"https:\/\/mishawaka.in.gov\/government\/departments\/mishawaka-utilities\/rates-and-charges\/municipal-water-utility-outside-city\/\",\"url\":\"https:\/\/mishawaka.in.gov\/government\/departments\/mishawaka-utilities\/rates-and-charges\/municipal-water-utility-outside-city\/\",\"name\":\"Municipal Water Utility - Outside City - City of Mishawaka\",\"isPartOf\":{\"@id\":\"https:\/\/mishawaka.in.gov\/#website\"},\"datePublished\":\"2023-01-06T14:41:14+00:00\",\"dateModified\":\"2024-11-13T18:09:52+00:00\",\"description\":\"View rates and charges based upon the amount of water supplied by the Municipal Water Utility outside city limits.\",\"breadcrumb\":{\"@id\":\"https:\/\/mishawaka.in.gov\/government\/departments\/mishawaka-utilities\/rates-and-charges\/municipal-water-utility-outside-city\/#breadcrumb\"},\"inLanguage\":\"es\",\"potentialAction\":[{\"@type\":\"ReadAction\",\"target\":[\"https:\/\/mishawaka.in.gov\/government\/departments\/mishawaka-utilities\/rates-and-charges\/municipal-water-utility-outside-city\/\"]}]},{\"@type\":\"BreadcrumbList\",\"@id\":\"https:\/\/mishawaka.in.gov\/government\/departments\/mishawaka-utilities\/rates-and-charges\/municipal-water-utility-outside-city\/#breadcrumb\",\"itemListElement\":[{\"@type\":\"ListItem\",\"position\":1,\"name\":\"Home\",\"item\":\"https:\/\/mishawaka.in.gov\/\"},{\"@type\":\"ListItem\",\"position\":2,\"name\":\"Government\",\"item\":\"https:\/\/mishawaka.in.gov\/government\/\"},{\"@type\":\"ListItem\",\"position\":3,\"name\":\"Departments\",\"item\":\"https:\/\/mishawaka.in.gov\/government\/departments\/\"},{\"@type\":\"ListItem\",\"position\":4,\"name\":\"Mishawaka Utilities\",\"item\":\"https:\/\/mishawaka.in.gov\/government\/departments\/mishawaka-utilities\/\"},{\"@type\":\"ListItem\",\"position\":5,\"name\":\"Rates and Charges\",\"item\":\"https:\/\/mishawaka.in.gov\/government\/departments\/mishawaka-utilities\/rates-and-charges\/\"},{\"@type\":\"ListItem\",\"position\":6,\"name\":\"Municipal Water Utility &#8211; Outside City\"}]},{\"@type\":\"WebSite\",\"@id\":\"https:\/\/mishawaka.in.gov\/#website\",\"url\":\"https:\/\/mishawaka.in.gov\/\",\"name\":\"City of Mishawaka\",\"description\":\"The Best Hometown in America\",\"publisher\":{\"@id\":\"https:\/\/mishawaka.in.gov\/#organization\"},\"potentialAction\":[{\"@type\":\"SearchAction\",\"target\":{\"@type\":\"EntryPoint\",\"urlTemplate\":\"https:\/\/mishawaka.in.gov\/?s={search_term_string}\"},\"query-input\":{\"@type\":\"PropertyValueSpecification\",\"valueRequired\":true,\"valueName\":\"search_term_string\"}}],\"inLanguage\":\"es\"},{\"@type\":\"Organization\",\"@id\":\"https:\/\/mishawaka.in.gov\/#organization\",\"name\":\"City of Mishawaka\",\"url\":\"https:\/\/mishawaka.in.gov\/\",\"logo\":{\"@type\":\"ImageObject\",\"inLanguage\":\"es\",\"@id\":\"https:\/\/mishawaka.in.gov\/#\/schema\/logo\/image\/\",\"url\":\"\",\"contentUrl\":\"\",\"caption\":\"City of Mishawaka\"},\"image\":{\"@id\":\"https:\/\/mishawaka.in.gov\/#\/schema\/logo\/image\/\"}}]}<\/script>\n<!-- \/ Yoast SEO plugin. -->","yoast_head_json":{"title":"Servicio p\u00fablico de agua municipal - Fuera de la ciudad - Ciudad de Mishawaka","description":"Vea las tarifas y cargos basados en la cantidad de agua suministrada por el Servicio Municipal de Agua fuera de los l\u00edmites de la ciudad.","robots":{"index":"index","follow":"follow","max-snippet":"max-snippet:-1","max-image-preview":"max-image-preview:large","max-video-preview":"max-video-preview:-1"},"canonical":"https:\/\/mishawaka.in.gov\/es\/gobierno\/departamentos\/mishawaka-utilidades\/tarifas-y-cargos\/empresa-de-agua-municipal-fuera-de-la-ciudad\/","og_locale":"es_ES","og_type":"article","og_title":"Municipal Water Utility - Outside City - City of Mishawaka","og_description":"View rates and charges based upon the amount of water supplied by the Municipal Water Utility outside city limits.","og_url":"https:\/\/mishawaka.in.gov\/es\/gobierno\/departamentos\/mishawaka-utilidades\/tarifas-y-cargos\/empresa-de-agua-municipal-fuera-de-la-ciudad\/","og_site_name":"City of Mishawaka","article_modified_time":"2024-11-13T18:09:52+00:00","twitter_card":"summary_large_image","twitter_misc":{"Tiempo de lectura":"3 minutos"},"schema":{"@context":"https:\/\/schema.org","@graph":[{"@type":"WebPage","@id":"https:\/\/mishawaka.in.gov\/government\/departments\/mishawaka-utilities\/rates-and-charges\/municipal-water-utility-outside-city\/","url":"https:\/\/mishawaka.in.gov\/government\/departments\/mishawaka-utilities\/rates-and-charges\/municipal-water-utility-outside-city\/","name":"Servicio p\u00fablico de agua municipal - Fuera de la ciudad - Ciudad de Mishawaka","isPartOf":{"@id":"https:\/\/mishawaka.in.gov\/#website"},"datePublished":"2023-01-06T14:41:14+00:00","dateModified":"2024-11-13T18:09:52+00:00","description":"Vea las tarifas y cargos basados en la cantidad de agua suministrada por el Servicio Municipal de Agua fuera de los l\u00edmites de la ciudad.","breadcrumb":{"@id":"https:\/\/mishawaka.in.gov\/government\/departments\/mishawaka-utilities\/rates-and-charges\/municipal-water-utility-outside-city\/#breadcrumb"},"inLanguage":"es","potentialAction":[{"@type":"ReadAction","target":["https:\/\/mishawaka.in.gov\/government\/departments\/mishawaka-utilities\/rates-and-charges\/municipal-water-utility-outside-city\/"]}]},{"@type":"BreadcrumbList","@id":"https:\/\/mishawaka.in.gov\/government\/departments\/mishawaka-utilities\/rates-and-charges\/municipal-water-utility-outside-city\/#breadcrumb","itemListElement":[{"@type":"ListItem","position":1,"name":"Home","item":"https:\/\/mishawaka.in.gov\/"},{"@type":"ListItem","position":2,"name":"Government","item":"https:\/\/mishawaka.in.gov\/government\/"},{"@type":"ListItem","position":3,"name":"Departments","item":"https:\/\/mishawaka.in.gov\/government\/departments\/"},{"@type":"ListItem","position":4,"name":"Mishawaka Utilities","item":"https:\/\/mishawaka.in.gov\/government\/departments\/mishawaka-utilities\/"},{"@type":"ListItem","position":5,"name":"Rates and Charges","item":"https:\/\/mishawaka.in.gov\/government\/departments\/mishawaka-utilities\/rates-and-charges\/"},{"@type":"ListItem","position":6,"name":"Municipal Water Utility &#8211; Outside City"}]},{"@type":"WebSite","@id":"https:\/\/mishawaka.in.gov\/#website","url":"https:\/\/mishawaka.in.gov\/","name":"Ciudad de Mishawaka","description":"La mejor ciudad natal de Am\u00e9rica","publisher":{"@id":"https:\/\/mishawaka.in.gov\/#organization"},"potentialAction":[{"@type":"SearchAction","target":{"@type":"EntryPoint","urlTemplate":"https:\/\/mishawaka.in.gov\/?s={search_term_string}"},"query-input":{"@type":"PropertyValueSpecification","valueRequired":true,"valueName":"search_term_string"}}],"inLanguage":"es"},{"@type":"Organization","@id":"https:\/\/mishawaka.in.gov\/#organization","name":"Ciudad de Mishawaka","url":"https:\/\/mishawaka.in.gov\/","logo":{"@type":"ImageObject","inLanguage":"es","@id":"https:\/\/mishawaka.in.gov\/#\/schema\/logo\/image\/","url":"","contentUrl":"","caption":"City of Mishawaka"},"image":{"@id":"https:\/\/mishawaka.in.gov\/#\/schema\/logo\/image\/"}}]}},"ticketed":false,"_links":{"self":[{"href":"https:\/\/mishawaka.in.gov\/es\/wp-json\/wp\/v2\/pages\/1776","targetHints":{"allow":["GET"]}}],"collection":[{"href":"https:\/\/mishawaka.in.gov\/es\/wp-json\/wp\/v2\/pages"}],"about":[{"href":"https:\/\/mishawaka.in.gov\/es\/wp-json\/wp\/v2\/types\/page"}],"author":[{"embeddable":true,"href":"https:\/\/mishawaka.in.gov\/es\/wp-json\/wp\/v2\/users\/1"}],"replies":[{"embeddable":true,"href":"https:\/\/mishawaka.in.gov\/es\/wp-json\/wp\/v2\/comments?post=1776"}],"version-history":[{"count":0,"href":"https:\/\/mishawaka.in.gov\/es\/wp-json\/wp\/v2\/pages\/1776\/revisions"}],"up":[{"embeddable":true,"href":"https:\/\/mishawaka.in.gov\/es\/wp-json\/wp\/v2\/pages\/634"}],"wp:attachment":[{"href":"https:\/\/mishawaka.in.gov\/es\/wp-json\/wp\/v2\/media?parent=1776"}],"curies":[{"name":"wp","href":"https:\/\/api.w.org\/{rel}","templated":true}]}}