{"id":439,"date":"2022-10-27T19:46:22","date_gmt":"2022-10-27T19:46:22","guid":{"rendered":"https:\/\/comishawaka.wpengine.com\/?page_id=439"},"modified":"2025-09-04T16:34:21","modified_gmt":"2025-09-04T20:34:21","slug":"recursos-humanos","status":"publish","type":"page","link":"https:\/\/mishawaka.in.gov\/es\/gobierno\/departamentos\/recursos-humanos\/","title":{"rendered":"Recursos humanos"},"content":{"rendered":"<div data-elementor-type=\"wp-page\" data-elementor-id=\"439\" class=\"elementor elementor-439\" data-elementor-post-type=\"page\">\n\t\t\t\t<div class=\"elementor-element elementor-element-7c4b80ce e-flex e-con-boxed e-con e-parent\" data-id=\"7c4b80ce\" data-element_type=\"container\" data-e-type=\"container\" data-settings=\"{&quot;background_background&quot;:&quot;classic&quot;}\">\n\t\t\t\t\t<div class=\"e-con-inner\">\n\t\t<div class=\"elementor-element elementor-element-4aee7a46 e-con-full e-flex e-con e-child\" data-id=\"4aee7a46\" data-element_type=\"container\" data-e-type=\"container\">\n\t\t\t\t<div class=\"elementor-element elementor-element-36d8d584 elementor-widget elementor-widget-heading\" data-id=\"36d8d584\" data-element_type=\"widget\" data-e-type=\"widget\" data-widget_type=\"heading.default\">\n\t\t\t\t<div class=\"elementor-widget-container\">\n\t\t\t\t\t<h2 class=\"elementor-heading-title elementor-size-default\">\u00bfC\u00f3mo le servimos? <\/h2>\t\t\t\t<\/div>\n\t\t\t\t<\/div>\n\t\t\t\t<div class=\"elementor-element elementor-element-20557611 elementor-widget elementor-widget-text-editor\" data-id=\"20557611\" data-element_type=\"widget\" data-e-type=\"widget\" data-widget_type=\"text-editor.default\">\n\t\t\t\t<div class=\"elementor-widget-container\">\n\t\t\t\t\t\t\t\t\t<p>El Departamento de Recursos Humanos de Mishawaka brinda servicios a todos los departamentos de la ciudad mediante la contrataci\u00f3n de solicitantes de empleo calificados para las vacantes de puestos, asegurando pol\u00edticas de personal consistentes, controlando el cumplimiento de las normas y manteniendo los registros de los empleados.<\/p>\t\t\t\t\t\t\t\t<\/div>\n\t\t\t\t<\/div>\n\t\t\t\t<\/div>\n\t\t<div class=\"elementor-element elementor-element-171f01c5 e-con-full e-flex e-con e-child\" data-id=\"171f01c5\" data-element_type=\"container\" data-e-type=\"container\">\n\t\t\t\t<div class=\"elementor-element elementor-element-256a53f4 elementor-widget elementor-widget-image\" data-id=\"256a53f4\" data-element_type=\"widget\" data-e-type=\"widget\" data-widget_type=\"image.default\">\n\t\t\t\t<div class=\"elementor-widget-container\">\n\t\t\t\t\t\t\t\t\t\t\t\t\t\t\t<img fetchpriority=\"high\" decoding=\"async\" width=\"800\" height=\"534\" src=\"https:\/\/mishawaka.in.gov\/wp-content\/uploads\/2023\/01\/humanResources.jpg\" class=\"attachment-large size-large wp-image-2107\" alt=\"\" srcset=\"https:\/\/mishawaka.in.gov\/wp-content\/uploads\/2023\/01\/humanResources.jpg 1000w, https:\/\/mishawaka.in.gov\/wp-content\/uploads\/2023\/01\/humanResources-300x200.jpg 300w, https:\/\/mishawaka.in.gov\/wp-content\/uploads\/2023\/01\/humanResources-768x512.jpg 768w\" sizes=\"(max-width: 800px) 100vw, 800px\" \/>\t\t\t\t\t\t\t\t\t\t\t\t\t\t\t<\/div>\n\t\t\t\t<\/div>\n\t\t\t\t<\/div>\n\t\t\t\t\t<\/div>\n\t\t\t\t<\/div>\n\t\t<div class=\"elementor-element elementor-element-926a0f9 e-flex e-con-boxed e-con e-parent\" data-id=\"926a0f9\" data-element_type=\"container\" data-e-type=\"container\" data-settings=\"{&quot;background_background&quot;:&quot;classic&quot;}\">\n\t\t\t\t\t<div class=\"e-con-inner\">\n\t\t<div class=\"elementor-element elementor-element-459b97d e-con-full e-flex e-con e-child\" data-id=\"459b97d\" data-element_type=\"container\" data-e-type=\"container\">\n\t\t\t\t<div class=\"elementor-element elementor-element-456c7ef elementor-widget elementor-widget-heading\" data-id=\"456c7ef\" data-element_type=\"widget\" data-e-type=\"widget\" data-widget_type=\"heading.default\">\n\t\t\t\t<div class=\"elementor-widget-container\">\n\t\t\t\t\t<h3 class=\"elementor-heading-title elementor-size-default\">Empleo con la Ciudad de Mishawaka <\/h3>\t\t\t\t<\/div>\n\t\t\t\t<\/div>\n\t\t\t\t<div class=\"elementor-element elementor-element-65b39a9 elementor-widget elementor-widget-text-editor\" data-id=\"65b39a9\" data-element_type=\"widget\" data-e-type=\"widget\" data-widget_type=\"text-editor.default\">\n\t\t\t\t<div class=\"elementor-widget-container\">\n\t\t\t\t\t\t\t\t\t<p>Las solicitudes de empleo en la Ciudad de Mishawaka se env\u00edan y son aceptadas por el Departamento de Recursos Humanos en <a href=\"https:\/\/goo.gl\/maps\/9Wm7Pbrddop3qebd8\" target=\"_blank\" rel=\"noopener\">100 Lincolnway West Mishawaka, IN 46544<\/a>, de lunes a viernes de 8:30 am a 4:45 pm Tambi\u00e9n puede enviar su solicitud y carta de presentaci\u00f3n por correo electr\u00f3nico o enviar su curr\u00edculum y carta de presentaci\u00f3n por fax al n\u00famero que figura en nuestra informaci\u00f3n de contacto. Las solicitudes se conservan durante un a\u00f1o.<\/p><ul><li><a href=\"https:\/\/mishawaka.in.gov\/es\/download\/?wpdmdl=1880\">Aplicaci\u00f3n de Empleo<\/a><\/li><li><a href=\"\/es\/download\/?wpdmdl=1882\" target=\"_blank\" rel=\"noopener\">Solicitud del Departamento de Bomberos<\/a><\/li><li><a href=\"\/es\/download\/?wpdmdl=5301\">Solicitud del Departamento de Polic\u00eda<\/a> \u2013 <a href=\"https:\/\/www.applytoserve.com\/study\/\" target=\"_blank\" rel=\"noopener\">Examen de pr\u00e1ctica y gu\u00eda de estudio<\/a><\/li><\/ul>\t\t\t\t\t\t\t\t<\/div>\n\t\t\t\t<\/div>\n\t\t<div class=\"elementor-element elementor-element-6290b60 e-con-full e-flex e-con e-child\" data-id=\"6290b60\" data-element_type=\"container\" data-e-type=\"container\">\n\t\t\t\t<div class=\"elementor-element elementor-element-82755d3 elementor-widget elementor-widget-text-editor\" data-id=\"82755d3\" data-element_type=\"widget\" data-e-type=\"widget\" data-widget_type=\"text-editor.default\">\n\t\t\t\t<div class=\"elementor-widget-container\">\n\t\t\t\t\t\t\t\t\t<p>\u00bfTengo una pregunta? Env\u00ede un correo electr\u00f3nico a Recursos Humanos directamente a\u00a0<a href=\"mailto:humanresources@mishawaka.in.gov\" target=\"_blank\" rel=\"noopener\">humanresources@mishawaka.in.gov<\/a>.<\/p>\t\t\t\t\t\t\t\t<\/div>\n\t\t\t\t<\/div>\n\t\t\t\t<\/div>\n\t\t\t\t<\/div>\n\t\t\t\t\t<\/div>\n\t\t\t\t<\/div>\n\t\t<div class=\"elementor-element elementor-element-5294a6a e-flex e-con-boxed e-con e-parent\" data-id=\"5294a6a\" data-element_type=\"container\" data-e-type=\"container\" data-settings=\"{&quot;background_background&quot;:&quot;classic&quot;}\">\n\t\t\t\t\t<div class=\"e-con-inner\">\n\t\t<div class=\"elementor-element elementor-element-c4f2a62 e-con-full e-flex e-con e-child\" data-id=\"c4f2a62\" data-element_type=\"container\" data-e-type=\"container\">\n\t\t\t\t<div class=\"elementor-element elementor-element-e050584 elementor-widget elementor-widget-heading\" data-id=\"e050584\" data-element_type=\"widget\" data-e-type=\"widget\" data-widget_type=\"heading.default\">\n\t\t\t\t<div class=\"elementor-widget-container\">\n\t\t\t\t\t<h4 class=\"elementor-heading-title elementor-size-default\">Listados de trabajo de la ciudad de Mishawaka<\/h4>\t\t\t\t<\/div>\n\t\t\t\t<\/div>\n\t\t\t\t<div class=\"elementor-element elementor-element-1b7fbb6 elementor-widget elementor-widget-text-editor\" data-id=\"1b7fbb6\" data-element_type=\"widget\" data-e-type=\"widget\" data-widget_type=\"text-editor.default\">\n\t\t\t\t<div class=\"elementor-widget-container\">\n\t\t\t\t\t\t\t\t\t<p>Vea todas nuestras posiciones abiertas actualmente disponibles. Vea y descargue su solicitud y env\u00ede su informaci\u00f3n por correo electr\u00f3nico.<\/p>\t\t\t\t\t\t\t\t<\/div>\n\t\t\t\t<\/div>\n\t\t\t\t<div class=\"elementor-element elementor-element-b8ea0ae elementor-widget elementor-widget-button\" data-id=\"b8ea0ae\" data-element_type=\"widget\" data-e-type=\"widget\" data-widget_type=\"button.default\">\n\t\t\t\t<div class=\"elementor-widget-container\">\n\t\t\t\t\t\t\t\t\t<div class=\"elementor-button-wrapper\">\n\t\t\t\t\t<a class=\"elementor-button elementor-button-link elementor-size-sm\" href=\"\/es\/nuestra-comunidad\/listado-de-trabajos\/\">\n\t\t\t\t\t\t<span class=\"elementor-button-content-wrapper\">\n\t\t\t\t\t\t\t\t\t<span class=\"elementor-button-text\">Listado de trabajos<\/span>\n\t\t\t\t\t<\/span>\n\t\t\t\t\t<\/a>\n\t\t\t\t<\/div>\n\t\t\t\t\t\t\t\t<\/div>\n\t\t\t\t<\/div>\n\t\t\t\t<\/div>\n\t\t\t\t\t<\/div>\n\t\t\t\t<\/div>\n\t\t<div class=\"elementor-element elementor-element-30412f1 e-con-full e-flex e-con e-parent\" data-id=\"30412f1\" data-element_type=\"container\" data-e-type=\"container\">\n\t\t<div class=\"elementor-element elementor-element-37d7e55 e-con-full e-flex e-con e-child\" data-id=\"37d7e55\" data-element_type=\"container\" data-e-type=\"container\" data-settings=\"{&quot;background_background&quot;:&quot;classic&quot;}\">\n\t\t<div class=\"elementor-element elementor-element-0d485a1 mw545 mLAuto e-flex e-con-boxed e-con e-child\" data-id=\"0d485a1\" data-element_type=\"container\" data-e-type=\"container\">\n\t\t\t\t\t<div class=\"e-con-inner\">\n\t\t\t\t<div class=\"elementor-element elementor-element-378f6a1 elementor-widget elementor-widget-image\" data-id=\"378f6a1\" data-element_type=\"widget\" data-e-type=\"widget\" data-widget_type=\"image.default\">\n\t\t\t\t<div class=\"elementor-widget-container\">\n\t\t\t\t\t\t\t\t\t\t\t\t\t\t\t<img decoding=\"async\" width=\"512\" height=\"512\" src=\"https:\/\/mishawaka.in.gov\/wp-content\/uploads\/2022\/09\/city-of-mishawaka-2022-seal.png\" class=\"attachment-large size-large wp-image-43\" alt=\"Ciudad de Mishiwaka Indiana, la ciudad de la princesa establecida en 1833\" srcset=\"https:\/\/mishawaka.in.gov\/wp-content\/uploads\/2022\/09\/city-of-mishawaka-2022-seal.png 512w, https:\/\/mishawaka.in.gov\/wp-content\/uploads\/2022\/09\/city-of-mishawaka-2022-seal-300x300.png 300w, https:\/\/mishawaka.in.gov\/wp-content\/uploads\/2022\/09\/city-of-mishawaka-2022-seal-150x150.png 150w\" sizes=\"(max-width: 512px) 100vw, 512px\" \/>\t\t\t\t\t\t\t\t\t\t\t\t\t\t\t<\/div>\n\t\t\t\t<\/div>\n\t\t\t\t<div class=\"elementor-element elementor-element-d79243d elementor-widget elementor-widget-heading\" data-id=\"d79243d\" data-element_type=\"widget\" data-e-type=\"widget\" data-widget_type=\"heading.default\">\n\t\t\t\t<div class=\"elementor-widget-container\">\n\t\t\t\t\t<h2 class=\"elementor-heading-title elementor-size-xl\">Humano<br>\nRecursos<\/h2>\t\t\t\t<\/div>\n\t\t\t\t<\/div>\n\t\t\t\t<div class=\"elementor-element elementor-element-0a7f49d elementor-widget elementor-widget-text-editor\" data-id=\"0a7f49d\" data-element_type=\"widget\" data-e-type=\"widget\" data-widget_type=\"text-editor.default\">\n\t\t\t\t<div class=\"elementor-widget-container\">\n\t\t\t\t\t\t\t\t\t<p><a href=\"https:\/\/goo.gl\/maps\/gf8quut5nbhCw6Ya6\" target=\"_blank\" rel=\"noopener\">100 Lincolnway Oeste<br \/>Mishawaka, IN<\/a><br \/>Tel\u00e9fono: <a href=\"tel:5742581615\" target=\"_blank\" rel=\"noopener\">(574) 258-1615<\/a><br \/>Fax: (574) 254-0197<br \/><a href=\"mailto:humanresources@mishawaka.in.gov\" target=\"_blank\" rel=\"noopener\">Env\u00edenos un correo electr\u00f3nico<\/a><\/p><p>Lunes \u2013 Viernes, 8:30 am \u2013 4:45 pm<\/p>\t\t\t\t\t\t\t\t<\/div>\n\t\t\t\t<\/div>\n\t\t\t\t\t<\/div>\n\t\t\t\t<\/div>\n\t\t\t\t<\/div>\n\t\t<div class=\"elementor-element elementor-element-3fc8cdc e-con-full e-flex e-con e-child\" data-id=\"3fc8cdc\" data-element_type=\"container\" data-e-type=\"container\">\n\t\t\t\t<div class=\"elementor-element elementor-element-9569cf4 elementor-widget elementor-widget-google_maps\" data-id=\"9569cf4\" data-element_type=\"widget\" data-e-type=\"widget\" data-widget_type=\"google_maps.default\">\n\t\t\t\t<div class=\"elementor-widget-container\">\n\t\t\t\t\t\t\t<div class=\"elementor-custom-embed\">\n\t\t\t<iframe loading=\"lazy\"\n\t\t\t\t\tsrc=\"https:\/\/www.google.com\/maps\/embed\/v1\/place?key=AIzaSyDqr6Gp6rKux3KBJ7nYE_4yGVJ4qaWCoJs&#038;q=100%20Lincolnway%20West%20Mishawaka%2C%20IN%C2%A0%2046544&#038;zoom=14\"\n\t\t\t\t\ttitle=\"100 Lincolnway Oeste Mishawaka, IN 46544\"\n\t\t\t\t\taria-label=\"100 Lincolnway Oeste Mishawaka, IN 46544\"\n\t\t\t><\/iframe>\n\t\t<\/div>\n\t\t\t\t\t\t<\/div>\n\t\t\t\t<\/div>\n\t\t\t\t<\/div>\n\t\t\t\t<\/div>\n\t\t\t\t<\/div>","protected":false},"excerpt":{"rendered":"<p>El Departamento de Recursos Humanos ayuda a todos los departamentos de la ciudad reclutando candidatos para vacantes, monitoreando el cumplimiento de las regulaciones y m\u00e1s. <\/p>","protected":false},"author":1,"featured_media":2107,"parent":160,"menu_order":37,"comment_status":"closed","ping_status":"closed","template":"","meta":{"_acf_changed":false,"_price":"","_stock":"","_tribe_ticket_header":"","_tribe_default_ticket_provider":"","_tribe_ticket_capacity":"0","_ticket_start_date":"","_ticket_end_date":"","_tribe_ticket_show_description":"","_tribe_ticket_show_not_going":false,"_tribe_ticket_use_global_stock":"","_tribe_ticket_global_stock_level":"","_global_stock_mode":"","_global_stock_cap":"","_tribe_rsvp_for_event":"","_tribe_ticket_going_count":"","_tribe_ticket_not_going_count":"","_tribe_tickets_list":"[]","_tribe_ticket_has_attendee_info_fields":false,"footnotes":"","_tec_slr_enabled":"","_tec_slr_layout":""},"class_list":["post-439","page","type-page","status-publish","has-post-thumbnail","hentry"],"acf":[],"yoast_head":"<!-- This site is optimized with the Yoast SEO plugin v27.1.1 - https:\/\/yoast.com\/product\/yoast-seo-wordpress\/ -->\n<title>Human Resources Department | City of Mishawaka<\/title>\n<meta name=\"description\" content=\"The Human Resources Department provides professional support to all city departments. Learn more about recruitment, personnel policies and more.\" \/>\n<meta name=\"robots\" content=\"index, follow, max-snippet:-1, max-image-preview:large, max-video-preview:-1\" \/>\n<link rel=\"canonical\" href=\"https:\/\/mishawaka.in.gov\/es\/gobierno\/departamentos\/recursos-humanos\/\" \/>\n<meta property=\"og:locale\" content=\"es_ES\" \/>\n<meta property=\"og:type\" content=\"article\" \/>\n<meta property=\"og:title\" content=\"Human Resources Department | City of Mishawaka\" \/>\n<meta property=\"og:description\" content=\"The Human Resources Department provides professional support to all city departments. Learn more about recruitment, personnel policies and more.\" \/>\n<meta property=\"og:url\" content=\"https:\/\/mishawaka.in.gov\/es\/gobierno\/departamentos\/recursos-humanos\/\" \/>\n<meta property=\"og:site_name\" content=\"City of Mishawaka\" \/>\n<meta property=\"article:modified_time\" content=\"2025-09-04T20:34:21+00:00\" \/>\n<meta property=\"og:image\" content=\"https:\/\/mishawaka.in.gov\/wp-content\/uploads\/2023\/01\/humanResources.jpg\" \/>\n\t<meta property=\"og:image:width\" content=\"1000\" \/>\n\t<meta property=\"og:image:height\" content=\"667\" \/>\n\t<meta property=\"og:image:type\" content=\"image\/jpeg\" \/>\n<meta name=\"twitter:card\" content=\"summary_large_image\" \/>\n<meta name=\"twitter:label1\" content=\"Tiempo de lectura\" \/>\n\t<meta name=\"twitter:data1\" content=\"2 minutos\" \/>\n<script type=\"application\/ld+json\" class=\"yoast-schema-graph\">{\"@context\":\"https:\/\/schema.org\",\"@graph\":[{\"@type\":\"WebPage\",\"@id\":\"https:\/\/mishawaka.in.gov\/government\/departments\/human-resources\/\",\"url\":\"https:\/\/mishawaka.in.gov\/government\/departments\/human-resources\/\",\"name\":\"Human Resources Department | City of Mishawaka\",\"isPartOf\":{\"@id\":\"https:\/\/mishawaka.in.gov\/#website\"},\"primaryImageOfPage\":{\"@id\":\"https:\/\/mishawaka.in.gov\/government\/departments\/human-resources\/#primaryimage\"},\"image\":{\"@id\":\"https:\/\/mishawaka.in.gov\/government\/departments\/human-resources\/#primaryimage\"},\"thumbnailUrl\":\"https:\/\/mishawaka.in.gov\/wp-content\/uploads\/2023\/01\/humanResources.jpg\",\"datePublished\":\"2022-10-27T19:46:22+00:00\",\"dateModified\":\"2025-09-04T20:34:21+00:00\",\"description\":\"The Human Resources Department provides professional support to all city departments. Learn more about recruitment, personnel policies and more.\",\"breadcrumb\":{\"@id\":\"https:\/\/mishawaka.in.gov\/government\/departments\/human-resources\/#breadcrumb\"},\"inLanguage\":\"es\",\"potentialAction\":[{\"@type\":\"ReadAction\",\"target\":[\"https:\/\/mishawaka.in.gov\/government\/departments\/human-resources\/\"]}]},{\"@type\":\"ImageObject\",\"inLanguage\":\"es\",\"@id\":\"https:\/\/mishawaka.in.gov\/government\/departments\/human-resources\/#primaryimage\",\"url\":\"https:\/\/mishawaka.in.gov\/wp-content\/uploads\/2023\/01\/humanResources.jpg\",\"contentUrl\":\"https:\/\/mishawaka.in.gov\/wp-content\/uploads\/2023\/01\/humanResources.jpg\",\"width\":1000,\"height\":667},{\"@type\":\"BreadcrumbList\",\"@id\":\"https:\/\/mishawaka.in.gov\/government\/departments\/human-resources\/#breadcrumb\",\"itemListElement\":[{\"@type\":\"ListItem\",\"position\":1,\"name\":\"Home\",\"item\":\"https:\/\/mishawaka.in.gov\/\"},{\"@type\":\"ListItem\",\"position\":2,\"name\":\"Government\",\"item\":\"https:\/\/mishawaka.in.gov\/government\/\"},{\"@type\":\"ListItem\",\"position\":3,\"name\":\"Departments\",\"item\":\"https:\/\/mishawaka.in.gov\/government\/departments\/\"},{\"@type\":\"ListItem\",\"position\":4,\"name\":\"Human Resources\"}]},{\"@type\":\"WebSite\",\"@id\":\"https:\/\/mishawaka.in.gov\/#website\",\"url\":\"https:\/\/mishawaka.in.gov\/\",\"name\":\"City of Mishawaka\",\"description\":\"The Best Hometown in America\",\"publisher\":{\"@id\":\"https:\/\/mishawaka.in.gov\/#organization\"},\"potentialAction\":[{\"@type\":\"SearchAction\",\"target\":{\"@type\":\"EntryPoint\",\"urlTemplate\":\"https:\/\/mishawaka.in.gov\/?s={search_term_string}\"},\"query-input\":{\"@type\":\"PropertyValueSpecification\",\"valueRequired\":true,\"valueName\":\"search_term_string\"}}],\"inLanguage\":\"es\"},{\"@type\":\"Organization\",\"@id\":\"https:\/\/mishawaka.in.gov\/#organization\",\"name\":\"City of Mishawaka\",\"url\":\"https:\/\/mishawaka.in.gov\/\",\"logo\":{\"@type\":\"ImageObject\",\"inLanguage\":\"es\",\"@id\":\"https:\/\/mishawaka.in.gov\/#\/schema\/logo\/image\/\",\"url\":\"\",\"contentUrl\":\"\",\"caption\":\"City of Mishawaka\"},\"image\":{\"@id\":\"https:\/\/mishawaka.in.gov\/#\/schema\/logo\/image\/\"}}]}<\/script>\n<!-- \/ Yoast SEO plugin. -->","yoast_head_json":{"title":"Departamento de Recursos Humanos | Ciudad de Mishawaka","description":"El Departamento de Recursos Humanos brinda apoyo profesional a todos los departamentos de la ciudad. Obtenga m\u00e1s informaci\u00f3n sobre contrataci\u00f3n, pol\u00edticas de personal y m\u00e1s.","robots":{"index":"index","follow":"follow","max-snippet":"max-snippet:-1","max-image-preview":"max-image-preview:large","max-video-preview":"max-video-preview:-1"},"canonical":"https:\/\/mishawaka.in.gov\/es\/gobierno\/departamentos\/recursos-humanos\/","og_locale":"es_ES","og_type":"article","og_title":"Human Resources Department | City of Mishawaka","og_description":"The Human Resources Department provides professional support to all city departments. Learn more about recruitment, personnel policies and more.","og_url":"https:\/\/mishawaka.in.gov\/es\/gobierno\/departamentos\/recursos-humanos\/","og_site_name":"City of Mishawaka","article_modified_time":"2025-09-04T20:34:21+00:00","og_image":[{"width":1000,"height":667,"url":"https:\/\/mishawaka.in.gov\/wp-content\/uploads\/2023\/01\/humanResources.jpg","type":"image\/jpeg"}],"twitter_card":"summary_large_image","twitter_misc":{"Tiempo de lectura":"2 minutos"},"schema":{"@context":"https:\/\/schema.org","@graph":[{"@type":"WebPage","@id":"https:\/\/mishawaka.in.gov\/government\/departments\/human-resources\/","url":"https:\/\/mishawaka.in.gov\/government\/departments\/human-resources\/","name":"Departamento de Recursos Humanos | Ciudad de Mishawaka","isPartOf":{"@id":"https:\/\/mishawaka.in.gov\/#website"},"primaryImageOfPage":{"@id":"https:\/\/mishawaka.in.gov\/government\/departments\/human-resources\/#primaryimage"},"image":{"@id":"https:\/\/mishawaka.in.gov\/government\/departments\/human-resources\/#primaryimage"},"thumbnailUrl":"https:\/\/mishawaka.in.gov\/wp-content\/uploads\/2023\/01\/humanResources.jpg","datePublished":"2022-10-27T19:46:22+00:00","dateModified":"2025-09-04T20:34:21+00:00","description":"El Departamento de Recursos Humanos brinda apoyo profesional a todos los departamentos de la ciudad. Obtenga m\u00e1s informaci\u00f3n sobre contrataci\u00f3n, pol\u00edticas de personal y m\u00e1s.","breadcrumb":{"@id":"https:\/\/mishawaka.in.gov\/government\/departments\/human-resources\/#breadcrumb"},"inLanguage":"es","potentialAction":[{"@type":"ReadAction","target":["https:\/\/mishawaka.in.gov\/government\/departments\/human-resources\/"]}]},{"@type":"ImageObject","inLanguage":"es","@id":"https:\/\/mishawaka.in.gov\/government\/departments\/human-resources\/#primaryimage","url":"https:\/\/mishawaka.in.gov\/wp-content\/uploads\/2023\/01\/humanResources.jpg","contentUrl":"https:\/\/mishawaka.in.gov\/wp-content\/uploads\/2023\/01\/humanResources.jpg","width":1000,"height":667},{"@type":"BreadcrumbList","@id":"https:\/\/mishawaka.in.gov\/government\/departments\/human-resources\/#breadcrumb","itemListElement":[{"@type":"ListItem","position":1,"name":"Home","item":"https:\/\/mishawaka.in.gov\/"},{"@type":"ListItem","position":2,"name":"Government","item":"https:\/\/mishawaka.in.gov\/government\/"},{"@type":"ListItem","position":3,"name":"Departments","item":"https:\/\/mishawaka.in.gov\/government\/departments\/"},{"@type":"ListItem","position":4,"name":"Human Resources"}]},{"@type":"WebSite","@id":"https:\/\/mishawaka.in.gov\/#website","url":"https:\/\/mishawaka.in.gov\/","name":"Ciudad de Mishawaka","description":"La mejor ciudad natal de Am\u00e9rica","publisher":{"@id":"https:\/\/mishawaka.in.gov\/#organization"},"potentialAction":[{"@type":"SearchAction","target":{"@type":"EntryPoint","urlTemplate":"https:\/\/mishawaka.in.gov\/?s={search_term_string}"},"query-input":{"@type":"PropertyValueSpecification","valueRequired":true,"valueName":"search_term_string"}}],"inLanguage":"es"},{"@type":"Organization","@id":"https:\/\/mishawaka.in.gov\/#organization","name":"Ciudad de Mishawaka","url":"https:\/\/mishawaka.in.gov\/","logo":{"@type":"ImageObject","inLanguage":"es","@id":"https:\/\/mishawaka.in.gov\/#\/schema\/logo\/image\/","url":"","contentUrl":"","caption":"City of Mishawaka"},"image":{"@id":"https:\/\/mishawaka.in.gov\/#\/schema\/logo\/image\/"}}]}},"ticketed":false,"_links":{"self":[{"href":"https:\/\/mishawaka.in.gov\/es\/wp-json\/wp\/v2\/pages\/439","targetHints":{"allow":["GET"]}}],"collection":[{"href":"https:\/\/mishawaka.in.gov\/es\/wp-json\/wp\/v2\/pages"}],"about":[{"href":"https:\/\/mishawaka.in.gov\/es\/wp-json\/wp\/v2\/types\/page"}],"author":[{"embeddable":true,"href":"https:\/\/mishawaka.in.gov\/es\/wp-json\/wp\/v2\/users\/1"}],"replies":[{"embeddable":true,"href":"https:\/\/mishawaka.in.gov\/es\/wp-json\/wp\/v2\/comments?post=439"}],"version-history":[{"count":0,"href":"https:\/\/mishawaka.in.gov\/es\/wp-json\/wp\/v2\/pages\/439\/revisions"}],"up":[{"embeddable":true,"href":"https:\/\/mishawaka.in.gov\/es\/wp-json\/wp\/v2\/pages\/160"}],"wp:featuredmedia":[{"embeddable":true,"href":"https:\/\/mishawaka.in.gov\/es\/wp-json\/wp\/v2\/media\/2107"}],"wp:attachment":[{"href":"https:\/\/mishawaka.in.gov\/es\/wp-json\/wp\/v2\/media?parent=439"}],"curies":[{"name":"wp","href":"https:\/\/api.w.org\/{rel}","templated":true}]}}