{"id":440,"date":"2022-10-27T19:46:47","date_gmt":"2022-10-27T19:46:47","guid":{"rendered":"https:\/\/comishawaka.wpengine.com\/?page_id=440"},"modified":"2023-09-12T12:19:36","modified_gmt":"2023-09-12T16:19:36","slug":"tecnologias-de-la-informacion","status":"publish","type":"page","link":"https:\/\/mishawaka.in.gov\/es\/gobierno\/departamentos\/tecnologias-de-la-informacion\/","title":{"rendered":"Tecnolog\u00edas de la informaci\u00f3n"},"content":{"rendered":"<div data-elementor-type=\"wp-page\" data-elementor-id=\"440\" class=\"elementor elementor-440\" data-elementor-post-type=\"page\">\n\t\t\t\t<div class=\"elementor-element elementor-element-50ec2ea e-flex e-con-boxed e-con e-parent\" data-id=\"50ec2ea\" data-element_type=\"container\" data-e-type=\"container\" data-settings=\"{&quot;background_background&quot;:&quot;classic&quot;}\">\n\t\t\t\t\t<div class=\"e-con-inner\">\n\t\t<div class=\"elementor-element elementor-element-d2975d0 e-con-full e-flex e-con e-child\" data-id=\"d2975d0\" data-element_type=\"container\" data-e-type=\"container\">\n\t\t\t\t<div class=\"elementor-element elementor-element-065cd49 elementor-widget elementor-widget-heading\" data-id=\"065cd49\" data-element_type=\"widget\" data-e-type=\"widget\" data-widget_type=\"heading.default\">\n\t\t\t\t<div class=\"elementor-widget-container\">\n\t\t\t\t\t<h2 class=\"elementor-heading-title elementor-size-default\">Servicios de TI centralizados para Mishawaka<\/h2>\t\t\t\t<\/div>\n\t\t\t\t<\/div>\n\t\t\t\t<div class=\"elementor-element elementor-element-82755d3 elementor-widget elementor-widget-text-editor\" data-id=\"82755d3\" data-element_type=\"widget\" data-e-type=\"widget\" data-widget_type=\"text-editor.default\">\n\t\t\t\t<div class=\"elementor-widget-container\">\n\t\t\t\t\t\t\t\t\t<p style=\"text-align: left;\">El Departamento de Tecnolog\u00eda de la Informaci\u00f3n es responsable de la supervisi\u00f3n de los extensos sistemas de informaci\u00f3n y redes de comunicaciones de la Ciudad, el acceso a los edificios y el control de la seguridad de los edificios y las propiedades de la Ciudad. A todo el personal se le proporciona soporte de usuario para computadoras de escritorio, impresoras y software. El Departamento tambi\u00e9n supervisa la tecnolog\u00eda utilizada en los departamentos de seguridad p\u00fablica de la Ciudad, incluidos la Polic\u00eda, Bomberos y EMS e incluye, entre otros, programaci\u00f3n de radio, soporte inform\u00e1tico en el veh\u00edculo y comunicaciones de la estaci\u00f3n.<\/p><p>Para m\u00e1s informaci\u00f3n, <a href=\"#IT-contact\">comun\u00edquese con el Departamento de Tecnolog\u00eda de la Informaci\u00f3n<\/a><\/p>\t\t\t\t\t\t\t\t<\/div>\n\t\t\t\t<\/div>\n\t\t\t\t<\/div>\n\t\t<div class=\"elementor-element elementor-element-8eb22a5 e-con-full e-flex e-con e-child\" data-id=\"8eb22a5\" data-element_type=\"container\" data-e-type=\"container\">\n\t\t\t\t<div class=\"elementor-element elementor-element-5849492 elementor-widget elementor-widget-image\" data-id=\"5849492\" data-element_type=\"widget\" data-e-type=\"widget\" data-widget_type=\"image.default\">\n\t\t\t\t<div class=\"elementor-widget-container\">\n\t\t\t\t\t\t\t\t\t\t\t\t\t\t\t<img fetchpriority=\"high\" decoding=\"async\" width=\"800\" height=\"534\" src=\"https:\/\/mishawaka.in.gov\/wp-content\/uploads\/2023\/01\/01-IT-Centralized-1024x683.jpg\" class=\"attachment-large size-large wp-image-1968\" alt=\"Law Department.\" srcset=\"https:\/\/mishawaka.in.gov\/wp-content\/uploads\/2023\/01\/01-IT-Centralized-1024x683.jpg 1024w, https:\/\/mishawaka.in.gov\/wp-content\/uploads\/2023\/01\/01-IT-Centralized-300x200.jpg 300w, https:\/\/mishawaka.in.gov\/wp-content\/uploads\/2023\/01\/01-IT-Centralized-768x512.jpg 768w, https:\/\/mishawaka.in.gov\/wp-content\/uploads\/2023\/01\/01-IT-Centralized.jpg 1200w\" sizes=\"(max-width: 800px) 100vw, 800px\" \/>\t\t\t\t\t\t\t\t\t\t\t\t\t\t\t<\/div>\n\t\t\t\t<\/div>\n\t\t\t\t<\/div>\n\t\t\t\t\t<\/div>\n\t\t\t\t<\/div>\n\t\t<div class=\"elementor-element elementor-element-7b6290e7 e-con-full e-flex e-con e-parent\" data-id=\"7b6290e7\" data-element_type=\"container\" data-e-type=\"container\">\n\t\t<div class=\"elementor-element elementor-element-3656f1f e-con-full e-flex e-con e-child\" data-id=\"3656f1f\" data-element_type=\"container\" data-e-type=\"container\" id=\"IT-contact\" data-settings=\"{&quot;background_background&quot;:&quot;classic&quot;}\">\n\t\t<div class=\"elementor-element elementor-element-5dc313b2 mw545 mLAuto e-flex e-con-boxed e-con e-child\" data-id=\"5dc313b2\" data-element_type=\"container\" data-e-type=\"container\">\n\t\t\t\t\t<div class=\"e-con-inner\">\n\t\t\t\t<div class=\"elementor-element elementor-element-5b28a30 elementor-widget elementor-widget-image\" data-id=\"5b28a30\" data-element_type=\"widget\" data-e-type=\"widget\" data-widget_type=\"image.default\">\n\t\t\t\t<div class=\"elementor-widget-container\">\n\t\t\t\t\t\t\t\t\t\t\t\t\t\t\t<img decoding=\"async\" width=\"512\" height=\"512\" src=\"https:\/\/mishawaka.in.gov\/wp-content\/uploads\/2022\/09\/city-of-mishawaka-2022-seal.png\" class=\"attachment-large size-large wp-image-43\" alt=\"Ciudad de Mishiwaka Indiana, la ciudad de la princesa establecida en 1833\" srcset=\"https:\/\/mishawaka.in.gov\/wp-content\/uploads\/2022\/09\/city-of-mishawaka-2022-seal.png 512w, https:\/\/mishawaka.in.gov\/wp-content\/uploads\/2022\/09\/city-of-mishawaka-2022-seal-300x300.png 300w, https:\/\/mishawaka.in.gov\/wp-content\/uploads\/2022\/09\/city-of-mishawaka-2022-seal-150x150.png 150w\" sizes=\"(max-width: 512px) 100vw, 512px\" \/>\t\t\t\t\t\t\t\t\t\t\t\t\t\t\t<\/div>\n\t\t\t\t<\/div>\n\t\t\t\t<div class=\"elementor-element elementor-element-53ed44c0 elementor-widget elementor-widget-heading\" data-id=\"53ed44c0\" data-element_type=\"widget\" data-e-type=\"widget\" data-widget_type=\"heading.default\">\n\t\t\t\t<div class=\"elementor-widget-container\">\n\t\t\t\t\t<h2 class=\"elementor-heading-title elementor-size-xl\">Informaci\u00f3n<br>\nTecnolog\u00eda<\/h2>\t\t\t\t<\/div>\n\t\t\t\t<\/div>\n\t\t\t\t<div class=\"elementor-element elementor-element-4f59c049 elementor-widget elementor-widget-text-editor\" data-id=\"4f59c049\" data-element_type=\"widget\" data-e-type=\"widget\" data-widget_type=\"text-editor.default\">\n\t\t\t\t<div class=\"elementor-widget-container\">\n\t\t\t\t\t\t\t\t\t<p><a href=\"https:\/\/goo.gl\/maps\/gf8quut5nbhCw6Ya6\">100 lincolnway oeste,<br \/>Mishawaka, EN 46544<\/a><br \/>Tel\u00e9fono: <a href=\"tel:5742581783\">(574) 258-1783<\/a><br \/><a href=\"mailto:informationtechnology@mishawaka.in.gov\">Env\u00edenos un correo electr\u00f3nico<\/a><\/p><p><strong>Director:<\/strong> <a href=\"mailto:phopson@mishawaka.in.gov\">phil hopson<\/a><\/p><p>Lunes \u2013 Viernes, 8:30 am \u2013 4:45 pm<\/p>\t\t\t\t\t\t\t\t<\/div>\n\t\t\t\t<\/div>\n\t\t\t\t\t<\/div>\n\t\t\t\t<\/div>\n\t\t\t\t<\/div>\n\t\t<div class=\"elementor-element elementor-element-25fc3bbb e-con-full e-flex e-con e-child\" data-id=\"25fc3bbb\" data-element_type=\"container\" data-e-type=\"container\">\n\t\t\t\t<div class=\"elementor-element elementor-element-6916e01f elementor-widget elementor-widget-google_maps\" data-id=\"6916e01f\" data-element_type=\"widget\" data-e-type=\"widget\" data-widget_type=\"google_maps.default\">\n\t\t\t\t<div class=\"elementor-widget-container\">\n\t\t\t\t\t\t\t<div class=\"elementor-custom-embed\">\n\t\t\t<iframe loading=\"lazy\"\n\t\t\t\t\tsrc=\"https:\/\/www.google.com\/maps\/embed\/v1\/place?key=AIzaSyDqr6Gp6rKux3KBJ7nYE_4yGVJ4qaWCoJs&#038;q=100%20Lincolnway%20West%2C%20Mishawaka%2C%20IN%2046544&#038;zoom=14\"\n\t\t\t\t\ttitle=\"100 Lincolnway Oeste, Mishawaka, IN 46544\"\n\t\t\t\t\taria-label=\"100 Lincolnway Oeste, Mishawaka, IN 46544\"\n\t\t\t><\/iframe>\n\t\t<\/div>\n\t\t\t\t\t\t<\/div>\n\t\t\t\t<\/div>\n\t\t\t\t<\/div>\n\t\t\t\t<\/div>\n\t\t\t\t<\/div>","protected":false},"excerpt":{"rendered":"<p>El Departamento de Tecnolog\u00eda de la Informaci\u00f3n (TI) proporciona servicios de TI centralizados a todos los departamentos de la ciudad de Mishawaka.<\/p>","protected":false},"author":1,"featured_media":500,"parent":160,"menu_order":38,"comment_status":"closed","ping_status":"closed","template":"","meta":{"_acf_changed":false,"_price":"","_stock":"","_tribe_ticket_header":"","_tribe_default_ticket_provider":"","_tribe_ticket_capacity":"0","_ticket_start_date":"","_ticket_end_date":"","_tribe_ticket_show_description":"","_tribe_ticket_show_not_going":false,"_tribe_ticket_use_global_stock":"","_tribe_ticket_global_stock_level":"","_global_stock_mode":"","_global_stock_cap":"","_tribe_rsvp_for_event":"","_tribe_ticket_going_count":"","_tribe_ticket_not_going_count":"","_tribe_tickets_list":"[]","_tribe_ticket_has_attendee_info_fields":false,"footnotes":"","_tec_slr_enabled":"","_tec_slr_layout":""},"class_list":["post-440","page","type-page","status-publish","has-post-thumbnail","hentry"],"acf":[],"yoast_head":"<!-- This site is optimized with the Yoast SEO plugin v27.1.1 - https:\/\/yoast.com\/product\/yoast-seo-wordpress\/ -->\n<title>Information Technology Department | City of Mishawaka<\/title>\n<meta name=\"description\" content=\"Mishawaka\u2019s IT Department oversees and manages data and electronics for all city employees and departments. Learn more about the department.\" \/>\n<meta name=\"robots\" content=\"index, follow, max-snippet:-1, max-image-preview:large, max-video-preview:-1\" \/>\n<link rel=\"canonical\" href=\"https:\/\/mishawaka.in.gov\/es\/gobierno\/departamentos\/tecnologias-de-la-informacion\/\" \/>\n<meta property=\"og:locale\" content=\"es_ES\" \/>\n<meta property=\"og:type\" content=\"article\" \/>\n<meta property=\"og:title\" content=\"Information Technology Department | City of Mishawaka\" \/>\n<meta property=\"og:description\" content=\"Mishawaka\u2019s IT Department oversees and manages data and electronics for all city employees and departments. Learn more about the department.\" \/>\n<meta property=\"og:url\" content=\"https:\/\/mishawaka.in.gov\/es\/gobierno\/departamentos\/tecnologias-de-la-informacion\/\" \/>\n<meta property=\"og:site_name\" content=\"City of Mishawaka\" \/>\n<meta property=\"article:modified_time\" content=\"2023-09-12T16:19:36+00:00\" \/>\n<meta property=\"og:image\" content=\"https:\/\/mishawaka.in.gov\/wp-content\/uploads\/2022\/11\/12-Departments-IT.jpg\" \/>\n\t<meta property=\"og:image:width\" content=\"1200\" \/>\n\t<meta property=\"og:image:height\" content=\"800\" \/>\n\t<meta property=\"og:image:type\" content=\"image\/jpeg\" \/>\n<meta name=\"twitter:card\" content=\"summary_large_image\" \/>\n<meta name=\"twitter:label1\" content=\"Tiempo de lectura\" \/>\n\t<meta name=\"twitter:data1\" content=\"1 minuto\" \/>\n<script type=\"application\/ld+json\" class=\"yoast-schema-graph\">{\"@context\":\"https:\/\/schema.org\",\"@graph\":[{\"@type\":\"WebPage\",\"@id\":\"https:\/\/mishawaka.in.gov\/government\/departments\/information-technology\/\",\"url\":\"https:\/\/mishawaka.in.gov\/government\/departments\/information-technology\/\",\"name\":\"Information Technology Department | City of Mishawaka\",\"isPartOf\":{\"@id\":\"https:\/\/mishawaka.in.gov\/#website\"},\"primaryImageOfPage\":{\"@id\":\"https:\/\/mishawaka.in.gov\/government\/departments\/information-technology\/#primaryimage\"},\"image\":{\"@id\":\"https:\/\/mishawaka.in.gov\/government\/departments\/information-technology\/#primaryimage\"},\"thumbnailUrl\":\"https:\/\/mishawaka.in.gov\/wp-content\/uploads\/2022\/11\/12-Departments-IT.jpg\",\"datePublished\":\"2022-10-27T19:46:47+00:00\",\"dateModified\":\"2023-09-12T16:19:36+00:00\",\"description\":\"Mishawaka\u2019s IT Department oversees and manages data and electronics for all city employees and departments. Learn more about the department.\",\"breadcrumb\":{\"@id\":\"https:\/\/mishawaka.in.gov\/government\/departments\/information-technology\/#breadcrumb\"},\"inLanguage\":\"es\",\"potentialAction\":[{\"@type\":\"ReadAction\",\"target\":[\"https:\/\/mishawaka.in.gov\/government\/departments\/information-technology\/\"]}]},{\"@type\":\"ImageObject\",\"inLanguage\":\"es\",\"@id\":\"https:\/\/mishawaka.in.gov\/government\/departments\/information-technology\/#primaryimage\",\"url\":\"https:\/\/mishawaka.in.gov\/wp-content\/uploads\/2022\/11\/12-Departments-IT.jpg\",\"contentUrl\":\"https:\/\/mishawaka.in.gov\/wp-content\/uploads\/2022\/11\/12-Departments-IT.jpg\",\"width\":1200,\"height\":800,\"caption\":\"IT Worker.\"},{\"@type\":\"BreadcrumbList\",\"@id\":\"https:\/\/mishawaka.in.gov\/government\/departments\/information-technology\/#breadcrumb\",\"itemListElement\":[{\"@type\":\"ListItem\",\"position\":1,\"name\":\"Home\",\"item\":\"https:\/\/mishawaka.in.gov\/\"},{\"@type\":\"ListItem\",\"position\":2,\"name\":\"Government\",\"item\":\"https:\/\/mishawaka.in.gov\/government\/\"},{\"@type\":\"ListItem\",\"position\":3,\"name\":\"Departments\",\"item\":\"https:\/\/mishawaka.in.gov\/government\/departments\/\"},{\"@type\":\"ListItem\",\"position\":4,\"name\":\"Information Technology\"}]},{\"@type\":\"WebSite\",\"@id\":\"https:\/\/mishawaka.in.gov\/#website\",\"url\":\"https:\/\/mishawaka.in.gov\/\",\"name\":\"City of Mishawaka\",\"description\":\"The Best Hometown in America\",\"publisher\":{\"@id\":\"https:\/\/mishawaka.in.gov\/#organization\"},\"potentialAction\":[{\"@type\":\"SearchAction\",\"target\":{\"@type\":\"EntryPoint\",\"urlTemplate\":\"https:\/\/mishawaka.in.gov\/?s={search_term_string}\"},\"query-input\":{\"@type\":\"PropertyValueSpecification\",\"valueRequired\":true,\"valueName\":\"search_term_string\"}}],\"inLanguage\":\"es\"},{\"@type\":\"Organization\",\"@id\":\"https:\/\/mishawaka.in.gov\/#organization\",\"name\":\"City of Mishawaka\",\"url\":\"https:\/\/mishawaka.in.gov\/\",\"logo\":{\"@type\":\"ImageObject\",\"inLanguage\":\"es\",\"@id\":\"https:\/\/mishawaka.in.gov\/#\/schema\/logo\/image\/\",\"url\":\"\",\"contentUrl\":\"\",\"caption\":\"City of Mishawaka\"},\"image\":{\"@id\":\"https:\/\/mishawaka.in.gov\/#\/schema\/logo\/image\/\"}}]}<\/script>\n<!-- \/ Yoast SEO plugin. -->","yoast_head_json":{"title":"Departamento de Tecnolog\u00edas de la Informaci\u00f3n | Ciudad de Mishawaka","description":"El Departamento de TI de Mishawaka supervisa y administra los datos y la electr\u00f3nica de todos los empleados y departamentos de la ciudad. Obtenga m\u00e1s informaci\u00f3n sobre el departamento.","robots":{"index":"index","follow":"follow","max-snippet":"max-snippet:-1","max-image-preview":"max-image-preview:large","max-video-preview":"max-video-preview:-1"},"canonical":"https:\/\/mishawaka.in.gov\/es\/gobierno\/departamentos\/tecnologias-de-la-informacion\/","og_locale":"es_ES","og_type":"article","og_title":"Information Technology Department | City of Mishawaka","og_description":"Mishawaka\u2019s IT Department oversees and manages data and electronics for all city employees and departments. Learn more about the department.","og_url":"https:\/\/mishawaka.in.gov\/es\/gobierno\/departamentos\/tecnologias-de-la-informacion\/","og_site_name":"City of Mishawaka","article_modified_time":"2023-09-12T16:19:36+00:00","og_image":[{"width":1200,"height":800,"url":"https:\/\/mishawaka.in.gov\/wp-content\/uploads\/2022\/11\/12-Departments-IT.jpg","type":"image\/jpeg"}],"twitter_card":"summary_large_image","twitter_misc":{"Tiempo de lectura":"1 minuto"},"schema":{"@context":"https:\/\/schema.org","@graph":[{"@type":"WebPage","@id":"https:\/\/mishawaka.in.gov\/government\/departments\/information-technology\/","url":"https:\/\/mishawaka.in.gov\/government\/departments\/information-technology\/","name":"Departamento de Tecnolog\u00edas de la Informaci\u00f3n | Ciudad de Mishawaka","isPartOf":{"@id":"https:\/\/mishawaka.in.gov\/#website"},"primaryImageOfPage":{"@id":"https:\/\/mishawaka.in.gov\/government\/departments\/information-technology\/#primaryimage"},"image":{"@id":"https:\/\/mishawaka.in.gov\/government\/departments\/information-technology\/#primaryimage"},"thumbnailUrl":"https:\/\/mishawaka.in.gov\/wp-content\/uploads\/2022\/11\/12-Departments-IT.jpg","datePublished":"2022-10-27T19:46:47+00:00","dateModified":"2023-09-12T16:19:36+00:00","description":"El Departamento de TI de Mishawaka supervisa y administra los datos y la electr\u00f3nica de todos los empleados y departamentos de la ciudad. Obtenga m\u00e1s informaci\u00f3n sobre el departamento.","breadcrumb":{"@id":"https:\/\/mishawaka.in.gov\/government\/departments\/information-technology\/#breadcrumb"},"inLanguage":"es","potentialAction":[{"@type":"ReadAction","target":["https:\/\/mishawaka.in.gov\/government\/departments\/information-technology\/"]}]},{"@type":"ImageObject","inLanguage":"es","@id":"https:\/\/mishawaka.in.gov\/government\/departments\/information-technology\/#primaryimage","url":"https:\/\/mishawaka.in.gov\/wp-content\/uploads\/2022\/11\/12-Departments-IT.jpg","contentUrl":"https:\/\/mishawaka.in.gov\/wp-content\/uploads\/2022\/11\/12-Departments-IT.jpg","width":1200,"height":800,"caption":"IT Worker."},{"@type":"BreadcrumbList","@id":"https:\/\/mishawaka.in.gov\/government\/departments\/information-technology\/#breadcrumb","itemListElement":[{"@type":"ListItem","position":1,"name":"Home","item":"https:\/\/mishawaka.in.gov\/"},{"@type":"ListItem","position":2,"name":"Government","item":"https:\/\/mishawaka.in.gov\/government\/"},{"@type":"ListItem","position":3,"name":"Departments","item":"https:\/\/mishawaka.in.gov\/government\/departments\/"},{"@type":"ListItem","position":4,"name":"Information Technology"}]},{"@type":"WebSite","@id":"https:\/\/mishawaka.in.gov\/#website","url":"https:\/\/mishawaka.in.gov\/","name":"Ciudad de Mishawaka","description":"La mejor ciudad natal de Am\u00e9rica","publisher":{"@id":"https:\/\/mishawaka.in.gov\/#organization"},"potentialAction":[{"@type":"SearchAction","target":{"@type":"EntryPoint","urlTemplate":"https:\/\/mishawaka.in.gov\/?s={search_term_string}"},"query-input":{"@type":"PropertyValueSpecification","valueRequired":true,"valueName":"search_term_string"}}],"inLanguage":"es"},{"@type":"Organization","@id":"https:\/\/mishawaka.in.gov\/#organization","name":"Ciudad de Mishawaka","url":"https:\/\/mishawaka.in.gov\/","logo":{"@type":"ImageObject","inLanguage":"es","@id":"https:\/\/mishawaka.in.gov\/#\/schema\/logo\/image\/","url":"","contentUrl":"","caption":"City of Mishawaka"},"image":{"@id":"https:\/\/mishawaka.in.gov\/#\/schema\/logo\/image\/"}}]}},"ticketed":false,"_links":{"self":[{"href":"https:\/\/mishawaka.in.gov\/es\/wp-json\/wp\/v2\/pages\/440","targetHints":{"allow":["GET"]}}],"collection":[{"href":"https:\/\/mishawaka.in.gov\/es\/wp-json\/wp\/v2\/pages"}],"about":[{"href":"https:\/\/mishawaka.in.gov\/es\/wp-json\/wp\/v2\/types\/page"}],"author":[{"embeddable":true,"href":"https:\/\/mishawaka.in.gov\/es\/wp-json\/wp\/v2\/users\/1"}],"replies":[{"embeddable":true,"href":"https:\/\/mishawaka.in.gov\/es\/wp-json\/wp\/v2\/comments?post=440"}],"version-history":[{"count":0,"href":"https:\/\/mishawaka.in.gov\/es\/wp-json\/wp\/v2\/pages\/440\/revisions"}],"up":[{"embeddable":true,"href":"https:\/\/mishawaka.in.gov\/es\/wp-json\/wp\/v2\/pages\/160"}],"wp:featuredmedia":[{"embeddable":true,"href":"https:\/\/mishawaka.in.gov\/es\/wp-json\/wp\/v2\/media\/500"}],"wp:attachment":[{"href":"https:\/\/mishawaka.in.gov\/es\/wp-json\/wp\/v2\/media?parent=440"}],"curies":[{"name":"wp","href":"https:\/\/api.w.org\/{rel}","templated":true}]}}