{"id":474,"date":"2022-11-04T20:17:35","date_gmt":"2022-11-04T20:17:35","guid":{"rendered":"https:\/\/comishawaka.wpengine.com\/?page_id=474"},"modified":"2025-10-31T13:09:46","modified_gmt":"2025-10-31T17:09:46","slug":"denunciar-una-infraccion","status":"publish","type":"page","link":"https:\/\/mishawaka.in.gov\/es\/gobierno\/departamentos\/aplicacion-de-codigo\/denunciar-una-infraccion\/","title":{"rendered":"Informar una infracci\u00f3n"},"content":{"rendered":"<div data-elementor-type=\"wp-page\" data-elementor-id=\"474\" class=\"elementor elementor-474\" data-elementor-post-type=\"page\">\n\t\t\t\t<div class=\"elementor-element elementor-element-25b2393 e-flex e-con-boxed e-con e-parent\" data-id=\"25b2393\" data-element_type=\"container\" data-e-type=\"container\" data-settings=\"{&quot;background_background&quot;:&quot;classic&quot;}\">\n\t\t\t\t\t<div class=\"e-con-inner\">\n\t\t<div class=\"elementor-element elementor-element-6290b60 e-con-full e-flex e-con e-child\" data-id=\"6290b60\" data-element_type=\"container\" data-e-type=\"container\">\n\t\t\t\t<div class=\"elementor-element elementor-element-2d5ff51 elementor-widget elementor-widget-heading\" data-id=\"2d5ff51\" data-element_type=\"widget\" data-e-type=\"widget\" data-widget_type=\"heading.default\">\n\t\t\t\t<div class=\"elementor-widget-container\">\n\t\t\t\t\t<h2 class=\"elementor-heading-title elementor-size-default\">H\u00e1ganos saber c\u00f3mo podemos ayudar<\/h2>\t\t\t\t<\/div>\n\t\t\t\t<\/div>\n\t\t\t\t<div class=\"elementor-element elementor-element-240ad3d elementor-widget elementor-widget-text-editor\" data-id=\"240ad3d\" data-element_type=\"widget\" data-e-type=\"widget\" data-widget_type=\"text-editor.default\">\n\t\t\t\t<div class=\"elementor-widget-container\">\n\t\t\t\t\t\t\t\t\t<p>\u00bfVes algo en nuestra ciudad que podr\u00eda necesitar nuestra ayuda? Reporte una violaci\u00f3n al Departamento de Cumplimiento de C\u00f3digos. Puede denunciar una infracci\u00f3n de varias formas:<\/p><ul><li><a href=\"\/es\/nuestra-comunidad\/residentes\/servicios-residenciales\/reportar-un-problema\/\">Reportar un problema en l\u00ednea<\/a><\/li><li>Tel\u00e9fono: <a href=\"tel:5742581612\">574-258-1612<\/a><\/li><li>Fax: 574-258-1713<\/li><li>Env\u00edenos un correo electr\u00f3nico: <a href=\"mailto:jvannevel@mishawaka.in.gov?subject=Reporting a Violation\">codeenforcement@mishawaka.in.gov<\/a><\/li><\/ul>\t\t\t\t\t\t\t\t<\/div>\n\t\t\t\t<\/div>\n\t\t\t\t<div class=\"elementor-element elementor-element-f823c5e elementor-widget elementor-widget-text-editor\" data-id=\"f823c5e\" data-element_type=\"widget\" data-e-type=\"widget\" data-widget_type=\"text-editor.default\">\n\t\t\t\t<div class=\"elementor-widget-container\">\n\t\t\t\t\t\t\t\t\t<p>Aseg\u00farese de proporcionar la <strong>direcci\u00f3n completa de la calle<\/strong> o <strong>ubicaci\u00f3n en la calle transversal<\/strong>, <strong>tipo de queja <\/strong>(es decir, cerco que cae, vegetaci\u00f3n alta, letrero ilegal, etc.) y cualquier otra informaci\u00f3n que pueda ser \u00fatil para un oficial de cumplimiento de c\u00f3digos.<\/p><p>Para permanecer en el anonimato al denunciar una infracci\u00f3n, comun\u00edquese con su inquietud o use el\u00a0<a href=\"\/es\/nuestra-comunidad\/residentes\/servicios-residenciales\/reportar-un-problema\/\">Reportar un problema<\/a>\u00a0funci\u00f3n en nuestro sitio web. Esto le permitir\u00e1 agregar una infracci\u00f3n sin dar un nombre y un n\u00famero de tel\u00e9fono. Tenga en cuenta que los correos electr\u00f3nicos no son an\u00f3nimos ya que contienen la direcci\u00f3n de correo electr\u00f3nico del remitente.<\/p><p>Comun\u00edquese con el Departamento de Cumplimiento del C\u00f3digo para obtener m\u00e1s informaci\u00f3n y preguntas.<\/p>\t\t\t\t\t\t\t\t<\/div>\n\t\t\t\t<\/div>\n\t\t\t\t<\/div>\n\t\t\t\t\t<\/div>\n\t\t\t\t<\/div>\n\t\t<div class=\"elementor-element elementor-element-7b6290e7 e-con-full e-flex e-con e-parent\" data-id=\"7b6290e7\" data-element_type=\"container\" data-e-type=\"container\">\n\t\t<div class=\"elementor-element elementor-element-3656f1f e-con-full e-flex e-con e-child\" data-id=\"3656f1f\" data-element_type=\"container\" data-e-type=\"container\" data-settings=\"{&quot;background_background&quot;:&quot;classic&quot;}\">\n\t\t<div class=\"elementor-element elementor-element-5dc313b2 mw545 mLAuto e-flex e-con-boxed e-con e-child\" data-id=\"5dc313b2\" data-element_type=\"container\" data-e-type=\"container\">\n\t\t\t\t\t<div class=\"e-con-inner\">\n\t\t\t\t<div class=\"elementor-element elementor-element-5b28a30 elementor-widget elementor-widget-image\" data-id=\"5b28a30\" data-element_type=\"widget\" data-e-type=\"widget\" data-widget_type=\"image.default\">\n\t\t\t\t<div class=\"elementor-widget-container\">\n\t\t\t\t\t\t\t\t\t\t\t\t\t\t\t<img fetchpriority=\"high\" decoding=\"async\" width=\"512\" height=\"512\" src=\"https:\/\/mishawaka.in.gov\/wp-content\/uploads\/2022\/09\/city-of-mishawaka-2022-seal.png\" class=\"attachment-large size-large wp-image-43\" alt=\"Ciudad de Mishiwaka Indiana, la ciudad de la princesa establecida en 1833\" srcset=\"https:\/\/mishawaka.in.gov\/wp-content\/uploads\/2022\/09\/city-of-mishawaka-2022-seal.png 512w, https:\/\/mishawaka.in.gov\/wp-content\/uploads\/2022\/09\/city-of-mishawaka-2022-seal-300x300.png 300w, https:\/\/mishawaka.in.gov\/wp-content\/uploads\/2022\/09\/city-of-mishawaka-2022-seal-150x150.png 150w\" sizes=\"(max-width: 512px) 100vw, 512px\" \/>\t\t\t\t\t\t\t\t\t\t\t\t\t\t\t<\/div>\n\t\t\t\t<\/div>\n\t\t\t\t<div class=\"elementor-element elementor-element-53ed44c0 elementor-widget elementor-widget-heading\" data-id=\"53ed44c0\" data-element_type=\"widget\" data-e-type=\"widget\" data-widget_type=\"heading.default\">\n\t\t\t\t<div class=\"elementor-widget-container\">\n\t\t\t\t\t<h2 class=\"elementor-heading-title elementor-size-xl\">Cumplimiento del C\u00f3digo<\/h2>\t\t\t\t<\/div>\n\t\t\t\t<\/div>\n\t\t\t\t<div class=\"elementor-element elementor-element-4f59c049 elementor-widget__width-initial elementor-widget elementor-widget-text-editor\" data-id=\"4f59c049\" data-element_type=\"widget\" data-e-type=\"widget\" data-widget_type=\"text-editor.default\">\n\t\t\t\t<div class=\"elementor-widget-container\">\n\t\t\t\t\t\t\t\t\t<p><a href=\"https:\/\/goo.gl\/maps\/gf8quut5nbhCw6Ya6\">100 lincolnway oeste,<br \/>Mishawaka, EN 46544<\/a><br \/>Tel\u00e9fono: <a href=\"tel:5742581612\">(574) 258-1612<\/a><br \/>Fax: (574) 258-1713<br \/>Correo electr\u00f3nico: <a href=\"mailto:codeenforcement@mishawaka.in.gov\">codeenforcement@mishawaka.in.gov<\/a><\/p><p>Lunes \u2013 Viernes, 8:30 am \u2013 4:45 pm<\/p><p><strong>Director: <\/strong><a href=\"mailto:kwitkowski@mishawaka.in.gov\" target=\"_blank\" rel=\"noopener\">Ken Witkowski Jr.<\/a><\/p><p><strong>Inspector de Pesos y Medidas:<\/strong><br \/><a href=\"mailto:rshields@mishawaka.in.gov\">Roger escudos <\/a><br \/>Tel\u00e9fono:\u00a0<a href=\"tel:5742581668\">574-258-1668<\/a><\/p>\t\t\t\t\t\t\t\t<\/div>\n\t\t\t\t<\/div>\n\t\t\t\t\t<\/div>\n\t\t\t\t<\/div>\n\t\t\t\t<\/div>\n\t\t<div class=\"elementor-element elementor-element-25fc3bbb e-con-full e-flex e-con e-child\" data-id=\"25fc3bbb\" data-element_type=\"container\" data-e-type=\"container\">\n\t\t\t\t<div class=\"elementor-element elementor-element-6916e01f elementor-widget elementor-widget-google_maps\" data-id=\"6916e01f\" data-element_type=\"widget\" data-e-type=\"widget\" data-widget_type=\"google_maps.default\">\n\t\t\t\t<div class=\"elementor-widget-container\">\n\t\t\t\t\t\t\t<div class=\"elementor-custom-embed\">\n\t\t\t<iframe loading=\"lazy\"\n\t\t\t\t\tsrc=\"https:\/\/www.google.com\/maps\/embed\/v1\/place?key=AIzaSyDqr6Gp6rKux3KBJ7nYE_4yGVJ4qaWCoJs&#038;q=100%20Lincolnway%20West%2C%20Mishawaka%2C%20IN%2046544&#038;zoom=14\"\n\t\t\t\t\ttitle=\"100 Lincolnway Oeste, Mishawaka, IN 46544\"\n\t\t\t\t\taria-label=\"100 Lincolnway Oeste, Mishawaka, IN 46544\"\n\t\t\t><\/iframe>\n\t\t<\/div>\n\t\t\t\t\t\t<\/div>\n\t\t\t\t<\/div>\n\t\t\t\t<\/div>\n\t\t\t\t<\/div>\n\t\t\t\t<\/div>","protected":false},"excerpt":{"rendered":"<p>Este departamento es responsable del mantenimiento de nuestra ciudad. Se encarga del mantenimiento de calles, servicios de temporada y m\u00e1s. <\/p>","protected":false},"author":1,"featured_media":0,"parent":435,"menu_order":32,"comment_status":"closed","ping_status":"closed","template":"","meta":{"_acf_changed":false,"_price":"","_stock":"","_tribe_ticket_header":"","_tribe_default_ticket_provider":"","_tribe_ticket_capacity":"0","_ticket_start_date":"","_ticket_end_date":"","_tribe_ticket_show_description":"","_tribe_ticket_show_not_going":false,"_tribe_ticket_use_global_stock":"","_tribe_ticket_global_stock_level":"","_global_stock_mode":"","_global_stock_cap":"","_tribe_rsvp_for_event":"","_tribe_ticket_going_count":"","_tribe_ticket_not_going_count":"","_tribe_tickets_list":"[]","_tribe_ticket_has_attendee_info_fields":false,"footnotes":"","_tec_slr_enabled":"","_tec_slr_layout":""},"class_list":["post-474","page","type-page","status-publish","hentry"],"acf":[],"yoast_head":"<!-- This site is optimized with the Yoast SEO plugin v27.1.1 - https:\/\/yoast.com\/product\/yoast-seo-wordpress\/ -->\n<title>Report a Violation | Government | City of Mishawaka<\/title>\n<meta name=\"description\" content=\"Do you need to report a code violation? Reach out today to our Department of Code Enforcement.\" \/>\n<meta name=\"robots\" content=\"index, follow, max-snippet:-1, max-image-preview:large, max-video-preview:-1\" \/>\n<link rel=\"canonical\" href=\"https:\/\/mishawaka.in.gov\/es\/gobierno\/departamentos\/aplicacion-de-codigo\/denunciar-una-infraccion\/\" \/>\n<meta property=\"og:locale\" content=\"es_ES\" \/>\n<meta property=\"og:type\" content=\"article\" \/>\n<meta property=\"og:title\" content=\"Report a Violation | Government | City of Mishawaka\" \/>\n<meta property=\"og:description\" content=\"Do you need to report a code violation? Reach out today to our Department of Code Enforcement.\" \/>\n<meta property=\"og:url\" content=\"https:\/\/mishawaka.in.gov\/es\/gobierno\/departamentos\/aplicacion-de-codigo\/denunciar-una-infraccion\/\" \/>\n<meta property=\"og:site_name\" content=\"City of Mishawaka\" \/>\n<meta property=\"article:modified_time\" content=\"2025-10-31T17:09:46+00:00\" \/>\n<meta property=\"og:image\" content=\"https:\/\/mishawaka.in.gov\/wp-content\/uploads\/2022\/09\/city-of-mishawaka-2022-seal.png\" \/>\n<meta name=\"twitter:card\" content=\"summary_large_image\" \/>\n<meta name=\"twitter:label1\" content=\"Tiempo de lectura\" \/>\n\t<meta name=\"twitter:data1\" content=\"2 minutos\" \/>\n<script type=\"application\/ld+json\" class=\"yoast-schema-graph\">{\"@context\":\"https:\/\/schema.org\",\"@graph\":[{\"@type\":\"WebPage\",\"@id\":\"https:\/\/mishawaka.in.gov\/government\/departments\/code-enforcement\/report-a-violation\/\",\"url\":\"https:\/\/mishawaka.in.gov\/government\/departments\/code-enforcement\/report-a-violation\/\",\"name\":\"Report a Violation | Government | City of Mishawaka\",\"isPartOf\":{\"@id\":\"https:\/\/mishawaka.in.gov\/#website\"},\"primaryImageOfPage\":{\"@id\":\"https:\/\/mishawaka.in.gov\/government\/departments\/code-enforcement\/report-a-violation\/#primaryimage\"},\"image\":{\"@id\":\"https:\/\/mishawaka.in.gov\/government\/departments\/code-enforcement\/report-a-violation\/#primaryimage\"},\"thumbnailUrl\":\"https:\/\/mishawaka.in.gov\/wp-content\/uploads\/2022\/09\/city-of-mishawaka-2022-seal.png\",\"datePublished\":\"2022-11-04T20:17:35+00:00\",\"dateModified\":\"2025-10-31T17:09:46+00:00\",\"description\":\"Do you need to report a code violation? Reach out today to our Department of Code Enforcement.\",\"breadcrumb\":{\"@id\":\"https:\/\/mishawaka.in.gov\/government\/departments\/code-enforcement\/report-a-violation\/#breadcrumb\"},\"inLanguage\":\"es\",\"potentialAction\":[{\"@type\":\"ReadAction\",\"target\":[\"https:\/\/mishawaka.in.gov\/government\/departments\/code-enforcement\/report-a-violation\/\"]}]},{\"@type\":\"ImageObject\",\"inLanguage\":\"es\",\"@id\":\"https:\/\/mishawaka.in.gov\/government\/departments\/code-enforcement\/report-a-violation\/#primaryimage\",\"url\":\"https:\/\/mishawaka.in.gov\/wp-content\/uploads\/2022\/09\/city-of-mishawaka-2022-seal.png\",\"contentUrl\":\"https:\/\/mishawaka.in.gov\/wp-content\/uploads\/2022\/09\/city-of-mishawaka-2022-seal.png\"},{\"@type\":\"BreadcrumbList\",\"@id\":\"https:\/\/mishawaka.in.gov\/government\/departments\/code-enforcement\/report-a-violation\/#breadcrumb\",\"itemListElement\":[{\"@type\":\"ListItem\",\"position\":1,\"name\":\"Home\",\"item\":\"https:\/\/mishawaka.in.gov\/\"},{\"@type\":\"ListItem\",\"position\":2,\"name\":\"Government\",\"item\":\"https:\/\/mishawaka.in.gov\/government\/\"},{\"@type\":\"ListItem\",\"position\":3,\"name\":\"Departments\",\"item\":\"https:\/\/mishawaka.in.gov\/government\/departments\/\"},{\"@type\":\"ListItem\",\"position\":4,\"name\":\"Code Enforcement\",\"item\":\"https:\/\/mishawaka.in.gov\/government\/departments\/code-enforcement\/\"},{\"@type\":\"ListItem\",\"position\":5,\"name\":\"Report A Violation\"}]},{\"@type\":\"WebSite\",\"@id\":\"https:\/\/mishawaka.in.gov\/#website\",\"url\":\"https:\/\/mishawaka.in.gov\/\",\"name\":\"City of Mishawaka\",\"description\":\"The Best Hometown in America\",\"publisher\":{\"@id\":\"https:\/\/mishawaka.in.gov\/#organization\"},\"potentialAction\":[{\"@type\":\"SearchAction\",\"target\":{\"@type\":\"EntryPoint\",\"urlTemplate\":\"https:\/\/mishawaka.in.gov\/?s={search_term_string}\"},\"query-input\":{\"@type\":\"PropertyValueSpecification\",\"valueRequired\":true,\"valueName\":\"search_term_string\"}}],\"inLanguage\":\"es\"},{\"@type\":\"Organization\",\"@id\":\"https:\/\/mishawaka.in.gov\/#organization\",\"name\":\"City of Mishawaka\",\"url\":\"https:\/\/mishawaka.in.gov\/\",\"logo\":{\"@type\":\"ImageObject\",\"inLanguage\":\"es\",\"@id\":\"https:\/\/mishawaka.in.gov\/#\/schema\/logo\/image\/\",\"url\":\"\",\"contentUrl\":\"\",\"caption\":\"City of Mishawaka\"},\"image\":{\"@id\":\"https:\/\/mishawaka.in.gov\/#\/schema\/logo\/image\/\"}}]}<\/script>\n<!-- \/ Yoast SEO plugin. -->","yoast_head_json":{"title":"Informar de una infracci\u00f3n | Gobierno | Ciudad de Mishawaka","description":"\u00bfNecesita informar una violaci\u00f3n del c\u00f3digo? Comun\u00edquese hoy con nuestro Departamento de Cumplimiento de C\u00f3digos.","robots":{"index":"index","follow":"follow","max-snippet":"max-snippet:-1","max-image-preview":"max-image-preview:large","max-video-preview":"max-video-preview:-1"},"canonical":"https:\/\/mishawaka.in.gov\/es\/gobierno\/departamentos\/aplicacion-de-codigo\/denunciar-una-infraccion\/","og_locale":"es_ES","og_type":"article","og_title":"Report a Violation | Government | City of Mishawaka","og_description":"Do you need to report a code violation? Reach out today to our Department of Code Enforcement.","og_url":"https:\/\/mishawaka.in.gov\/es\/gobierno\/departamentos\/aplicacion-de-codigo\/denunciar-una-infraccion\/","og_site_name":"City of Mishawaka","article_modified_time":"2025-10-31T17:09:46+00:00","og_image":[{"url":"https:\/\/mishawaka.in.gov\/wp-content\/uploads\/2022\/09\/city-of-mishawaka-2022-seal.png","type":"","width":"","height":""}],"twitter_card":"summary_large_image","twitter_misc":{"Tiempo de lectura":"2 minutos"},"schema":{"@context":"https:\/\/schema.org","@graph":[{"@type":"WebPage","@id":"https:\/\/mishawaka.in.gov\/government\/departments\/code-enforcement\/report-a-violation\/","url":"https:\/\/mishawaka.in.gov\/government\/departments\/code-enforcement\/report-a-violation\/","name":"Informar de una infracci\u00f3n | Gobierno | Ciudad de Mishawaka","isPartOf":{"@id":"https:\/\/mishawaka.in.gov\/#website"},"primaryImageOfPage":{"@id":"https:\/\/mishawaka.in.gov\/government\/departments\/code-enforcement\/report-a-violation\/#primaryimage"},"image":{"@id":"https:\/\/mishawaka.in.gov\/government\/departments\/code-enforcement\/report-a-violation\/#primaryimage"},"thumbnailUrl":"https:\/\/mishawaka.in.gov\/wp-content\/uploads\/2022\/09\/city-of-mishawaka-2022-seal.png","datePublished":"2022-11-04T20:17:35+00:00","dateModified":"2025-10-31T17:09:46+00:00","description":"\u00bfNecesita informar una violaci\u00f3n del c\u00f3digo? Comun\u00edquese hoy con nuestro Departamento de Cumplimiento de C\u00f3digos.","breadcrumb":{"@id":"https:\/\/mishawaka.in.gov\/government\/departments\/code-enforcement\/report-a-violation\/#breadcrumb"},"inLanguage":"es","potentialAction":[{"@type":"ReadAction","target":["https:\/\/mishawaka.in.gov\/government\/departments\/code-enforcement\/report-a-violation\/"]}]},{"@type":"ImageObject","inLanguage":"es","@id":"https:\/\/mishawaka.in.gov\/government\/departments\/code-enforcement\/report-a-violation\/#primaryimage","url":"https:\/\/mishawaka.in.gov\/wp-content\/uploads\/2022\/09\/city-of-mishawaka-2022-seal.png","contentUrl":"https:\/\/mishawaka.in.gov\/wp-content\/uploads\/2022\/09\/city-of-mishawaka-2022-seal.png"},{"@type":"BreadcrumbList","@id":"https:\/\/mishawaka.in.gov\/government\/departments\/code-enforcement\/report-a-violation\/#breadcrumb","itemListElement":[{"@type":"ListItem","position":1,"name":"Home","item":"https:\/\/mishawaka.in.gov\/"},{"@type":"ListItem","position":2,"name":"Government","item":"https:\/\/mishawaka.in.gov\/government\/"},{"@type":"ListItem","position":3,"name":"Departments","item":"https:\/\/mishawaka.in.gov\/government\/departments\/"},{"@type":"ListItem","position":4,"name":"Code Enforcement","item":"https:\/\/mishawaka.in.gov\/government\/departments\/code-enforcement\/"},{"@type":"ListItem","position":5,"name":"Report A Violation"}]},{"@type":"WebSite","@id":"https:\/\/mishawaka.in.gov\/#website","url":"https:\/\/mishawaka.in.gov\/","name":"Ciudad de Mishawaka","description":"La mejor ciudad natal de Am\u00e9rica","publisher":{"@id":"https:\/\/mishawaka.in.gov\/#organization"},"potentialAction":[{"@type":"SearchAction","target":{"@type":"EntryPoint","urlTemplate":"https:\/\/mishawaka.in.gov\/?s={search_term_string}"},"query-input":{"@type":"PropertyValueSpecification","valueRequired":true,"valueName":"search_term_string"}}],"inLanguage":"es"},{"@type":"Organization","@id":"https:\/\/mishawaka.in.gov\/#organization","name":"Ciudad de Mishawaka","url":"https:\/\/mishawaka.in.gov\/","logo":{"@type":"ImageObject","inLanguage":"es","@id":"https:\/\/mishawaka.in.gov\/#\/schema\/logo\/image\/","url":"","contentUrl":"","caption":"City of Mishawaka"},"image":{"@id":"https:\/\/mishawaka.in.gov\/#\/schema\/logo\/image\/"}}]}},"ticketed":false,"_links":{"self":[{"href":"https:\/\/mishawaka.in.gov\/es\/wp-json\/wp\/v2\/pages\/474","targetHints":{"allow":["GET"]}}],"collection":[{"href":"https:\/\/mishawaka.in.gov\/es\/wp-json\/wp\/v2\/pages"}],"about":[{"href":"https:\/\/mishawaka.in.gov\/es\/wp-json\/wp\/v2\/types\/page"}],"author":[{"embeddable":true,"href":"https:\/\/mishawaka.in.gov\/es\/wp-json\/wp\/v2\/users\/1"}],"replies":[{"embeddable":true,"href":"https:\/\/mishawaka.in.gov\/es\/wp-json\/wp\/v2\/comments?post=474"}],"version-history":[{"count":0,"href":"https:\/\/mishawaka.in.gov\/es\/wp-json\/wp\/v2\/pages\/474\/revisions"}],"up":[{"embeddable":true,"href":"https:\/\/mishawaka.in.gov\/es\/wp-json\/wp\/v2\/pages\/435"}],"wp:attachment":[{"href":"https:\/\/mishawaka.in.gov\/es\/wp-json\/wp\/v2\/media?parent=474"}],"curies":[{"name":"wp","href":"https:\/\/api.w.org\/{rel}","templated":true}]}}