{"id":542,"date":"2022-11-11T18:27:23","date_gmt":"2022-11-11T18:27:23","guid":{"rendered":"https:\/\/comishawaka.wpengine.com\/?page_id=542"},"modified":"2023-12-12T10:55:48","modified_gmt":"2023-12-12T15:55:48","slug":"programa-de-reemplazo-de-aceras","status":"publish","type":"page","link":"https:\/\/mishawaka.in.gov\/es\/gobierno\/departamentos\/ingenieria\/programa-de-reemplazo-de-aceras\/","title":{"rendered":"Programa de reemplazo de bordillos y aceras"},"content":{"rendered":"<div data-elementor-type=\"wp-page\" data-elementor-id=\"542\" class=\"elementor elementor-542\" data-elementor-post-type=\"page\">\n\t\t\t\t<div class=\"elementor-element elementor-element-26faa82 reversed e-flex e-con-boxed e-con e-parent\" data-id=\"26faa82\" data-element_type=\"container\" data-e-type=\"container\" data-settings=\"{&quot;background_background&quot;:&quot;classic&quot;}\">\n\t\t\t\t\t<div class=\"e-con-inner\">\n\t\t<div class=\"elementor-element elementor-element-4eb7d3a e-con-full e-flex e-con e-child\" data-id=\"4eb7d3a\" data-element_type=\"container\" data-e-type=\"container\">\n\t\t\t\t<div class=\"elementor-element elementor-element-1fe6c0e elementor-widget elementor-widget-heading\" data-id=\"1fe6c0e\" data-element_type=\"widget\" data-e-type=\"widget\" data-widget_type=\"heading.default\">\n\t\t\t\t<div class=\"elementor-widget-container\">\n\t\t\t\t\t<h3 class=\"elementor-heading-title elementor-size-default\">Reemplazos de bordillos y aceras para propietarios residenciales<\/h3>\t\t\t\t<\/div>\n\t\t\t\t<\/div>\n\t\t\t\t<\/div>\n\t\t<div class=\"elementor-element elementor-element-44a3f02 e-con-full e-flex e-con e-child\" data-id=\"44a3f02\" data-element_type=\"container\" data-e-type=\"container\">\n\t\t\t\t<div class=\"elementor-element elementor-element-36197b3 elementor-widget elementor-widget-text-editor\" data-id=\"36197b3\" data-element_type=\"widget\" data-e-type=\"widget\" data-widget_type=\"text-editor.default\">\n\t\t\t\t<div class=\"elementor-widget-container\">\n\t\t\t\t\t\t\t\t\t<p>Instituido por primera vez en 1986, el Programa de reemplazo de bordillos y aceras alienta a los propietarios de viviendas unifamiliares a reparar o reemplazar los bordillos y las aceras p\u00fablicos deteriorados adyacentes a su propiedad. La Ciudad de Mishawaka dividir\u00e1 el costo de las reparaciones 50\/50 con el propietario.<\/p><p>Todos los due\u00f1os de propiedades residenciales en Mishawaka son elegibles para este programa. El programa puede incluir reparaciones en las siguientes \u00e1reas:<\/p><ul><li>Acera frente a la residencia.<\/li><li>Acceso de entrada (dentro del derecho de paso p\u00fablico)<\/li><li>Bordillo adyacente a la calle<\/li><\/ul>\t\t\t\t\t\t\t\t<\/div>\n\t\t\t\t<\/div>\n\t\t\t\t<\/div>\n\t\t\t\t\t<\/div>\n\t\t\t\t<\/div>\n\t\t<div class=\"elementor-element elementor-element-1d8adbf e-flex e-con-boxed e-con e-parent\" data-id=\"1d8adbf\" data-element_type=\"container\" data-e-type=\"container\" data-settings=\"{&quot;background_background&quot;:&quot;classic&quot;}\">\n\t\t\t\t\t<div class=\"e-con-inner\">\n\t\t\t\t<div class=\"elementor-element elementor-element-b5c7ca7 elementor-widget elementor-widget-heading\" data-id=\"b5c7ca7\" data-element_type=\"widget\" data-e-type=\"widget\" data-widget_type=\"heading.default\">\n\t\t\t\t<div class=\"elementor-widget-container\">\n\t\t\t\t\t<h3 class=\"elementor-heading-title elementor-size-default\">\u00bfC\u00f3mo funciona el proceso?<\/h3>\t\t\t\t<\/div>\n\t\t\t\t<\/div>\n\t\t\t\t<div class=\"elementor-element elementor-element-52c44cc elementor-widget elementor-widget-text-editor\" data-id=\"52c44cc\" data-element_type=\"widget\" data-e-type=\"widget\" data-widget_type=\"text-editor.default\">\n\t\t\t\t<div class=\"elementor-widget-container\">\n\t\t\t\t\t\t\t\t\t<p>Los residentes que est\u00e9n interesados en este programa pueden comunicarse directamente con el Departamento de Ingenier\u00eda. El personal se pondr\u00e1 en contacto para determinar si se puede completar la solicitud. Se proporcionar\u00e1 una estimaci\u00f3n del costo basada en los precios unitarios actuales del contratista de la Ciudad antes de que se complete cualquier compromiso de trabajo. La Ciudad de Mishawaka dividir\u00e1 el costo de las reparaciones 50\/50 con el propietario. Una vez que la parte del pago de los propietarios se reciba en su totalidad, el Departamento de Ingenier\u00eda programar\u00e1 la reparaci\u00f3n con el contratista para completar el trabajo acordado. El contratista se comunicar\u00e1 con el propietario de su horario previsto para minimizar las interrupciones. Una vez que se complete el trabajo, el propietario y el representante de la Ciudad firmar\u00e1n las mejoras.<\/p><p>Para preguntas y m\u00e1s informaci\u00f3n sobre este programa, <a href=\"#engineering-contact\">p\u00f3ngase en contacto con el Departamento de Ingenier\u00eda<\/a><\/p>\t\t\t\t\t\t\t\t<\/div>\n\t\t\t\t<\/div>\n\t\t\t\t\t<\/div>\n\t\t\t\t<\/div>\n\t\t<div class=\"elementor-element elementor-element-151c32a e-con-full e-flex e-con e-parent\" data-id=\"151c32a\" data-element_type=\"container\" data-e-type=\"container\">\n\t\t<div class=\"elementor-element elementor-element-088bd20 e-con-full e-flex e-con e-child\" data-id=\"088bd20\" data-element_type=\"container\" data-e-type=\"container\" id=\"engineering-contact\" data-settings=\"{&quot;background_background&quot;:&quot;classic&quot;}\">\n\t\t<div class=\"elementor-element elementor-element-e28e05f mw545 mLAuto e-flex e-con-boxed e-con e-child\" data-id=\"e28e05f\" data-element_type=\"container\" data-e-type=\"container\">\n\t\t\t\t\t<div class=\"e-con-inner\">\n\t\t\t\t<div class=\"elementor-element elementor-element-614da31 elementor-widget elementor-widget-image\" data-id=\"614da31\" data-element_type=\"widget\" data-e-type=\"widget\" data-widget_type=\"image.default\">\n\t\t\t\t<div class=\"elementor-widget-container\">\n\t\t\t\t\t\t\t\t\t\t\t\t\t\t\t<img fetchpriority=\"high\" decoding=\"async\" width=\"512\" height=\"512\" src=\"https:\/\/mishawaka.in.gov\/wp-content\/uploads\/2022\/09\/city-of-mishawaka-2022-seal.png\" class=\"attachment-large size-large wp-image-43\" alt=\"Ciudad de Mishiwaka Indiana, la ciudad de la princesa establecida en 1833\" srcset=\"https:\/\/mishawaka.in.gov\/wp-content\/uploads\/2022\/09\/city-of-mishawaka-2022-seal.png 512w, https:\/\/mishawaka.in.gov\/wp-content\/uploads\/2022\/09\/city-of-mishawaka-2022-seal-300x300.png 300w, https:\/\/mishawaka.in.gov\/wp-content\/uploads\/2022\/09\/city-of-mishawaka-2022-seal-150x150.png 150w\" sizes=\"(max-width: 512px) 100vw, 512px\" \/>\t\t\t\t\t\t\t\t\t\t\t\t\t\t\t<\/div>\n\t\t\t\t<\/div>\n\t\t\t\t<div class=\"elementor-element elementor-element-38b17d7 elementor-widget elementor-widget-heading\" data-id=\"38b17d7\" data-element_type=\"widget\" data-e-type=\"widget\" data-widget_type=\"heading.default\">\n\t\t\t\t<div class=\"elementor-widget-container\">\n\t\t\t\t\t<h2 class=\"elementor-heading-title elementor-size-xl\">Ingenieria<br>Departamento<\/h2>\t\t\t\t<\/div>\n\t\t\t\t<\/div>\n\t\t\t\t<div class=\"elementor-element elementor-element-1cb6628 elementor-widget__width-initial elementor-widget elementor-widget-text-editor\" data-id=\"1cb6628\" data-element_type=\"widget\" data-e-type=\"widget\" data-widget_type=\"text-editor.default\">\n\t\t\t\t<div class=\"elementor-widget-container\">\n\t\t\t\t\t\t\t\t\t<p><a href=\"https:\/\/goo.gl\/maps\/gf8quut5nbhCw6Ya6\" target=\"_blank\" rel=\"noopener\">100 lincolnway oeste,<br \/>Mishawaka, EN 46544<\/a><br \/>Tel\u00e9fono: <a href=\"tel:5742581619\">(574) 258-1619<\/a><br \/>Fax: (574) 258-1776<br \/><a href=\"mailto:engineering@mishawaka.in.gov\">Env\u00edenos un correo electr\u00f3nico<\/a><br \/><br \/><strong>Ingeniero\/Director de la Ciudad:<\/strong><br \/><a href=\"mailto:cjamrose@mishawaka.in.gov\">Christine Jamrose, Educaci\u00f3n F\u00edsica<\/a><\/p><p>Lunes \u2013 Viernes, 8:30 am \u2013 4:45 pm<\/p>\t\t\t\t\t\t\t\t<\/div>\n\t\t\t\t<\/div>\n\t\t\t\t\t<\/div>\n\t\t\t\t<\/div>\n\t\t\t\t<\/div>\n\t\t<div class=\"elementor-element elementor-element-d50475e e-con-full e-flex e-con e-child\" data-id=\"d50475e\" data-element_type=\"container\" data-e-type=\"container\">\n\t\t\t\t<div class=\"elementor-element elementor-element-c8b2340 elementor-widget elementor-widget-google_maps\" data-id=\"c8b2340\" data-element_type=\"widget\" data-e-type=\"widget\" data-widget_type=\"google_maps.default\">\n\t\t\t\t<div class=\"elementor-widget-container\">\n\t\t\t\t\t\t\t<div class=\"elementor-custom-embed\">\n\t\t\t<iframe loading=\"lazy\"\n\t\t\t\t\tsrc=\"https:\/\/www.google.com\/maps\/embed\/v1\/place?key=AIzaSyDqr6Gp6rKux3KBJ7nYE_4yGVJ4qaWCoJs&#038;q=100%20Lincolnway%20West%2C%20Mishawaka%2C%20IN%2046544&#038;zoom=14\"\n\t\t\t\t\ttitle=\"100 Lincolnway Oeste, Mishawaka, IN 46544\"\n\t\t\t\t\taria-label=\"100 Lincolnway Oeste, Mishawaka, IN 46544\"\n\t\t\t><\/iframe>\n\t\t<\/div>\n\t\t\t\t\t\t<\/div>\n\t\t\t\t<\/div>\n\t\t\t\t<\/div>\n\t\t\t\t<\/div>\n\t\t\t\t<\/div>","protected":false},"excerpt":{"rendered":"<p>Curb and Sidewalk Replacements for Residential Property Owners First instituted in 1986, the Curb and Sidewalk Replacement Program encourages single-family homeowners to repair or replace deteriorated public curbs and sidewalks [&hellip;]<\/p>\n","protected":false},"author":1,"featured_media":0,"parent":437,"menu_order":11,"comment_status":"closed","ping_status":"closed","template":"","meta":{"_acf_changed":false,"_price":"","_stock":"","_tribe_ticket_header":"","_tribe_default_ticket_provider":"","_tribe_ticket_capacity":"0","_ticket_start_date":"","_ticket_end_date":"","_tribe_ticket_show_description":"","_tribe_ticket_show_not_going":false,"_tribe_ticket_use_global_stock":"","_tribe_ticket_global_stock_level":"","_global_stock_mode":"","_global_stock_cap":"","_tribe_rsvp_for_event":"","_tribe_ticket_going_count":"","_tribe_ticket_not_going_count":"","_tribe_tickets_list":"[]","_tribe_ticket_has_attendee_info_fields":false,"footnotes":"","_tec_slr_enabled":"","_tec_slr_layout":""},"class_list":["post-542","page","type-page","status-publish","hentry"],"acf":[],"yoast_head":"<!-- This site is optimized with the Yoast SEO plugin v27.1.1 - https:\/\/yoast.com\/product\/yoast-seo-wordpress\/ -->\n<title>Curb and Sidewalk Replacement Program | City of Mishawaka<\/title>\n<meta name=\"description\" content=\"Through the Curb and Sidewalk Replacement Program, we split costs with residents to rebuild and repair curbs, sidewalk and drive approaches. Learn more.\" \/>\n<meta name=\"robots\" content=\"index, follow, max-snippet:-1, max-image-preview:large, max-video-preview:-1\" \/>\n<link rel=\"canonical\" href=\"https:\/\/mishawaka.in.gov\/es\/gobierno\/departamentos\/ingenieria\/programa-de-reemplazo-de-aceras\/\" \/>\n<meta property=\"og:locale\" content=\"es_ES\" \/>\n<meta property=\"og:type\" content=\"article\" \/>\n<meta property=\"og:title\" content=\"Curb and Sidewalk Replacement Program | City of Mishawaka\" \/>\n<meta property=\"og:description\" content=\"Through the Curb and Sidewalk Replacement Program, we split costs with residents to rebuild and repair curbs, sidewalk and drive approaches. Learn more.\" \/>\n<meta property=\"og:url\" content=\"https:\/\/mishawaka.in.gov\/es\/gobierno\/departamentos\/ingenieria\/programa-de-reemplazo-de-aceras\/\" \/>\n<meta property=\"og:site_name\" content=\"City of Mishawaka\" \/>\n<meta property=\"article:modified_time\" content=\"2023-12-12T15:55:48+00:00\" \/>\n<meta property=\"og:image\" content=\"https:\/\/mishawaka.in.gov\/wp-content\/uploads\/2022\/09\/city-of-mishawaka-2022-seal.png\" \/>\n<meta name=\"twitter:card\" content=\"summary_large_image\" \/>\n<meta name=\"twitter:label1\" content=\"Tiempo de lectura\" \/>\n\t<meta name=\"twitter:data1\" content=\"2 minutos\" \/>\n<script type=\"application\/ld+json\" class=\"yoast-schema-graph\">{\"@context\":\"https:\/\/schema.org\",\"@graph\":[{\"@type\":\"WebPage\",\"@id\":\"https:\/\/mishawaka.in.gov\/government\/departments\/engineering\/curb-sidewalk-replacement-program\/\",\"url\":\"https:\/\/mishawaka.in.gov\/government\/departments\/engineering\/curb-sidewalk-replacement-program\/\",\"name\":\"Curb and Sidewalk Replacement Program | City of Mishawaka\",\"isPartOf\":{\"@id\":\"https:\/\/mishawaka.in.gov\/#website\"},\"primaryImageOfPage\":{\"@id\":\"https:\/\/mishawaka.in.gov\/government\/departments\/engineering\/curb-sidewalk-replacement-program\/#primaryimage\"},\"image\":{\"@id\":\"https:\/\/mishawaka.in.gov\/government\/departments\/engineering\/curb-sidewalk-replacement-program\/#primaryimage\"},\"thumbnailUrl\":\"https:\/\/mishawaka.in.gov\/wp-content\/uploads\/2022\/09\/city-of-mishawaka-2022-seal.png\",\"datePublished\":\"2022-11-11T18:27:23+00:00\",\"dateModified\":\"2023-12-12T15:55:48+00:00\",\"description\":\"Through the Curb and Sidewalk Replacement Program, we split costs with residents to rebuild and repair curbs, sidewalk and drive approaches. Learn more.\",\"breadcrumb\":{\"@id\":\"https:\/\/mishawaka.in.gov\/government\/departments\/engineering\/curb-sidewalk-replacement-program\/#breadcrumb\"},\"inLanguage\":\"es\",\"potentialAction\":[{\"@type\":\"ReadAction\",\"target\":[\"https:\/\/mishawaka.in.gov\/government\/departments\/engineering\/curb-sidewalk-replacement-program\/\"]}]},{\"@type\":\"ImageObject\",\"inLanguage\":\"es\",\"@id\":\"https:\/\/mishawaka.in.gov\/government\/departments\/engineering\/curb-sidewalk-replacement-program\/#primaryimage\",\"url\":\"https:\/\/mishawaka.in.gov\/wp-content\/uploads\/2022\/09\/city-of-mishawaka-2022-seal.png\",\"contentUrl\":\"https:\/\/mishawaka.in.gov\/wp-content\/uploads\/2022\/09\/city-of-mishawaka-2022-seal.png\"},{\"@type\":\"BreadcrumbList\",\"@id\":\"https:\/\/mishawaka.in.gov\/government\/departments\/engineering\/curb-sidewalk-replacement-program\/#breadcrumb\",\"itemListElement\":[{\"@type\":\"ListItem\",\"position\":1,\"name\":\"Home\",\"item\":\"https:\/\/mishawaka.in.gov\/\"},{\"@type\":\"ListItem\",\"position\":2,\"name\":\"Government\",\"item\":\"https:\/\/mishawaka.in.gov\/government\/\"},{\"@type\":\"ListItem\",\"position\":3,\"name\":\"Departments\",\"item\":\"https:\/\/mishawaka.in.gov\/government\/departments\/\"},{\"@type\":\"ListItem\",\"position\":4,\"name\":\"Engineering\",\"item\":\"https:\/\/mishawaka.in.gov\/government\/departments\/engineering\/\"},{\"@type\":\"ListItem\",\"position\":5,\"name\":\"Curb and Sidewalk Replacement Program\"}]},{\"@type\":\"WebSite\",\"@id\":\"https:\/\/mishawaka.in.gov\/#website\",\"url\":\"https:\/\/mishawaka.in.gov\/\",\"name\":\"City of Mishawaka\",\"description\":\"The Best Hometown in America\",\"publisher\":{\"@id\":\"https:\/\/mishawaka.in.gov\/#organization\"},\"potentialAction\":[{\"@type\":\"SearchAction\",\"target\":{\"@type\":\"EntryPoint\",\"urlTemplate\":\"https:\/\/mishawaka.in.gov\/?s={search_term_string}\"},\"query-input\":{\"@type\":\"PropertyValueSpecification\",\"valueRequired\":true,\"valueName\":\"search_term_string\"}}],\"inLanguage\":\"es\"},{\"@type\":\"Organization\",\"@id\":\"https:\/\/mishawaka.in.gov\/#organization\",\"name\":\"City of Mishawaka\",\"url\":\"https:\/\/mishawaka.in.gov\/\",\"logo\":{\"@type\":\"ImageObject\",\"inLanguage\":\"es\",\"@id\":\"https:\/\/mishawaka.in.gov\/#\/schema\/logo\/image\/\",\"url\":\"\",\"contentUrl\":\"\",\"caption\":\"City of Mishawaka\"},\"image\":{\"@id\":\"https:\/\/mishawaka.in.gov\/#\/schema\/logo\/image\/\"}}]}<\/script>\n<!-- \/ Yoast SEO plugin. -->","yoast_head_json":{"title":"Programa de reemplazo de bordillos y aceras | Ciudad de Mishawaka","description":"A trav\u00e9s del Programa de reemplazo de bordillos y aceras, dividimos los costos con los residentes para reconstruir y reparar los bordillos, las aceras y los accesos de acceso. Aprende m\u00e1s.","robots":{"index":"index","follow":"follow","max-snippet":"max-snippet:-1","max-image-preview":"max-image-preview:large","max-video-preview":"max-video-preview:-1"},"canonical":"https:\/\/mishawaka.in.gov\/es\/gobierno\/departamentos\/ingenieria\/programa-de-reemplazo-de-aceras\/","og_locale":"es_ES","og_type":"article","og_title":"Curb and Sidewalk Replacement Program | City of Mishawaka","og_description":"Through the Curb and Sidewalk Replacement Program, we split costs with residents to rebuild and repair curbs, sidewalk and drive approaches. Learn more.","og_url":"https:\/\/mishawaka.in.gov\/es\/gobierno\/departamentos\/ingenieria\/programa-de-reemplazo-de-aceras\/","og_site_name":"City of Mishawaka","article_modified_time":"2023-12-12T15:55:48+00:00","og_image":[{"url":"https:\/\/mishawaka.in.gov\/wp-content\/uploads\/2022\/09\/city-of-mishawaka-2022-seal.png","type":"","width":"","height":""}],"twitter_card":"summary_large_image","twitter_misc":{"Tiempo de lectura":"2 minutos"},"schema":{"@context":"https:\/\/schema.org","@graph":[{"@type":"WebPage","@id":"https:\/\/mishawaka.in.gov\/government\/departments\/engineering\/curb-sidewalk-replacement-program\/","url":"https:\/\/mishawaka.in.gov\/government\/departments\/engineering\/curb-sidewalk-replacement-program\/","name":"Programa de reemplazo de bordillos y aceras | Ciudad de Mishawaka","isPartOf":{"@id":"https:\/\/mishawaka.in.gov\/#website"},"primaryImageOfPage":{"@id":"https:\/\/mishawaka.in.gov\/government\/departments\/engineering\/curb-sidewalk-replacement-program\/#primaryimage"},"image":{"@id":"https:\/\/mishawaka.in.gov\/government\/departments\/engineering\/curb-sidewalk-replacement-program\/#primaryimage"},"thumbnailUrl":"https:\/\/mishawaka.in.gov\/wp-content\/uploads\/2022\/09\/city-of-mishawaka-2022-seal.png","datePublished":"2022-11-11T18:27:23+00:00","dateModified":"2023-12-12T15:55:48+00:00","description":"A trav\u00e9s del Programa de reemplazo de bordillos y aceras, dividimos los costos con los residentes para reconstruir y reparar los bordillos, las aceras y los accesos de acceso. Aprende m\u00e1s.","breadcrumb":{"@id":"https:\/\/mishawaka.in.gov\/government\/departments\/engineering\/curb-sidewalk-replacement-program\/#breadcrumb"},"inLanguage":"es","potentialAction":[{"@type":"ReadAction","target":["https:\/\/mishawaka.in.gov\/government\/departments\/engineering\/curb-sidewalk-replacement-program\/"]}]},{"@type":"ImageObject","inLanguage":"es","@id":"https:\/\/mishawaka.in.gov\/government\/departments\/engineering\/curb-sidewalk-replacement-program\/#primaryimage","url":"https:\/\/mishawaka.in.gov\/wp-content\/uploads\/2022\/09\/city-of-mishawaka-2022-seal.png","contentUrl":"https:\/\/mishawaka.in.gov\/wp-content\/uploads\/2022\/09\/city-of-mishawaka-2022-seal.png"},{"@type":"BreadcrumbList","@id":"https:\/\/mishawaka.in.gov\/government\/departments\/engineering\/curb-sidewalk-replacement-program\/#breadcrumb","itemListElement":[{"@type":"ListItem","position":1,"name":"Home","item":"https:\/\/mishawaka.in.gov\/"},{"@type":"ListItem","position":2,"name":"Government","item":"https:\/\/mishawaka.in.gov\/government\/"},{"@type":"ListItem","position":3,"name":"Departments","item":"https:\/\/mishawaka.in.gov\/government\/departments\/"},{"@type":"ListItem","position":4,"name":"Engineering","item":"https:\/\/mishawaka.in.gov\/government\/departments\/engineering\/"},{"@type":"ListItem","position":5,"name":"Curb and Sidewalk Replacement Program"}]},{"@type":"WebSite","@id":"https:\/\/mishawaka.in.gov\/#website","url":"https:\/\/mishawaka.in.gov\/","name":"Ciudad de Mishawaka","description":"La mejor ciudad natal de Am\u00e9rica","publisher":{"@id":"https:\/\/mishawaka.in.gov\/#organization"},"potentialAction":[{"@type":"SearchAction","target":{"@type":"EntryPoint","urlTemplate":"https:\/\/mishawaka.in.gov\/?s={search_term_string}"},"query-input":{"@type":"PropertyValueSpecification","valueRequired":true,"valueName":"search_term_string"}}],"inLanguage":"es"},{"@type":"Organization","@id":"https:\/\/mishawaka.in.gov\/#organization","name":"Ciudad de Mishawaka","url":"https:\/\/mishawaka.in.gov\/","logo":{"@type":"ImageObject","inLanguage":"es","@id":"https:\/\/mishawaka.in.gov\/#\/schema\/logo\/image\/","url":"","contentUrl":"","caption":"City of Mishawaka"},"image":{"@id":"https:\/\/mishawaka.in.gov\/#\/schema\/logo\/image\/"}}]}},"ticketed":false,"_links":{"self":[{"href":"https:\/\/mishawaka.in.gov\/es\/wp-json\/wp\/v2\/pages\/542","targetHints":{"allow":["GET"]}}],"collection":[{"href":"https:\/\/mishawaka.in.gov\/es\/wp-json\/wp\/v2\/pages"}],"about":[{"href":"https:\/\/mishawaka.in.gov\/es\/wp-json\/wp\/v2\/types\/page"}],"author":[{"embeddable":true,"href":"https:\/\/mishawaka.in.gov\/es\/wp-json\/wp\/v2\/users\/1"}],"replies":[{"embeddable":true,"href":"https:\/\/mishawaka.in.gov\/es\/wp-json\/wp\/v2\/comments?post=542"}],"version-history":[{"count":0,"href":"https:\/\/mishawaka.in.gov\/es\/wp-json\/wp\/v2\/pages\/542\/revisions"}],"up":[{"embeddable":true,"href":"https:\/\/mishawaka.in.gov\/es\/wp-json\/wp\/v2\/pages\/437"}],"wp:attachment":[{"href":"https:\/\/mishawaka.in.gov\/es\/wp-json\/wp\/v2\/media?parent=542"}],"curies":[{"name":"wp","href":"https:\/\/api.w.org\/{rel}","templated":true}]}}