{"id":546,"date":"2022-11-11T18:58:17","date_gmt":"2022-11-11T18:58:17","guid":{"rendered":"https:\/\/comishawaka.wpengine.com\/?page_id=546"},"modified":"2025-10-31T11:55:38","modified_gmt":"2025-10-31T15:55:38","slug":"oficina-de-prevencion-de-incendios","status":"publish","type":"page","link":"https:\/\/mishawaka.in.gov\/es\/gobierno\/departamentos\/fuego-ems\/oficina-de-prevencion-de-incendios\/","title":{"rendered":"Oficina de Prevenci\u00f3n de Incendios"},"content":{"rendered":"<div data-elementor-type=\"wp-page\" data-elementor-id=\"546\" class=\"elementor elementor-546\" data-elementor-post-type=\"page\">\n\t\t\t\t<div class=\"elementor-element elementor-element-1d8adbf e-flex e-con-boxed e-con e-parent\" data-id=\"1d8adbf\" data-element_type=\"container\" data-e-type=\"container\">\n\t\t\t\t\t<div class=\"e-con-inner\">\n\t\t<div class=\"elementor-element elementor-element-42a0e60 e-con-full e-flex e-con e-child\" data-id=\"42a0e60\" data-element_type=\"container\" data-e-type=\"container\">\n\t\t\t\t<div class=\"elementor-element elementor-element-e0965fb elementor-widget elementor-widget-heading\" data-id=\"e0965fb\" data-element_type=\"widget\" data-e-type=\"widget\" data-widget_type=\"heading.default\">\n\t\t\t\t<div class=\"elementor-widget-container\">\n\t\t\t\t\t<h3 class=\"elementor-heading-title elementor-size-default\">P\u00e9rdidas y lesiones por incendios<br> Prevenci\u00f3n a trav\u00e9s de la Educaci\u00f3n<\/h3>\t\t\t\t<\/div>\n\t\t\t\t<\/div>\n\t\t\t\t<div class=\"elementor-element elementor-element-5e249db elementor-widget elementor-widget-text-editor\" data-id=\"5e249db\" data-element_type=\"widget\" data-e-type=\"widget\" data-widget_type=\"text-editor.default\">\n\t\t\t\t<div class=\"elementor-widget-container\">\n\t\t\t\t\t\t\t\t\t<p>Adem\u00e1s de sus otros deberes, los bomberos de Mishawaka contin\u00faan con un programa intensivo de prevenci\u00f3n de incendios y educaci\u00f3n sobre seguridad contra incendios. En un a\u00f1o, m\u00e1s de 5100 personas, en su mayor\u00eda ni\u00f1os, reciben educaci\u00f3n sobre seguridad contra incendios a trav\u00e9s de Survive Alive House, Little Red y varias reuniones y asambleas escolares. Estos esfuerzos ayudan a controlar la cantidad de incendios hostiles en Mishawaka y reducen las lesiones por incendios, las muertes y los da\u00f1os a la propiedad.<\/p><p>Creemos que el mejor incendio es aquel que NO tenemos que combatir. Por lo tanto, la Oficina de Prevenci\u00f3n de Incendios se compromete a educar a los residentes sobre la seguridad contra incendios porque\u00a0<strong>prevenci\u00f3n\u00a0<\/strong>de los incendios es la forma m\u00e1s segura de reducir las lesiones y p\u00e9rdidas por incendios. Inspeccionamos los edificios de Mishawaka. Verificamos para asegurarnos de que los extintores de incendios, los sistemas de rociadores, las alarmas contra incendios y las rutas de salida cumplan con los requisitos del c\u00f3digo. Y cuando ocurren incendios, investigamos su causa y origen. Nuestros inspectores de incendios est\u00e1n disponibles las 24 horas del d\u00eda, los 7 d\u00edas de la semana, durante todo el a\u00f1o.<\/p>\t\t\t\t\t\t\t\t<\/div>\n\t\t\t\t<\/div>\n\t\t\t\t<\/div>\n\t\t<div class=\"elementor-element elementor-element-116e116 e-con-full e-flex e-con e-child\" data-id=\"116e116\" data-element_type=\"container\" data-e-type=\"container\">\n\t\t\t\t<div class=\"elementor-element elementor-element-953642b elementor-hidden-desktop elementor-hidden-tablet elementor-widget elementor-widget-spacer\" data-id=\"953642b\" data-element_type=\"widget\" data-e-type=\"widget\" data-widget_type=\"spacer.default\">\n\t\t\t\t<div class=\"elementor-widget-container\">\n\t\t\t\t\t\t\t<div class=\"elementor-spacer\">\n\t\t\t<div class=\"elementor-spacer-inner\"><\/div>\n\t\t<\/div>\n\t\t\t\t\t\t<\/div>\n\t\t\t\t<\/div>\n\t\t\t\t<div class=\"elementor-element elementor-element-eef4256 elementor-widget elementor-widget-heading\" data-id=\"eef4256\" data-element_type=\"widget\" data-e-type=\"widget\" data-widget_type=\"heading.default\">\n\t\t\t\t<div class=\"elementor-widget-container\">\n\t\t\t\t\t<h3 class=\"elementor-heading-title elementor-size-default\">Sobrevivir a la casa viva<\/h3>\t\t\t\t<\/div>\n\t\t\t\t<\/div>\n\t\t\t\t<div class=\"elementor-element elementor-element-0615035 elementor-widget elementor-widget-text-editor\" data-id=\"0615035\" data-element_type=\"widget\" data-e-type=\"widget\" data-widget_type=\"text-editor.default\">\n\t\t\t\t<div class=\"elementor-widget-container\">\n\t\t\t\t\t\t\t\t\t<p><em>\u00a1Nos complace anunciar que nuestra casa Survive Alive pronto volver\u00e1 y ser\u00e1 mejor que nunca! Estar\u00e1 alojado en la nueva Estaci\u00f3n de Bomberos 2 y se incluir\u00e1 un nuevo recorrido por la estaci\u00f3n de bomberos. <\/em><\/p><p>En 1984, el Departamento de Bomberos de Mishawaka inici\u00f3 Survive Alive House, un programa de educaci\u00f3n p\u00fablica \u00fanico en su tipo. Este programa ha tenido tanto \u00e9xito que los departamentos de bomberos de todo el pa\u00eds lo est\u00e1n aplicando a sus programas existentes.<\/p><p>Survive Alive House es una casa a escala reducida donde se les puede ense\u00f1ar a los ni\u00f1os c\u00f3mo salir de manera segura de su hogar cuando se dispara el detector de humo. Los ni\u00f1os del sistema escolar de Mishawaka visitan Survive Alive House como parte de su plan de estudios de primer, tercer y quinto grado. Los escolares fuera de Mishawaka tambi\u00e9n est\u00e1n invitados a visitar.<\/p><p>Para obtener m\u00e1s informaci\u00f3n sobre el programa o para hacer una solicitud, por favor <a href=\"mailto:firedepartment@mishawaka.in.gov\">Cont\u00e1ctenos.<\/a><\/p>\t\t\t\t\t\t\t\t<\/div>\n\t\t\t\t<\/div>\n\t\t\t\t<\/div>\n\t\t\t\t\t<\/div>\n\t\t\t\t<\/div>\n\t\t<div class=\"elementor-element elementor-element-26faa82 reversed e-flex e-con-boxed e-con e-parent\" data-id=\"26faa82\" data-element_type=\"container\" data-e-type=\"container\" data-settings=\"{&quot;background_background&quot;:&quot;classic&quot;}\">\n\t\t\t\t\t<div class=\"e-con-inner\">\n\t\t<div class=\"elementor-element elementor-element-4eb7d3a e-con-full e-flex e-con e-child\" data-id=\"4eb7d3a\" data-element_type=\"container\" data-e-type=\"container\">\n\t\t\t\t<div class=\"elementor-element elementor-element-1fe6c0e elementor-widget elementor-widget-heading\" data-id=\"1fe6c0e\" data-element_type=\"widget\" data-e-type=\"widget\" data-widget_type=\"heading.default\">\n\t\t\t\t<div class=\"elementor-widget-container\">\n\t\t\t\t\t<h3 class=\"elementor-heading-title elementor-size-default\">Enlaces \u00datiles: <\/h3>\t\t\t\t<\/div>\n\t\t\t\t<\/div>\n\t\t\t\t<\/div>\n\t\t<div class=\"elementor-element elementor-element-44a3f02 e-con-full e-flex e-con e-child\" data-id=\"44a3f02\" data-element_type=\"container\" data-e-type=\"container\">\n\t\t\t\t<div class=\"elementor-element elementor-element-36197b3 elementor-widget__width-initial elementor-widget-mobile__width-inherit elementor-widget elementor-widget-text-editor\" data-id=\"36197b3\" data-element_type=\"widget\" data-e-type=\"widget\" data-widget_type=\"text-editor.default\">\n\t\t\t\t<div class=\"elementor-widget-container\">\n\t\t\t\t\t\t\t\t\t<ul><li><a href=\"\/es\/gobierno\/departamentos\/fuego-ems\/oficina-de-prevencion-de-incendios\/pruebas-de-sistemas\/\">Pruebas y requisitos de los sistemas de seguridad humana y contra incendios<\/a><\/li><li><a href=\"\/es\/gobierno\/departamentos\/fuego-ems\/oficina-de-prevencion-de-incendios\/protocolo-de-vigilancia-contra-incendios\/\">Protocolo de Vigilancia de Incendios<\/a><\/li><li><a href=\"\/es\/gobierno\/departamentos\/fuego-ems\/consejos-de-seguridad-contra-incendios\/\">Consejos de seguridad contra incendios<\/a><\/li><\/ul>\t\t\t\t\t\t\t\t<\/div>\n\t\t\t\t<\/div>\n\t\t\t\t<div class=\"elementor-element elementor-element-de66b26 elementor-widget__width-initial elementor-widget-mobile__width-inherit elementor-widget elementor-widget-text-editor\" data-id=\"de66b26\" data-element_type=\"widget\" data-e-type=\"widget\" data-widget_type=\"text-editor.default\">\n\t\t\t\t<div class=\"elementor-widget-container\">\n\t\t\t\t\t\t\t\t\t<ul><li><a href=\"http:\/\/www.sparky.org\/\">Sitio web de Sparky the Fire Dog\u00ae para ni\u00f1os<\/a><\/li><li><a href=\"\/wp-content\/uploads\/2022\/11\/RememberTheSteps.pdf\">Hoja para colorear \u201cCinco pasos para la seguridad contra incendios\u201d<\/a><\/li><li><a href=\"\/wp-content\/uploads\/2022\/11\/HomeEscapePlan.pdf\">Plan de escape en caso de incendio en el hogar de Sparky<\/a><\/li><\/ul>\t\t\t\t\t\t\t\t<\/div>\n\t\t\t\t<\/div>\n\t\t\t\t<\/div>\n\t\t\t\t\t<\/div>\n\t\t\t\t<\/div>\n\t\t\t\t<\/div>","protected":false},"excerpt":{"rendered":"<p>Fire Loss and Injury Prevention through Education In addition to their other duties, Mishawaka firefighters continue an intensive fire prevention and fire safety education program. In one year, over 5,100 [&hellip;]<\/p>\n","protected":false},"author":1,"featured_media":0,"parent":305,"menu_order":11,"comment_status":"closed","ping_status":"closed","template":"","meta":{"_acf_changed":false,"_price":"","_stock":"","_tribe_ticket_header":"","_tribe_default_ticket_provider":"","_tribe_ticket_capacity":"0","_ticket_start_date":"","_ticket_end_date":"","_tribe_ticket_show_description":"","_tribe_ticket_show_not_going":false,"_tribe_ticket_use_global_stock":"","_tribe_ticket_global_stock_level":"","_global_stock_mode":"","_global_stock_cap":"","_tribe_rsvp_for_event":"","_tribe_ticket_going_count":"","_tribe_ticket_not_going_count":"","_tribe_tickets_list":"[]","_tribe_ticket_has_attendee_info_fields":false,"footnotes":"","_tec_slr_enabled":"","_tec_slr_layout":""},"class_list":["post-546","page","type-page","status-publish","hentry"],"acf":[],"yoast_head":"<!-- This site is optimized with the Yoast SEO plugin v27.1.1 - https:\/\/yoast.com\/product\/yoast-seo-wordpress\/ -->\n<title>Fire Prevention Bureau | City of Mishawaka<\/title>\n<meta name=\"description\" content=\"The Fire Prevention Bureau is dedicated to delivering safety education to the community. Learn more about our programs.\" \/>\n<meta name=\"robots\" content=\"index, follow, max-snippet:-1, max-image-preview:large, max-video-preview:-1\" \/>\n<link rel=\"canonical\" href=\"https:\/\/mishawaka.in.gov\/es\/gobierno\/departamentos\/fuego-ems\/oficina-de-prevencion-de-incendios\/\" \/>\n<meta property=\"og:locale\" content=\"es_ES\" \/>\n<meta property=\"og:type\" content=\"article\" \/>\n<meta property=\"og:title\" content=\"Fire Prevention Bureau | City of Mishawaka\" \/>\n<meta property=\"og:description\" content=\"The Fire Prevention Bureau is dedicated to delivering safety education to the community. Learn more about our programs.\" \/>\n<meta property=\"og:url\" content=\"https:\/\/mishawaka.in.gov\/es\/gobierno\/departamentos\/fuego-ems\/oficina-de-prevencion-de-incendios\/\" \/>\n<meta property=\"og:site_name\" content=\"City of Mishawaka\" \/>\n<meta property=\"article:modified_time\" content=\"2025-10-31T15:55:38+00:00\" \/>\n<meta name=\"twitter:card\" content=\"summary_large_image\" \/>\n<meta name=\"twitter:label1\" content=\"Tiempo de lectura\" \/>\n\t<meta name=\"twitter:data1\" content=\"2 minutos\" \/>\n<script type=\"application\/ld+json\" class=\"yoast-schema-graph\">{\"@context\":\"https:\/\/schema.org\",\"@graph\":[{\"@type\":\"WebPage\",\"@id\":\"https:\/\/mishawaka.in.gov\/government\/departments\/fire-ems\/fire-prevention-bureau\/\",\"url\":\"https:\/\/mishawaka.in.gov\/government\/departments\/fire-ems\/fire-prevention-bureau\/\",\"name\":\"Fire Prevention Bureau | City of Mishawaka\",\"isPartOf\":{\"@id\":\"https:\/\/mishawaka.in.gov\/#website\"},\"datePublished\":\"2022-11-11T18:58:17+00:00\",\"dateModified\":\"2025-10-31T15:55:38+00:00\",\"description\":\"The Fire Prevention Bureau is dedicated to delivering safety education to the community. Learn more about our programs.\",\"breadcrumb\":{\"@id\":\"https:\/\/mishawaka.in.gov\/government\/departments\/fire-ems\/fire-prevention-bureau\/#breadcrumb\"},\"inLanguage\":\"es\",\"potentialAction\":[{\"@type\":\"ReadAction\",\"target\":[\"https:\/\/mishawaka.in.gov\/government\/departments\/fire-ems\/fire-prevention-bureau\/\"]}]},{\"@type\":\"BreadcrumbList\",\"@id\":\"https:\/\/mishawaka.in.gov\/government\/departments\/fire-ems\/fire-prevention-bureau\/#breadcrumb\",\"itemListElement\":[{\"@type\":\"ListItem\",\"position\":1,\"name\":\"Home\",\"item\":\"https:\/\/mishawaka.in.gov\/\"},{\"@type\":\"ListItem\",\"position\":2,\"name\":\"Government\",\"item\":\"https:\/\/mishawaka.in.gov\/government\/\"},{\"@type\":\"ListItem\",\"position\":3,\"name\":\"Departments\",\"item\":\"https:\/\/mishawaka.in.gov\/government\/departments\/\"},{\"@type\":\"ListItem\",\"position\":4,\"name\":\"Fire and EMS\",\"item\":\"https:\/\/mishawaka.in.gov\/government\/departments\/fire-ems\/\"},{\"@type\":\"ListItem\",\"position\":5,\"name\":\"Fire Prevention Bureau\"}]},{\"@type\":\"WebSite\",\"@id\":\"https:\/\/mishawaka.in.gov\/#website\",\"url\":\"https:\/\/mishawaka.in.gov\/\",\"name\":\"City of Mishawaka\",\"description\":\"The Best Hometown in America\",\"publisher\":{\"@id\":\"https:\/\/mishawaka.in.gov\/#organization\"},\"potentialAction\":[{\"@type\":\"SearchAction\",\"target\":{\"@type\":\"EntryPoint\",\"urlTemplate\":\"https:\/\/mishawaka.in.gov\/?s={search_term_string}\"},\"query-input\":{\"@type\":\"PropertyValueSpecification\",\"valueRequired\":true,\"valueName\":\"search_term_string\"}}],\"inLanguage\":\"es\"},{\"@type\":\"Organization\",\"@id\":\"https:\/\/mishawaka.in.gov\/#organization\",\"name\":\"City of Mishawaka\",\"url\":\"https:\/\/mishawaka.in.gov\/\",\"logo\":{\"@type\":\"ImageObject\",\"inLanguage\":\"es\",\"@id\":\"https:\/\/mishawaka.in.gov\/#\/schema\/logo\/image\/\",\"url\":\"\",\"contentUrl\":\"\",\"caption\":\"City of Mishawaka\"},\"image\":{\"@id\":\"https:\/\/mishawaka.in.gov\/#\/schema\/logo\/image\/\"}}]}<\/script>\n<!-- \/ Yoast SEO plugin. -->","yoast_head_json":{"title":"Oficina de Prevenci\u00f3n de Incendios | Ciudad de Mishawaka","description":"La Oficina de Prevenci\u00f3n de Incendios se dedica a brindar educaci\u00f3n sobre seguridad a la comunidad. Aprende m\u00e1s sobre nuestros programas.","robots":{"index":"index","follow":"follow","max-snippet":"max-snippet:-1","max-image-preview":"max-image-preview:large","max-video-preview":"max-video-preview:-1"},"canonical":"https:\/\/mishawaka.in.gov\/es\/gobierno\/departamentos\/fuego-ems\/oficina-de-prevencion-de-incendios\/","og_locale":"es_ES","og_type":"article","og_title":"Fire Prevention Bureau | City of Mishawaka","og_description":"The Fire Prevention Bureau is dedicated to delivering safety education to the community. Learn more about our programs.","og_url":"https:\/\/mishawaka.in.gov\/es\/gobierno\/departamentos\/fuego-ems\/oficina-de-prevencion-de-incendios\/","og_site_name":"City of Mishawaka","article_modified_time":"2025-10-31T15:55:38+00:00","twitter_card":"summary_large_image","twitter_misc":{"Tiempo de lectura":"2 minutos"},"schema":{"@context":"https:\/\/schema.org","@graph":[{"@type":"WebPage","@id":"https:\/\/mishawaka.in.gov\/government\/departments\/fire-ems\/fire-prevention-bureau\/","url":"https:\/\/mishawaka.in.gov\/government\/departments\/fire-ems\/fire-prevention-bureau\/","name":"Oficina de Prevenci\u00f3n de Incendios | Ciudad de Mishawaka","isPartOf":{"@id":"https:\/\/mishawaka.in.gov\/#website"},"datePublished":"2022-11-11T18:58:17+00:00","dateModified":"2025-10-31T15:55:38+00:00","description":"La Oficina de Prevenci\u00f3n de Incendios se dedica a brindar educaci\u00f3n sobre seguridad a la comunidad. Aprende m\u00e1s sobre nuestros programas.","breadcrumb":{"@id":"https:\/\/mishawaka.in.gov\/government\/departments\/fire-ems\/fire-prevention-bureau\/#breadcrumb"},"inLanguage":"es","potentialAction":[{"@type":"ReadAction","target":["https:\/\/mishawaka.in.gov\/government\/departments\/fire-ems\/fire-prevention-bureau\/"]}]},{"@type":"BreadcrumbList","@id":"https:\/\/mishawaka.in.gov\/government\/departments\/fire-ems\/fire-prevention-bureau\/#breadcrumb","itemListElement":[{"@type":"ListItem","position":1,"name":"Home","item":"https:\/\/mishawaka.in.gov\/"},{"@type":"ListItem","position":2,"name":"Government","item":"https:\/\/mishawaka.in.gov\/government\/"},{"@type":"ListItem","position":3,"name":"Departments","item":"https:\/\/mishawaka.in.gov\/government\/departments\/"},{"@type":"ListItem","position":4,"name":"Fire and EMS","item":"https:\/\/mishawaka.in.gov\/government\/departments\/fire-ems\/"},{"@type":"ListItem","position":5,"name":"Fire Prevention Bureau"}]},{"@type":"WebSite","@id":"https:\/\/mishawaka.in.gov\/#website","url":"https:\/\/mishawaka.in.gov\/","name":"Ciudad de Mishawaka","description":"La mejor ciudad natal de Am\u00e9rica","publisher":{"@id":"https:\/\/mishawaka.in.gov\/#organization"},"potentialAction":[{"@type":"SearchAction","target":{"@type":"EntryPoint","urlTemplate":"https:\/\/mishawaka.in.gov\/?s={search_term_string}"},"query-input":{"@type":"PropertyValueSpecification","valueRequired":true,"valueName":"search_term_string"}}],"inLanguage":"es"},{"@type":"Organization","@id":"https:\/\/mishawaka.in.gov\/#organization","name":"Ciudad de Mishawaka","url":"https:\/\/mishawaka.in.gov\/","logo":{"@type":"ImageObject","inLanguage":"es","@id":"https:\/\/mishawaka.in.gov\/#\/schema\/logo\/image\/","url":"","contentUrl":"","caption":"City of Mishawaka"},"image":{"@id":"https:\/\/mishawaka.in.gov\/#\/schema\/logo\/image\/"}}]}},"ticketed":false,"_links":{"self":[{"href":"https:\/\/mishawaka.in.gov\/es\/wp-json\/wp\/v2\/pages\/546","targetHints":{"allow":["GET"]}}],"collection":[{"href":"https:\/\/mishawaka.in.gov\/es\/wp-json\/wp\/v2\/pages"}],"about":[{"href":"https:\/\/mishawaka.in.gov\/es\/wp-json\/wp\/v2\/types\/page"}],"author":[{"embeddable":true,"href":"https:\/\/mishawaka.in.gov\/es\/wp-json\/wp\/v2\/users\/1"}],"replies":[{"embeddable":true,"href":"https:\/\/mishawaka.in.gov\/es\/wp-json\/wp\/v2\/comments?post=546"}],"version-history":[{"count":0,"href":"https:\/\/mishawaka.in.gov\/es\/wp-json\/wp\/v2\/pages\/546\/revisions"}],"up":[{"embeddable":true,"href":"https:\/\/mishawaka.in.gov\/es\/wp-json\/wp\/v2\/pages\/305"}],"wp:attachment":[{"href":"https:\/\/mishawaka.in.gov\/es\/wp-json\/wp\/v2\/media?parent=546"}],"curies":[{"name":"wp","href":"https:\/\/api.w.org\/{rel}","templated":true}]}}