{"id":5928,"date":"2023-10-09T14:54:33","date_gmt":"2023-10-09T18:54:33","guid":{"rendered":"https:\/\/mishawaka.in.gov\/?page_id=5928"},"modified":"2025-08-25T12:50:03","modified_gmt":"2025-08-25T16:50:03","slug":"programa-de-compra-de-ladrillos","status":"publish","type":"page","link":"https:\/\/mishawaka.in.gov\/es\/cosas-para-hacer\/programa-de-compra-de-ladrillos\/","title":{"rendered":"Programa Compra un Ladrillo"},"content":{"rendered":"<div data-elementor-type=\"wp-page\" data-elementor-id=\"5928\" class=\"elementor elementor-5928\" data-elementor-post-type=\"page\">\n\t\t\t\t<div class=\"elementor-element elementor-element-a185ea4 e-flex e-con-boxed e-con e-parent\" data-id=\"a185ea4\" data-element_type=\"container\" data-e-type=\"container\">\n\t\t\t\t\t<div class=\"e-con-inner\">\n\t\t\t\t<div class=\"elementor-element elementor-element-4d63269 elementor-widget elementor-widget-heading\" data-id=\"4d63269\" data-element_type=\"widget\" data-e-type=\"widget\" data-widget_type=\"heading.default\">\n\t\t\t\t<div class=\"elementor-widget-container\">\n\t\t\t\t\t<h2 class=\"elementor-heading-title elementor-size-default\">Construyendo apoyo para la comunidad y los veteranos, un ladrillo a la vez<\/h2>\t\t\t\t<\/div>\n\t\t\t\t<\/div>\n\t\t\t\t<div class=\"elementor-element elementor-element-bc5d946 elementor-widget elementor-widget-text-editor\" data-id=\"bc5d946\" data-element_type=\"widget\" data-e-type=\"widget\" data-widget_type=\"text-editor.default\">\n\t\t\t\t<div class=\"elementor-widget-container\">\n\t\t\t\t\t\t\t\t\t<p>Create a timeless tribute for your loved ones at the Battell Park Veterans\u2019 Memorial Plaza by participating in the remarkable Buy-a-Brick program. This initiative serves as a heartfelt homage to all who have bravely served our nation. Each brick will be artfully incorporated into the surroundings of the new memorial at the Plaza, creating a lasting testament to the sacrifices made by our courageous military personnel.<\/p><p>By purchasing a brick for just $75, you not only honor the valor of these heroes but also etch their contributions into the fabric of history, ensuring their legacy is forever remembered and cherished. Join us in commemorating their service and preserving their stories for generations to come.<\/p>\t\t\t\t\t\t\t\t<\/div>\n\t\t\t\t<\/div>\n\t\t\t\t<div class=\"elementor-element elementor-element-b1ba8e1 elementor-widget elementor-widget-spacer\" data-id=\"b1ba8e1\" data-element_type=\"widget\" data-e-type=\"widget\" data-widget_type=\"spacer.default\">\n\t\t\t\t<div class=\"elementor-widget-container\">\n\t\t\t\t\t\t\t<div class=\"elementor-spacer\">\n\t\t\t<div class=\"elementor-spacer-inner\"><\/div>\n\t\t<\/div>\n\t\t\t\t\t\t<\/div>\n\t\t\t\t<\/div>\n\t\t\t\t<div class=\"elementor-element elementor-element-051d018 elementor-widget elementor-widget-heading\" data-id=\"051d018\" data-element_type=\"widget\" data-e-type=\"widget\" data-widget_type=\"heading.default\">\n\t\t\t\t<div class=\"elementor-widget-container\">\n\t\t\t\t\t<h3 class=\"elementor-heading-title elementor-size-default\">Elegibilidad para el programa Buy-a-Brick<\/h3>\t\t\t\t<\/div>\n\t\t\t\t<\/div>\n\t\t\t\t<div class=\"elementor-element elementor-element-05b5593 elementor-widget elementor-widget-text-editor\" data-id=\"05b5593\" data-element_type=\"widget\" data-e-type=\"widget\" data-widget_type=\"text-editor.default\">\n\t\t\t\t<div class=\"elementor-widget-container\">\n\t\t\t\t\t\t\t\t\t<p>Para calificar para el programa, las personas deben ser residentes actuales o anteriores de Mishawaka y llamar a la ciudad su ciudad natal. Las personas tambi\u00e9n deben haber servido en cualquiera de las seis ramas militares, incluido el Ej\u00e9rcito, la Armada, la Fuerza A\u00e9rea, la Infanter\u00eda de Marina, la Guardia Costera y la Fuerza Espacial. Adem\u00e1s, la persona debe estar actualmente en servicio o haber recibido una baja honorable. Tambi\u00e9n son elegibles las personas que fallecieron en el cumplimiento del deber.<\/p>\t\t\t\t\t\t\t\t<\/div>\n\t\t\t\t<\/div>\n\t\t\t\t<div class=\"elementor-element elementor-element-45a2303 elementor-widget elementor-widget-spacer\" data-id=\"45a2303\" data-element_type=\"widget\" data-e-type=\"widget\" data-widget_type=\"spacer.default\">\n\t\t\t\t<div class=\"elementor-widget-container\">\n\t\t\t\t\t\t\t<div class=\"elementor-spacer\">\n\t\t\t<div class=\"elementor-spacer-inner\"><\/div>\n\t\t<\/div>\n\t\t\t\t\t\t<\/div>\n\t\t\t\t<\/div>\n\t\t\t\t<div class=\"elementor-element elementor-element-d026d78 elementor-widget elementor-widget-heading\" data-id=\"d026d78\" data-element_type=\"widget\" data-e-type=\"widget\" data-widget_type=\"heading.default\">\n\t\t\t\t<div class=\"elementor-widget-container\">\n\t\t\t\t\t<h3 class=\"elementor-heading-title elementor-size-default\">C\u00f3mo comprar un ladrillo <\/h3>\t\t\t\t<\/div>\n\t\t\t\t<\/div>\n\t\t\t\t<div class=\"elementor-element elementor-element-df90e98 elementor-widget elementor-widget-text-editor\" data-id=\"df90e98\" data-element_type=\"widget\" data-e-type=\"widget\" data-widget_type=\"text-editor.default\">\n\t\t\t\t<div class=\"elementor-widget-container\">\n\t\t\t\t\t\t\t\t\t<p class=\"cvGsUA direction-ltr align-start para-style-body\"><span class=\"a_GcMg font-feature-liga-off font-feature-clig-off font-feature-calt-off text-decoration-none text-strikethrough-none\">To place an order or learn more, <a href=\"https:\/\/form.asana.com\/?k=qyUCYsvlPRS3q_dl7KLPuA&amp;d=1193846408670567\">click here.<\/a><\/span><\/p><p class=\"cvGsUA direction-ltr align-start para-style-body\"><span class=\"a_GcMg font-feature-liga-off font-feature-clig-off font-feature-calt-off text-decoration-none text-strikethrough-none\">Orders will be taken year round with two installation deadlines.<\/span><\/p><ul><li><span class=\"a_GcMg font-feature-liga-off font-feature-clig-off font-feature-calt-off text-decoration-none text-strikethrough-none\">Veterans Day installation deadline October 17<\/span><span class=\"a_GcMg font-feature-liga-off font-feature-clig-off font-feature-calt-off text-decoration-none text-strikethrough-none font-size-modifier vertical-align\">el <\/span><span class=\"a_GcMg font-feature-liga-off font-feature-clig-off font-feature-calt-off text-decoration-none text-strikethrough-none\">, 2025<\/span><\/li><li><span class=\"a_GcMg font-feature-liga-off font-feature-clig-off font-feature-calt-off text-decoration-none text-strikethrough-none\">Memorial Day installation deadline May 4<\/span><span class=\"a_GcMg font-feature-liga-off font-feature-clig-off font-feature-calt-off text-decoration-none text-strikethrough-none font-size-modifier vertical-align\">el<\/span><span class=\"a_GcMg font-feature-liga-off font-feature-clig-off font-feature-calt-off text-decoration-none text-strikethrough-none\">, 2026.<\/span><\/li><\/ul><p>\u00a0<\/p><p><span class=\"a_GcMg font-feature-liga-off font-feature-clig-off font-feature-calt-off text-decoration-none text-strikethrough-none\">For questions please email us at <\/span><a class=\"a_GcMg font-feature-liga-off font-feature-clig-off font-feature-calt-off text-decoration-underline text-strikethrough-none\" draggable=\"false\" href=\"mailto:info@genesislaserdesigns.com\" target=\"_blank\" rel=\"noopener\">info@genesislaserdesigns.com<\/a><\/p>\t\t\t\t\t\t\t\t<\/div>\n\t\t\t\t<\/div>\n\t\t<div class=\"elementor-element elementor-element-22dcfdb e-flex e-con-boxed e-con e-child\" data-id=\"22dcfdb\" data-element_type=\"container\" data-e-type=\"container\">\n\t\t\t\t\t<div class=\"e-con-inner\">\n\t\t\t\t<div class=\"elementor-element elementor-element-8c5e918 elementor-widget elementor-widget-button\" data-id=\"8c5e918\" data-element_type=\"widget\" data-e-type=\"widget\" data-widget_type=\"button.default\">\n\t\t\t\t<div class=\"elementor-widget-container\">\n\t\t\t\t\t\t\t\t\t<div class=\"elementor-button-wrapper\">\n\t\t\t\t\t<a class=\"elementor-button elementor-button-link elementor-size-sm\" href=\"https:\/\/form.asana.com\/?k=qyUCYsvlPRS3q_dl7KLPuA&#038;d=1193846408670567\">\n\t\t\t\t\t\t<span class=\"elementor-button-content-wrapper\">\n\t\t\t\t\t\t\t\t\t<span class=\"elementor-button-text\">Place an order<\/span>\n\t\t\t\t\t<\/span>\n\t\t\t\t\t<\/a>\n\t\t\t\t<\/div>\n\t\t\t\t\t\t\t\t<\/div>\n\t\t\t\t<\/div>\n\t\t\t\t<div class=\"elementor-element elementor-element-4f3fde2 elementor-widget elementor-widget-button\" data-id=\"4f3fde2\" data-element_type=\"widget\" data-e-type=\"widget\" data-widget_type=\"button.default\">\n\t\t\t\t<div class=\"elementor-widget-container\">\n\t\t\t\t\t\t\t\t\t<div class=\"elementor-button-wrapper\">\n\t\t\t\t\t<a class=\"elementor-button elementor-button-link elementor-size-sm\" href=\"https:\/\/mishawaka.in.gov\/wp-content\/uploads\/2025\/08\/Buy-A-Brick-Program-Information.pdf\">\n\t\t\t\t\t\t<span class=\"elementor-button-content-wrapper\">\n\t\t\t\t\t\t\t\t\t<span class=\"elementor-button-text\">Descarga el programa en PDF<\/span>\n\t\t\t\t\t<\/span>\n\t\t\t\t\t<\/a>\n\t\t\t\t<\/div>\n\t\t\t\t\t\t\t\t<\/div>\n\t\t\t\t<\/div>\n\t\t\t\t\t<\/div>\n\t\t\t\t<\/div>\n\t\t\t\t<div class=\"elementor-element elementor-element-1309a13 elementor-widget elementor-widget-spacer\" data-id=\"1309a13\" data-element_type=\"widget\" data-e-type=\"widget\" data-widget_type=\"spacer.default\">\n\t\t\t\t<div class=\"elementor-widget-container\">\n\t\t\t\t\t\t\t<div class=\"elementor-spacer\">\n\t\t\t<div class=\"elementor-spacer-inner\"><\/div>\n\t\t<\/div>\n\t\t\t\t\t\t<\/div>\n\t\t\t\t<\/div>\n\t\t\t\t\t<\/div>\n\t\t\t\t<\/div>\n\t\t\t\t<\/div>","protected":false},"excerpt":{"rendered":"<p>Building support for community and veterans, one brick at a time Create a timeless tribute for your loved ones at the Battell Park Veterans\u2019 Memorial Plaza by participating in the [&hellip;]<\/p>\n","protected":false},"author":1,"featured_media":5103,"parent":53,"menu_order":0,"comment_status":"closed","ping_status":"closed","template":"","meta":{"_acf_changed":false,"_price":"","_stock":"","_tribe_ticket_header":"","_tribe_default_ticket_provider":"","_tribe_ticket_capacity":"0","_ticket_start_date":"","_ticket_end_date":"","_tribe_ticket_show_description":"","_tribe_ticket_show_not_going":false,"_tribe_ticket_use_global_stock":"","_tribe_ticket_global_stock_level":"","_global_stock_mode":"","_global_stock_cap":"","_tribe_rsvp_for_event":"","_tribe_ticket_going_count":"","_tribe_ticket_not_going_count":"","_tribe_tickets_list":"[]","_tribe_ticket_has_attendee_info_fields":false,"footnotes":"","_tec_slr_enabled":"","_tec_slr_layout":""},"class_list":["post-5928","page","type-page","status-publish","has-post-thumbnail","hentry"],"acf":[],"yoast_head":"<!-- This site is optimized with the Yoast SEO plugin v27.1.1 - https:\/\/yoast.com\/product\/yoast-seo-wordpress\/ -->\n<title>Buy-a-Brick Program | City of Mishawaka, Indiana<\/title>\n<meta name=\"description\" content=\"Leave a lasting legacy for a loved one who served in the military with the Buy-a-Brick program at Battell Veterans\u2019 Memorial Plaza. Learn more today.\" \/>\n<meta name=\"robots\" content=\"index, follow, max-snippet:-1, max-image-preview:large, max-video-preview:-1\" \/>\n<link rel=\"canonical\" href=\"https:\/\/mishawaka.in.gov\/es\/cosas-para-hacer\/programa-de-compra-de-ladrillos\/\" \/>\n<meta property=\"og:locale\" content=\"es_ES\" \/>\n<meta property=\"og:type\" content=\"article\" \/>\n<meta property=\"og:title\" content=\"Buy-a-Brick Program | City of Mishawaka, Indiana\" \/>\n<meta property=\"og:description\" content=\"Leave a lasting legacy for a loved one who served in the military with the Buy-a-Brick program at Battell Veterans\u2019 Memorial Plaza. Learn more today.\" \/>\n<meta property=\"og:url\" content=\"https:\/\/mishawaka.in.gov\/es\/cosas-para-hacer\/programa-de-compra-de-ladrillos\/\" \/>\n<meta property=\"og:site_name\" content=\"City of Mishawaka\" \/>\n<meta property=\"article:modified_time\" content=\"2025-08-25T16:50:03+00:00\" \/>\n<meta property=\"og:image\" content=\"https:\/\/mishawaka.in.gov\/wp-content\/uploads\/2023\/07\/2010s-Veterans-Plaza.jpg\" \/>\n\t<meta property=\"og:image:width\" content=\"1000\" \/>\n\t<meta property=\"og:image:height\" content=\"650\" \/>\n\t<meta property=\"og:image:type\" content=\"image\/jpeg\" \/>\n<meta name=\"twitter:card\" content=\"summary_large_image\" \/>\n<meta name=\"twitter:label1\" content=\"Tiempo de lectura\" \/>\n\t<meta name=\"twitter:data1\" content=\"2 minutos\" \/>\n<script type=\"application\/ld+json\" class=\"yoast-schema-graph\">{\"@context\":\"https:\/\/schema.org\",\"@graph\":[{\"@type\":\"WebPage\",\"@id\":\"https:\/\/mishawaka.in.gov\/things-to-do\/buy-a-brick-program\/\",\"url\":\"https:\/\/mishawaka.in.gov\/things-to-do\/buy-a-brick-program\/\",\"name\":\"Buy-a-Brick Program | City of Mishawaka, Indiana\",\"isPartOf\":{\"@id\":\"https:\/\/mishawaka.in.gov\/#website\"},\"primaryImageOfPage\":{\"@id\":\"https:\/\/mishawaka.in.gov\/things-to-do\/buy-a-brick-program\/#primaryimage\"},\"image\":{\"@id\":\"https:\/\/mishawaka.in.gov\/things-to-do\/buy-a-brick-program\/#primaryimage\"},\"thumbnailUrl\":\"https:\/\/mishawaka.in.gov\/wp-content\/uploads\/2023\/07\/2010s-Veterans-Plaza.jpg\",\"datePublished\":\"2023-10-09T18:54:33+00:00\",\"dateModified\":\"2025-08-25T16:50:03+00:00\",\"description\":\"Leave a lasting legacy for a loved one who served in the military with the Buy-a-Brick program at Battell Veterans\u2019 Memorial Plaza. Learn more today.\",\"breadcrumb\":{\"@id\":\"https:\/\/mishawaka.in.gov\/things-to-do\/buy-a-brick-program\/#breadcrumb\"},\"inLanguage\":\"es\",\"potentialAction\":[{\"@type\":\"ReadAction\",\"target\":[\"https:\/\/mishawaka.in.gov\/things-to-do\/buy-a-brick-program\/\"]}]},{\"@type\":\"ImageObject\",\"inLanguage\":\"es\",\"@id\":\"https:\/\/mishawaka.in.gov\/things-to-do\/buy-a-brick-program\/#primaryimage\",\"url\":\"https:\/\/mishawaka.in.gov\/wp-content\/uploads\/2023\/07\/2010s-Veterans-Plaza.jpg\",\"contentUrl\":\"https:\/\/mishawaka.in.gov\/wp-content\/uploads\/2023\/07\/2010s-Veterans-Plaza.jpg\",\"width\":1000,\"height\":650,\"caption\":\"2010s - Veterans Plaza, Battell Park\"},{\"@type\":\"BreadcrumbList\",\"@id\":\"https:\/\/mishawaka.in.gov\/things-to-do\/buy-a-brick-program\/#breadcrumb\",\"itemListElement\":[{\"@type\":\"ListItem\",\"position\":1,\"name\":\"Home\",\"item\":\"https:\/\/mishawaka.in.gov\/\"},{\"@type\":\"ListItem\",\"position\":2,\"name\":\"Things to Do\",\"item\":\"https:\/\/mishawaka.in.gov\/things-to-do\/\"},{\"@type\":\"ListItem\",\"position\":3,\"name\":\"Buy-a-Brick Program\"}]},{\"@type\":\"WebSite\",\"@id\":\"https:\/\/mishawaka.in.gov\/#website\",\"url\":\"https:\/\/mishawaka.in.gov\/\",\"name\":\"City of Mishawaka\",\"description\":\"The Best Hometown in America\",\"publisher\":{\"@id\":\"https:\/\/mishawaka.in.gov\/#organization\"},\"potentialAction\":[{\"@type\":\"SearchAction\",\"target\":{\"@type\":\"EntryPoint\",\"urlTemplate\":\"https:\/\/mishawaka.in.gov\/?s={search_term_string}\"},\"query-input\":{\"@type\":\"PropertyValueSpecification\",\"valueRequired\":true,\"valueName\":\"search_term_string\"}}],\"inLanguage\":\"es\"},{\"@type\":\"Organization\",\"@id\":\"https:\/\/mishawaka.in.gov\/#organization\",\"name\":\"City of Mishawaka\",\"url\":\"https:\/\/mishawaka.in.gov\/\",\"logo\":{\"@type\":\"ImageObject\",\"inLanguage\":\"es\",\"@id\":\"https:\/\/mishawaka.in.gov\/#\/schema\/logo\/image\/\",\"url\":\"\",\"contentUrl\":\"\",\"caption\":\"City of Mishawaka\"},\"image\":{\"@id\":\"https:\/\/mishawaka.in.gov\/#\/schema\/logo\/image\/\"}}]}<\/script>\n<!-- \/ Yoast SEO plugin. -->","yoast_head_json":{"title":"Programa Compra un Ladrillo | Ciudad de Mishawaka, Indiana","description":"Deje un legado duradero para un ser querido que sirvi\u00f3 en el ej\u00e9rcito con el programa Buy-a-Brick en Battell Veterans&#039; Memorial Plaza. Obtenga m\u00e1s informaci\u00f3n hoy.","robots":{"index":"index","follow":"follow","max-snippet":"max-snippet:-1","max-image-preview":"max-image-preview:large","max-video-preview":"max-video-preview:-1"},"canonical":"https:\/\/mishawaka.in.gov\/es\/cosas-para-hacer\/programa-de-compra-de-ladrillos\/","og_locale":"es_ES","og_type":"article","og_title":"Buy-a-Brick Program | City of Mishawaka, Indiana","og_description":"Leave a lasting legacy for a loved one who served in the military with the Buy-a-Brick program at Battell Veterans\u2019 Memorial Plaza. Learn more today.","og_url":"https:\/\/mishawaka.in.gov\/es\/cosas-para-hacer\/programa-de-compra-de-ladrillos\/","og_site_name":"City of Mishawaka","article_modified_time":"2025-08-25T16:50:03+00:00","og_image":[{"width":1000,"height":650,"url":"https:\/\/mishawaka.in.gov\/wp-content\/uploads\/2023\/07\/2010s-Veterans-Plaza.jpg","type":"image\/jpeg"}],"twitter_card":"summary_large_image","twitter_misc":{"Tiempo de lectura":"2 minutos"},"schema":{"@context":"https:\/\/schema.org","@graph":[{"@type":"WebPage","@id":"https:\/\/mishawaka.in.gov\/things-to-do\/buy-a-brick-program\/","url":"https:\/\/mishawaka.in.gov\/things-to-do\/buy-a-brick-program\/","name":"Programa Compra un Ladrillo | Ciudad de Mishawaka, Indiana","isPartOf":{"@id":"https:\/\/mishawaka.in.gov\/#website"},"primaryImageOfPage":{"@id":"https:\/\/mishawaka.in.gov\/things-to-do\/buy-a-brick-program\/#primaryimage"},"image":{"@id":"https:\/\/mishawaka.in.gov\/things-to-do\/buy-a-brick-program\/#primaryimage"},"thumbnailUrl":"https:\/\/mishawaka.in.gov\/wp-content\/uploads\/2023\/07\/2010s-Veterans-Plaza.jpg","datePublished":"2023-10-09T18:54:33+00:00","dateModified":"2025-08-25T16:50:03+00:00","description":"Deje un legado duradero para un ser querido que sirvi\u00f3 en el ej\u00e9rcito con el programa Buy-a-Brick en Battell Veterans&#039; Memorial Plaza. Obtenga m\u00e1s informaci\u00f3n hoy.","breadcrumb":{"@id":"https:\/\/mishawaka.in.gov\/things-to-do\/buy-a-brick-program\/#breadcrumb"},"inLanguage":"es","potentialAction":[{"@type":"ReadAction","target":["https:\/\/mishawaka.in.gov\/things-to-do\/buy-a-brick-program\/"]}]},{"@type":"ImageObject","inLanguage":"es","@id":"https:\/\/mishawaka.in.gov\/things-to-do\/buy-a-brick-program\/#primaryimage","url":"https:\/\/mishawaka.in.gov\/wp-content\/uploads\/2023\/07\/2010s-Veterans-Plaza.jpg","contentUrl":"https:\/\/mishawaka.in.gov\/wp-content\/uploads\/2023\/07\/2010s-Veterans-Plaza.jpg","width":1000,"height":650,"caption":"2010s - Veterans Plaza, Battell Park"},{"@type":"BreadcrumbList","@id":"https:\/\/mishawaka.in.gov\/things-to-do\/buy-a-brick-program\/#breadcrumb","itemListElement":[{"@type":"ListItem","position":1,"name":"Home","item":"https:\/\/mishawaka.in.gov\/"},{"@type":"ListItem","position":2,"name":"Things to Do","item":"https:\/\/mishawaka.in.gov\/things-to-do\/"},{"@type":"ListItem","position":3,"name":"Buy-a-Brick Program"}]},{"@type":"WebSite","@id":"https:\/\/mishawaka.in.gov\/#website","url":"https:\/\/mishawaka.in.gov\/","name":"Ciudad de Mishawaka","description":"La mejor ciudad natal de Am\u00e9rica","publisher":{"@id":"https:\/\/mishawaka.in.gov\/#organization"},"potentialAction":[{"@type":"SearchAction","target":{"@type":"EntryPoint","urlTemplate":"https:\/\/mishawaka.in.gov\/?s={search_term_string}"},"query-input":{"@type":"PropertyValueSpecification","valueRequired":true,"valueName":"search_term_string"}}],"inLanguage":"es"},{"@type":"Organization","@id":"https:\/\/mishawaka.in.gov\/#organization","name":"Ciudad de Mishawaka","url":"https:\/\/mishawaka.in.gov\/","logo":{"@type":"ImageObject","inLanguage":"es","@id":"https:\/\/mishawaka.in.gov\/#\/schema\/logo\/image\/","url":"","contentUrl":"","caption":"City of Mishawaka"},"image":{"@id":"https:\/\/mishawaka.in.gov\/#\/schema\/logo\/image\/"}}]}},"ticketed":false,"_links":{"self":[{"href":"https:\/\/mishawaka.in.gov\/es\/wp-json\/wp\/v2\/pages\/5928","targetHints":{"allow":["GET"]}}],"collection":[{"href":"https:\/\/mishawaka.in.gov\/es\/wp-json\/wp\/v2\/pages"}],"about":[{"href":"https:\/\/mishawaka.in.gov\/es\/wp-json\/wp\/v2\/types\/page"}],"author":[{"embeddable":true,"href":"https:\/\/mishawaka.in.gov\/es\/wp-json\/wp\/v2\/users\/1"}],"replies":[{"embeddable":true,"href":"https:\/\/mishawaka.in.gov\/es\/wp-json\/wp\/v2\/comments?post=5928"}],"version-history":[{"count":0,"href":"https:\/\/mishawaka.in.gov\/es\/wp-json\/wp\/v2\/pages\/5928\/revisions"}],"up":[{"embeddable":true,"href":"https:\/\/mishawaka.in.gov\/es\/wp-json\/wp\/v2\/pages\/53"}],"wp:featuredmedia":[{"embeddable":true,"href":"https:\/\/mishawaka.in.gov\/es\/wp-json\/wp\/v2\/media\/5103"}],"wp:attachment":[{"href":"https:\/\/mishawaka.in.gov\/es\/wp-json\/wp\/v2\/media?parent=5928"}],"curies":[{"name":"wp","href":"https:\/\/api.w.org\/{rel}","templated":true}]}}