{"id":629,"date":"2022-11-18T21:12:40","date_gmt":"2022-11-18T21:12:40","guid":{"rendered":"https:\/\/comishawaka.wpengine.com\/?page_id=629"},"modified":"2026-04-01T11:31:43","modified_gmt":"2026-04-01T15:31:43","slug":"su-factura-de-servicios-publicos","status":"publish","type":"page","link":"https:\/\/mishawaka.in.gov\/es\/gobierno\/departamentos\/mishawaka-utilidades\/su-factura-de-servicios-publicos\/","title":{"rendered":"Su factura de servicios p\u00fablicos"},"content":{"rendered":"<div data-elementor-type=\"wp-page\" data-elementor-id=\"629\" class=\"elementor elementor-629\" data-elementor-post-type=\"page\">\n\t\t\t\t<div class=\"elementor-element elementor-element-69d237f e-flex e-con-boxed e-con e-parent\" data-id=\"69d237f\" data-element_type=\"container\" data-e-type=\"container\" data-settings=\"{&quot;background_background&quot;:&quot;classic&quot;}\">\n\t\t\t\t\t<div class=\"e-con-inner\">\n\t\t<div class=\"elementor-element elementor-element-9ecb996 e-con-full e-flex e-con e-child\" data-id=\"9ecb996\" data-element_type=\"container\" data-e-type=\"container\">\n\t\t\t\t<div class=\"elementor-element elementor-element-8de8692 elementor-widget elementor-widget-heading\" data-id=\"8de8692\" data-element_type=\"widget\" data-e-type=\"widget\" data-widget_type=\"heading.default\">\n\t\t\t\t<div class=\"elementor-widget-container\">\n\t\t\t\t\t<h3 class=\"elementor-heading-title elementor-size-default\">Pague su factura de servicios p\u00fablicos<\/h3>\t\t\t\t<\/div>\n\t\t\t\t<\/div>\n\t\t\t\t<div class=\"elementor-element elementor-element-f217276 elementor-widget elementor-widget-text-editor\" data-id=\"f217276\" data-element_type=\"widget\" data-e-type=\"widget\" data-widget_type=\"text-editor.default\">\n\t\t\t\t<div class=\"elementor-widget-container\">\n\t\t\t\t\t\t\t\t\t<p>Su factura siempre mostrar\u00e1 el monto actual adeudado y cualquier saldo adelantado del mes pasado si se atras\u00f3. Debe pagar el monto actual adeudado antes de la fecha de vencimiento o el monto mayor que se muestra si se paga despu\u00e9s de la fecha de vencimiento.<\/p><ul><li><a href=\"https:\/\/www.invoicecloud.com\/portal\/(S(iuynnjrdrhlupskuu3ycmdom))\/2\/Site.aspx?G=4397ee80-0d1c-427d-819e-da5b9f80b5b7\" target=\"_blank\" rel=\"noopener\">Pagar mi factura de servicios p\u00fablicos en l\u00ednea<\/a><\/li><\/ul><div>\u00a0<\/div><p><strong>Otras opciones de pago:<\/strong><\/p><ol><li>Pague en nuestra oficina (efectivo, cheque, giro postal, tarjeta de d\u00e9bito\/cr\u00e9dito, se aplican cargos por servicio)<\/li><li>Env\u00ede el pago por correo (cheque o giro postal)<\/li><li>Pagos autom\u00e1ticos desde su cuenta bancaria (<span style=\"text-decoration: underline;\"><a href=\"https:\/\/filebound.mishawaka.in.gov\/portal\/438?category=2\" target=\"_blank\" rel=\"noopener\">Pago autom\u00e1tico<\/a><\/span>)<\/li><li>Pagos en l\u00ednea a trav\u00e9s de\u00a0<a href=\"https:\/\/www.invoicecloud.com\/mishawaka\" target=\"_blank\" rel=\"noopener\">facturanube<\/a> \u2013Se aplican tarifas de servicio. <img decoding=\"async\" class=\"alignnone wp-image-5436\" src=\"https:\/\/mishawaka.in.gov\/wp-content\/uploads\/2023\/08\/28echeckvisamastercarddiscoveramexgooglepayapplepaypaypalvenmo-300x19.png\" alt=\"\" width=\"396\" height=\"26\" srcset=\"https:\/\/mishawaka.in.gov\/wp-content\/uploads\/2023\/08\/28echeckvisamastercarddiscoveramexgooglepayapplepaypaypalvenmo-300x19.png 300w, https:\/\/mishawaka.in.gov\/wp-content\/uploads\/2023\/08\/28echeckvisamastercarddiscoveramexgooglepayapplepaypaypalvenmo-1024x66.png 1024w, https:\/\/mishawaka.in.gov\/wp-content\/uploads\/2023\/08\/28echeckvisamastercarddiscoveramexgooglepayapplepaypaypalvenmo-768x50.png 768w, https:\/\/mishawaka.in.gov\/wp-content\/uploads\/2023\/08\/28echeckvisamastercarddiscoveramexgooglepayapplepaypaypalvenmo-1536x100.png 1536w, https:\/\/mishawaka.in.gov\/wp-content\/uploads\/2023\/08\/28echeckvisamastercarddiscoveramexgooglepayapplepaypaypalvenmo-2048x133.png 2048w, https:\/\/mishawaka.in.gov\/wp-content\/uploads\/2023\/08\/28echeckvisamastercarddiscoveramexgooglepayapplepaypaypalvenmo-18x1.png 18w\" sizes=\"(max-width: 396px) 100vw, 396px\" \/><\/li><li>Pago de facturas en l\u00ednea a trav\u00e9s de su banco (generalmente un servicio gratuito)<\/li><li>Call our toll-free number <a href=\"tel:8662880515\">(866) 288-0515<\/a> <img decoding=\"async\" class=\"alignnone size-medium wp-image-5437\" src=\"https:\/\/mishawaka.in.gov\/wp-content\/uploads\/2023\/08\/20echeckvisamastercarddiscoveramex-300x40.png\" alt=\"\" width=\"300\" height=\"40\" srcset=\"https:\/\/mishawaka.in.gov\/wp-content\/uploads\/2023\/08\/20echeckvisamastercarddiscoveramex-300x40.png 300w, https:\/\/mishawaka.in.gov\/wp-content\/uploads\/2023\/08\/20echeckvisamastercarddiscoveramex-1024x135.png 1024w, https:\/\/mishawaka.in.gov\/wp-content\/uploads\/2023\/08\/20echeckvisamastercarddiscoveramex-768x101.png 768w, https:\/\/mishawaka.in.gov\/wp-content\/uploads\/2023\/08\/20echeckvisamastercarddiscoveramex-1536x203.png 1536w, https:\/\/mishawaka.in.gov\/wp-content\/uploads\/2023\/08\/20echeckvisamastercarddiscoveramex-18x2.png 18w, https:\/\/mishawaka.in.gov\/wp-content\/uploads\/2023\/08\/20echeckvisamastercarddiscoveramex.png 1991w\" sizes=\"(max-width: 300px) 100vw, 300px\" \/>\u00a0<\/li><\/ol><p><em>Tenga en cuenta: el uso del n\u00famero gratuito del Sistema de respuesta de voz interactivo (IVR) incurre en una tarifa de servicio separada de $1.95 adem\u00e1s de la tarifa de transacci\u00f3n.<\/em><\/p>\t\t\t\t\t\t\t\t<\/div>\n\t\t\t\t<\/div>\n\t\t\t\t<\/div>\n\t\t<div class=\"elementor-element elementor-element-41ed296 e-con-full e-flex e-con e-child\" data-id=\"41ed296\" data-element_type=\"container\" data-e-type=\"container\">\n\t\t\t\t<div class=\"elementor-element elementor-element-1dad9c1 elementor-widget elementor-widget-heading\" data-id=\"1dad9c1\" data-element_type=\"widget\" data-e-type=\"widget\" data-widget_type=\"heading.default\">\n\t\t\t\t<div class=\"elementor-widget-container\">\n\t\t\t\t\t<h3 class=\"elementor-heading-title elementor-size-default\">Datos de facturaci\u00f3n<\/h3>\t\t\t\t<\/div>\n\t\t\t\t<\/div>\n\t\t\t\t<div class=\"elementor-element elementor-element-d6fe629 elementor-widget elementor-widget-text-editor\" data-id=\"d6fe629\" data-element_type=\"widget\" data-e-type=\"widget\" data-widget_type=\"text-editor.default\">\n\t\t\t\t<div class=\"elementor-widget-container\">\n\t\t\t\t\t\t\t\t\t<p>Recibir\u00e1 su factura de MU mensualmente y tendr\u00e1\u00a0<strong>al menos 10 d\u00edas para revisarlo antes de la fecha de vencimiento del pago<\/strong>. La fecha de vencimiento que se muestra en la parte superior de su factura ser\u00e1 la fecha de vencimiento de su pago cada mes. Las fechas de vencimiento se distribuyen de acuerdo con el \u00e1rea de la propiedad que se factura. Nuestro\u00a0<a href=\"https:\/\/bit.ly\/billingcycle\" target=\"_blank\" rel=\"noopener\">Mapa del ciclo de facturaci\u00f3n<\/a> muestra exactamente c\u00f3mo se desglosan estas \u00e1reas.<\/p><p>Cada servicio estar\u00e1 identificado. Si su uso es estimado, ese hecho se mostrar\u00e1 claramente.<\/p><ul><li>Si solo tiene servicio de electricidad, la factura mostrar\u00e1 los KWH (kilovatios hora) utilizados.<\/li><li>Si tiene servicios de agua y\/o alcantarillado, su factura tambi\u00e9n mostrar\u00e1 los CF (pies c\u00fabicos) de agua utilizada. Un CF equivale a 7,48 galones.<\/li><li>El cargo por agua se basa en el tama\u00f1o de su medidor de agua (que tambi\u00e9n se muestra en la factura) y su uso desde el \u00faltimo per\u00edodo de facturaci\u00f3n.<\/li><li>Los caudales de aguas residuales no se miden; los cargos se basan en su consumo de agua. Tenga en cuenta que las tarifas de aguas residuales tienen reglas de facturaci\u00f3n especiales para el verano.<ul><li><em>*<\/em><em> Proporcionamos tarifas de aguas residuales de verano para clientes residenciales con un solo medidor de agua. Promediamos su consumo de agua para los meses de enero a abril y usamos ese promedio como base para la facturaci\u00f3n de aguas residuales para los meses de mayo a octubre.<\/em><\/li><\/ul><\/li><\/ul>\t\t\t\t\t\t\t\t<\/div>\n\t\t\t\t<\/div>\n\t\t\t\t<\/div>\n\t\t\t\t\t<\/div>\n\t\t\t\t<\/div>\n\t\t<div class=\"elementor-element elementor-element-8af4957 e-flex e-con-boxed e-con e-parent\" data-id=\"8af4957\" data-element_type=\"container\" data-e-type=\"container\" data-settings=\"{&quot;background_background&quot;:&quot;classic&quot;}\">\n\t\t\t\t\t<div class=\"e-con-inner\">\n\t\t\t\t<div class=\"elementor-element elementor-element-6e7afc6 elementor-widget elementor-widget-heading\" data-id=\"6e7afc6\" data-element_type=\"widget\" data-e-type=\"widget\" data-widget_type=\"heading.default\">\n\t\t\t\t<div class=\"elementor-widget-container\">\n\t\t\t\t\t<h3 class=\"elementor-heading-title elementor-size-default\">Tarifas y cargos miscel\u00e1neos<\/h3>\t\t\t\t<\/div>\n\t\t\t\t<\/div>\n\t\t\t\t<div class=\"elementor-element elementor-element-f523ec9 elementor-widget elementor-widget-text-editor\" data-id=\"f523ec9\" data-element_type=\"widget\" data-e-type=\"widget\" data-widget_type=\"text-editor.default\">\n\t\t\t\t<div class=\"elementor-widget-container\">\n\t\t\t\t\t\t\t\t\t<p>Nuestros cargos \u00fanicos de encendido son $20 para servicios el\u00e9ctricos y $20 para servicios de agua. Estos cargos no reembolsables son para leer su medidor y configurar su nueva cuenta en nuestro sistema inform\u00e1tico. Estos cargos son independientes de los requisitos de dep\u00f3sito y aparecer\u00e1n en su primera factura.<\/p><p><em>Tarifa de protecci\u00f3n contra incendios<\/em> \u2013 A cada cliente de agua se le cobra una tarifa mensual de protecci\u00f3n contra incendios, evaluada por ley para ayudar a pagar y mantener las bocas de incendio conectadas al sistema de agua de nuestra ciudad. El monto de esta tarifa est\u00e1 determinado por el tama\u00f1o de su medidor de agua.<\/p><p><em>Seguro de alcantarillado<\/em> \u2013 La tarifa mensual de seguro de alcantarillado $2.20 aparece como un recargo para todos los clientes de aguas residuales residenciales unifamiliares dentro de los l\u00edmites corporativos de Mishawaka.<\/p>\t\t\t\t\t\t\t\t<\/div>\n\t\t\t\t<\/div>\n\t\t\t\t<div class=\"elementor-element elementor-element-65f78a3 elementor-widget elementor-widget-spacer\" data-id=\"65f78a3\" data-element_type=\"widget\" data-e-type=\"widget\" data-widget_type=\"spacer.default\">\n\t\t\t\t<div class=\"elementor-widget-container\">\n\t\t\t\t\t\t\t<div class=\"elementor-spacer\">\n\t\t\t<div class=\"elementor-spacer-inner\"><\/div>\n\t\t<\/div>\n\t\t\t\t\t\t<\/div>\n\t\t\t\t<\/div>\n\t\t\t\t\t<\/div>\n\t\t\t\t<\/div>\n\t\t<div class=\"elementor-element elementor-element-6f0058e e-con-full reversed e-flex e-con e-parent\" data-id=\"6f0058e\" data-element_type=\"container\" data-e-type=\"container\" data-settings=\"{&quot;background_background&quot;:&quot;classic&quot;}\">\n\t\t<div class=\"elementor-element elementor-element-835eec0 e-flex e-con-boxed e-con e-child\" data-id=\"835eec0\" data-element_type=\"container\" data-e-type=\"container\">\n\t\t\t\t\t<div class=\"e-con-inner\">\n\t\t\t\t<div class=\"elementor-element elementor-element-e68aea1 elementor-widget elementor-widget-heading\" data-id=\"e68aea1\" data-element_type=\"widget\" data-e-type=\"widget\" data-widget_type=\"heading.default\">\n\t\t\t\t<div class=\"elementor-widget-container\">\n\t\t\t\t\t<h3 class=\"elementor-heading-title elementor-size-default\">Reg\u00edstrese para eBill a trav\u00e9s de Mishawaka Utilities<\/h3>\t\t\t\t<\/div>\n\t\t\t\t<\/div>\n\t\t\t\t<div class=\"elementor-element elementor-element-c5c4354 elementor-widget elementor-widget-text-editor\" data-id=\"c5c4354\" data-element_type=\"widget\" data-e-type=\"widget\" data-widget_type=\"text-editor.default\">\n\t\t\t\t<div class=\"elementor-widget-container\">\n\t\t\t\t\t\t\t\t\t<p>Reduzca el uso de papel y franqueo al recibir su factura por correo electr\u00f3nico. Consulta y paga facturas cuando quieras desde donde est\u00e9s. Reciba recordatorios por correo electr\u00f3nico para cada factura nueva y reduzca el riesgo de p\u00e9rdida o robo de sus facturas.<\/p><p><a href=\"https:\/\/filebound.mishawaka.in.gov\/portal\/432?category=Customer%20Service\" target=\"_blank\" rel=\"noopener\">\u00a1Reg\u00edstrate ahora!<\/a><\/p>\t\t\t\t\t\t\t\t<\/div>\n\t\t\t\t<\/div>\n\t\t\t\t\t<\/div>\n\t\t\t\t<\/div>\n\t\t\t\t<\/div>\n\t\t\t\t<\/div>","protected":false},"excerpt":{"rendered":"<p>Pay Your Utility Bill Your bill will always show the current amount due and any balance brought forward from last month if you were late. You must pay the current [&hellip;]<\/p>\n","protected":false},"author":1,"featured_media":0,"parent":442,"menu_order":39,"comment_status":"closed","ping_status":"closed","template":"","meta":{"_acf_changed":false,"_price":"","_stock":"","_tribe_ticket_header":"","_tribe_default_ticket_provider":"","_tribe_ticket_capacity":"0","_ticket_start_date":"","_ticket_end_date":"","_tribe_ticket_show_description":"","_tribe_ticket_show_not_going":false,"_tribe_ticket_use_global_stock":"","_tribe_ticket_global_stock_level":"","_global_stock_mode":"","_global_stock_cap":"","_tribe_rsvp_for_event":"","_tribe_ticket_going_count":"","_tribe_ticket_not_going_count":"","_tribe_tickets_list":"[]","_tribe_ticket_has_attendee_info_fields":false,"footnotes":"","_tec_slr_enabled":"","_tec_slr_layout":""},"class_list":["post-629","page","type-page","status-publish","hentry"],"acf":[],"yoast_head":"<!-- This site is optimized with the Yoast SEO plugin v27.1.1 - https:\/\/yoast.com\/product\/yoast-seo-wordpress\/ -->\n<title>View and Pay Your Utility Bill | Mishawaka Utilities<\/title>\n<meta name=\"description\" content=\"View your account and make a payment to Mishawka Utilities through our online portal. Update your account, sign up for online bill pay and more.\" \/>\n<meta name=\"robots\" content=\"index, follow, max-snippet:-1, max-image-preview:large, max-video-preview:-1\" \/>\n<link rel=\"canonical\" href=\"https:\/\/mishawaka.in.gov\/es\/gobierno\/departamentos\/mishawaka-utilidades\/su-factura-de-servicios-publicos\/\" \/>\n<meta property=\"og:locale\" content=\"es_ES\" \/>\n<meta property=\"og:type\" content=\"article\" \/>\n<meta property=\"og:title\" content=\"View and Pay Your Utility Bill | Mishawaka Utilities\" \/>\n<meta property=\"og:description\" content=\"View your account and make a payment to Mishawka Utilities through our online portal. Update your account, sign up for online bill pay and more.\" \/>\n<meta property=\"og:url\" content=\"https:\/\/mishawaka.in.gov\/es\/gobierno\/departamentos\/mishawaka-utilidades\/su-factura-de-servicios-publicos\/\" \/>\n<meta property=\"og:site_name\" content=\"City of Mishawaka\" \/>\n<meta property=\"article:modified_time\" content=\"2026-04-01T15:31:43+00:00\" \/>\n<meta property=\"og:image\" content=\"https:\/\/mishawaka.in.gov\/wp-content\/uploads\/2023\/08\/28echeckvisamastercarddiscoveramexgooglepayapplepaypaypalvenmo.png\" \/>\n\t<meta property=\"og:image:width\" content=\"4055\" \/>\n\t<meta property=\"og:image:height\" content=\"263\" \/>\n\t<meta property=\"og:image:type\" content=\"image\/png\" \/>\n<meta name=\"twitter:card\" content=\"summary_large_image\" \/>\n<meta name=\"twitter:label1\" content=\"Tiempo de lectura\" \/>\n\t<meta name=\"twitter:data1\" content=\"3 minutos\" \/>\n<script type=\"application\/ld+json\" class=\"yoast-schema-graph\">{\"@context\":\"https:\/\/schema.org\",\"@graph\":[{\"@type\":\"WebPage\",\"@id\":\"https:\/\/mishawaka.in.gov\/government\/departments\/mishawaka-utilities\/your-utility-bill\/\",\"url\":\"https:\/\/mishawaka.in.gov\/government\/departments\/mishawaka-utilities\/your-utility-bill\/\",\"name\":\"View and Pay Your Utility Bill | Mishawaka Utilities\",\"isPartOf\":{\"@id\":\"https:\/\/mishawaka.in.gov\/#website\"},\"primaryImageOfPage\":{\"@id\":\"https:\/\/mishawaka.in.gov\/government\/departments\/mishawaka-utilities\/your-utility-bill\/#primaryimage\"},\"image\":{\"@id\":\"https:\/\/mishawaka.in.gov\/government\/departments\/mishawaka-utilities\/your-utility-bill\/#primaryimage\"},\"thumbnailUrl\":\"https:\/\/mishawaka.in.gov\/wp-content\/uploads\/2023\/08\/28echeckvisamastercarddiscoveramexgooglepayapplepaypaypalvenmo-300x19.png\",\"datePublished\":\"2022-11-18T21:12:40+00:00\",\"dateModified\":\"2026-04-01T15:31:43+00:00\",\"description\":\"View your account and make a payment to Mishawka Utilities through our online portal. Update your account, sign up for online bill pay and more.\",\"breadcrumb\":{\"@id\":\"https:\/\/mishawaka.in.gov\/government\/departments\/mishawaka-utilities\/your-utility-bill\/#breadcrumb\"},\"inLanguage\":\"es\",\"potentialAction\":[{\"@type\":\"ReadAction\",\"target\":[\"https:\/\/mishawaka.in.gov\/government\/departments\/mishawaka-utilities\/your-utility-bill\/\"]}]},{\"@type\":\"ImageObject\",\"inLanguage\":\"es\",\"@id\":\"https:\/\/mishawaka.in.gov\/government\/departments\/mishawaka-utilities\/your-utility-bill\/#primaryimage\",\"url\":\"https:\/\/mishawaka.in.gov\/wp-content\/uploads\/2023\/08\/28echeckvisamastercarddiscoveramexgooglepayapplepaypaypalvenmo-300x19.png\",\"contentUrl\":\"https:\/\/mishawaka.in.gov\/wp-content\/uploads\/2023\/08\/28echeckvisamastercarddiscoveramexgooglepayapplepaypaypalvenmo-300x19.png\"},{\"@type\":\"BreadcrumbList\",\"@id\":\"https:\/\/mishawaka.in.gov\/government\/departments\/mishawaka-utilities\/your-utility-bill\/#breadcrumb\",\"itemListElement\":[{\"@type\":\"ListItem\",\"position\":1,\"name\":\"Home\",\"item\":\"https:\/\/mishawaka.in.gov\/\"},{\"@type\":\"ListItem\",\"position\":2,\"name\":\"Government\",\"item\":\"https:\/\/mishawaka.in.gov\/government\/\"},{\"@type\":\"ListItem\",\"position\":3,\"name\":\"Departments\",\"item\":\"https:\/\/mishawaka.in.gov\/government\/departments\/\"},{\"@type\":\"ListItem\",\"position\":4,\"name\":\"Mishawaka Utilities\",\"item\":\"https:\/\/mishawaka.in.gov\/government\/departments\/mishawaka-utilities\/\"},{\"@type\":\"ListItem\",\"position\":5,\"name\":\"Your Utility Bill\"}]},{\"@type\":\"WebSite\",\"@id\":\"https:\/\/mishawaka.in.gov\/#website\",\"url\":\"https:\/\/mishawaka.in.gov\/\",\"name\":\"City of Mishawaka\",\"description\":\"The Best Hometown in America\",\"publisher\":{\"@id\":\"https:\/\/mishawaka.in.gov\/#organization\"},\"potentialAction\":[{\"@type\":\"SearchAction\",\"target\":{\"@type\":\"EntryPoint\",\"urlTemplate\":\"https:\/\/mishawaka.in.gov\/?s={search_term_string}\"},\"query-input\":{\"@type\":\"PropertyValueSpecification\",\"valueRequired\":true,\"valueName\":\"search_term_string\"}}],\"inLanguage\":\"es\"},{\"@type\":\"Organization\",\"@id\":\"https:\/\/mishawaka.in.gov\/#organization\",\"name\":\"City of Mishawaka\",\"url\":\"https:\/\/mishawaka.in.gov\/\",\"logo\":{\"@type\":\"ImageObject\",\"inLanguage\":\"es\",\"@id\":\"https:\/\/mishawaka.in.gov\/#\/schema\/logo\/image\/\",\"url\":\"\",\"contentUrl\":\"\",\"caption\":\"City of Mishawaka\"},\"image\":{\"@id\":\"https:\/\/mishawaka.in.gov\/#\/schema\/logo\/image\/\"}}]}<\/script>\n<!-- \/ Yoast SEO plugin. -->","yoast_head_json":{"title":"Ver y pagar su factura de servicios p\u00fablicos | Servicios p\u00fablicos de Mishawaka","description":"Vea su cuenta y realice un pago a Mishawka Utilities a trav\u00e9s de nuestro portal en l\u00ednea. Actualice su cuenta, reg\u00edstrese para el pago de facturas en l\u00ednea y m\u00e1s.","robots":{"index":"index","follow":"follow","max-snippet":"max-snippet:-1","max-image-preview":"max-image-preview:large","max-video-preview":"max-video-preview:-1"},"canonical":"https:\/\/mishawaka.in.gov\/es\/gobierno\/departamentos\/mishawaka-utilidades\/su-factura-de-servicios-publicos\/","og_locale":"es_ES","og_type":"article","og_title":"View and Pay Your Utility Bill | Mishawaka Utilities","og_description":"View your account and make a payment to Mishawka Utilities through our online portal. Update your account, sign up for online bill pay and more.","og_url":"https:\/\/mishawaka.in.gov\/es\/gobierno\/departamentos\/mishawaka-utilidades\/su-factura-de-servicios-publicos\/","og_site_name":"City of Mishawaka","article_modified_time":"2026-04-01T15:31:43+00:00","og_image":[{"width":4055,"height":263,"url":"https:\/\/mishawaka.in.gov\/wp-content\/uploads\/2023\/08\/28echeckvisamastercarddiscoveramexgooglepayapplepaypaypalvenmo.png","type":"image\/png"}],"twitter_card":"summary_large_image","twitter_misc":{"Tiempo de lectura":"3 minutos"},"schema":{"@context":"https:\/\/schema.org","@graph":[{"@type":"WebPage","@id":"https:\/\/mishawaka.in.gov\/government\/departments\/mishawaka-utilities\/your-utility-bill\/","url":"https:\/\/mishawaka.in.gov\/government\/departments\/mishawaka-utilities\/your-utility-bill\/","name":"Ver y pagar su factura de servicios p\u00fablicos | Servicios p\u00fablicos de Mishawaka","isPartOf":{"@id":"https:\/\/mishawaka.in.gov\/#website"},"primaryImageOfPage":{"@id":"https:\/\/mishawaka.in.gov\/government\/departments\/mishawaka-utilities\/your-utility-bill\/#primaryimage"},"image":{"@id":"https:\/\/mishawaka.in.gov\/government\/departments\/mishawaka-utilities\/your-utility-bill\/#primaryimage"},"thumbnailUrl":"https:\/\/mishawaka.in.gov\/wp-content\/uploads\/2023\/08\/28echeckvisamastercarddiscoveramexgooglepayapplepaypaypalvenmo-300x19.png","datePublished":"2022-11-18T21:12:40+00:00","dateModified":"2026-04-01T15:31:43+00:00","description":"Vea su cuenta y realice un pago a Mishawka Utilities a trav\u00e9s de nuestro portal en l\u00ednea. Actualice su cuenta, reg\u00edstrese para el pago de facturas en l\u00ednea y m\u00e1s.","breadcrumb":{"@id":"https:\/\/mishawaka.in.gov\/government\/departments\/mishawaka-utilities\/your-utility-bill\/#breadcrumb"},"inLanguage":"es","potentialAction":[{"@type":"ReadAction","target":["https:\/\/mishawaka.in.gov\/government\/departments\/mishawaka-utilities\/your-utility-bill\/"]}]},{"@type":"ImageObject","inLanguage":"es","@id":"https:\/\/mishawaka.in.gov\/government\/departments\/mishawaka-utilities\/your-utility-bill\/#primaryimage","url":"https:\/\/mishawaka.in.gov\/wp-content\/uploads\/2023\/08\/28echeckvisamastercarddiscoveramexgooglepayapplepaypaypalvenmo-300x19.png","contentUrl":"https:\/\/mishawaka.in.gov\/wp-content\/uploads\/2023\/08\/28echeckvisamastercarddiscoveramexgooglepayapplepaypaypalvenmo-300x19.png"},{"@type":"BreadcrumbList","@id":"https:\/\/mishawaka.in.gov\/government\/departments\/mishawaka-utilities\/your-utility-bill\/#breadcrumb","itemListElement":[{"@type":"ListItem","position":1,"name":"Home","item":"https:\/\/mishawaka.in.gov\/"},{"@type":"ListItem","position":2,"name":"Government","item":"https:\/\/mishawaka.in.gov\/government\/"},{"@type":"ListItem","position":3,"name":"Departments","item":"https:\/\/mishawaka.in.gov\/government\/departments\/"},{"@type":"ListItem","position":4,"name":"Mishawaka Utilities","item":"https:\/\/mishawaka.in.gov\/government\/departments\/mishawaka-utilities\/"},{"@type":"ListItem","position":5,"name":"Your Utility Bill"}]},{"@type":"WebSite","@id":"https:\/\/mishawaka.in.gov\/#website","url":"https:\/\/mishawaka.in.gov\/","name":"Ciudad de Mishawaka","description":"La mejor ciudad natal de Am\u00e9rica","publisher":{"@id":"https:\/\/mishawaka.in.gov\/#organization"},"potentialAction":[{"@type":"SearchAction","target":{"@type":"EntryPoint","urlTemplate":"https:\/\/mishawaka.in.gov\/?s={search_term_string}"},"query-input":{"@type":"PropertyValueSpecification","valueRequired":true,"valueName":"search_term_string"}}],"inLanguage":"es"},{"@type":"Organization","@id":"https:\/\/mishawaka.in.gov\/#organization","name":"Ciudad de Mishawaka","url":"https:\/\/mishawaka.in.gov\/","logo":{"@type":"ImageObject","inLanguage":"es","@id":"https:\/\/mishawaka.in.gov\/#\/schema\/logo\/image\/","url":"","contentUrl":"","caption":"City of Mishawaka"},"image":{"@id":"https:\/\/mishawaka.in.gov\/#\/schema\/logo\/image\/"}}]}},"ticketed":false,"_links":{"self":[{"href":"https:\/\/mishawaka.in.gov\/es\/wp-json\/wp\/v2\/pages\/629","targetHints":{"allow":["GET"]}}],"collection":[{"href":"https:\/\/mishawaka.in.gov\/es\/wp-json\/wp\/v2\/pages"}],"about":[{"href":"https:\/\/mishawaka.in.gov\/es\/wp-json\/wp\/v2\/types\/page"}],"author":[{"embeddable":true,"href":"https:\/\/mishawaka.in.gov\/es\/wp-json\/wp\/v2\/users\/1"}],"replies":[{"embeddable":true,"href":"https:\/\/mishawaka.in.gov\/es\/wp-json\/wp\/v2\/comments?post=629"}],"version-history":[{"count":0,"href":"https:\/\/mishawaka.in.gov\/es\/wp-json\/wp\/v2\/pages\/629\/revisions"}],"up":[{"embeddable":true,"href":"https:\/\/mishawaka.in.gov\/es\/wp-json\/wp\/v2\/pages\/442"}],"wp:attachment":[{"href":"https:\/\/mishawaka.in.gov\/es\/wp-json\/wp\/v2\/media?parent=629"}],"curies":[{"name":"wp","href":"https:\/\/api.w.org\/{rel}","templated":true}]}}