{"id":634,"date":"2022-11-18T21:33:09","date_gmt":"2022-11-18T21:33:09","guid":{"rendered":"https:\/\/comishawaka.wpengine.com\/?page_id=634"},"modified":"2026-02-06T10:01:18","modified_gmt":"2026-02-06T15:01:18","slug":"tarifas-y-cargos","status":"publish","type":"page","link":"https:\/\/mishawaka.in.gov\/es\/gobierno\/departamentos\/mishawaka-utilidades\/tarifas-y-cargos\/","title":{"rendered":"Tarifas y Cargos"},"content":{"rendered":"<div data-elementor-type=\"wp-page\" data-elementor-id=\"634\" class=\"elementor elementor-634\" data-elementor-post-type=\"page\">\n\t\t\t\t<div class=\"elementor-element elementor-element-8af4957 e-flex e-con-boxed e-con e-parent\" data-id=\"8af4957\" data-element_type=\"container\" data-e-type=\"container\" data-settings=\"{&quot;background_background&quot;:&quot;classic&quot;}\">\n\t\t\t\t\t<div class=\"e-con-inner\">\n\t\t\t\t<div class=\"elementor-element elementor-element-8de8692 elementor-widget elementor-widget-heading\" data-id=\"8de8692\" data-element_type=\"widget\" data-e-type=\"widget\" data-widget_type=\"heading.default\">\n\t\t\t\t<div class=\"elementor-widget-container\">\n\t\t\t\t\t<h3 class=\"elementor-heading-title elementor-size-default\">Tarifas y Cargos El\u00e9ctricos: \u201cAnexo A\u201d <\/h3>\t\t\t\t<\/div>\n\t\t\t\t<\/div>\n\t\t\t\t<div class=\"elementor-element elementor-element-f49c08e elementor-widget elementor-widget-text-editor\" data-id=\"f49c08e\" data-element_type=\"widget\" data-e-type=\"widget\" data-widget_type=\"text-editor.default\">\n\t\t\t\t<div class=\"elementor-widget-container\">\n\t\t\t\t\t\t\t\t\t<p><strong>mi<\/strong><b>ffective January 1, 2026<\/b>, rates and charges will be adjusted in accordance with <a href=\"\/es\/?wpdmdl=13177\" data-wplink-edit=\"true\">Ordinance No. 5954<\/a>.<\/p>\t\t\t\t\t\t\t\t<\/div>\n\t\t\t\t<\/div>\n\t\t\t\t<div class=\"elementor-element elementor-element-d38287f elementor-widget elementor-widget-text-editor\" data-id=\"d38287f\" data-element_type=\"widget\" data-e-type=\"widget\" data-widget_type=\"text-editor.default\">\n\t\t\t\t<div class=\"elementor-widget-container\">\n\t\t\t\t\t\t\t\t\t<div class=\"elementor-toggle-item\"><ul><li id=\"elementor-tab-title-4481\" class=\"elementor-tab-title\" role=\"tab\" data-tab=\"1\" aria-controls=\"elementor-tab-content-4481\" aria-expanded=\"false\"><a href=\"\/es\/gobierno\/departamentos\/mishawaka-utilidades\/tarifas-y-cargos\/tarifa-r-servicio-residencial\/\">Tarifa \u201cR\u201d Servicio Residencial<\/a><\/li><li class=\"elementor-tab-title\" role=\"tab\" data-tab=\"1\" aria-controls=\"elementor-tab-content-4481\" aria-expanded=\"false\"><a href=\"\/es\/gobierno\/departamentos\/mishawaka-utilidades\/tarifas-y-cargos\/tarifa-c-servicio-comercial\/\">Servicio Comercial Tarifa \u201cC\u201d<\/a><\/li><li class=\"elementor-tab-title\" role=\"tab\" data-tab=\"1\" aria-controls=\"elementor-tab-content-4481\" aria-expanded=\"false\"><a href=\"\/es\/gobierno\/departamentos\/mishawaka-utilidades\/tarifas-y-cargos\/tarifa-p-servicio-energia-comercial\/\">Servicio de Energ\u00eda Comercial Tarifa \u201cP\u201d<\/a><\/li><li class=\"elementor-tab-title\" role=\"tab\" data-tab=\"1\" aria-controls=\"elementor-tab-content-4481\" aria-expanded=\"false\"><a href=\"\/es\/gobierno\/departamentos\/mishawaka-utilidades\/tarifas-y-cargos\/rate-i-industrial-power-service\/\">Servicio de Energ\u00eda Industrial Calificaci\u00f3n \u201cI\u201d<\/a><\/li><li class=\"elementor-tab-title\" role=\"tab\" data-tab=\"1\" aria-controls=\"elementor-tab-content-4481\" aria-expanded=\"false\"><a href=\"\/es\/gobierno\/departamentos\/mishawaka-utilidades\/tarifas-y-cargos\/tarifa-ms-servicio-electrico-municipal\/\">Tarifa \u201cMS\u201d Servicio El\u00e9ctrico Municipal<\/a><\/li><li class=\"elementor-tab-title\" role=\"tab\" data-tab=\"1\" aria-controls=\"elementor-tab-content-4481\" aria-expanded=\"false\"><a href=\"\/es\/gobierno\/departamentos\/mishawaka-utilidades\/tarifas-y-cargos\/tarifa-eh-calefaccion-electrica\/\">Tarifa \u201cEH\u201d Calefacci\u00f3n El\u00e9ctrica<\/a><\/li><li class=\"elementor-tab-title\" role=\"tab\" data-tab=\"1\" aria-controls=\"elementor-tab-content-4481\" aria-expanded=\"false\"><a href=\"\/es\/gobierno\/departamentos\/mishawaka-utilidades\/tarifas-y-cargos\/tarifa-ol-servicio-alumbrado-electrico-exterior\/\">Tarifa \u201cOL\u201d Servicio de Alumbrado El\u00e9ctrico Exterior<\/a><\/li><li class=\"elementor-tab-title\" role=\"tab\" data-tab=\"1\" aria-controls=\"elementor-tab-content-4481\" aria-expanded=\"false\"><a href=\"\/es\/gobierno\/departamentos\/mishawaka-utilidades\/tarifas-y-cargos\/tarifa-sl-servicio-alumbrado-publico\/\">Tarifa \u201cSL\u201d Servicio de Alumbrado P\u00fablico<\/a><\/li><li class=\"elementor-tab-title\" role=\"tab\" data-tab=\"1\" aria-controls=\"elementor-tab-content-4481\" aria-expanded=\"false\"><a href=\"\/es\/gobierno\/departamentos\/mishawaka-utilidades\/tarifas-y-cargos\/apendice-b-cargos-no-recurrentes\/\">Ap\u00e9ndice B (Cargos no recurrentes)<\/a><\/li><\/ul><\/div>\t\t\t\t\t\t\t\t<\/div>\n\t\t\t\t<\/div>\n\t\t\t\t<div class=\"elementor-element elementor-element-f523ec9 elementor-widget elementor-widget-text-editor\" data-id=\"f523ec9\" data-element_type=\"widget\" data-e-type=\"widget\" data-widget_type=\"text-editor.default\">\n\t\t\t\t<div class=\"elementor-widget-container\">\n\t\t\t\t\t\t\t\t\t<p>Las tarifas y los cargos est\u00e1n sujetos a los T\u00e9rminos y condiciones del servicio, que se pueden examinar en la Oficina comercial de Mishawaka Utilities. Se pueden obtener copias en el mismo lugar.<\/p><p>Esta tarifa electr\u00f3nica no es la tarifa oficial presentada ante el Consejo Com\u00fan de Mishawaka. Se ha hecho todo lo posible para garantizar que esta versi\u00f3n electr\u00f3nica sea oportuna y precisa y refleje la misma informaci\u00f3n que se encuentra en la tarifa oficial. Para obtener una copia de la tarifa oficial, puede enviar un correo electr\u00f3nico al\u00a0<a href=\"mailto:mubilling@mishawaka.in.gov\" target=\"_blank\" rel=\"noopener\">Oficina comercial de servicios p\u00fablicos de Mishawaka<\/a>\u00a0o el\u00a0<a href=\"mailto:dblock@mishawaka.in.gov\" target=\"_blank\" rel=\"noopener\">Secretario de la ciudad de Mishawaka<\/a>.<\/p>\t\t\t\t\t\t\t\t<\/div>\n\t\t\t\t<\/div>\n\t\t\t\t<div class=\"elementor-element elementor-element-5a09c55 elementor-widget elementor-widget-text-editor\" data-id=\"5a09c55\" data-element_type=\"widget\" data-e-type=\"widget\" data-widget_type=\"text-editor.default\">\n\t\t\t\t<div class=\"elementor-widget-container\">\n\t\t\t\t\t\t\t\t\t<ul><li><a href=\"https:\/\/mishawaka.in.gov\/es\/?wpdmdl=13177#page=1\" target=\"_blank\" rel=\"noopener\">Tarifas y cargos de alcantarillado<\/a><\/li><li><a href=\"\/wp-content\/uploads\/2022\/11\/ConnectionPermitAndInspectionFees.pdf\" target=\"_blank\" rel=\"noopener\">Tarifas de Conexi\u00f3n, Permiso e Inspecci\u00f3n<\/a><\/li><li><a href=\"https:\/\/mishawaka.in.gov\/es\/?wpdmdl=13177#page=3\" target=\"_blank\" rel=\"noopener\">Fondo y cargos del seguro de alcantarillado<\/a><\/li><li><a href=\"https:\/\/mishawaka.in.gov\/es\/?wpdmdl=13177#page=4\" target=\"_blank\" rel=\"noopener\">Cr\u00e9dito TIF<\/a><\/li><\/ul>\t\t\t\t\t\t\t\t<\/div>\n\t\t\t\t<\/div>\n\t\t\t\t\t<\/div>\n\t\t\t\t<\/div>\n\t\t<div class=\"elementor-element elementor-element-6861ea6 e-flex e-con-boxed e-con e-parent\" data-id=\"6861ea6\" data-element_type=\"container\" data-e-type=\"container\">\n\t\t\t\t\t<div class=\"e-con-inner\">\n\t\t\t\t<div class=\"elementor-element elementor-element-f2cd585 elementor-widget elementor-widget-heading\" data-id=\"f2cd585\" data-element_type=\"widget\" data-e-type=\"widget\" data-widget_type=\"heading.default\">\n\t\t\t\t<div class=\"elementor-widget-container\">\n\t\t\t\t\t<h3 class=\"elementor-heading-title elementor-size-default\">Tarifas de Tratamiento de Aguas Residuales y Alcantarillado <\/h3>\t\t\t\t<\/div>\n\t\t\t\t<\/div>\n\t\t\t\t<div class=\"elementor-element elementor-element-bbc3c86 elementor-widget elementor-widget-text-editor\" data-id=\"bbc3c86\" data-element_type=\"widget\" data-e-type=\"widget\" data-widget_type=\"text-editor.default\">\n\t\t\t\t<div class=\"elementor-widget-container\">\n\t\t\t\t\t\t\t\t\t<p>Las tarifas y cargos est\u00e1n sujetos a los T\u00e9rminos y Condiciones de Servicio que se encuentran en las siguientes ordenanzas completas:<\/p><ul><li>Ordenanza 4007 (adoptada el 19\/12\/95)<\/li><li>Ordenanza 4072 (modificada el 15\/7\/96)<\/li><li>Ordenanza 4581 (modificada el 17\/04\/01)<\/li><li>Ordenanza 4685 (adoptada el 1\/7\/02)<\/li><li>Ordenanza 4857 (modificada el 6\/7\/04)<\/li><li>Ordenanza 5210 (modificada el 22\/01\/09)<\/li><li>Ordenanza 5568 (adoptada el 16\/03\/17)<\/li><li>Ordinace 5954 (adopted 11\/17\/25)<\/li><\/ul>\t\t\t\t\t\t\t\t<\/div>\n\t\t\t\t<\/div>\n\t\t\t\t<div class=\"elementor-element elementor-element-281a1ec elementor-widget elementor-widget-text-editor\" data-id=\"281a1ec\" data-element_type=\"widget\" data-e-type=\"widget\" data-widget_type=\"text-editor.default\">\n\t\t\t\t<div class=\"elementor-widget-container\">\n\t\t\t\t\t\t\t\t\t<p>Estas ordenanzas se pueden examinar en la Oficina Comercial de Servicios P\u00fablicos de Mishawaka. Tambi\u00e9n se pueden obtener copias en el mismo lugar.<\/p><p>Esta tarifa electr\u00f3nica no es la tarifa oficial que se encuentra en la ordenanza presentada ante el Consejo Com\u00fan de Mishawaka. Se ha hecho todo lo posible para garantizar que esta versi\u00f3n electr\u00f3nica sea oportuna y precisa y refleje la misma informaci\u00f3n que se encuentra en la tarifa oficial de la ordenanza. Para obtener una copia de la ordenanza oficial, puede enviar un correo electr\u00f3nico al\u00a0<a href=\"mailto:mubilling@mishawaka.in.gov\" target=\"_blank\" rel=\"noopener\">Oficina comercial de servicios p\u00fablicos de Mishawaka<\/a>\u00a0o el\u00a0<a href=\"mailto:dblock@mishawaka.in.gov\" target=\"_blank\" rel=\"noopener\">Secretario de la ciudad de Mishawaka<\/a>.<\/p>\t\t\t\t\t\t\t\t<\/div>\n\t\t\t\t<\/div>\n\t\t\t\t\t<\/div>\n\t\t\t\t<\/div>\n\t\t<div class=\"elementor-element elementor-element-ee8c3de e-flex e-con-boxed e-con e-parent\" data-id=\"ee8c3de\" data-element_type=\"container\" data-e-type=\"container\" data-settings=\"{&quot;background_background&quot;:&quot;classic&quot;}\">\n\t\t\t\t\t<div class=\"e-con-inner\">\n\t\t\t\t<div class=\"elementor-element elementor-element-c6ec715 elementor-widget elementor-widget-heading\" data-id=\"c6ec715\" data-element_type=\"widget\" data-e-type=\"widget\" data-widget_type=\"heading.default\">\n\t\t\t\t<div class=\"elementor-widget-container\">\n\t\t\t\t\t<h3 class=\"elementor-heading-title elementor-size-default\">Tarifas y cargos de agua <\/h3>\t\t\t\t<\/div>\n\t\t\t\t<\/div>\n\t\t\t\t<div class=\"elementor-element elementor-element-4e90e4c elementor-widget elementor-widget-text-editor\" data-id=\"4e90e4c\" data-element_type=\"widget\" data-e-type=\"widget\" data-widget_type=\"text-editor.default\">\n\t\t\t\t<div class=\"elementor-widget-container\">\n\t\t\t\t\t\t\t\t\t<p>Las tarifas y los cargos est\u00e1n sujetos a los T\u00e9rminos y condiciones del servicio, que se pueden examinar en la Oficina comercial de Mishawaka Utilities, 100 Lincolnway W, en Mishawaka. Se pueden obtener copias en el mismo lugar.<\/p><p>Esta tarifa electr\u00f3nica no es la tarifa oficial presentada ante el Consejo Com\u00fan de Mishawaka. Se ha hecho todo lo posible para garantizar que esta versi\u00f3n electr\u00f3nica sea oportuna y precisa y refleje la misma informaci\u00f3n que se encuentra en la tarifa oficial. Para obtener una copia de la tarifa oficial, comun\u00edquese con el\u00a0<a href=\"mailto:mubilling@mishawaka.in.gov\" target=\"_blank\" rel=\"noopener\">Oficina comercial de servicios p\u00fablicos de Mishawaka<\/a>\u00a0o el\u00a0<a href=\"mailto:dblock@mishawaka.in.gov\" target=\"_blank\" rel=\"noopener\">Secretario de la ciudad de Mishawaka<\/a>.<\/p>\t\t\t\t\t\t\t\t<\/div>\n\t\t\t\t<\/div>\n\t\t\t\t<div class=\"elementor-element elementor-element-a452900 elementor-widget elementor-widget-text-editor\" data-id=\"a452900\" data-element_type=\"widget\" data-e-type=\"widget\" data-widget_type=\"text-editor.default\">\n\t\t\t\t<div class=\"elementor-widget-container\">\n\t\t\t\t\t\t\t\t\t<div class=\"elementor-toggle-item\"><ul><li id=\"elementor-tab-title-2431\" class=\"elementor-tab-title\" role=\"tab\" data-tab=\"1\" aria-controls=\"elementor-tab-content-2431\" aria-expanded=\"false\"><a href=\"\/es\/gobierno\/departamentos\/mishawaka-utilidades\/tarifas-y-cargos\/servicio-de-agua-municipal-dentro-de-la-ciudad\/\">Servicios p\u00fablicos de agua municipales de Mishawaka (Indiana) \u2013 Dentro de la ciudad<\/a><\/li><li class=\"elementor-tab-title\" role=\"tab\" data-tab=\"1\" aria-controls=\"elementor-tab-content-2431\" aria-expanded=\"false\"><a href=\"\/es\/gobierno\/departamentos\/mishawaka-utilidades\/tarifas-y-cargos\/empresa-de-agua-municipal-fuera-de-la-ciudad\/\">Servicio de agua municipal de Mishawaka (Indiana) - Fuera de la ciudad<\/a><\/li><li class=\"elementor-tab-title\" role=\"tab\" data-tab=\"1\" aria-controls=\"elementor-tab-content-2431\" aria-expanded=\"false\"><a href=\"\/es\/gobierno\/departamentos\/mishawaka-utilidades\/tarifas-y-cargos\/horario-b-cargos-no-recurrentes\/\">Anexo B (Cargos No Recurrentes)<\/a><\/li><\/ul><\/div>\t\t\t\t\t\t\t\t<\/div>\n\t\t\t\t<\/div>\n\t\t\t\t<div class=\"elementor-element elementor-element-d9fadea elementor-widget elementor-widget-text-editor\" data-id=\"d9fadea\" data-element_type=\"widget\" data-e-type=\"widget\" data-widget_type=\"text-editor.default\">\n\t\t\t\t<div class=\"elementor-widget-container\">\n\t\t\t\t\t\t\t\t\t<p>Las tarifas y cargos que se detallan aqu\u00ed est\u00e1n vigentes al 5 de marzo de 2013.<\/p>\t\t\t\t\t\t\t\t<\/div>\n\t\t\t\t<\/div>\n\t\t\t\t\t<\/div>\n\t\t\t\t<\/div>\n\t\t\t\t<\/div>","protected":false},"excerpt":{"rendered":"<p>Electric Rates and Charges: \u201cExhibit A\u201d Effective January 1, 2026, rates and charges will be adjusted in accordance with Ordinance No. 5954. Rate &#8220;R&#8221; Residential Service Rate &#8220;C&#8221; Commercial Service [&hellip;]<\/p>\n","protected":false},"author":1,"featured_media":0,"parent":442,"menu_order":39,"comment_status":"closed","ping_status":"closed","template":"","meta":{"_acf_changed":false,"_price":"","_stock":"","_tribe_ticket_header":"","_tribe_default_ticket_provider":"","_tribe_ticket_capacity":"0","_ticket_start_date":"","_ticket_end_date":"","_tribe_ticket_show_description":"","_tribe_ticket_show_not_going":false,"_tribe_ticket_use_global_stock":"","_tribe_ticket_global_stock_level":"","_global_stock_mode":"","_global_stock_cap":"","_tribe_rsvp_for_event":"","_tribe_ticket_going_count":"","_tribe_ticket_not_going_count":"","_tribe_tickets_list":"[]","_tribe_ticket_has_attendee_info_fields":false,"footnotes":"","_tec_slr_enabled":"","_tec_slr_layout":""},"class_list":["post-634","page","type-page","status-publish","hentry"],"acf":[],"yoast_head":"<!-- This site is optimized with the Yoast SEO plugin v27.1.1 - https:\/\/yoast.com\/product\/yoast-seo-wordpress\/ -->\n<title>Rates and Charges | Mishawaka Utilities<\/title>\n<meta name=\"description\" content=\"Whether you\u2019re a resident or a business, you can check the rates for your utility services. Learn more today.\" \/>\n<meta name=\"robots\" content=\"index, follow, max-snippet:-1, max-image-preview:large, max-video-preview:-1\" \/>\n<link rel=\"canonical\" href=\"https:\/\/mishawaka.in.gov\/es\/gobierno\/departamentos\/mishawaka-utilidades\/tarifas-y-cargos\/\" \/>\n<meta property=\"og:locale\" content=\"es_ES\" \/>\n<meta property=\"og:type\" content=\"article\" \/>\n<meta property=\"og:title\" content=\"Rates and Charges | Mishawaka Utilities\" \/>\n<meta property=\"og:description\" content=\"Whether you\u2019re a resident or a business, you can check the rates for your utility services. Learn more today.\" \/>\n<meta property=\"og:url\" content=\"https:\/\/mishawaka.in.gov\/es\/gobierno\/departamentos\/mishawaka-utilidades\/tarifas-y-cargos\/\" \/>\n<meta property=\"og:site_name\" content=\"City of Mishawaka\" \/>\n<meta property=\"article:modified_time\" content=\"2026-02-06T15:01:18+00:00\" \/>\n<meta name=\"twitter:card\" content=\"summary_large_image\" \/>\n<meta name=\"twitter:label1\" content=\"Tiempo de lectura\" \/>\n\t<meta name=\"twitter:data1\" content=\"2 minutos\" \/>\n<script type=\"application\/ld+json\" class=\"yoast-schema-graph\">{\"@context\":\"https:\/\/schema.org\",\"@graph\":[{\"@type\":\"WebPage\",\"@id\":\"https:\/\/mishawaka.in.gov\/government\/departments\/mishawaka-utilities\/rates-and-charges\/\",\"url\":\"https:\/\/mishawaka.in.gov\/government\/departments\/mishawaka-utilities\/rates-and-charges\/\",\"name\":\"Rates and Charges | Mishawaka Utilities\",\"isPartOf\":{\"@id\":\"https:\/\/mishawaka.in.gov\/#website\"},\"datePublished\":\"2022-11-18T21:33:09+00:00\",\"dateModified\":\"2026-02-06T15:01:18+00:00\",\"description\":\"Whether you\u2019re a resident or a business, you can check the rates for your utility services. Learn more today.\",\"breadcrumb\":{\"@id\":\"https:\/\/mishawaka.in.gov\/government\/departments\/mishawaka-utilities\/rates-and-charges\/#breadcrumb\"},\"inLanguage\":\"es\",\"potentialAction\":[{\"@type\":\"ReadAction\",\"target\":[\"https:\/\/mishawaka.in.gov\/government\/departments\/mishawaka-utilities\/rates-and-charges\/\"]}]},{\"@type\":\"BreadcrumbList\",\"@id\":\"https:\/\/mishawaka.in.gov\/government\/departments\/mishawaka-utilities\/rates-and-charges\/#breadcrumb\",\"itemListElement\":[{\"@type\":\"ListItem\",\"position\":1,\"name\":\"Home\",\"item\":\"https:\/\/mishawaka.in.gov\/\"},{\"@type\":\"ListItem\",\"position\":2,\"name\":\"Government\",\"item\":\"https:\/\/mishawaka.in.gov\/government\/\"},{\"@type\":\"ListItem\",\"position\":3,\"name\":\"Departments\",\"item\":\"https:\/\/mishawaka.in.gov\/government\/departments\/\"},{\"@type\":\"ListItem\",\"position\":4,\"name\":\"Mishawaka Utilities\",\"item\":\"https:\/\/mishawaka.in.gov\/government\/departments\/mishawaka-utilities\/\"},{\"@type\":\"ListItem\",\"position\":5,\"name\":\"Rates and Charges\"}]},{\"@type\":\"WebSite\",\"@id\":\"https:\/\/mishawaka.in.gov\/#website\",\"url\":\"https:\/\/mishawaka.in.gov\/\",\"name\":\"City of Mishawaka\",\"description\":\"The Best Hometown in America\",\"publisher\":{\"@id\":\"https:\/\/mishawaka.in.gov\/#organization\"},\"potentialAction\":[{\"@type\":\"SearchAction\",\"target\":{\"@type\":\"EntryPoint\",\"urlTemplate\":\"https:\/\/mishawaka.in.gov\/?s={search_term_string}\"},\"query-input\":{\"@type\":\"PropertyValueSpecification\",\"valueRequired\":true,\"valueName\":\"search_term_string\"}}],\"inLanguage\":\"es\"},{\"@type\":\"Organization\",\"@id\":\"https:\/\/mishawaka.in.gov\/#organization\",\"name\":\"City of Mishawaka\",\"url\":\"https:\/\/mishawaka.in.gov\/\",\"logo\":{\"@type\":\"ImageObject\",\"inLanguage\":\"es\",\"@id\":\"https:\/\/mishawaka.in.gov\/#\/schema\/logo\/image\/\",\"url\":\"\",\"contentUrl\":\"\",\"caption\":\"City of Mishawaka\"},\"image\":{\"@id\":\"https:\/\/mishawaka.in.gov\/#\/schema\/logo\/image\/\"}}]}<\/script>\n<!-- \/ Yoast SEO plugin. -->","yoast_head_json":{"title":"Tarifas y Cargos | Servicios p\u00fablicos de Mishawaka","description":"Tanto si eres residente como empresa, puedes consultar las tarifas de tus servicios p\u00fablicos. Aprenda m\u00e1s hoy.","robots":{"index":"index","follow":"follow","max-snippet":"max-snippet:-1","max-image-preview":"max-image-preview:large","max-video-preview":"max-video-preview:-1"},"canonical":"https:\/\/mishawaka.in.gov\/es\/gobierno\/departamentos\/mishawaka-utilidades\/tarifas-y-cargos\/","og_locale":"es_ES","og_type":"article","og_title":"Rates and Charges | Mishawaka Utilities","og_description":"Whether you\u2019re a resident or a business, you can check the rates for your utility services. Learn more today.","og_url":"https:\/\/mishawaka.in.gov\/es\/gobierno\/departamentos\/mishawaka-utilidades\/tarifas-y-cargos\/","og_site_name":"City of Mishawaka","article_modified_time":"2026-02-06T15:01:18+00:00","twitter_card":"summary_large_image","twitter_misc":{"Tiempo de lectura":"2 minutos"},"schema":{"@context":"https:\/\/schema.org","@graph":[{"@type":"WebPage","@id":"https:\/\/mishawaka.in.gov\/government\/departments\/mishawaka-utilities\/rates-and-charges\/","url":"https:\/\/mishawaka.in.gov\/government\/departments\/mishawaka-utilities\/rates-and-charges\/","name":"Tarifas y Cargos | Servicios p\u00fablicos de Mishawaka","isPartOf":{"@id":"https:\/\/mishawaka.in.gov\/#website"},"datePublished":"2022-11-18T21:33:09+00:00","dateModified":"2026-02-06T15:01:18+00:00","description":"Tanto si eres residente como empresa, puedes consultar las tarifas de tus servicios p\u00fablicos. Aprenda m\u00e1s hoy.","breadcrumb":{"@id":"https:\/\/mishawaka.in.gov\/government\/departments\/mishawaka-utilities\/rates-and-charges\/#breadcrumb"},"inLanguage":"es","potentialAction":[{"@type":"ReadAction","target":["https:\/\/mishawaka.in.gov\/government\/departments\/mishawaka-utilities\/rates-and-charges\/"]}]},{"@type":"BreadcrumbList","@id":"https:\/\/mishawaka.in.gov\/government\/departments\/mishawaka-utilities\/rates-and-charges\/#breadcrumb","itemListElement":[{"@type":"ListItem","position":1,"name":"Home","item":"https:\/\/mishawaka.in.gov\/"},{"@type":"ListItem","position":2,"name":"Government","item":"https:\/\/mishawaka.in.gov\/government\/"},{"@type":"ListItem","position":3,"name":"Departments","item":"https:\/\/mishawaka.in.gov\/government\/departments\/"},{"@type":"ListItem","position":4,"name":"Mishawaka Utilities","item":"https:\/\/mishawaka.in.gov\/government\/departments\/mishawaka-utilities\/"},{"@type":"ListItem","position":5,"name":"Rates and Charges"}]},{"@type":"WebSite","@id":"https:\/\/mishawaka.in.gov\/#website","url":"https:\/\/mishawaka.in.gov\/","name":"Ciudad de Mishawaka","description":"La mejor ciudad natal de Am\u00e9rica","publisher":{"@id":"https:\/\/mishawaka.in.gov\/#organization"},"potentialAction":[{"@type":"SearchAction","target":{"@type":"EntryPoint","urlTemplate":"https:\/\/mishawaka.in.gov\/?s={search_term_string}"},"query-input":{"@type":"PropertyValueSpecification","valueRequired":true,"valueName":"search_term_string"}}],"inLanguage":"es"},{"@type":"Organization","@id":"https:\/\/mishawaka.in.gov\/#organization","name":"Ciudad de Mishawaka","url":"https:\/\/mishawaka.in.gov\/","logo":{"@type":"ImageObject","inLanguage":"es","@id":"https:\/\/mishawaka.in.gov\/#\/schema\/logo\/image\/","url":"","contentUrl":"","caption":"City of Mishawaka"},"image":{"@id":"https:\/\/mishawaka.in.gov\/#\/schema\/logo\/image\/"}}]}},"ticketed":false,"_links":{"self":[{"href":"https:\/\/mishawaka.in.gov\/es\/wp-json\/wp\/v2\/pages\/634","targetHints":{"allow":["GET"]}}],"collection":[{"href":"https:\/\/mishawaka.in.gov\/es\/wp-json\/wp\/v2\/pages"}],"about":[{"href":"https:\/\/mishawaka.in.gov\/es\/wp-json\/wp\/v2\/types\/page"}],"author":[{"embeddable":true,"href":"https:\/\/mishawaka.in.gov\/es\/wp-json\/wp\/v2\/users\/1"}],"replies":[{"embeddable":true,"href":"https:\/\/mishawaka.in.gov\/es\/wp-json\/wp\/v2\/comments?post=634"}],"version-history":[{"count":0,"href":"https:\/\/mishawaka.in.gov\/es\/wp-json\/wp\/v2\/pages\/634\/revisions"}],"up":[{"embeddable":true,"href":"https:\/\/mishawaka.in.gov\/es\/wp-json\/wp\/v2\/pages\/442"}],"wp:attachment":[{"href":"https:\/\/mishawaka.in.gov\/es\/wp-json\/wp\/v2\/media?parent=634"}],"curies":[{"name":"wp","href":"https:\/\/api.w.org\/{rel}","templated":true}]}}