{"id":692,"date":"2022-11-20T03:22:57","date_gmt":"2022-11-20T03:22:57","guid":{"rendered":"https:\/\/comishawaka.wpengine.com\/?page_id=692"},"modified":"2023-09-25T10:36:27","modified_gmt":"2023-09-25T14:36:27","slug":"preguntas-frecuentes-sobre-el-comite-de-preservacion-historica-2","status":"publish","type":"page","link":"https:\/\/mishawaka.in.gov\/es\/gobierno\/funcionarios-electos-designados\/juntas-comisiones\/comision-de-preservacion-historica-2\/preguntas-frecuentes-sobre-el-comite-de-preservacion-historica-2\/","title":{"rendered":"Preguntas frecuentes sobre la Comisi\u00f3n de Preservaci\u00f3n Hist\u00f3rica"},"content":{"rendered":"<div data-elementor-type=\"wp-page\" data-elementor-id=\"692\" class=\"elementor elementor-692\" data-elementor-post-type=\"page\">\n\t\t\t\t<div class=\"elementor-element elementor-element-bc69177 e-flex e-con-boxed e-con e-parent\" data-id=\"bc69177\" data-element_type=\"container\" data-e-type=\"container\" data-settings=\"{&quot;background_background&quot;:&quot;classic&quot;}\">\n\t\t\t\t\t<div class=\"e-con-inner\">\n\t\t\t\t<div class=\"elementor-element elementor-element-a856230 elementor-widget elementor-widget-heading\" data-id=\"a856230\" data-element_type=\"widget\" data-e-type=\"widget\" data-widget_type=\"heading.default\">\n\t\t\t\t<div class=\"elementor-widget-container\">\n\t\t\t\t\t<h3 class=\"elementor-heading-title elementor-size-default\">Todo lo que necesitas saber <\/h3>\t\t\t\t<\/div>\n\t\t\t\t<\/div>\n\t\t\t\t<div class=\"elementor-element elementor-element-3879da5 elementor-widget elementor-widget-heading\" data-id=\"3879da5\" data-element_type=\"widget\" data-e-type=\"widget\" data-widget_type=\"heading.default\">\n\t\t\t\t<div class=\"elementor-widget-container\">\n\t\t\t\t\t<h4 class=\"elementor-heading-title elementor-size-default\">\u00bfQu\u00e9 hace la Comisi\u00f3n de Preservaci\u00f3n Hist\u00f3rica de Mishawaka?<\/h4>\t\t\t\t<\/div>\n\t\t\t\t<\/div>\n\t\t\t\t<div class=\"elementor-element elementor-element-155eb64 elementor-widget elementor-widget-text-editor\" data-id=\"155eb64\" data-element_type=\"widget\" data-e-type=\"widget\" data-widget_type=\"text-editor.default\">\n\t\t\t\t<div class=\"elementor-widget-container\">\n\t\t\t\t\t\t\t\t\t<ul><li>Trabaja con los vecindarios para crear distritos hist\u00f3ricos y pautas de preservaci\u00f3n.<\/li><li>Ayuda a los propietarios a proteger y preservar sus propiedades.<\/li><li>Ofrece asesoramiento profesional gratuito.<\/li><li>Crea entusiasmo p\u00fablico por la protecci\u00f3n del car\u00e1cter \u00fanico del pasado y presente de la comunidad para el futuro.<\/li><\/ul>\t\t\t\t\t\t\t\t<\/div>\n\t\t\t\t<\/div>\n\t\t\t\t<div class=\"elementor-element elementor-element-70dcdcf elementor-widget elementor-widget-heading\" data-id=\"70dcdcf\" data-element_type=\"widget\" data-e-type=\"widget\" data-widget_type=\"heading.default\">\n\t\t\t\t<div class=\"elementor-widget-container\">\n\t\t\t\t\t<h4 class=\"elementor-heading-title elementor-size-default\">\u00bfQu\u00e9 es un Distrito Hist\u00f3rico?<\/h4>\t\t\t\t<\/div>\n\t\t\t\t<\/div>\n\t\t\t\t<div class=\"elementor-element elementor-element-194d2c8 elementor-widget elementor-widget-text-editor\" data-id=\"194d2c8\" data-element_type=\"widget\" data-e-type=\"widget\" data-widget_type=\"text-editor.default\">\n\t\t\t\t<div class=\"elementor-widget-container\">\n\t\t\t\t\t\t\t\t\t<p>Un distrito hist\u00f3rico es un \u00e1rea definible geogr\u00e1ficamente con una concentraci\u00f3n significativa de edificios, estructuras, sitios, espacios y objetos unificados por eventos pasados, desarrollo f\u00edsico, dise\u00f1o, entorno, materiales, mano de obra, un sentido de cohesi\u00f3n o asociaci\u00f3n hist\u00f3rica relacionada.<\/p><p>El prop\u00f3sito de un distrito hist\u00f3rico es proteger y preservar el car\u00e1cter hist\u00f3rico y el valor de un vecindario o \u00e1rea.<\/p>\t\t\t\t\t\t\t\t<\/div>\n\t\t\t\t<\/div>\n\t\t\t\t<div class=\"elementor-element elementor-element-321c06e elementor-widget elementor-widget-heading\" data-id=\"321c06e\" data-element_type=\"widget\" data-e-type=\"widget\" data-widget_type=\"heading.default\">\n\t\t\t\t<div class=\"elementor-widget-container\">\n\t\t\t\t\t<h4 class=\"elementor-heading-title elementor-size-default\">\u00bfCu\u00e1les son los beneficios de un Distrito Hist\u00f3rico? <\/h4>\t\t\t\t<\/div>\n\t\t\t\t<\/div>\n\t\t\t\t<div class=\"elementor-element elementor-element-449e44b elementor-widget elementor-widget-text-editor\" data-id=\"449e44b\" data-element_type=\"widget\" data-e-type=\"widget\" data-widget_type=\"text-editor.default\">\n\t\t\t\t<div class=\"elementor-widget-container\">\n\t\t\t\t\t\t\t\t\t<ul><li>Aumento del valor de las propiedades.<\/li><li>Protege el car\u00e1cter residencial del vecindario.<\/li><li>Evita demoliciones innecesarias.<\/li><li>Protege contra la intrusi\u00f3n de una nueva construcci\u00f3n incompatible.<\/li><\/ul>\t\t\t\t\t\t\t\t<\/div>\n\t\t\t\t<\/div>\n\t\t\t\t<div class=\"elementor-element elementor-element-51cb4eb elementor-widget elementor-widget-heading\" data-id=\"51cb4eb\" data-element_type=\"widget\" data-e-type=\"widget\" data-widget_type=\"heading.default\">\n\t\t\t\t<div class=\"elementor-widget-container\">\n\t\t\t\t\t<h4 class=\"elementor-heading-title elementor-size-default\">\u00bfEn qu\u00e9 se diferencia un distrito de conservaci\u00f3n de un distrito hist\u00f3rico?<\/h4>\t\t\t\t<\/div>\n\t\t\t\t<\/div>\n\t\t\t\t<div class=\"elementor-element elementor-element-5df6287 elementor-widget elementor-widget-text-editor\" data-id=\"5df6287\" data-element_type=\"widget\" data-e-type=\"widget\" data-widget_type=\"text-editor.default\">\n\t\t\t\t<div class=\"elementor-widget-container\">\n\t\t\t\t\t\t\t\t\t<p>Un distrito hist\u00f3rico local est\u00e1 protegido por la Comisi\u00f3n de Preservaci\u00f3n Hist\u00f3rica local a trav\u00e9s de un proceso de revisi\u00f3n de dise\u00f1o. Se requiere una revisi\u00f3n de los cambios propuestos al exterior de la estructura y los terrenos. Las pautas se crean a trav\u00e9s de los aportes del distrito antes de su creaci\u00f3n.\u00a0<\/p><p>Un Distrito de Conservaci\u00f3n es una forma de distrito hist\u00f3rico local pero en cuya \u00e1rea solo se revisa la demolici\u00f3n, la nueva construcci\u00f3n y el traslado de edificios. Tres a\u00f1os despu\u00e9s de su establecimiento, el distrito vota sobre si seguir siendo un distrito de conservaci\u00f3n o pasar al estatus de distrito hist\u00f3rico completo.<\/p>\t\t\t\t\t\t\t\t<\/div>\n\t\t\t\t<\/div>\n\t\t\t\t\t<\/div>\n\t\t\t\t<\/div>\n\t\t<div class=\"elementor-element elementor-element-57a8c0b e-flex e-con-boxed e-con e-parent\" data-id=\"57a8c0b\" data-element_type=\"container\" data-e-type=\"container\">\n\t\t\t\t\t<div class=\"e-con-inner\">\n\t\t\t\t<div class=\"elementor-element elementor-element-05e8fed elementor-widget elementor-widget-heading\" data-id=\"05e8fed\" data-element_type=\"widget\" data-e-type=\"widget\" data-widget_type=\"heading.default\">\n\t\t\t\t<div class=\"elementor-widget-container\">\n\t\t\t\t\t<h3 class=\"elementor-heading-title elementor-size-default\">\u00bfQu\u00e9 significa la designaci\u00f3n local para m\u00ed como propietario?<\/h3>\t\t\t\t<\/div>\n\t\t\t\t<\/div>\n\t\t\t\t<div class=\"elementor-element elementor-element-2e9e9cd elementor-widget elementor-widget-heading\" data-id=\"2e9e9cd\" data-element_type=\"widget\" data-e-type=\"widget\" data-widget_type=\"heading.default\">\n\t\t\t\t<div class=\"elementor-widget-container\">\n\t\t\t\t\t<h4 class=\"elementor-heading-title elementor-size-default\">\u00bfPuedo hacer cambios en mi propiedad?<\/h4>\t\t\t\t<\/div>\n\t\t\t\t<\/div>\n\t\t\t\t<div class=\"elementor-element elementor-element-1de4d86 elementor-widget elementor-widget-text-editor\" data-id=\"1de4d86\" data-element_type=\"widget\" data-e-type=\"widget\" data-widget_type=\"text-editor.default\">\n\t\t\t\t<div class=\"elementor-widget-container\">\n\t\t\t\t\t\t\t\t\t<p>S\u00ed. Como propietario de una propiedad dentro de un distrito hist\u00f3rico, cualquier cambio exterior propuesto que no sea el mantenimiento regular requiere un Certificado de Idoneidad. La Comisi\u00f3n de Preservaci\u00f3n Hist\u00f3rica revisa los cambios relacionados con el exterior de la propiedad \u00fanicamente.<\/p>\t\t\t\t\t\t\t\t<\/div>\n\t\t\t\t<\/div>\n\t\t\t\t<div class=\"elementor-element elementor-element-fb63f4b elementor-widget elementor-widget-heading\" data-id=\"fb63f4b\" data-element_type=\"widget\" data-e-type=\"widget\" data-widget_type=\"heading.default\">\n\t\t\t\t<div class=\"elementor-widget-container\">\n\t\t\t\t\t<h4 class=\"elementor-heading-title elementor-size-default\">\u00bfQu\u00e9 es un certificado de idoneidad (COA)?<\/h4>\t\t\t\t<\/div>\n\t\t\t\t<\/div>\n\t\t\t\t<div class=\"elementor-element elementor-element-d745a1d elementor-widget elementor-widget-text-editor\" data-id=\"d745a1d\" data-element_type=\"widget\" data-e-type=\"widget\" data-widget_type=\"text-editor.default\">\n\t\t\t\t<div class=\"elementor-widget-container\">\n\t\t\t\t\t\t\t\t\t<p>Un COA es una solicitud que est\u00e1 disponible en el Departamento de Planificaci\u00f3n de Mishawaka, que solicita la aprobaci\u00f3n de los cambios exteriores propuestos. Se debe presentar un COA al Departamento de Planificaci\u00f3n al menos 10 d\u00edas antes de la reuni\u00f3n mensual. Las reuniones de la comisi\u00f3n se llevan a cabo el primer martes de cada mes.<\/p>\t\t\t\t\t\t\t\t<\/div>\n\t\t\t\t<\/div>\n\t\t\t\t<div class=\"elementor-element elementor-element-fcf1dd8 elementor-widget elementor-widget-heading\" data-id=\"fcf1dd8\" data-element_type=\"widget\" data-e-type=\"widget\" data-widget_type=\"heading.default\">\n\t\t\t\t<div class=\"elementor-widget-container\">\n\t\t\t\t\t<h4 class=\"elementor-heading-title elementor-size-default\">\u00bfCu\u00e1ndo se tomar\u00e1 una decisi\u00f3n?<\/h4>\t\t\t\t<\/div>\n\t\t\t\t<\/div>\n\t\t\t\t<div class=\"elementor-element elementor-element-05814c4 elementor-widget elementor-widget-text-editor\" data-id=\"05814c4\" data-element_type=\"widget\" data-e-type=\"widget\" data-widget_type=\"text-editor.default\">\n\t\t\t\t<div class=\"elementor-widget-container\">\n\t\t\t\t\t\t\t\t\t<p>La comisi\u00f3n revisa las solicitudes de COA en su reuni\u00f3n mensual regular. En algunos casos, se puede organizar una reuni\u00f3n especial o el personal puede aprobar alg\u00fan trabajo para ayudar a acelerar el proceso. La comisi\u00f3n, con base en las pautas de dise\u00f1o adoptadas para el distrito, tomar\u00e1 su decisi\u00f3n.<\/p><p>La comisi\u00f3n, junto con el personal del departamento de planificaci\u00f3n, estar\u00e1n encantados de ayudarle a planificar su proyecto.<\/p>\t\t\t\t\t\t\t\t<\/div>\n\t\t\t\t<\/div>\n\t\t\t\t<div class=\"elementor-element elementor-element-a8c427e elementor-widget elementor-widget-heading\" data-id=\"a8c427e\" data-element_type=\"widget\" data-e-type=\"widget\" data-widget_type=\"heading.default\">\n\t\t\t\t<div class=\"elementor-widget-container\">\n\t\t\t\t\t<h4 class=\"elementor-heading-title elementor-size-default\">\u00bfC\u00f3mo establezco un distrito hist\u00f3rico o un punto de referencia?<\/h4>\t\t\t\t<\/div>\n\t\t\t\t<\/div>\n\t\t\t\t<div class=\"elementor-element elementor-element-39932fe elementor-widget elementor-widget-text-editor\" data-id=\"39932fe\" data-element_type=\"widget\" data-e-type=\"widget\" data-widget_type=\"text-editor.default\">\n\t\t\t\t<div class=\"elementor-widget-container\">\n\t\t\t\t\t\t\t\t\t<p>P\u00f3ngase en contacto con cualquier miembro de la\u00a0<a href=\"\/es\/gobierno\/funcionarios-electos-designados\/juntas-comisiones\/comision-de-preservacion-historica-2\/\">Comisi\u00f3n de Preservaci\u00f3n Hist\u00f3rica de Mishawaka<\/a>, la ciudad de Mishawaka <a href=\"\/es\/gobierno\/departamentos\/edificio\/\">Departamento de Construcci\u00f3n<\/a> o el <a href=\"\/es\/gobierno\/departamentos\/planificacion-y-desarrollo-comunitario\/\">Departamento de Planificaci\u00f3n y Desarrollo Comunitario<\/a> para obtener m\u00e1s informaci\u00f3n sobre los distritos\/puntos de referencia hist\u00f3ricos locales y las formas de comenzar a reconocer y proteger su vecindario hist\u00f3rico.<\/p>\t\t\t\t\t\t\t\t<\/div>\n\t\t\t\t<\/div>\n\t\t\t\t\t<\/div>\n\t\t\t\t<\/div>\n\t\t\t\t<\/div>","protected":false},"excerpt":{"rendered":"<p>Vea las preguntas m\u00e1s frecuentes sobre la Comisi\u00f3n de Preservaci\u00f3n Hist\u00f3rica de la ciudad de Mishawaka.<\/p>","protected":false},"author":1,"featured_media":0,"parent":688,"menu_order":11,"comment_status":"closed","ping_status":"closed","template":"","meta":{"_acf_changed":false,"_price":"","_stock":"","_tribe_ticket_header":"","_tribe_default_ticket_provider":"","_tribe_ticket_capacity":"0","_ticket_start_date":"","_ticket_end_date":"","_tribe_ticket_show_description":"","_tribe_ticket_show_not_going":false,"_tribe_ticket_use_global_stock":"","_tribe_ticket_global_stock_level":"","_global_stock_mode":"","_global_stock_cap":"","_tribe_rsvp_for_event":"","_tribe_ticket_going_count":"","_tribe_ticket_not_going_count":"","_tribe_tickets_list":"[]","_tribe_ticket_has_attendee_info_fields":false,"footnotes":"","_tec_slr_enabled":"","_tec_slr_layout":""},"class_list":["post-692","page","type-page","status-publish","hentry"],"acf":[],"yoast_head":"<!-- This site is optimized with the Yoast SEO plugin v27.1.1 - https:\/\/yoast.com\/product\/yoast-seo-wordpress\/ -->\n<title>Historic Preservation Commission FAQs | City of Mishawaka, Indiana<\/title>\n<meta name=\"description\" content=\"View the most commonly asked questions regarding the City of Mishawaka Historic Preservation Commission.\" \/>\n<meta name=\"robots\" content=\"index, follow, max-snippet:-1, max-image-preview:large, max-video-preview:-1\" \/>\n<link rel=\"canonical\" href=\"https:\/\/mishawaka.in.gov\/es\/gobierno\/funcionarios-electos-designados\/juntas-comisiones\/comision-de-preservacion-historica-2\/preguntas-frecuentes-sobre-el-comite-de-preservacion-historica-2\/\" \/>\n<meta property=\"og:locale\" content=\"es_ES\" \/>\n<meta property=\"og:type\" content=\"article\" \/>\n<meta property=\"og:title\" content=\"Historic Preservation Commission FAQs | City of Mishawaka, Indiana\" \/>\n<meta property=\"og:description\" content=\"View the most commonly asked questions regarding the City of Mishawaka Historic Preservation Commission.\" \/>\n<meta property=\"og:url\" content=\"https:\/\/mishawaka.in.gov\/es\/gobierno\/funcionarios-electos-designados\/juntas-comisiones\/comision-de-preservacion-historica-2\/preguntas-frecuentes-sobre-el-comite-de-preservacion-historica-2\/\" \/>\n<meta property=\"og:site_name\" content=\"City of Mishawaka\" \/>\n<meta property=\"article:modified_time\" content=\"2023-09-25T14:36:27+00:00\" \/>\n<meta name=\"twitter:card\" content=\"summary_large_image\" \/>\n<meta name=\"twitter:label1\" content=\"Tiempo de lectura\" \/>\n\t<meta name=\"twitter:data1\" content=\"3 minutos\" \/>\n<script type=\"application\/ld+json\" class=\"yoast-schema-graph\">{\"@context\":\"https:\/\/schema.org\",\"@graph\":[{\"@type\":\"WebPage\",\"@id\":\"https:\/\/mishawaka.in.gov\/government\/elected-appointed-officials\/boards-commissions\/historic-preservation-commission\/historic-preservation-committee-faqs\/\",\"url\":\"https:\/\/mishawaka.in.gov\/government\/elected-appointed-officials\/boards-commissions\/historic-preservation-commission\/historic-preservation-committee-faqs\/\",\"name\":\"Historic Preservation Commission FAQs | City of Mishawaka, Indiana\",\"isPartOf\":{\"@id\":\"https:\/\/mishawaka.in.gov\/#website\"},\"datePublished\":\"2022-11-20T03:22:57+00:00\",\"dateModified\":\"2023-09-25T14:36:27+00:00\",\"description\":\"View the most commonly asked questions regarding the City of Mishawaka Historic Preservation Commission.\",\"breadcrumb\":{\"@id\":\"https:\/\/mishawaka.in.gov\/government\/elected-appointed-officials\/boards-commissions\/historic-preservation-commission\/historic-preservation-committee-faqs\/#breadcrumb\"},\"inLanguage\":\"es\",\"potentialAction\":[{\"@type\":\"ReadAction\",\"target\":[\"https:\/\/mishawaka.in.gov\/government\/elected-appointed-officials\/boards-commissions\/historic-preservation-commission\/historic-preservation-committee-faqs\/\"]}]},{\"@type\":\"BreadcrumbList\",\"@id\":\"https:\/\/mishawaka.in.gov\/government\/elected-appointed-officials\/boards-commissions\/historic-preservation-commission\/historic-preservation-committee-faqs\/#breadcrumb\",\"itemListElement\":[{\"@type\":\"ListItem\",\"position\":1,\"name\":\"Home\",\"item\":\"https:\/\/mishawaka.in.gov\/\"},{\"@type\":\"ListItem\",\"position\":2,\"name\":\"Government\",\"item\":\"https:\/\/mishawaka.in.gov\/government\/\"},{\"@type\":\"ListItem\",\"position\":3,\"name\":\"Elected and Appointed Officials\",\"item\":\"https:\/\/mishawaka.in.gov\/government\/elected-appointed-officials\/\"},{\"@type\":\"ListItem\",\"position\":4,\"name\":\"Boards and Commissions\",\"item\":\"https:\/\/mishawaka.in.gov\/government\/elected-appointed-officials\/boards-commissions\/\"},{\"@type\":\"ListItem\",\"position\":5,\"name\":\"Historic Preservation Commission\",\"item\":\"https:\/\/mishawaka.in.gov\/government\/elected-appointed-officials\/boards-commissions\/historic-preservation-commission\/\"},{\"@type\":\"ListItem\",\"position\":6,\"name\":\"Historic Preservation Commission FAQs\"}]},{\"@type\":\"WebSite\",\"@id\":\"https:\/\/mishawaka.in.gov\/#website\",\"url\":\"https:\/\/mishawaka.in.gov\/\",\"name\":\"City of Mishawaka\",\"description\":\"The Best Hometown in America\",\"publisher\":{\"@id\":\"https:\/\/mishawaka.in.gov\/#organization\"},\"potentialAction\":[{\"@type\":\"SearchAction\",\"target\":{\"@type\":\"EntryPoint\",\"urlTemplate\":\"https:\/\/mishawaka.in.gov\/?s={search_term_string}\"},\"query-input\":{\"@type\":\"PropertyValueSpecification\",\"valueRequired\":true,\"valueName\":\"search_term_string\"}}],\"inLanguage\":\"es\"},{\"@type\":\"Organization\",\"@id\":\"https:\/\/mishawaka.in.gov\/#organization\",\"name\":\"City of Mishawaka\",\"url\":\"https:\/\/mishawaka.in.gov\/\",\"logo\":{\"@type\":\"ImageObject\",\"inLanguage\":\"es\",\"@id\":\"https:\/\/mishawaka.in.gov\/#\/schema\/logo\/image\/\",\"url\":\"\",\"contentUrl\":\"\",\"caption\":\"City of Mishawaka\"},\"image\":{\"@id\":\"https:\/\/mishawaka.in.gov\/#\/schema\/logo\/image\/\"}}]}<\/script>\n<!-- \/ Yoast SEO plugin. -->","yoast_head_json":{"title":"Preguntas frecuentes sobre la Comisi\u00f3n de Preservaci\u00f3n Hist\u00f3rica | Ciudad de Mishawaka, Indiana","description":"Vea las preguntas m\u00e1s frecuentes sobre la Comisi\u00f3n de Preservaci\u00f3n Hist\u00f3rica de la ciudad de Mishawaka.","robots":{"index":"index","follow":"follow","max-snippet":"max-snippet:-1","max-image-preview":"max-image-preview:large","max-video-preview":"max-video-preview:-1"},"canonical":"https:\/\/mishawaka.in.gov\/es\/gobierno\/funcionarios-electos-designados\/juntas-comisiones\/comision-de-preservacion-historica-2\/preguntas-frecuentes-sobre-el-comite-de-preservacion-historica-2\/","og_locale":"es_ES","og_type":"article","og_title":"Historic Preservation Commission FAQs | City of Mishawaka, Indiana","og_description":"View the most commonly asked questions regarding the City of Mishawaka Historic Preservation Commission.","og_url":"https:\/\/mishawaka.in.gov\/es\/gobierno\/funcionarios-electos-designados\/juntas-comisiones\/comision-de-preservacion-historica-2\/preguntas-frecuentes-sobre-el-comite-de-preservacion-historica-2\/","og_site_name":"City of Mishawaka","article_modified_time":"2023-09-25T14:36:27+00:00","twitter_card":"summary_large_image","twitter_misc":{"Tiempo de lectura":"3 minutos"},"schema":{"@context":"https:\/\/schema.org","@graph":[{"@type":"WebPage","@id":"https:\/\/mishawaka.in.gov\/government\/elected-appointed-officials\/boards-commissions\/historic-preservation-commission\/historic-preservation-committee-faqs\/","url":"https:\/\/mishawaka.in.gov\/government\/elected-appointed-officials\/boards-commissions\/historic-preservation-commission\/historic-preservation-committee-faqs\/","name":"Preguntas frecuentes sobre la Comisi\u00f3n de Preservaci\u00f3n Hist\u00f3rica | Ciudad de Mishawaka, Indiana","isPartOf":{"@id":"https:\/\/mishawaka.in.gov\/#website"},"datePublished":"2022-11-20T03:22:57+00:00","dateModified":"2023-09-25T14:36:27+00:00","description":"Vea las preguntas m\u00e1s frecuentes sobre la Comisi\u00f3n de Preservaci\u00f3n Hist\u00f3rica de la ciudad de Mishawaka.","breadcrumb":{"@id":"https:\/\/mishawaka.in.gov\/government\/elected-appointed-officials\/boards-commissions\/historic-preservation-commission\/historic-preservation-committee-faqs\/#breadcrumb"},"inLanguage":"es","potentialAction":[{"@type":"ReadAction","target":["https:\/\/mishawaka.in.gov\/government\/elected-appointed-officials\/boards-commissions\/historic-preservation-commission\/historic-preservation-committee-faqs\/"]}]},{"@type":"BreadcrumbList","@id":"https:\/\/mishawaka.in.gov\/government\/elected-appointed-officials\/boards-commissions\/historic-preservation-commission\/historic-preservation-committee-faqs\/#breadcrumb","itemListElement":[{"@type":"ListItem","position":1,"name":"Home","item":"https:\/\/mishawaka.in.gov\/"},{"@type":"ListItem","position":2,"name":"Government","item":"https:\/\/mishawaka.in.gov\/government\/"},{"@type":"ListItem","position":3,"name":"Elected and Appointed Officials","item":"https:\/\/mishawaka.in.gov\/government\/elected-appointed-officials\/"},{"@type":"ListItem","position":4,"name":"Boards and Commissions","item":"https:\/\/mishawaka.in.gov\/government\/elected-appointed-officials\/boards-commissions\/"},{"@type":"ListItem","position":5,"name":"Historic Preservation Commission","item":"https:\/\/mishawaka.in.gov\/government\/elected-appointed-officials\/boards-commissions\/historic-preservation-commission\/"},{"@type":"ListItem","position":6,"name":"Historic Preservation Commission FAQs"}]},{"@type":"WebSite","@id":"https:\/\/mishawaka.in.gov\/#website","url":"https:\/\/mishawaka.in.gov\/","name":"Ciudad de Mishawaka","description":"La mejor ciudad natal de Am\u00e9rica","publisher":{"@id":"https:\/\/mishawaka.in.gov\/#organization"},"potentialAction":[{"@type":"SearchAction","target":{"@type":"EntryPoint","urlTemplate":"https:\/\/mishawaka.in.gov\/?s={search_term_string}"},"query-input":{"@type":"PropertyValueSpecification","valueRequired":true,"valueName":"search_term_string"}}],"inLanguage":"es"},{"@type":"Organization","@id":"https:\/\/mishawaka.in.gov\/#organization","name":"Ciudad de Mishawaka","url":"https:\/\/mishawaka.in.gov\/","logo":{"@type":"ImageObject","inLanguage":"es","@id":"https:\/\/mishawaka.in.gov\/#\/schema\/logo\/image\/","url":"","contentUrl":"","caption":"City of Mishawaka"},"image":{"@id":"https:\/\/mishawaka.in.gov\/#\/schema\/logo\/image\/"}}]}},"ticketed":false,"_links":{"self":[{"href":"https:\/\/mishawaka.in.gov\/es\/wp-json\/wp\/v2\/pages\/692","targetHints":{"allow":["GET"]}}],"collection":[{"href":"https:\/\/mishawaka.in.gov\/es\/wp-json\/wp\/v2\/pages"}],"about":[{"href":"https:\/\/mishawaka.in.gov\/es\/wp-json\/wp\/v2\/types\/page"}],"author":[{"embeddable":true,"href":"https:\/\/mishawaka.in.gov\/es\/wp-json\/wp\/v2\/users\/1"}],"replies":[{"embeddable":true,"href":"https:\/\/mishawaka.in.gov\/es\/wp-json\/wp\/v2\/comments?post=692"}],"version-history":[{"count":0,"href":"https:\/\/mishawaka.in.gov\/es\/wp-json\/wp\/v2\/pages\/692\/revisions"}],"up":[{"embeddable":true,"href":"https:\/\/mishawaka.in.gov\/es\/wp-json\/wp\/v2\/pages\/688"}],"wp:attachment":[{"href":"https:\/\/mishawaka.in.gov\/es\/wp-json\/wp\/v2\/media?parent=692"}],"curies":[{"name":"wp","href":"https:\/\/api.w.org\/{rel}","templated":true}]}}