{"id":732,"date":"2022-11-21T16:02:35","date_gmt":"2022-11-21T16:02:35","guid":{"rendered":"https:\/\/comishawaka.wpengine.com\/?page_id=732"},"modified":"2026-04-20T16:12:55","modified_gmt":"2026-04-20T20:12:55","slug":"programas-juveniles","status":"publish","type":"page","link":"https:\/\/mishawaka.in.gov\/es\/cosas-para-hacer\/programas-juveniles\/","title":{"rendered":"Programas Juveniles"},"content":{"rendered":"<div data-elementor-type=\"wp-page\" data-elementor-id=\"732\" class=\"elementor elementor-732\" data-elementor-post-type=\"page\">\n\t\t\t\t<div class=\"elementor-element elementor-element-141e947 e-flex e-con-boxed e-con e-parent\" data-id=\"141e947\" data-element_type=\"container\" data-e-type=\"container\" data-settings=\"{&quot;background_background&quot;:&quot;classic&quot;}\">\n\t\t\t\t\t<div class=\"e-con-inner\">\n\t\t<div class=\"elementor-element elementor-element-ec33c12 e-con-full e-flex e-con e-child\" data-id=\"ec33c12\" data-element_type=\"container\" data-e-type=\"container\">\n\t\t\t\t<div class=\"elementor-element elementor-element-e2cd0c3 elementor-widget elementor-widget-heading\" data-id=\"e2cd0c3\" data-element_type=\"widget\" data-e-type=\"widget\" data-widget_type=\"heading.default\">\n\t\t\t\t<div class=\"elementor-widget-container\">\n\t\t\t\t\t<h2 class=\"elementor-heading-title elementor-size-default\">\u00a1Programas recreativos para ni\u00f1os!<\/h2>\t\t\t\t<\/div>\n\t\t\t\t<\/div>\n\t\t\t\t<div class=\"elementor-element elementor-element-b013957 elementor-widget elementor-widget-text-editor\" data-id=\"b013957\" data-element_type=\"widget\" data-e-type=\"widget\" data-widget_type=\"text-editor.default\">\n\t\t\t\t<div class=\"elementor-widget-container\">\n\t\t\t\t\t\t\t\t\t<p>\u00a1Que los ni\u00f1os sean ni\u00f1os! Ofrecemos programas y oportunidades recreativas para ni\u00f1os en toda nuestra comunidad. Desde equipos deportivos hasta campamentos en la naturaleza, los programas para ni\u00f1os de Mishawaka no solo est\u00e1n llenos de actividad sino tambi\u00e9n educativos. Nuestra misi\u00f3n es inculcar el trabajo en equipo, la sana competencia y la pasi\u00f3n por aprender. \u00a1Reg\u00edstrate hoy!<\/p>\t\t\t\t\t\t\t\t<\/div>\n\t\t\t\t<\/div>\n\t\t\t\t<\/div>\n\t\t<div class=\"elementor-element elementor-element-5850ba1 e-con-full e-flex e-con e-child\" data-id=\"5850ba1\" data-element_type=\"container\" data-e-type=\"container\">\n\t\t\t\t<div class=\"elementor-element elementor-element-96ab4ef elementor-widget elementor-widget-image\" data-id=\"96ab4ef\" data-element_type=\"widget\" data-e-type=\"widget\" data-widget_type=\"image.default\">\n\t\t\t\t<div class=\"elementor-widget-container\">\n\t\t\t\t\t\t\t\t\t\t\t\t\t\t\t<img fetchpriority=\"high\" decoding=\"async\" width=\"800\" height=\"600\" src=\"https:\/\/mishawaka.in.gov\/wp-content\/uploads\/2023\/02\/IMG_3421-1024x768.jpg\" class=\"attachment-large size-large wp-image-2960\" alt=\"Children planting at Adventure Day Camp.\" srcset=\"https:\/\/mishawaka.in.gov\/wp-content\/uploads\/2023\/02\/IMG_3421-1024x768.jpg 1024w, https:\/\/mishawaka.in.gov\/wp-content\/uploads\/2023\/02\/IMG_3421-300x225.jpg 300w, https:\/\/mishawaka.in.gov\/wp-content\/uploads\/2023\/02\/IMG_3421-768x576.jpg 768w, https:\/\/mishawaka.in.gov\/wp-content\/uploads\/2023\/02\/IMG_3421-1536x1152.jpg 1536w, https:\/\/mishawaka.in.gov\/wp-content\/uploads\/2023\/02\/IMG_3421-2048x1536.jpg 2048w, https:\/\/mishawaka.in.gov\/wp-content\/uploads\/2023\/02\/IMG_3421-16x12.jpg 16w\" sizes=\"(max-width: 800px) 100vw, 800px\" \/>\t\t\t\t\t\t\t\t\t\t\t\t\t\t\t<\/div>\n\t\t\t\t<\/div>\n\t\t\t\t<\/div>\n\t\t\t\t\t<\/div>\n\t\t\t\t<\/div>\n\t\t<div class=\"elementor-element elementor-element-baeefc4 e-flex e-con-boxed e-con e-parent\" data-id=\"baeefc4\" data-element_type=\"container\" data-e-type=\"container\">\n\t\t\t\t\t<div class=\"e-con-inner\">\n\t\t<div class=\"elementor-element elementor-element-310d638 e-flex e-con-boxed e-con e-child\" data-id=\"310d638\" data-element_type=\"container\" data-e-type=\"container\">\n\t\t\t\t\t<div class=\"e-con-inner\">\n\t\t\t\t<div class=\"elementor-element elementor-element-6d95bcc elementor-widget elementor-widget-heading\" data-id=\"6d95bcc\" data-element_type=\"widget\" data-e-type=\"widget\" data-widget_type=\"heading.default\">\n\t\t\t\t<div class=\"elementor-widget-container\">\n\t\t\t\t\t<h3 class=\"elementor-heading-title elementor-size-default\">Campamentos de d\u00eda de aventura<\/h3>\t\t\t\t<\/div>\n\t\t\t\t<\/div>\n\t\t\t\t<div class=\"elementor-element elementor-element-9e4886d elementor-widget elementor-widget-button\" data-id=\"9e4886d\" data-element_type=\"widget\" data-e-type=\"widget\" data-widget_type=\"button.default\">\n\t\t\t\t<div class=\"elementor-widget-container\">\n\t\t\t\t\t\t\t\t\t<div class=\"elementor-button-wrapper\">\n\t\t\t\t\t<a class=\"elementor-button elementor-button-link elementor-size-sm\" href=\"https:\/\/mishawaka.recdesk.com\/Community\/Program?category=8\" target=\"_blank\">\n\t\t\t\t\t\t<span class=\"elementor-button-content-wrapper\">\n\t\t\t\t\t\t\t\t\t<span class=\"elementor-button-text\">Register for  Adventure Day Camp<\/span>\n\t\t\t\t\t<\/span>\n\t\t\t\t\t<\/a>\n\t\t\t\t<\/div>\n\t\t\t\t\t\t\t\t<\/div>\n\t\t\t\t<\/div>\n\t\t\t\t<div class=\"elementor-element elementor-element-62fdbb6 elementor-widget elementor-widget-text-editor\" data-id=\"62fdbb6\" data-element_type=\"widget\" data-e-type=\"widget\" data-widget_type=\"text-editor.default\">\n\t\t\t\t<div class=\"elementor-widget-container\">\n\t\t\t\t\t\t\t\t\t<p><strong>EXPLORADORES<\/strong><\/p>\n<p>The Explorers Adventure Day Camp will be held at the Battell Community Center for children ages 4 \u2013 5 years old. Campers will have the opportunity to enjoy guests, field trips, and movie days! Explorers\u2019 lunches will be provided Monday \u2013 Friday. Camp will make daily trips to Central Park (weather dependent). Field trips and guest visitors to be determined.<\/p>\n<p>Date: Monday \u2013 Friday, June 1st \u2013 July 31st<br>Ages: 4 to 5<br>Weekly cost: January 1st \u2013 March 1st $150 | After March 1st $160<br>Times: 8:00 am \u2013 3:00 pm<br>PM Care: 3:00 \u2013 5:00 pm: $30<br>Tarifa de registro tard\u00edo: $25<br>Ubicaci\u00f3n: Centro Comunitario Battell<\/p>\n<p><strong>PIONEROS<\/strong><\/p>\n<p>The Pathfinders camp will be held at Castle Manor for children ages 6 \u2013 9 years old. Each themed week will feature crafts,<br>activities, and fun! Campers will have the opportunity to enjoy special guests, field trips, and movie days! Pathfinders\u2019 lunches<br>will be provided for them Monday \u2013 Friday. Field trips and guest visitors to be determined.<\/p>\n<p>Date: Monday \u2013 Friday, June 1st \u2013 July 31st<br>Ages: 6 to 9<br>Weekly cost: January 1st \u2013 March 1st $150 | After March 1st $160<br>Times: 8:00 am \u2013 3:00 pm<br>PM Care: 3:00 \u2013 5:00 pm: $30<br>Tarifa de registro tard\u00edo: $25<br>Location: Castle Manor in Merrifield Park<\/p>\n<p><strong>NAVEGANTES<\/strong><\/p>\n<p>The Navigators camp will be held at the Scout Pavilion at Merrifield Park for children ages 10 \u2013 12 years old. Each themed week will feature crafts, activities, and fun! Campers will have the opportunity to enjoy special guests, field trips, and movie days! Navigator\u2019s lunches will be provided for them Monday \u2013 Friday. Field trips and guest visitors to be determined.<\/p>\n<p>Date: Monday \u2013 Friday, June 1st \u2013 July 31st<br>Ages: 10 to 12<br>Weekly cost: January 1st \u2013 March 1st $150 | After March 1st $160<br>Times: 8:00 am \u2013 3:00 pm<br>PM Care: 3:00 \u2013 5:00 pm: $30<br>Tarifa de registro tard\u00edo: $25<br>Location: Scout Pavilion at Merrifield Park<\/p>\n<p>To register, click the &#8220;Register Now!&#8221; button above or contact the Battell Center at <a href=\"tel:5742581664\">(574) 258-1664<\/a>.<\/p>\t\t\t\t\t\t\t\t<\/div>\n\t\t\t\t<\/div>\n\t\t\t\t\t<\/div>\n\t\t\t\t<\/div>\n\t\t\t\t\t<\/div>\n\t\t\t\t<\/div>\n\t\t<div class=\"elementor-element elementor-element-09644cf e-flex e-con-boxed e-con e-parent\" data-id=\"09644cf\" data-element_type=\"container\" data-e-type=\"container\" data-settings=\"{&quot;background_background&quot;:&quot;classic&quot;}\">\n\t\t\t\t\t<div class=\"e-con-inner\">\n\t\t<div class=\"elementor-element elementor-element-0d19806 e-con-full e-flex e-con e-child\" data-id=\"0d19806\" data-element_type=\"container\" data-e-type=\"container\">\n\t\t<div class=\"elementor-element elementor-element-ff1b45d e-con-full e-flex e-con e-child\" data-id=\"ff1b45d\" data-element_type=\"container\" data-e-type=\"container\">\n\t\t\t\t<div class=\"elementor-element elementor-element-2b641e9 elementor-widget elementor-widget-spacer\" data-id=\"2b641e9\" data-element_type=\"widget\" data-e-type=\"widget\" data-widget_type=\"spacer.default\">\n\t\t\t\t<div class=\"elementor-widget-container\">\n\t\t\t\t\t\t\t<div class=\"elementor-spacer\">\n\t\t\t<div class=\"elementor-spacer-inner\"><\/div>\n\t\t<\/div>\n\t\t\t\t\t\t<\/div>\n\t\t\t\t<\/div>\n\t\t\t\t<div class=\"elementor-element elementor-element-e3fb7a2 elementor-widget elementor-widget-image\" data-id=\"e3fb7a2\" data-element_type=\"widget\" data-e-type=\"widget\" data-widget_type=\"image.default\">\n\t\t\t\t<div class=\"elementor-widget-container\">\n\t\t\t\t\t\t\t\t\t\t\t\t\t\t\t<img decoding=\"async\" width=\"1031\" height=\"671\" src=\"https:\/\/mishawaka.in.gov\/wp-content\/uploads\/2023\/01\/Youth-Soccer-002-e1674499906300.jpg\" class=\"attachment-full size-full wp-image-2153\" alt=\"Youth Soccer game.\" srcset=\"https:\/\/mishawaka.in.gov\/wp-content\/uploads\/2023\/01\/Youth-Soccer-002-e1674499906300.jpg 1031w, https:\/\/mishawaka.in.gov\/wp-content\/uploads\/2023\/01\/Youth-Soccer-002-e1674499906300-300x195.jpg 300w, https:\/\/mishawaka.in.gov\/wp-content\/uploads\/2023\/01\/Youth-Soccer-002-e1674499906300-1024x666.jpg 1024w, https:\/\/mishawaka.in.gov\/wp-content\/uploads\/2023\/01\/Youth-Soccer-002-e1674499906300-768x500.jpg 768w\" sizes=\"(max-width: 1031px) 100vw, 1031px\" \/>\t\t\t\t\t\t\t\t\t\t\t\t\t\t\t<\/div>\n\t\t\t\t<\/div>\n\t\t\t\t<\/div>\n\t\t<div class=\"elementor-element elementor-element-74ca38d e-con-full e-flex e-con e-child\" data-id=\"74ca38d\" data-element_type=\"container\" data-e-type=\"container\">\n\t\t<div class=\"elementor-element elementor-element-81dcdc2 e-flex e-con-boxed e-con e-child\" data-id=\"81dcdc2\" data-element_type=\"container\" data-e-type=\"container\">\n\t\t\t\t\t<div class=\"e-con-inner\">\n\t\t\t\t<div class=\"elementor-element elementor-element-86137cc elementor-widget__width-initial elementor-widget elementor-widget-heading\" data-id=\"86137cc\" data-element_type=\"widget\" data-e-type=\"widget\" data-widget_type=\"heading.default\">\n\t\t\t\t<div class=\"elementor-widget-container\">\n\t\t\t\t\t<h3 class=\"elementor-heading-title elementor-size-default\">Deportes juveniles<\/h3>\t\t\t\t<\/div>\n\t\t\t\t<\/div>\n\t\t\t\t<div class=\"elementor-element elementor-element-fc1f644 elementor-widget elementor-widget-text-editor\" data-id=\"fc1f644\" data-element_type=\"widget\" data-e-type=\"widget\" data-widget_type=\"text-editor.default\">\n\t\t\t\t<div class=\"elementor-widget-container\">\n\t\t\t\t\t\t\t\t\t<p>El trabajo en equipo y la persistencia son las principales prioridades en toda la programaci\u00f3n deportiva juvenil en Mishawaka. Nos encanta ver a los ni\u00f1os trabajar duro para lograr sus objetivos, especialmente cuando intentan algo que nunca antes hab\u00edan hecho. Lo \u00fanico que importa es que nuestros hijos encuentren algo que les apasione. Consulta nuestros programas deportivos disponibles.<\/p>\t\t\t\t\t\t\t\t<\/div>\n\t\t\t\t<\/div>\n\t\t\t\t<div class=\"elementor-element elementor-element-7551a6d elementor-widget elementor-widget-button\" data-id=\"7551a6d\" data-element_type=\"widget\" data-e-type=\"widget\" data-widget_type=\"button.default\">\n\t\t\t\t<div class=\"elementor-widget-container\">\n\t\t\t\t\t\t\t\t\t<div class=\"elementor-button-wrapper\">\n\t\t\t\t\t<a class=\"elementor-button elementor-button-link elementor-size-sm\" href=\"\/es\/cosas-para-hacer\/programas-juveniles\/programas-deportivos\/\">\n\t\t\t\t\t\t<span class=\"elementor-button-content-wrapper\">\n\t\t\t\t\t\t\t\t\t<span class=\"elementor-button-text\">Explore Sports Programs<\/span>\n\t\t\t\t\t<\/span>\n\t\t\t\t\t<\/a>\n\t\t\t\t<\/div>\n\t\t\t\t\t\t\t\t<\/div>\n\t\t\t\t<\/div>\n\t\t\t\t\t<\/div>\n\t\t\t\t<\/div>\n\t\t\t\t<\/div>\n\t\t\t\t<\/div>\n\t\t\t\t\t<\/div>\n\t\t\t\t<\/div>\n\t\t<div class=\"elementor-element elementor-element-ceea897 e-flex e-con-boxed e-con e-parent\" data-id=\"ceea897\" data-element_type=\"container\" data-e-type=\"container\">\n\t\t\t\t\t<div class=\"e-con-inner\">\n\t\t\t\t<div class=\"elementor-element elementor-element-a4e86bd elementor-widget elementor-widget-spacer\" data-id=\"a4e86bd\" data-element_type=\"widget\" data-e-type=\"widget\" data-widget_type=\"spacer.default\">\n\t\t\t\t<div class=\"elementor-widget-container\">\n\t\t\t\t\t\t\t<div class=\"elementor-spacer\">\n\t\t\t<div class=\"elementor-spacer-inner\"><\/div>\n\t\t<\/div>\n\t\t\t\t\t\t<\/div>\n\t\t\t\t<\/div>\n\t\t\t\t\t<\/div>\n\t\t\t\t<\/div>\n\t\t<div class=\"elementor-element elementor-element-75cacc3 e-con-full e-flex e-con e-parent\" data-id=\"75cacc3\" data-element_type=\"container\" data-e-type=\"container\">\n\t\t<div class=\"elementor-element elementor-element-5d4bba4 e-con-full e-flex e-con e-child\" data-id=\"5d4bba4\" data-element_type=\"container\" data-e-type=\"container\" data-settings=\"{&quot;background_background&quot;:&quot;classic&quot;}\">\n\t\t<div class=\"elementor-element elementor-element-9669b77 mw545 mLAuto e-flex e-con-boxed e-con e-child\" data-id=\"9669b77\" data-element_type=\"container\" data-e-type=\"container\">\n\t\t\t\t\t<div class=\"e-con-inner\">\n\t\t\t\t<div class=\"elementor-element elementor-element-da47362 elementor-widget elementor-widget-image\" data-id=\"da47362\" data-element_type=\"widget\" data-e-type=\"widget\" data-widget_type=\"image.default\">\n\t\t\t\t<div class=\"elementor-widget-container\">\n\t\t\t\t\t\t\t\t\t\t\t\t\t\t\t<img decoding=\"async\" width=\"512\" height=\"512\" src=\"https:\/\/mishawaka.in.gov\/wp-content\/uploads\/2022\/09\/city-of-mishawaka-2022-seal.png\" class=\"attachment-large size-large wp-image-43\" alt=\"Ciudad de Mishiwaka Indiana, la ciudad de la princesa establecida en 1833\" srcset=\"https:\/\/mishawaka.in.gov\/wp-content\/uploads\/2022\/09\/city-of-mishawaka-2022-seal.png 512w, https:\/\/mishawaka.in.gov\/wp-content\/uploads\/2022\/09\/city-of-mishawaka-2022-seal-300x300.png 300w, https:\/\/mishawaka.in.gov\/wp-content\/uploads\/2022\/09\/city-of-mishawaka-2022-seal-150x150.png 150w\" sizes=\"(max-width: 512px) 100vw, 512px\" \/>\t\t\t\t\t\t\t\t\t\t\t\t\t\t\t<\/div>\n\t\t\t\t<\/div>\n\t\t\t\t<div class=\"elementor-element elementor-element-b27b15f elementor-widget elementor-widget-heading\" data-id=\"b27b15f\" data-element_type=\"widget\" data-e-type=\"widget\" data-widget_type=\"heading.default\">\n\t\t\t\t<div class=\"elementor-widget-container\">\n\t\t\t\t\t<h2 class=\"elementor-heading-title elementor-size-xl\">Centro Comunitario Battell<\/h2>\t\t\t\t<\/div>\n\t\t\t\t<\/div>\n\t\t\t\t<div class=\"elementor-element elementor-element-4bd4e24 elementor-widget elementor-widget-text-editor\" data-id=\"4bd4e24\" data-element_type=\"widget\" data-e-type=\"widget\" data-widget_type=\"text-editor.default\">\n\t\t\t\t<div class=\"elementor-widget-container\">\n\t\t\t\t\t\t\t\t\t<p><a href=\"https:\/\/goo.gl\/maps\/APPqtY66QoSTJEqNA\" target=\"_blank\" rel=\"noopener\">904 N. Main St.<br \/>Mishawaka, EN 46545<\/a><br \/>Tel\u00e9fono: <a href=\"tel:5742581664\">(574) 258-1664<\/a><br \/>Fax: (574) 258-1736<br \/>Correo electr\u00f3nico: <a href=\"mailto:parks@mishawaka.in.gov\">parks@mishawaka.in.gov<\/a><\/p><p>Lunes \u2013 Viernes, 8:00 am \u2013 5:00 pm<\/p>\t\t\t\t\t\t\t\t<\/div>\n\t\t\t\t<\/div>\n\t\t\t\t\t<\/div>\n\t\t\t\t<\/div>\n\t\t\t\t<\/div>\n\t\t<div class=\"elementor-element elementor-element-3f1d0f8 e-con-full e-flex e-con e-child\" data-id=\"3f1d0f8\" data-element_type=\"container\" data-e-type=\"container\">\n\t\t\t\t<div class=\"elementor-element elementor-element-c3d8af6 elementor-widget elementor-widget-google_maps\" data-id=\"c3d8af6\" data-element_type=\"widget\" data-e-type=\"widget\" data-widget_type=\"google_maps.default\">\n\t\t\t\t<div class=\"elementor-widget-container\">\n\t\t\t\t\t\t\t<div class=\"elementor-custom-embed\">\n\t\t\t<iframe loading=\"lazy\"\n\t\t\t\t\tsrc=\"https:\/\/www.google.com\/maps\/embed\/v1\/place?key=AIzaSyDqr6Gp6rKux3KBJ7nYE_4yGVJ4qaWCoJs&#038;q=Battell%20Community%20Center%20904%20N.%20Main%20St.%20Mishawaka%2C%20IN%20%2046545&#038;zoom=14\"\n\t\t\t\t\ttitle=\"Centro Comunitario Battell 904 N. Main St. Mishawaka, IN 46545\"\n\t\t\t\t\taria-label=\"Centro Comunitario Battell 904 N. Main St. Mishawaka, IN 46545\"\n\t\t\t><\/iframe>\n\t\t<\/div>\n\t\t\t\t\t\t<\/div>\n\t\t\t\t<\/div>\n\t\t\t\t<\/div>\n\t\t\t\t<\/div>\n\t\t\t\t<\/div>","protected":false},"excerpt":{"rendered":"<p>Mishawaka ofrece una amplia gama de programas para ni\u00f1os y familias locales. Desde campamentos diurnos hasta ligas deportivas, tenemos algo para todos los ni\u00f1os.<\/p>","protected":false},"author":1,"featured_media":0,"parent":53,"menu_order":21,"comment_status":"closed","ping_status":"closed","template":"","meta":{"_acf_changed":false,"_price":"","_stock":"","_tribe_ticket_header":"","_tribe_default_ticket_provider":"","_tribe_ticket_capacity":"0","_ticket_start_date":"","_ticket_end_date":"","_tribe_ticket_show_description":"","_tribe_ticket_show_not_going":false,"_tribe_ticket_use_global_stock":"","_tribe_ticket_global_stock_level":"","_global_stock_mode":"","_global_stock_cap":"","_tribe_rsvp_for_event":"","_tribe_ticket_going_count":"","_tribe_ticket_not_going_count":"","_tribe_tickets_list":"[]","_tribe_ticket_has_attendee_info_fields":false,"footnotes":"","_tec_slr_enabled":"","_tec_slr_layout":""},"class_list":["post-732","page","type-page","status-publish","hentry"],"acf":[],"yoast_head":"<!-- This site is optimized with the Yoast SEO plugin v27.1.1 - https:\/\/yoast.com\/product\/yoast-seo-wordpress\/ -->\n<title>Explore Our Youth Programs | City of Mishawaka, Indiana<\/title>\n<meta name=\"description\" content=\"Mishawaka offers a wide range of programs for local kids and families. From day camp to sports leagues, we have something for all kids. Learn more.\" \/>\n<meta name=\"robots\" content=\"index, follow, max-snippet:-1, max-image-preview:large, max-video-preview:-1\" \/>\n<link rel=\"canonical\" href=\"https:\/\/mishawaka.in.gov\/es\/cosas-para-hacer\/programas-juveniles\/\" \/>\n<meta property=\"og:locale\" content=\"es_ES\" \/>\n<meta property=\"og:type\" content=\"article\" \/>\n<meta property=\"og:title\" content=\"Explore Our Youth Programs | City of Mishawaka, Indiana\" \/>\n<meta property=\"og:description\" content=\"Mishawaka offers a wide range of programs for local kids and families. From day camp to sports leagues, we have something for all kids. Learn more.\" \/>\n<meta property=\"og:url\" content=\"https:\/\/mishawaka.in.gov\/es\/cosas-para-hacer\/programas-juveniles\/\" \/>\n<meta property=\"og:site_name\" content=\"City of Mishawaka\" \/>\n<meta property=\"article:modified_time\" content=\"2026-04-20T20:12:55+00:00\" \/>\n<meta property=\"og:image\" content=\"https:\/\/mishawaka.in.gov\/wp-content\/uploads\/2023\/02\/IMG_3421-scaled.jpg\" \/>\n\t<meta property=\"og:image:width\" content=\"2560\" \/>\n\t<meta property=\"og:image:height\" content=\"1920\" \/>\n\t<meta property=\"og:image:type\" content=\"image\/jpeg\" \/>\n<meta name=\"twitter:card\" content=\"summary_large_image\" \/>\n<meta name=\"twitter:label1\" content=\"Tiempo de lectura\" \/>\n\t<meta name=\"twitter:data1\" content=\"3 minutos\" \/>\n<script type=\"application\/ld+json\" class=\"yoast-schema-graph\">{\"@context\":\"https:\/\/schema.org\",\"@graph\":[{\"@type\":\"WebPage\",\"@id\":\"https:\/\/mishawaka.in.gov\/things-to-do\/youth-programs\/\",\"url\":\"https:\/\/mishawaka.in.gov\/things-to-do\/youth-programs\/\",\"name\":\"Explore Our Youth Programs | City of Mishawaka, Indiana\",\"isPartOf\":{\"@id\":\"https:\/\/mishawaka.in.gov\/#website\"},\"primaryImageOfPage\":{\"@id\":\"https:\/\/mishawaka.in.gov\/things-to-do\/youth-programs\/#primaryimage\"},\"image\":{\"@id\":\"https:\/\/mishawaka.in.gov\/things-to-do\/youth-programs\/#primaryimage\"},\"thumbnailUrl\":\"https:\/\/mishawaka.in.gov\/wp-content\/uploads\/2023\/02\/IMG_3421-1024x768.jpg\",\"datePublished\":\"2022-11-21T16:02:35+00:00\",\"dateModified\":\"2026-04-20T20:12:55+00:00\",\"description\":\"Mishawaka offers a wide range of programs for local kids and families. From day camp to sports leagues, we have something for all kids. Learn more.\",\"breadcrumb\":{\"@id\":\"https:\/\/mishawaka.in.gov\/things-to-do\/youth-programs\/#breadcrumb\"},\"inLanguage\":\"es\",\"potentialAction\":[{\"@type\":\"ReadAction\",\"target\":[\"https:\/\/mishawaka.in.gov\/things-to-do\/youth-programs\/\"]}]},{\"@type\":\"ImageObject\",\"inLanguage\":\"es\",\"@id\":\"https:\/\/mishawaka.in.gov\/things-to-do\/youth-programs\/#primaryimage\",\"url\":\"https:\/\/mishawaka.in.gov\/wp-content\/uploads\/2023\/02\/IMG_3421-1024x768.jpg\",\"contentUrl\":\"https:\/\/mishawaka.in.gov\/wp-content\/uploads\/2023\/02\/IMG_3421-1024x768.jpg\"},{\"@type\":\"BreadcrumbList\",\"@id\":\"https:\/\/mishawaka.in.gov\/things-to-do\/youth-programs\/#breadcrumb\",\"itemListElement\":[{\"@type\":\"ListItem\",\"position\":1,\"name\":\"Home\",\"item\":\"https:\/\/mishawaka.in.gov\/\"},{\"@type\":\"ListItem\",\"position\":2,\"name\":\"Things to Do\",\"item\":\"https:\/\/mishawaka.in.gov\/things-to-do\/\"},{\"@type\":\"ListItem\",\"position\":3,\"name\":\"Youth Programs\"}]},{\"@type\":\"WebSite\",\"@id\":\"https:\/\/mishawaka.in.gov\/#website\",\"url\":\"https:\/\/mishawaka.in.gov\/\",\"name\":\"City of Mishawaka\",\"description\":\"The Best Hometown in America\",\"publisher\":{\"@id\":\"https:\/\/mishawaka.in.gov\/#organization\"},\"potentialAction\":[{\"@type\":\"SearchAction\",\"target\":{\"@type\":\"EntryPoint\",\"urlTemplate\":\"https:\/\/mishawaka.in.gov\/?s={search_term_string}\"},\"query-input\":{\"@type\":\"PropertyValueSpecification\",\"valueRequired\":true,\"valueName\":\"search_term_string\"}}],\"inLanguage\":\"es\"},{\"@type\":\"Organization\",\"@id\":\"https:\/\/mishawaka.in.gov\/#organization\",\"name\":\"City of Mishawaka\",\"url\":\"https:\/\/mishawaka.in.gov\/\",\"logo\":{\"@type\":\"ImageObject\",\"inLanguage\":\"es\",\"@id\":\"https:\/\/mishawaka.in.gov\/#\/schema\/logo\/image\/\",\"url\":\"\",\"contentUrl\":\"\",\"caption\":\"City of Mishawaka\"},\"image\":{\"@id\":\"https:\/\/mishawaka.in.gov\/#\/schema\/logo\/image\/\"}}]}<\/script>\n<!-- \/ Yoast SEO plugin. -->","yoast_head_json":{"title":"Explore nuestros programas para j\u00f3venes | Ciudad de Mishawaka, Indiana","description":"Mishawaka ofrece una amplia gama de programas para ni\u00f1os y familias locales. Desde campamentos diurnos hasta ligas deportivas, tenemos algo para todos los ni\u00f1os. Aprende m\u00e1s.","robots":{"index":"index","follow":"follow","max-snippet":"max-snippet:-1","max-image-preview":"max-image-preview:large","max-video-preview":"max-video-preview:-1"},"canonical":"https:\/\/mishawaka.in.gov\/es\/cosas-para-hacer\/programas-juveniles\/","og_locale":"es_ES","og_type":"article","og_title":"Explore Our Youth Programs | City of Mishawaka, Indiana","og_description":"Mishawaka offers a wide range of programs for local kids and families. From day camp to sports leagues, we have something for all kids. Learn more.","og_url":"https:\/\/mishawaka.in.gov\/es\/cosas-para-hacer\/programas-juveniles\/","og_site_name":"City of Mishawaka","article_modified_time":"2026-04-20T20:12:55+00:00","og_image":[{"width":2560,"height":1920,"url":"https:\/\/mishawaka.in.gov\/wp-content\/uploads\/2023\/02\/IMG_3421-scaled.jpg","type":"image\/jpeg"}],"twitter_card":"summary_large_image","twitter_misc":{"Tiempo de lectura":"3 minutos"},"schema":{"@context":"https:\/\/schema.org","@graph":[{"@type":"WebPage","@id":"https:\/\/mishawaka.in.gov\/things-to-do\/youth-programs\/","url":"https:\/\/mishawaka.in.gov\/things-to-do\/youth-programs\/","name":"Explore nuestros programas para j\u00f3venes | Ciudad de Mishawaka, Indiana","isPartOf":{"@id":"https:\/\/mishawaka.in.gov\/#website"},"primaryImageOfPage":{"@id":"https:\/\/mishawaka.in.gov\/things-to-do\/youth-programs\/#primaryimage"},"image":{"@id":"https:\/\/mishawaka.in.gov\/things-to-do\/youth-programs\/#primaryimage"},"thumbnailUrl":"https:\/\/mishawaka.in.gov\/wp-content\/uploads\/2023\/02\/IMG_3421-1024x768.jpg","datePublished":"2022-11-21T16:02:35+00:00","dateModified":"2026-04-20T20:12:55+00:00","description":"Mishawaka ofrece una amplia gama de programas para ni\u00f1os y familias locales. Desde campamentos diurnos hasta ligas deportivas, tenemos algo para todos los ni\u00f1os. Aprende m\u00e1s.","breadcrumb":{"@id":"https:\/\/mishawaka.in.gov\/things-to-do\/youth-programs\/#breadcrumb"},"inLanguage":"es","potentialAction":[{"@type":"ReadAction","target":["https:\/\/mishawaka.in.gov\/things-to-do\/youth-programs\/"]}]},{"@type":"ImageObject","inLanguage":"es","@id":"https:\/\/mishawaka.in.gov\/things-to-do\/youth-programs\/#primaryimage","url":"https:\/\/mishawaka.in.gov\/wp-content\/uploads\/2023\/02\/IMG_3421-1024x768.jpg","contentUrl":"https:\/\/mishawaka.in.gov\/wp-content\/uploads\/2023\/02\/IMG_3421-1024x768.jpg"},{"@type":"BreadcrumbList","@id":"https:\/\/mishawaka.in.gov\/things-to-do\/youth-programs\/#breadcrumb","itemListElement":[{"@type":"ListItem","position":1,"name":"Home","item":"https:\/\/mishawaka.in.gov\/"},{"@type":"ListItem","position":2,"name":"Things to Do","item":"https:\/\/mishawaka.in.gov\/things-to-do\/"},{"@type":"ListItem","position":3,"name":"Youth Programs"}]},{"@type":"WebSite","@id":"https:\/\/mishawaka.in.gov\/#website","url":"https:\/\/mishawaka.in.gov\/","name":"Ciudad de Mishawaka","description":"La mejor ciudad natal de Am\u00e9rica","publisher":{"@id":"https:\/\/mishawaka.in.gov\/#organization"},"potentialAction":[{"@type":"SearchAction","target":{"@type":"EntryPoint","urlTemplate":"https:\/\/mishawaka.in.gov\/?s={search_term_string}"},"query-input":{"@type":"PropertyValueSpecification","valueRequired":true,"valueName":"search_term_string"}}],"inLanguage":"es"},{"@type":"Organization","@id":"https:\/\/mishawaka.in.gov\/#organization","name":"Ciudad de Mishawaka","url":"https:\/\/mishawaka.in.gov\/","logo":{"@type":"ImageObject","inLanguage":"es","@id":"https:\/\/mishawaka.in.gov\/#\/schema\/logo\/image\/","url":"","contentUrl":"","caption":"City of Mishawaka"},"image":{"@id":"https:\/\/mishawaka.in.gov\/#\/schema\/logo\/image\/"}}]}},"ticketed":false,"_links":{"self":[{"href":"https:\/\/mishawaka.in.gov\/es\/wp-json\/wp\/v2\/pages\/732","targetHints":{"allow":["GET"]}}],"collection":[{"href":"https:\/\/mishawaka.in.gov\/es\/wp-json\/wp\/v2\/pages"}],"about":[{"href":"https:\/\/mishawaka.in.gov\/es\/wp-json\/wp\/v2\/types\/page"}],"author":[{"embeddable":true,"href":"https:\/\/mishawaka.in.gov\/es\/wp-json\/wp\/v2\/users\/1"}],"replies":[{"embeddable":true,"href":"https:\/\/mishawaka.in.gov\/es\/wp-json\/wp\/v2\/comments?post=732"}],"version-history":[{"count":0,"href":"https:\/\/mishawaka.in.gov\/es\/wp-json\/wp\/v2\/pages\/732\/revisions"}],"up":[{"embeddable":true,"href":"https:\/\/mishawaka.in.gov\/es\/wp-json\/wp\/v2\/pages\/53"}],"wp:attachment":[{"href":"https:\/\/mishawaka.in.gov\/es\/wp-json\/wp\/v2\/media?parent=732"}],"curies":[{"name":"wp","href":"https:\/\/api.w.org\/{rel}","templated":true}]}}