{"id":784,"date":"2022-11-21T18:50:17","date_gmt":"2022-11-21T18:50:17","guid":{"rendered":"https:\/\/comishawaka.wpengine.com\/?page_id=784"},"modified":"2023-01-25T14:08:31","modified_gmt":"2023-01-25T19:08:31","slug":"requisitos-de-permiso-de-edificio-de-construccion-comercial-2","status":"publish","type":"page","link":"https:\/\/mishawaka.in.gov\/es\/negocio\/permisos-solicitudes-y-licencias\/requisitos-de-permiso-de-edificio-de-construccion-comercial-2\/","title":{"rendered":"Construcci\u00f3n comercial: requisitos para permisos de construcci\u00f3n"},"content":{"rendered":"<div data-elementor-type=\"wp-page\" data-elementor-id=\"784\" class=\"elementor elementor-784\" data-elementor-post-type=\"page\">\n\t\t\t\t<div class=\"elementor-element elementor-element-16b8057 e-flex e-con-boxed e-con e-parent\" data-id=\"16b8057\" data-element_type=\"container\" data-e-type=\"container\">\n\t\t\t\t\t<div class=\"e-con-inner\">\n\t\t<div class=\"elementor-element elementor-element-f787fae e-con-full e-flex e-con e-parent\" data-id=\"f787fae\" data-element_type=\"container\" data-e-type=\"container\">\n\t\t\t\t<div class=\"elementor-element elementor-element-50895ac elementor-widget elementor-widget-text-editor\" data-id=\"50895ac\" data-element_type=\"widget\" data-e-type=\"widget\" data-widget_type=\"text-editor.default\">\n\t\t\t\t<div class=\"elementor-widget-container\">\n\t\t\t\t\t\t\t\t\t<p><strong>A. CONSTRUCCI\u00d3N DE EDIFICIOS NUEVOS<\/strong><\/p><ol><li>PLAN DEL SITIO APROBADO Y UN ILP EMITIDO POR EL DEPARTAMENTO DE PLANIFICACI\u00d3N (SI CORRESPONDE)<\/li><li>AUTORIZACI\u00d3N DE DISE\u00d1O COMERCIAL DEL ESTADO DE INDIANA (SI CORRESPONDE)<\/li><li>UN (1) JUEGO COMPLETO DE PLANOS DE ADICI\u00d3N O CONSTRUCCI\u00d3N PARA EL DEPARTAMENTO DE EDIFICACI\u00d3N.<\/li><li>EL PERMISO DE CONSTRUCCI\u00d3N SE BASA EN EL VALOR DEL PROYECTO DE CONSTRUCCI\u00d3N TOTAL,<br \/>INCLUYE TODA LA MANO DE OBRA Y MATERIALES.<\/li><li>UN PERMISO DE CONSTRUCCI\u00d3N NO CUBRE ELECTRICIDAD, FONTANER\u00cdA,<br \/>PERMISOS DE HVAC, SE\u00d1ALIZACI\u00d3N O DEMOSTRACI\u00d3N. ESTOS PERMISOS DEBEN OBTENERSE INDIVIDUALMENTE.<\/li><li>TODO EL TRABAJO (CONSTRUCCI\u00d3N, FONTANER\u00cdA, EL\u00c9CTRICO, HVAC, LETRERO Y DEMO) DEBE SER<br \/>REALIZADO POR CONTRATISTAS CON LICENCIA DE LA CIUDAD DE MISHAWAKA.<\/li><li>PAQUETE DE PRESENTACI\u00d3N DE DETENCI\u00d3N DE INCENDIOS REQUERIDO SI HAY PENETRACI\u00d3N DE UNA PARED CON CLASIFICACI\u00d3N CONTRA INCENDIOS.<\/li><\/ol><p>\u00a0<\/p><p>\u00bfNecesita guardar o imprimir esto para sus registros? Utilizar esta\u00a0<a href=\"\/wp-content\/uploads\/2022\/11\/CommercialRequirements.pdf\" target=\"_blank\" rel=\"noopener\">versi\u00f3n PDF<\/a>.<\/p>\t\t\t\t\t\t\t\t<\/div>\n\t\t\t\t<\/div>\n\t\t\t\t<div class=\"elementor-element elementor-element-47719fd elementor-widget elementor-widget-button\" data-id=\"47719fd\" data-element_type=\"widget\" data-e-type=\"widget\" data-widget_type=\"button.default\">\n\t\t\t\t<div class=\"elementor-widget-container\">\n\t\t\t\t\t\t\t\t\t<div class=\"elementor-button-wrapper\">\n\t\t\t\t\t<a class=\"elementor-button elementor-button-link elementor-size-sm\" href=\"\/es\/negocio\/permisos-solicitudes-y-licencias\/\">\n\t\t\t\t\t\t<span class=\"elementor-button-content-wrapper\">\n\t\t\t\t\t\t\t\t\t<span class=\"elementor-button-text\">&quot; ATR\u00c1S<\/span>\n\t\t\t\t\t<\/span>\n\t\t\t\t\t<\/a>\n\t\t\t\t<\/div>\n\t\t\t\t\t\t\t\t<\/div>\n\t\t\t\t<\/div>\n\t\t\t\t<\/div>\n\t\t\t\t\t<\/div>\n\t\t\t\t<\/div>\n\t\t\t\t<\/div>","protected":false},"excerpt":{"rendered":"<p>Construcci\u00f3n comercial: requisitos para permisos de construcci\u00f3n<\/p>","protected":false},"author":1,"featured_media":0,"parent":740,"menu_order":22,"comment_status":"closed","ping_status":"closed","template":"","meta":{"_acf_changed":false,"_price":"","_stock":"","_tribe_ticket_header":"","_tribe_default_ticket_provider":"","_tribe_ticket_capacity":"0","_ticket_start_date":"","_ticket_end_date":"","_tribe_ticket_show_description":"","_tribe_ticket_show_not_going":false,"_tribe_ticket_use_global_stock":"","_tribe_ticket_global_stock_level":"","_global_stock_mode":"","_global_stock_cap":"","_tribe_rsvp_for_event":"","_tribe_ticket_going_count":"","_tribe_ticket_not_going_count":"","_tribe_tickets_list":"[]","_tribe_ticket_has_attendee_info_fields":false,"footnotes":"","_tec_slr_enabled":"","_tec_slr_layout":""},"class_list":["post-784","page","type-page","status-publish","hentry"],"acf":[],"yoast_head":"<!-- This site is optimized with the Yoast SEO plugin v27.1.1 - https:\/\/yoast.com\/product\/yoast-seo-wordpress\/ -->\n<title>Commercial Construction - Building Permit Requirements | City of Mishawaka, Indiana<\/title>\n<meta name=\"description\" content=\"Looking for information about registering as a vendor with the City of Mishawaka? Find it all here.Commercial Construction - Building Permit Requirements\" \/>\n<meta name=\"robots\" content=\"index, follow, max-snippet:-1, max-image-preview:large, max-video-preview:-1\" \/>\n<link rel=\"canonical\" href=\"https:\/\/mishawaka.in.gov\/es\/negocio\/permisos-solicitudes-y-licencias\/requisitos-de-permiso-de-edificio-de-construccion-comercial-2\/\" \/>\n<meta property=\"og:locale\" content=\"es_ES\" \/>\n<meta property=\"og:type\" content=\"article\" \/>\n<meta property=\"og:title\" content=\"Commercial Construction - Building Permit Requirements | City of Mishawaka, Indiana\" \/>\n<meta property=\"og:description\" content=\"Looking for information about registering as a vendor with the City of Mishawaka? Find it all here.Commercial Construction - Building Permit Requirements\" \/>\n<meta property=\"og:url\" content=\"https:\/\/mishawaka.in.gov\/es\/negocio\/permisos-solicitudes-y-licencias\/requisitos-de-permiso-de-edificio-de-construccion-comercial-2\/\" \/>\n<meta property=\"og:site_name\" content=\"City of Mishawaka\" \/>\n<meta property=\"article:modified_time\" content=\"2023-01-25T19:08:31+00:00\" \/>\n<meta name=\"twitter:card\" content=\"summary_large_image\" \/>\n<meta name=\"twitter:label1\" content=\"Tiempo de lectura\" \/>\n\t<meta name=\"twitter:data1\" content=\"1 minuto\" \/>\n<script type=\"application\/ld+json\" class=\"yoast-schema-graph\">{\"@context\":\"https:\/\/schema.org\",\"@graph\":[{\"@type\":\"WebPage\",\"@id\":\"https:\/\/mishawaka.in.gov\/business\/permit-applications-and-licenses\/commercial-construction-building-permit-requirements\/\",\"url\":\"https:\/\/mishawaka.in.gov\/business\/permit-applications-and-licenses\/commercial-construction-building-permit-requirements\/\",\"name\":\"Commercial Construction - Building Permit Requirements | City of Mishawaka, Indiana\",\"isPartOf\":{\"@id\":\"https:\/\/mishawaka.in.gov\/#website\"},\"datePublished\":\"2022-11-21T18:50:17+00:00\",\"dateModified\":\"2023-01-25T19:08:31+00:00\",\"description\":\"Looking for information about registering as a vendor with the City of Mishawaka? Find it all here.Commercial Construction - Building Permit Requirements\",\"breadcrumb\":{\"@id\":\"https:\/\/mishawaka.in.gov\/business\/permit-applications-and-licenses\/commercial-construction-building-permit-requirements\/#breadcrumb\"},\"inLanguage\":\"es\",\"potentialAction\":[{\"@type\":\"ReadAction\",\"target\":[\"https:\/\/mishawaka.in.gov\/business\/permit-applications-and-licenses\/commercial-construction-building-permit-requirements\/\"]}]},{\"@type\":\"BreadcrumbList\",\"@id\":\"https:\/\/mishawaka.in.gov\/business\/permit-applications-and-licenses\/commercial-construction-building-permit-requirements\/#breadcrumb\",\"itemListElement\":[{\"@type\":\"ListItem\",\"position\":1,\"name\":\"Home\",\"item\":\"https:\/\/mishawaka.in.gov\/\"},{\"@type\":\"ListItem\",\"position\":2,\"name\":\"Business\",\"item\":\"https:\/\/mishawaka.in.gov\/business\/\"},{\"@type\":\"ListItem\",\"position\":3,\"name\":\"Permit Applications and Licenses\",\"item\":\"https:\/\/mishawaka.in.gov\/business\/permit-applications-and-licenses\/\"},{\"@type\":\"ListItem\",\"position\":4,\"name\":\"Commercial Construction &#8211; Building Permit Requirements\"}]},{\"@type\":\"WebSite\",\"@id\":\"https:\/\/mishawaka.in.gov\/#website\",\"url\":\"https:\/\/mishawaka.in.gov\/\",\"name\":\"City of Mishawaka\",\"description\":\"The Best Hometown in America\",\"publisher\":{\"@id\":\"https:\/\/mishawaka.in.gov\/#organization\"},\"potentialAction\":[{\"@type\":\"SearchAction\",\"target\":{\"@type\":\"EntryPoint\",\"urlTemplate\":\"https:\/\/mishawaka.in.gov\/?s={search_term_string}\"},\"query-input\":{\"@type\":\"PropertyValueSpecification\",\"valueRequired\":true,\"valueName\":\"search_term_string\"}}],\"inLanguage\":\"es\"},{\"@type\":\"Organization\",\"@id\":\"https:\/\/mishawaka.in.gov\/#organization\",\"name\":\"City of Mishawaka\",\"url\":\"https:\/\/mishawaka.in.gov\/\",\"logo\":{\"@type\":\"ImageObject\",\"inLanguage\":\"es\",\"@id\":\"https:\/\/mishawaka.in.gov\/#\/schema\/logo\/image\/\",\"url\":\"\",\"contentUrl\":\"\",\"caption\":\"City of Mishawaka\"},\"image\":{\"@id\":\"https:\/\/mishawaka.in.gov\/#\/schema\/logo\/image\/\"}}]}<\/script>\n<!-- \/ Yoast SEO plugin. -->","yoast_head_json":{"title":"Construcci\u00f3n comercial - Requisitos para permisos de construcci\u00f3n | Ciudad de Mishawaka, Indiana","description":"\u00bfEst\u00e1 buscando informaci\u00f3n sobre c\u00f3mo registrarse como proveedor en la ciudad de Mishawaka? Encu\u00e9ntrelo todo aqu\u00ed.Construcci\u00f3n comercial - Requisitos para permisos de construcci\u00f3n","robots":{"index":"index","follow":"follow","max-snippet":"max-snippet:-1","max-image-preview":"max-image-preview:large","max-video-preview":"max-video-preview:-1"},"canonical":"https:\/\/mishawaka.in.gov\/es\/negocio\/permisos-solicitudes-y-licencias\/requisitos-de-permiso-de-edificio-de-construccion-comercial-2\/","og_locale":"es_ES","og_type":"article","og_title":"Commercial Construction - Building Permit Requirements | City of Mishawaka, Indiana","og_description":"Looking for information about registering as a vendor with the City of Mishawaka? Find it all here.Commercial Construction - Building Permit Requirements","og_url":"https:\/\/mishawaka.in.gov\/es\/negocio\/permisos-solicitudes-y-licencias\/requisitos-de-permiso-de-edificio-de-construccion-comercial-2\/","og_site_name":"City of Mishawaka","article_modified_time":"2023-01-25T19:08:31+00:00","twitter_card":"summary_large_image","twitter_misc":{"Tiempo de lectura":"1 minuto"},"schema":{"@context":"https:\/\/schema.org","@graph":[{"@type":"WebPage","@id":"https:\/\/mishawaka.in.gov\/business\/permit-applications-and-licenses\/commercial-construction-building-permit-requirements\/","url":"https:\/\/mishawaka.in.gov\/business\/permit-applications-and-licenses\/commercial-construction-building-permit-requirements\/","name":"Construcci\u00f3n comercial - Requisitos para permisos de construcci\u00f3n | Ciudad de Mishawaka, Indiana","isPartOf":{"@id":"https:\/\/mishawaka.in.gov\/#website"},"datePublished":"2022-11-21T18:50:17+00:00","dateModified":"2023-01-25T19:08:31+00:00","description":"\u00bfEst\u00e1 buscando informaci\u00f3n sobre c\u00f3mo registrarse como proveedor en la ciudad de Mishawaka? Encu\u00e9ntrelo todo aqu\u00ed.Construcci\u00f3n comercial - Requisitos para permisos de construcci\u00f3n","breadcrumb":{"@id":"https:\/\/mishawaka.in.gov\/business\/permit-applications-and-licenses\/commercial-construction-building-permit-requirements\/#breadcrumb"},"inLanguage":"es","potentialAction":[{"@type":"ReadAction","target":["https:\/\/mishawaka.in.gov\/business\/permit-applications-and-licenses\/commercial-construction-building-permit-requirements\/"]}]},{"@type":"BreadcrumbList","@id":"https:\/\/mishawaka.in.gov\/business\/permit-applications-and-licenses\/commercial-construction-building-permit-requirements\/#breadcrumb","itemListElement":[{"@type":"ListItem","position":1,"name":"Home","item":"https:\/\/mishawaka.in.gov\/"},{"@type":"ListItem","position":2,"name":"Business","item":"https:\/\/mishawaka.in.gov\/business\/"},{"@type":"ListItem","position":3,"name":"Permit Applications and Licenses","item":"https:\/\/mishawaka.in.gov\/business\/permit-applications-and-licenses\/"},{"@type":"ListItem","position":4,"name":"Commercial Construction &#8211; Building Permit Requirements"}]},{"@type":"WebSite","@id":"https:\/\/mishawaka.in.gov\/#website","url":"https:\/\/mishawaka.in.gov\/","name":"Ciudad de Mishawaka","description":"La mejor ciudad natal de Am\u00e9rica","publisher":{"@id":"https:\/\/mishawaka.in.gov\/#organization"},"potentialAction":[{"@type":"SearchAction","target":{"@type":"EntryPoint","urlTemplate":"https:\/\/mishawaka.in.gov\/?s={search_term_string}"},"query-input":{"@type":"PropertyValueSpecification","valueRequired":true,"valueName":"search_term_string"}}],"inLanguage":"es"},{"@type":"Organization","@id":"https:\/\/mishawaka.in.gov\/#organization","name":"Ciudad de Mishawaka","url":"https:\/\/mishawaka.in.gov\/","logo":{"@type":"ImageObject","inLanguage":"es","@id":"https:\/\/mishawaka.in.gov\/#\/schema\/logo\/image\/","url":"","contentUrl":"","caption":"City of Mishawaka"},"image":{"@id":"https:\/\/mishawaka.in.gov\/#\/schema\/logo\/image\/"}}]}},"ticketed":false,"_links":{"self":[{"href":"https:\/\/mishawaka.in.gov\/es\/wp-json\/wp\/v2\/pages\/784","targetHints":{"allow":["GET"]}}],"collection":[{"href":"https:\/\/mishawaka.in.gov\/es\/wp-json\/wp\/v2\/pages"}],"about":[{"href":"https:\/\/mishawaka.in.gov\/es\/wp-json\/wp\/v2\/types\/page"}],"author":[{"embeddable":true,"href":"https:\/\/mishawaka.in.gov\/es\/wp-json\/wp\/v2\/users\/1"}],"replies":[{"embeddable":true,"href":"https:\/\/mishawaka.in.gov\/es\/wp-json\/wp\/v2\/comments?post=784"}],"version-history":[{"count":0,"href":"https:\/\/mishawaka.in.gov\/es\/wp-json\/wp\/v2\/pages\/784\/revisions"}],"up":[{"embeddable":true,"href":"https:\/\/mishawaka.in.gov\/es\/wp-json\/wp\/v2\/pages\/740"}],"wp:attachment":[{"href":"https:\/\/mishawaka.in.gov\/es\/wp-json\/wp\/v2\/media?parent=784"}],"curies":[{"name":"wp","href":"https:\/\/api.w.org\/{rel}","templated":true}]}}