{"id":839,"date":"2022-11-22T15:24:14","date_gmt":"2022-11-22T15:24:14","guid":{"rendered":"https:\/\/comishawaka.wpengine.com\/?page_id=839"},"modified":"2025-12-14T19:42:06","modified_gmt":"2025-12-15T00:42:06","slug":"beutter-park-escenario","status":"publish","type":"page","link":"https:\/\/mishawaka.in.gov\/es\/cosas-para-hacer\/alquileres\/beutter-park-escenario\/","title":{"rendered":"Escenario del parque Beutter"},"content":{"rendered":"<div data-elementor-type=\"wp-page\" data-elementor-id=\"839\" class=\"elementor elementor-839\" data-elementor-post-type=\"page\">\n\t\t\t\t<div class=\"elementor-element elementor-element-aafce76 e-flex e-con-boxed e-con e-parent\" data-id=\"aafce76\" data-element_type=\"container\" data-e-type=\"container\">\n\t\t\t\t\t<div class=\"e-con-inner\">\n\t\t<div class=\"elementor-element elementor-element-29cbdbe e-flex e-con-boxed e-con e-child\" data-id=\"29cbdbe\" data-element_type=\"container\" data-e-type=\"container\">\n\t\t\t\t\t<div class=\"e-con-inner\">\n\t\t\t\t<div class=\"elementor-element elementor-element-5c092d4 elementor-widget elementor-widget-text-editor\" data-id=\"5c092d4\" data-element_type=\"widget\" data-e-type=\"widget\" data-widget_type=\"text-editor.default\">\n\t\t\t\t<div class=\"elementor-widget-container\">\n\t\t\t\t\t\t\t\t\t<p><strong>Localizaci\u00f3n:<\/strong> 120 Ironworks Ave.<\/p><p><strong>Comodidades: <\/strong>\u00c1rea del escenario del parque Beutter<\/p><p><strong>Tarifa: <\/strong>$225 \/ 2 horas<\/p><p><strong>Contacto de alquiler:<\/strong> Oficina de Parques de Mishawaka \u2013 <a href=\"tel:5742581664\">(574) 258-1664<\/a><\/p><p><strong>Notas de alquiler: <\/strong>Beutter Park se puede reservar del 15 de abril al 15 de octubre para sus necesidades de eventos p\u00fablicos. La ubicaci\u00f3n sigue abierta al p\u00fablico en todo momento durante el evento (se aplican algunas excepciones).<\/p><p>Nota: Es posible que se asocien tarifas adicionales con eventos p\u00fablicos.<\/p><p><span style=\"font-size: small;\"><em>Las tarifas est\u00e1n sujetas a cambios sin previo aviso. Se pueden requerir tarifas adicionales<\/em><\/span><\/p>\t\t\t\t\t\t\t\t<\/div>\n\t\t\t\t<\/div>\n\t\t\t\t<div class=\"elementor-element elementor-element-5b9848b elementor-widget elementor-widget-button\" data-id=\"5b9848b\" data-element_type=\"widget\" data-e-type=\"widget\" data-widget_type=\"button.default\">\n\t\t\t\t<div class=\"elementor-widget-container\">\n\t\t\t\t\t\t\t\t\t<div class=\"elementor-button-wrapper\">\n\t\t\t\t\t<a class=\"elementor-button elementor-button-link elementor-size-sm\" href=\"https:\/\/mishawaka.in.gov\/wp-content\/uploads\/2023\/05\/Garden-Rental-Application-v1.2.pdf\">\n\t\t\t\t\t\t<span class=\"elementor-button-content-wrapper\">\n\t\t\t\t\t\t\t\t\t<span class=\"elementor-button-text\">aplicacion Rental<\/span>\n\t\t\t\t\t<\/span>\n\t\t\t\t\t<\/a>\n\t\t\t\t<\/div>\n\t\t\t\t\t\t\t\t<\/div>\n\t\t\t\t<\/div>\n\t\t\t\t<div class=\"elementor-element elementor-element-327e2b8 elementor-widget elementor-widget-button\" data-id=\"327e2b8\" data-element_type=\"widget\" data-e-type=\"widget\" data-widget_type=\"button.default\">\n\t\t\t\t<div class=\"elementor-widget-container\">\n\t\t\t\t\t\t\t\t\t<div class=\"elementor-button-wrapper\">\n\t\t\t\t\t<a class=\"elementor-button elementor-button-link elementor-size-sm\" href=\"\/es\/cosas-para-hacer\/alquileres\/\">\n\t\t\t\t\t\t<span class=\"elementor-button-content-wrapper\">\n\t\t\t\t\t\t\t\t\t<span class=\"elementor-button-text\">\u00ab VOLVER A ALQUILERES<\/span>\n\t\t\t\t\t<\/span>\n\t\t\t\t\t<\/a>\n\t\t\t\t<\/div>\n\t\t\t\t\t\t\t\t<\/div>\n\t\t\t\t<\/div>\n\t\t\t\t\t<\/div>\n\t\t\t\t<\/div>\n\t\t\t\t\t<\/div>\n\t\t\t\t<\/div>\n\t\t\t\t<\/div>","protected":false},"excerpt":{"rendered":"<p>Escenario del parque Beutter<\/p>","protected":false},"author":1,"featured_media":0,"parent":804,"menu_order":21,"comment_status":"closed","ping_status":"closed","template":"","meta":{"_acf_changed":false,"_price":"","_stock":"","_tribe_ticket_header":"","_tribe_default_ticket_provider":"","_tribe_ticket_capacity":"0","_ticket_start_date":"","_ticket_end_date":"","_tribe_ticket_show_description":"","_tribe_ticket_show_not_going":false,"_tribe_ticket_use_global_stock":"","_tribe_ticket_global_stock_level":"","_global_stock_mode":"","_global_stock_cap":"","_tribe_rsvp_for_event":"","_tribe_ticket_going_count":"","_tribe_ticket_not_going_count":"","_tribe_tickets_list":"[]","_tribe_ticket_has_attendee_info_fields":false,"footnotes":"","_tec_slr_enabled":"","_tec_slr_layout":""},"class_list":["post-839","page","type-page","status-publish","hentry"],"acf":[],"yoast_head":"<!-- This site is optimized with the Yoast SEO plugin v27.1.1 - https:\/\/yoast.com\/product\/yoast-seo-wordpress\/ -->\n<title>Beutter Park Stage | City of Mishawaka, Indiana<\/title>\n<meta name=\"description\" content=\"Beutter Park Stage\" \/>\n<meta name=\"robots\" content=\"index, follow, max-snippet:-1, max-image-preview:large, max-video-preview:-1\" \/>\n<link rel=\"canonical\" href=\"https:\/\/mishawaka.in.gov\/es\/cosas-para-hacer\/alquileres\/beutter-park-escenario\/\" \/>\n<meta property=\"og:locale\" content=\"es_ES\" \/>\n<meta property=\"og:type\" content=\"article\" \/>\n<meta property=\"og:title\" content=\"Beutter Park Stage | City of Mishawaka, Indiana\" \/>\n<meta property=\"og:description\" content=\"Beutter Park Stage\" \/>\n<meta property=\"og:url\" content=\"https:\/\/mishawaka.in.gov\/es\/cosas-para-hacer\/alquileres\/beutter-park-escenario\/\" \/>\n<meta property=\"og:site_name\" content=\"City of Mishawaka\" \/>\n<meta property=\"article:modified_time\" content=\"2025-12-15T00:42:06+00:00\" \/>\n<meta name=\"twitter:card\" content=\"summary_large_image\" \/>\n<meta name=\"twitter:label1\" content=\"Tiempo de lectura\" \/>\n\t<meta name=\"twitter:data1\" content=\"1 minuto\" \/>\n<script type=\"application\/ld+json\" class=\"yoast-schema-graph\">{\"@context\":\"https:\/\/schema.org\",\"@graph\":[{\"@type\":\"WebPage\",\"@id\":\"https:\/\/mishawaka.in.gov\/things-to-do\/rentals\/beutter-park-stage\/\",\"url\":\"https:\/\/mishawaka.in.gov\/things-to-do\/rentals\/beutter-park-stage\/\",\"name\":\"Beutter Park Stage | City of Mishawaka, Indiana\",\"isPartOf\":{\"@id\":\"https:\/\/mishawaka.in.gov\/#website\"},\"datePublished\":\"2022-11-22T15:24:14+00:00\",\"dateModified\":\"2025-12-15T00:42:06+00:00\",\"description\":\"Beutter Park Stage\",\"breadcrumb\":{\"@id\":\"https:\/\/mishawaka.in.gov\/things-to-do\/rentals\/beutter-park-stage\/#breadcrumb\"},\"inLanguage\":\"es\",\"potentialAction\":[{\"@type\":\"ReadAction\",\"target\":[\"https:\/\/mishawaka.in.gov\/things-to-do\/rentals\/beutter-park-stage\/\"]}]},{\"@type\":\"BreadcrumbList\",\"@id\":\"https:\/\/mishawaka.in.gov\/things-to-do\/rentals\/beutter-park-stage\/#breadcrumb\",\"itemListElement\":[{\"@type\":\"ListItem\",\"position\":1,\"name\":\"Home\",\"item\":\"https:\/\/mishawaka.in.gov\/\"},{\"@type\":\"ListItem\",\"position\":2,\"name\":\"Things to Do\",\"item\":\"https:\/\/mishawaka.in.gov\/things-to-do\/\"},{\"@type\":\"ListItem\",\"position\":3,\"name\":\"Rentals\",\"item\":\"https:\/\/mishawaka.in.gov\/things-to-do\/rentals\/\"},{\"@type\":\"ListItem\",\"position\":4,\"name\":\"Beutter Park Stage\"}]},{\"@type\":\"WebSite\",\"@id\":\"https:\/\/mishawaka.in.gov\/#website\",\"url\":\"https:\/\/mishawaka.in.gov\/\",\"name\":\"City of Mishawaka\",\"description\":\"The Best Hometown in America\",\"publisher\":{\"@id\":\"https:\/\/mishawaka.in.gov\/#organization\"},\"potentialAction\":[{\"@type\":\"SearchAction\",\"target\":{\"@type\":\"EntryPoint\",\"urlTemplate\":\"https:\/\/mishawaka.in.gov\/?s={search_term_string}\"},\"query-input\":{\"@type\":\"PropertyValueSpecification\",\"valueRequired\":true,\"valueName\":\"search_term_string\"}}],\"inLanguage\":\"es\"},{\"@type\":\"Organization\",\"@id\":\"https:\/\/mishawaka.in.gov\/#organization\",\"name\":\"City of Mishawaka\",\"url\":\"https:\/\/mishawaka.in.gov\/\",\"logo\":{\"@type\":\"ImageObject\",\"inLanguage\":\"es\",\"@id\":\"https:\/\/mishawaka.in.gov\/#\/schema\/logo\/image\/\",\"url\":\"\",\"contentUrl\":\"\",\"caption\":\"City of Mishawaka\"},\"image\":{\"@id\":\"https:\/\/mishawaka.in.gov\/#\/schema\/logo\/image\/\"}}]}<\/script>\n<!-- \/ Yoast SEO plugin. -->","yoast_head_json":{"title":"Escenario Beutter Park | Ciudad de Mishawaka, Indiana","description":"Escenario del parque Beutter","robots":{"index":"index","follow":"follow","max-snippet":"max-snippet:-1","max-image-preview":"max-image-preview:large","max-video-preview":"max-video-preview:-1"},"canonical":"https:\/\/mishawaka.in.gov\/es\/cosas-para-hacer\/alquileres\/beutter-park-escenario\/","og_locale":"es_ES","og_type":"article","og_title":"Beutter Park Stage | City of Mishawaka, Indiana","og_description":"Beutter Park Stage","og_url":"https:\/\/mishawaka.in.gov\/es\/cosas-para-hacer\/alquileres\/beutter-park-escenario\/","og_site_name":"City of Mishawaka","article_modified_time":"2025-12-15T00:42:06+00:00","twitter_card":"summary_large_image","twitter_misc":{"Tiempo de lectura":"1 minuto"},"schema":{"@context":"https:\/\/schema.org","@graph":[{"@type":"WebPage","@id":"https:\/\/mishawaka.in.gov\/things-to-do\/rentals\/beutter-park-stage\/","url":"https:\/\/mishawaka.in.gov\/things-to-do\/rentals\/beutter-park-stage\/","name":"Escenario Beutter Park | Ciudad de Mishawaka, Indiana","isPartOf":{"@id":"https:\/\/mishawaka.in.gov\/#website"},"datePublished":"2022-11-22T15:24:14+00:00","dateModified":"2025-12-15T00:42:06+00:00","description":"Escenario del parque Beutter","breadcrumb":{"@id":"https:\/\/mishawaka.in.gov\/things-to-do\/rentals\/beutter-park-stage\/#breadcrumb"},"inLanguage":"es","potentialAction":[{"@type":"ReadAction","target":["https:\/\/mishawaka.in.gov\/things-to-do\/rentals\/beutter-park-stage\/"]}]},{"@type":"BreadcrumbList","@id":"https:\/\/mishawaka.in.gov\/things-to-do\/rentals\/beutter-park-stage\/#breadcrumb","itemListElement":[{"@type":"ListItem","position":1,"name":"Home","item":"https:\/\/mishawaka.in.gov\/"},{"@type":"ListItem","position":2,"name":"Things to Do","item":"https:\/\/mishawaka.in.gov\/things-to-do\/"},{"@type":"ListItem","position":3,"name":"Rentals","item":"https:\/\/mishawaka.in.gov\/things-to-do\/rentals\/"},{"@type":"ListItem","position":4,"name":"Beutter Park Stage"}]},{"@type":"WebSite","@id":"https:\/\/mishawaka.in.gov\/#website","url":"https:\/\/mishawaka.in.gov\/","name":"Ciudad de Mishawaka","description":"La mejor ciudad natal de Am\u00e9rica","publisher":{"@id":"https:\/\/mishawaka.in.gov\/#organization"},"potentialAction":[{"@type":"SearchAction","target":{"@type":"EntryPoint","urlTemplate":"https:\/\/mishawaka.in.gov\/?s={search_term_string}"},"query-input":{"@type":"PropertyValueSpecification","valueRequired":true,"valueName":"search_term_string"}}],"inLanguage":"es"},{"@type":"Organization","@id":"https:\/\/mishawaka.in.gov\/#organization","name":"Ciudad de Mishawaka","url":"https:\/\/mishawaka.in.gov\/","logo":{"@type":"ImageObject","inLanguage":"es","@id":"https:\/\/mishawaka.in.gov\/#\/schema\/logo\/image\/","url":"","contentUrl":"","caption":"City of Mishawaka"},"image":{"@id":"https:\/\/mishawaka.in.gov\/#\/schema\/logo\/image\/"}}]}},"ticketed":false,"_links":{"self":[{"href":"https:\/\/mishawaka.in.gov\/es\/wp-json\/wp\/v2\/pages\/839","targetHints":{"allow":["GET"]}}],"collection":[{"href":"https:\/\/mishawaka.in.gov\/es\/wp-json\/wp\/v2\/pages"}],"about":[{"href":"https:\/\/mishawaka.in.gov\/es\/wp-json\/wp\/v2\/types\/page"}],"author":[{"embeddable":true,"href":"https:\/\/mishawaka.in.gov\/es\/wp-json\/wp\/v2\/users\/1"}],"replies":[{"embeddable":true,"href":"https:\/\/mishawaka.in.gov\/es\/wp-json\/wp\/v2\/comments?post=839"}],"version-history":[{"count":0,"href":"https:\/\/mishawaka.in.gov\/es\/wp-json\/wp\/v2\/pages\/839\/revisions"}],"up":[{"embeddable":true,"href":"https:\/\/mishawaka.in.gov\/es\/wp-json\/wp\/v2\/pages\/804"}],"wp:attachment":[{"href":"https:\/\/mishawaka.in.gov\/es\/wp-json\/wp\/v2\/media?parent=839"}],"curies":[{"name":"wp","href":"https:\/\/api.w.org\/{rel}","templated":true}]}}