{"id":851,"date":"2022-11-22T16:13:04","date_gmt":"2022-11-22T16:13:04","guid":{"rendered":"https:\/\/comishawaka.wpengine.com\/?page_id=851"},"modified":"2026-02-27T11:39:39","modified_gmt":"2026-02-27T16:39:39","slug":"pabellon-parque-de-los-heroes","status":"publish","type":"page","link":"https:\/\/mishawaka.in.gov\/es\/cosas-para-hacer\/alquileres\/pabellon-parque-de-los-heroes\/","title":{"rendered":"Pabell\u00f3n Parque de los H\u00e9roes"},"content":{"rendered":"<div data-elementor-type=\"wp-page\" data-elementor-id=\"851\" class=\"elementor elementor-851\" data-elementor-post-type=\"page\">\n\t\t\t\t<div class=\"elementor-element elementor-element-aafce76 e-flex e-con-boxed e-con e-parent\" data-id=\"aafce76\" data-element_type=\"container\" data-e-type=\"container\">\n\t\t\t\t\t<div class=\"e-con-inner\">\n\t\t<div class=\"elementor-element elementor-element-e97df4c e-flex e-con-boxed e-con e-child\" data-id=\"e97df4c\" data-element_type=\"container\" data-e-type=\"container\">\n\t\t\t\t\t<div class=\"e-con-inner\">\n\t\t\t\t<div class=\"elementor-element elementor-element-5c092d4 elementor-widget elementor-widget-text-editor\" data-id=\"5c092d4\" data-element_type=\"widget\" data-e-type=\"widget\" data-widget_type=\"text-editor.default\">\n\t\t\t\t<div class=\"elementor-widget-container\">\n\t\t\t\t\t\t\t\t\t<p><strong>Localizaci\u00f3n:<\/strong> 3200 Harrison Rd.<\/p>\n<p><strong>Capacidad:<\/strong> 50<\/p>\n<p><strong>Comodidades: <\/strong>Cancha de baloncesto, mesa de damas, tableros Cornhole, campos planos, Gaga Pit, parrillas, estaci\u00f3n de hamacas, campo Ninja Warrior, \u00e1rea de picnic, mesas de ping pong, \u00e1rea de juegos, ba\u00f1o, refugio, voleibol de playa<\/p>\n<p><strong>Tarifa:<\/strong> $90<\/p>\n<p><strong>Contacto de alquiler:<\/strong> Oficina de Parques de Mishawaka \u2013 <a href=\"tel:5742581664\">(574) 258-1664<\/a><\/p>\n<p><strong>Notas de alquiler:<\/strong> Pavilions at parks must be reserved and permitted in order to use for any planned event. Rental season runs from April 15th-October 15th. Pavilions are rented per day from 10:00 am &#8211; 9:00 pm. Payment is due in full at the time of reservation. Payment can be made by cash, check or credit\/debit card.<\/p>\n<p><span style=\"font-size: small;\"><em>Las tarifas est\u00e1n sujetas a cambios sin previo aviso. Se pueden requerir tarifas adicionales<\/em><\/span><\/p>\t\t\t\t\t\t\t\t<\/div>\n\t\t\t\t<\/div>\n\t\t\t\t<div class=\"elementor-element elementor-element-53d7a1e elementor-widget elementor-widget-button\" data-id=\"53d7a1e\" data-element_type=\"widget\" data-e-type=\"widget\" data-widget_type=\"button.default\">\n\t\t\t\t<div class=\"elementor-widget-container\">\n\t\t\t\t\t\t\t\t\t<div class=\"elementor-button-wrapper\">\n\t\t\t\t\t<a class=\"elementor-button elementor-button-link elementor-size-sm\" href=\"https:\/\/mishawaka.in.gov\/wp-content\/uploads\/2025\/10\/Pavilion-Rental-Application-v1.5-10.27.25.pdf\">\n\t\t\t\t\t\t<span class=\"elementor-button-content-wrapper\">\n\t\t\t\t\t\t\t\t\t<span class=\"elementor-button-text\">Aplicacion Rental<\/span>\n\t\t\t\t\t<\/span>\n\t\t\t\t\t<\/a>\n\t\t\t\t<\/div>\n\t\t\t\t\t\t\t\t<\/div>\n\t\t\t\t<\/div>\n\t\t\t\t<div class=\"elementor-element elementor-element-327e2b8 elementor-widget elementor-widget-button\" data-id=\"327e2b8\" data-element_type=\"widget\" data-e-type=\"widget\" data-widget_type=\"button.default\">\n\t\t\t\t<div class=\"elementor-widget-container\">\n\t\t\t\t\t\t\t\t\t<div class=\"elementor-button-wrapper\">\n\t\t\t\t\t<a class=\"elementor-button elementor-button-link elementor-size-sm\" href=\"\/es\/cosas-para-hacer\/alquileres\/\">\n\t\t\t\t\t\t<span class=\"elementor-button-content-wrapper\">\n\t\t\t\t\t\t\t\t\t<span class=\"elementor-button-text\">\u00ab VOLVER A ALQUILERES<\/span>\n\t\t\t\t\t<\/span>\n\t\t\t\t\t<\/a>\n\t\t\t\t<\/div>\n\t\t\t\t\t\t\t\t<\/div>\n\t\t\t\t<\/div>\n\t\t\t\t\t<\/div>\n\t\t\t\t<\/div>\n\t\t\t\t\t<\/div>\n\t\t\t\t<\/div>\n\t\t\t\t<\/div>","protected":false},"excerpt":{"rendered":"<p>Pabell\u00f3n Parque de los H\u00e9roes<\/p>","protected":false},"author":1,"featured_media":0,"parent":804,"menu_order":21,"comment_status":"closed","ping_status":"closed","template":"","meta":{"_acf_changed":false,"_price":"","_stock":"","_tribe_ticket_header":"","_tribe_default_ticket_provider":"","_tribe_ticket_capacity":"0","_ticket_start_date":"","_ticket_end_date":"","_tribe_ticket_show_description":"","_tribe_ticket_show_not_going":false,"_tribe_ticket_use_global_stock":"","_tribe_ticket_global_stock_level":"","_global_stock_mode":"","_global_stock_cap":"","_tribe_rsvp_for_event":"","_tribe_ticket_going_count":"","_tribe_ticket_not_going_count":"","_tribe_tickets_list":"[]","_tribe_ticket_has_attendee_info_fields":false,"footnotes":"","_tec_slr_enabled":"","_tec_slr_layout":""},"class_list":["post-851","page","type-page","status-publish","hentry"],"acf":[],"yoast_head":"<!-- This site is optimized with the Yoast SEO plugin v27.1.1 - https:\/\/yoast.com\/product\/yoast-seo-wordpress\/ -->\n<title>Heroes Park Pavilion | City of Mishawaka, Indiana<\/title>\n<meta name=\"description\" content=\"Heroes Park Pavilion\" \/>\n<meta name=\"robots\" content=\"index, follow, max-snippet:-1, max-image-preview:large, max-video-preview:-1\" \/>\n<link rel=\"canonical\" href=\"https:\/\/mishawaka.in.gov\/es\/cosas-para-hacer\/alquileres\/pabellon-parque-de-los-heroes\/\" \/>\n<meta property=\"og:locale\" content=\"es_ES\" \/>\n<meta property=\"og:type\" content=\"article\" \/>\n<meta property=\"og:title\" content=\"Heroes Park Pavilion | City of Mishawaka, Indiana\" \/>\n<meta property=\"og:description\" content=\"Heroes Park Pavilion\" \/>\n<meta property=\"og:url\" content=\"https:\/\/mishawaka.in.gov\/es\/cosas-para-hacer\/alquileres\/pabellon-parque-de-los-heroes\/\" \/>\n<meta property=\"og:site_name\" content=\"City of Mishawaka\" \/>\n<meta property=\"article:modified_time\" content=\"2026-02-27T16:39:39+00:00\" \/>\n<meta name=\"twitter:card\" content=\"summary_large_image\" \/>\n<meta name=\"twitter:label1\" content=\"Tiempo de lectura\" \/>\n\t<meta name=\"twitter:data1\" content=\"1 minuto\" \/>\n<script type=\"application\/ld+json\" class=\"yoast-schema-graph\">{\"@context\":\"https:\/\/schema.org\",\"@graph\":[{\"@type\":\"WebPage\",\"@id\":\"https:\/\/mishawaka.in.gov\/things-to-do\/rentals\/heroes-park-pavilion\/\",\"url\":\"https:\/\/mishawaka.in.gov\/things-to-do\/rentals\/heroes-park-pavilion\/\",\"name\":\"Heroes Park Pavilion | City of Mishawaka, Indiana\",\"isPartOf\":{\"@id\":\"https:\/\/mishawaka.in.gov\/#website\"},\"datePublished\":\"2022-11-22T16:13:04+00:00\",\"dateModified\":\"2026-02-27T16:39:39+00:00\",\"description\":\"Heroes Park Pavilion\",\"breadcrumb\":{\"@id\":\"https:\/\/mishawaka.in.gov\/things-to-do\/rentals\/heroes-park-pavilion\/#breadcrumb\"},\"inLanguage\":\"es\",\"potentialAction\":[{\"@type\":\"ReadAction\",\"target\":[\"https:\/\/mishawaka.in.gov\/things-to-do\/rentals\/heroes-park-pavilion\/\"]}]},{\"@type\":\"BreadcrumbList\",\"@id\":\"https:\/\/mishawaka.in.gov\/things-to-do\/rentals\/heroes-park-pavilion\/#breadcrumb\",\"itemListElement\":[{\"@type\":\"ListItem\",\"position\":1,\"name\":\"Home\",\"item\":\"https:\/\/mishawaka.in.gov\/\"},{\"@type\":\"ListItem\",\"position\":2,\"name\":\"Things to Do\",\"item\":\"https:\/\/mishawaka.in.gov\/things-to-do\/\"},{\"@type\":\"ListItem\",\"position\":3,\"name\":\"Rentals\",\"item\":\"https:\/\/mishawaka.in.gov\/things-to-do\/rentals\/\"},{\"@type\":\"ListItem\",\"position\":4,\"name\":\"Heroes Park Pavilion\"}]},{\"@type\":\"WebSite\",\"@id\":\"https:\/\/mishawaka.in.gov\/#website\",\"url\":\"https:\/\/mishawaka.in.gov\/\",\"name\":\"City of Mishawaka\",\"description\":\"The Best Hometown in America\",\"publisher\":{\"@id\":\"https:\/\/mishawaka.in.gov\/#organization\"},\"potentialAction\":[{\"@type\":\"SearchAction\",\"target\":{\"@type\":\"EntryPoint\",\"urlTemplate\":\"https:\/\/mishawaka.in.gov\/?s={search_term_string}\"},\"query-input\":{\"@type\":\"PropertyValueSpecification\",\"valueRequired\":true,\"valueName\":\"search_term_string\"}}],\"inLanguage\":\"es\"},{\"@type\":\"Organization\",\"@id\":\"https:\/\/mishawaka.in.gov\/#organization\",\"name\":\"City of Mishawaka\",\"url\":\"https:\/\/mishawaka.in.gov\/\",\"logo\":{\"@type\":\"ImageObject\",\"inLanguage\":\"es\",\"@id\":\"https:\/\/mishawaka.in.gov\/#\/schema\/logo\/image\/\",\"url\":\"\",\"contentUrl\":\"\",\"caption\":\"City of Mishawaka\"},\"image\":{\"@id\":\"https:\/\/mishawaka.in.gov\/#\/schema\/logo\/image\/\"}}]}<\/script>\n<!-- \/ Yoast SEO plugin. -->","yoast_head_json":{"title":"Pabell\u00f3n Parque de los H\u00e9roes | Ciudad de Mishawaka, Indiana","description":"Pabell\u00f3n Parque de los H\u00e9roes","robots":{"index":"index","follow":"follow","max-snippet":"max-snippet:-1","max-image-preview":"max-image-preview:large","max-video-preview":"max-video-preview:-1"},"canonical":"https:\/\/mishawaka.in.gov\/es\/cosas-para-hacer\/alquileres\/pabellon-parque-de-los-heroes\/","og_locale":"es_ES","og_type":"article","og_title":"Heroes Park Pavilion | City of Mishawaka, Indiana","og_description":"Heroes Park Pavilion","og_url":"https:\/\/mishawaka.in.gov\/es\/cosas-para-hacer\/alquileres\/pabellon-parque-de-los-heroes\/","og_site_name":"City of Mishawaka","article_modified_time":"2026-02-27T16:39:39+00:00","twitter_card":"summary_large_image","twitter_misc":{"Tiempo de lectura":"1 minuto"},"schema":{"@context":"https:\/\/schema.org","@graph":[{"@type":"WebPage","@id":"https:\/\/mishawaka.in.gov\/things-to-do\/rentals\/heroes-park-pavilion\/","url":"https:\/\/mishawaka.in.gov\/things-to-do\/rentals\/heroes-park-pavilion\/","name":"Pabell\u00f3n Parque de los H\u00e9roes | Ciudad de Mishawaka, Indiana","isPartOf":{"@id":"https:\/\/mishawaka.in.gov\/#website"},"datePublished":"2022-11-22T16:13:04+00:00","dateModified":"2026-02-27T16:39:39+00:00","description":"Pabell\u00f3n Parque de los H\u00e9roes","breadcrumb":{"@id":"https:\/\/mishawaka.in.gov\/things-to-do\/rentals\/heroes-park-pavilion\/#breadcrumb"},"inLanguage":"es","potentialAction":[{"@type":"ReadAction","target":["https:\/\/mishawaka.in.gov\/things-to-do\/rentals\/heroes-park-pavilion\/"]}]},{"@type":"BreadcrumbList","@id":"https:\/\/mishawaka.in.gov\/things-to-do\/rentals\/heroes-park-pavilion\/#breadcrumb","itemListElement":[{"@type":"ListItem","position":1,"name":"Home","item":"https:\/\/mishawaka.in.gov\/"},{"@type":"ListItem","position":2,"name":"Things to Do","item":"https:\/\/mishawaka.in.gov\/things-to-do\/"},{"@type":"ListItem","position":3,"name":"Rentals","item":"https:\/\/mishawaka.in.gov\/things-to-do\/rentals\/"},{"@type":"ListItem","position":4,"name":"Heroes Park Pavilion"}]},{"@type":"WebSite","@id":"https:\/\/mishawaka.in.gov\/#website","url":"https:\/\/mishawaka.in.gov\/","name":"Ciudad de Mishawaka","description":"La mejor ciudad natal de Am\u00e9rica","publisher":{"@id":"https:\/\/mishawaka.in.gov\/#organization"},"potentialAction":[{"@type":"SearchAction","target":{"@type":"EntryPoint","urlTemplate":"https:\/\/mishawaka.in.gov\/?s={search_term_string}"},"query-input":{"@type":"PropertyValueSpecification","valueRequired":true,"valueName":"search_term_string"}}],"inLanguage":"es"},{"@type":"Organization","@id":"https:\/\/mishawaka.in.gov\/#organization","name":"Ciudad de Mishawaka","url":"https:\/\/mishawaka.in.gov\/","logo":{"@type":"ImageObject","inLanguage":"es","@id":"https:\/\/mishawaka.in.gov\/#\/schema\/logo\/image\/","url":"","contentUrl":"","caption":"City of Mishawaka"},"image":{"@id":"https:\/\/mishawaka.in.gov\/#\/schema\/logo\/image\/"}}]}},"ticketed":false,"_links":{"self":[{"href":"https:\/\/mishawaka.in.gov\/es\/wp-json\/wp\/v2\/pages\/851","targetHints":{"allow":["GET"]}}],"collection":[{"href":"https:\/\/mishawaka.in.gov\/es\/wp-json\/wp\/v2\/pages"}],"about":[{"href":"https:\/\/mishawaka.in.gov\/es\/wp-json\/wp\/v2\/types\/page"}],"author":[{"embeddable":true,"href":"https:\/\/mishawaka.in.gov\/es\/wp-json\/wp\/v2\/users\/1"}],"replies":[{"embeddable":true,"href":"https:\/\/mishawaka.in.gov\/es\/wp-json\/wp\/v2\/comments?post=851"}],"version-history":[{"count":0,"href":"https:\/\/mishawaka.in.gov\/es\/wp-json\/wp\/v2\/pages\/851\/revisions"}],"up":[{"embeddable":true,"href":"https:\/\/mishawaka.in.gov\/es\/wp-json\/wp\/v2\/pages\/804"}],"wp:attachment":[{"href":"https:\/\/mishawaka.in.gov\/es\/wp-json\/wp\/v2\/media?parent=851"}],"curies":[{"name":"wp","href":"https:\/\/api.w.org\/{rel}","templated":true}]}}